{"id":1067,"date":"2024-09-25T22:22:56","date_gmt":"2024-09-25T20:22:56","guid":{"rendered":"https:\/\/organoscolegiados.anuies.mx\/asambleageneral\/?page_id=1067"},"modified":"2024-11-05T19:34:19","modified_gmt":"2024-11-05T18:34:19","slug":"aglxv","status":"publish","type":"page","link":"https:\/\/organoscolegiados.anuies.mx\/asambleageneral\/aglxv\/","title":{"rendered":"LXV Sesi\u00f3n ordinaria de la Asamblea General 14 noviembre"},"content":{"rendered":"<div id=\"pl-1067\"  class=\"panel-layout\" ><div id=\"pg-1067-0\"  class=\"panel-grid panel-no-style\" ><div id=\"pgc-1067-0-0\"  class=\"panel-grid-cell panel-grid-cell-empty\" ><\/div><div id=\"pgc-1067-0-1\"  class=\"panel-grid-cell panel-grid-cell-mobile-last\" ><div id=\"panel-1067-0-1-0\" class=\"so-panel widget widget_sow-editor panel-first-child panel-last-child\" data-index=\"0\" ><div\n\t\t\t\n\t\t\tclass=\"so-widget-sow-editor so-widget-sow-editor-base\"\n\t\t\t\n\t\t>\n<div class=\"siteorigin-widget-tinymce textwidget\">\n\t<h5 align=\"center\"><img loading=\"lazy\" decoding=\"async\" class=\"aligncenter wp-image-1068\" src=\"https:\/\/organoscolegiados.anuies.mx\/asambleageneral\/wp-content\/uploads\/sites\/3\/2024\/09\/cabecera.png\" alt=\"\" width=\"1321\" height=\"148\" srcset=\"https:\/\/organoscolegiados.anuies.mx\/asambleageneral\/wp-content\/uploads\/sites\/3\/2024\/09\/cabecera.png 1401w, https:\/\/organoscolegiados.anuies.mx\/asambleageneral\/wp-content\/uploads\/sites\/3\/2024\/09\/cabecera-300x34.png 300w, https:\/\/organoscolegiados.anuies.mx\/asambleageneral\/wp-content\/uploads\/sites\/3\/2024\/09\/cabecera-1024x115.png 1024w, https:\/\/organoscolegiados.anuies.mx\/asambleageneral\/wp-content\/uploads\/sites\/3\/2024\/09\/cabecera-768x86.png 768w\" sizes=\"auto, (max-width: 1321px) 100vw, 1321px\" \/><\/h5>\n<p style=\"text-align: center;\"><strong><span style=\"font-family: helvetica, arial, sans-serif; font-size: 14pt;\">CONVOCATORIA<\/span><\/strong><\/p>\n<p style=\"text-align: justify;\"><span style=\"font-family: helvetica, arial, sans-serif; font-size: 14pt;\">Con fundamento en los art\u00edculos D\u00e9cimo Quinto, Trig\u00e9simo Primero y Trig\u00e9simo Tercero, fracci\u00f3n VI, del Estatuto de la Asociaci\u00f3n Nacional de Universidades e Instituciones de Educaci\u00f3n Superior de la Rep\u00fablica Mexicana, A.C. (ANUIES), convocamos a las y los titulares de las instituciones que integran la Asamblea General a la LXV Sesi\u00f3n Ordinaria que se efectuar\u00e1 en modalidad presencial, con sede en el Centro de Convenciones Manuel Velasco Su\u00e1rez, de la <strong>Universidad Aut\u00f3noma de Chiapas<\/strong>, ubicado en Blvd. Belisario Dom\u00ednguez Km 1081, Ter\u00e1n, C.P. 29059, Tuxtla Guti\u00e9rrez Chiapas, a las 11:00 horas del 14 de noviembre de 2024, con el siguiente:<\/span><\/p>\n<p style=\"text-align: center;\" align=\"center\"><strong><span style=\"font-family: helvetica, arial, sans-serif; font-size: 14pt;\">ORDEN DEL D\u00cdA<\/span><\/strong><\/p>\n<ol>\n<li style=\"text-align: justify;\"><a href=\"https:\/\/organoscolegiados.anuies.mx\/asambleageneral\/wp-content\/uploads\/sites\/3\/2024\/10\/1-Lista-de-asistencia-y-verificacion-del-quorum-4.pdf\" target=\"_blank\" rel=\"noopener\"><span style=\"font-family: helvetica, arial, sans-serif; font-size: 14pt;\">Lista de asistencia y verificaci\u00f3n del <em>quorum<\/em>.<\/span><\/a><\/li>\n<li style=\"text-align: justify;\"><a href=\"https:\/\/organoscolegiados.anuies.mx\/asambleageneral\/wp-content\/uploads\/sites\/3\/2024\/10\/2-final.pdf\" target=\"_blank\" rel=\"noopener\"><span style=\"font-family: helvetica, arial, sans-serif; font-size: 14pt;\">Aprobaci\u00f3n del Orden del D\u00eda.<\/span><\/a><\/li>\n<li style=\"text-align: justify;\"><a href=\"https:\/\/organoscolegiados.anuies.mx\/asambleageneral\/wp-content\/uploads\/sites\/3\/2024\/10\/3-Nombramiento-del-Vicepresidente-de-la-Sesion-1.pdf\" target=\"_blank\" rel=\"noopener\"><span style=\"font-family: helvetica, arial, sans-serif; font-size: 14pt;\">Nombramiento del Vicepresidente de la Sesi\u00f3n.<\/span><\/a><\/li>\n<li style=\"text-align: justify;\"><a href=\"https:\/\/organoscolegiados.anuies.mx\/asambleageneral\/wp-content\/uploads\/sites\/3\/2024\/10\/4-Eleccion-de-dos-relatores-y-dos-escrutadores-1.pdf\" target=\"_blank\" rel=\"noopener\"><span style=\"font-family: helvetica, arial, sans-serif; font-size: 14pt;\">Elecci\u00f3n de dos relatores y dos escrutadores.<\/span><\/a><\/li>\n<li style=\"text-align: justify;\"><a href=\"https:\/\/organoscolegiados.anuies.mx\/asambleageneral\/wp-content\/uploads\/sites\/3\/2024\/10\/5.-Lectura-y-aprobacion-en-su-caso-del-Acta-de-la-LXIV-Sesion-Ordinaria.pdf\" target=\"_blank\" rel=\"noopener\"><span style=\"font-family: helvetica, arial, sans-serif; font-size: 14pt;\">Lectura y aprobaci\u00f3n, en su caso, del Acta de la LXIV Sesi\u00f3n Ordinaria.<\/span><\/a><\/li>\n<li style=\"text-align: justify;\"><a href=\"https:\/\/organoscolegiados.anuies.mx\/asambleageneral\/wp-content\/uploads\/sites\/3\/2024\/10\/6-Presentacion-del-financiamiento-a-las-instituciones-publicas-de-ES-con-base-en-el-presupuesto-2025-1.pdf\" target=\"_blank\" rel=\"noopener\"><span style=\"font-family: helvetica, arial, sans-serif; font-size: 14pt;\">Presentaci\u00f3n del financiamiento a las instituciones p\u00fablicas de educaci\u00f3n superior, con base en el presupuesto 2025.<\/span><\/a><\/li>\n<li style=\"text-align: justify;\"><a href=\"https:\/\/organoscolegiados.anuies.mx\/asambleageneral\/wp-content\/uploads\/sites\/3\/2024\/10\/7-Mecanismos-de-participacion-de-las-IES-sobre-los-temas-de-la-agenda-nacional.pdf\" target=\"_blank\" rel=\"noopener\"><span style=\"font-family: helvetica, arial, sans-serif; font-size: 14pt;\">Mecanismos de participaci\u00f3n de las instituciones de educaci\u00f3n superior sobre los temas de la agenda nacional. (<em>Lineamientos para la creaci\u00f3n, funcionamiento, evaluaci\u00f3n y disoluci\u00f3n de Comisiones, Grupos Especializados y Redes de Colaboraci\u00f3n Nacionales<\/em>).<\/span><\/a><\/li>\n<li style=\"text-align: justify;\"><a href=\"https:\/\/organoscolegiados.anuies.mx\/asambleageneral\/wp-content\/uploads\/sites\/3\/2024\/10\/8-Presentacion-del-diseno-ganador-del-logotipo-conmemorativo-del-75-aniversario-de-la-ANUIES.pdf\" target=\"_blank\" rel=\"noopener\"><span style=\"font-family: helvetica, arial, sans-serif; font-size: 14pt;\">Presentaci\u00f3n del dise\u00f1o ganador del logotipo conmemorativo del 75 aniversario de la ANUIES.<\/span><\/a><\/li>\n<li style=\"text-align: justify;\"><a href=\"https:\/\/organoscolegiados.anuies.mx\/asambleageneral\/wp-content\/uploads\/sites\/3\/2024\/10\/9-con-portadas-final.pdf\" target=\"_blank\" rel=\"noopener\"><span style=\"font-family: helvetica, arial, sans-serif; font-size: 14pt;\">An\u00e1lisis y aprobaci\u00f3n, en su caso, del dictamen del Consejo Nacional sobre las solicitudes de ingreso de nuevas asociadas.<\/span><\/a><\/li>\n<li style=\"text-align: justify;\"><a href=\"https:\/\/organoscolegiados.anuies.mx\/asambleageneral\/wp-content\/uploads\/sites\/3\/2024\/10\/10-Asuntos-generales-Portada.pdf\" target=\"_blank\" rel=\"noopener\"><span style=\"font-family: helvetica, arial, sans-serif; font-size: 14pt;\">Asuntos generales.<\/span><\/a><\/li>\n<\/ol>\n<\/div>\n<\/div><\/div><\/div><div id=\"pgc-1067-0-2\"  class=\"panel-grid-cell panel-grid-cell-empty\" ><\/div><\/div><div id=\"pg-1067-1\"  class=\"panel-grid panel-no-style\" ><div id=\"pgc-1067-1-0\"  class=\"panel-grid-cell\" ><div id=\"panel-1067-1-0-0\" class=\"so-panel widget widget_sow-editor panel-first-child panel-last-child\" data-index=\"1\" ><div\n\t\t\t\n\t\t\tclass=\"so-widget-sow-editor so-widget-sow-editor-base\"\n\t\t\t\n\t\t>\n<div class=\"siteorigin-widget-tinymce textwidget\">\n\t<p style=\"text-align: center;\"><span style=\"font-size: 14pt; font-family: helvetica, arial, sans-serif;\"><strong>Dr. Carlos Faustino Natar\u00e9n Nandayapa<\/strong><\/span><br \/>\n<span style=\"font-size: 14pt; font-family: helvetica, arial, sans-serif;\">Rector de la Universidad Aut\u00f3noma de Chiapas<\/span><br \/>\n<span style=\"font-size: 14pt; font-family: helvetica, arial, sans-serif;\"><strong>Presidente en turno<\/strong><\/span><\/p>\n<\/div>\n<\/div><\/div><\/div><div id=\"pgc-1067-1-1\"  class=\"panel-grid-cell\" ><div id=\"panel-1067-1-1-0\" class=\"so-panel widget widget_sow-editor panel-first-child panel-last-child\" data-index=\"2\" ><div\n\t\t\t\n\t\t\tclass=\"so-widget-sow-editor so-widget-sow-editor-base\"\n\t\t\t\n\t\t>\n<div class=\"siteorigin-widget-tinymce textwidget\">\n\t<p style=\"text-align: center;\"><span style=\"font-size: 14pt; font-family: helvetica, arial, sans-serif;\"><strong>Dr. Luis Armando Gonz\u00e1lez Placencia<\/strong><\/span><br \/>\n<span style=\"font-size: 14pt; font-family: helvetica, arial, sans-serif;\">Secretario General Ejecutivo<\/span><br \/>\n<span style=\"font-size: 14pt; font-family: helvetica, arial, sans-serif;\"><strong>Secretario<\/strong><\/span><\/p>\n<\/div>\n<\/div><\/div><\/div><\/div><\/div>","protected":false},"excerpt":{"rendered":"<p>CONVOCATORIA Con fundamento en los art\u00edculos D\u00e9cimo Quinto, Trig\u00e9simo Primero y Trig\u00e9simo Tercero, fracci\u00f3n VI, del Estatuto de la Asociaci\u00f3n Nacional de Universidades e Instituciones de Educaci\u00f3n Superior de la &hellip; <\/p>\n","protected":false},"author":1,"featured_media":0,"parent":0,"menu_order":0,"comment_status":"closed","ping_status":"closed","template":"","meta":{"ngg_post_thumbnail":0,"footnotes":""},"class_list":["post-1067","page","type-page","status-publish","hentry"],"_links":{"self":[{"href":"https:\/\/organoscolegiados.anuies.mx\/asambleageneral\/wp-json\/wp\/v2\/pages\/1067","targetHints":{"allow":["GET"]}}],"collection":[{"href":"https:\/\/organoscolegiados.anuies.mx\/asambleageneral\/wp-json\/wp\/v2\/pages"}],"about":[{"href":"https:\/\/organoscolegiados.anuies.mx\/asambleageneral\/wp-json\/wp\/v2\/types\/page"}],"author":[{"embeddable":true,"href":"https:\/\/organoscolegiados.anuies.mx\/asambleageneral\/wp-json\/wp\/v2\/users\/1"}],"replies":[{"embeddable":true,"href":"https:\/\/organoscolegiados.anuies.mx\/asambleageneral\/wp-json\/wp\/v2\/comments?post=1067"}],"version-history":[{"count":19,"href":"https:\/\/organoscolegiados.anuies.mx\/asambleageneral\/wp-json\/wp\/v2\/pages\/1067\/revisions"}],"predecessor-version":[{"id":1105,"href":"https:\/\/organoscolegiados.anuies.mx\/asambleageneral\/wp-json\/wp\/v2\/pages\/1067\/revisions\/1105"}],"wp:attachment":[{"href":"https:\/\/organoscolegiados.anuies.mx\/asambleageneral\/wp-json\/wp\/v2\/media?parent=1067"}],"curies":[{"name":"wp","href":"https:\/\/api.w.org\/{rel}","templated":true}]}}