{"id":1119,"date":"2025-02-19T20:41:42","date_gmt":"2025-02-19T19:41:42","guid":{"rendered":"https:\/\/organoscolegiados.anuies.mx\/asambleageneral\/?page_id=1119"},"modified":"2025-06-24T18:43:54","modified_gmt":"2025-06-24T16:43:54","slug":"aglxvi","status":"publish","type":"page","link":"https:\/\/organoscolegiados.anuies.mx\/asambleageneral\/aglxvi\/","title":{"rendered":"LXVI Sesi\u00f3n ordinaria de la Asamblea General"},"content":{"rendered":"<div id=\"pl-1119\"  class=\"panel-layout\" ><div id=\"pg-1119-0\"  class=\"panel-grid panel-no-style\" ><div id=\"pgc-1119-0-0\"  class=\"panel-grid-cell\" ><div id=\"panel-1119-0-0-0\" class=\"so-panel widget widget_sow-editor panel-first-child panel-last-child\" data-index=\"0\" ><div\n\t\t\t\n\t\t\tclass=\"so-widget-sow-editor so-widget-sow-editor-base\"\n\t\t\t\n\t\t>\n<div class=\"siteorigin-widget-tinymce textwidget\">\n\t<p style=\"text-align: center;\"><img loading=\"lazy\" decoding=\"async\" class=\"aligncenter size-full wp-image-1125\" src=\"https:\/\/organoscolegiados.anuies.mx\/asambleageneral\/wp-content\/uploads\/sites\/3\/2025\/05\/cabecera-web.png\" alt=\"\" width=\"1570\" height=\"269\" srcset=\"https:\/\/organoscolegiados.anuies.mx\/asambleageneral\/wp-content\/uploads\/sites\/3\/2025\/05\/cabecera-web.png 1570w, https:\/\/organoscolegiados.anuies.mx\/asambleageneral\/wp-content\/uploads\/sites\/3\/2025\/05\/cabecera-web-300x51.png 300w, https:\/\/organoscolegiados.anuies.mx\/asambleageneral\/wp-content\/uploads\/sites\/3\/2025\/05\/cabecera-web-1024x175.png 1024w, https:\/\/organoscolegiados.anuies.mx\/asambleageneral\/wp-content\/uploads\/sites\/3\/2025\/05\/cabecera-web-768x132.png 768w, https:\/\/organoscolegiados.anuies.mx\/asambleageneral\/wp-content\/uploads\/sites\/3\/2025\/05\/cabecera-web-1536x263.png 1536w\" sizes=\"auto, (max-width: 1570px) 100vw, 1570px\" \/><\/p>\n<p style=\"text-align: center;\"><span style=\"font-family: helvetica, arial, sans-serif; font-size: 14pt;\"><strong>CONVOCATORIA<\/strong><\/span><\/p>\n<p style=\"text-align: justify;\"><span style=\"font-family: helvetica, arial, sans-serif; font-size: 14pt;\">Con fundamento en los art\u00edculos D\u00e9cimo Quinto, Trig\u00e9simo Primero y Trig\u00e9simo Tercero, fracci\u00f3n VI, del Estatuto de la Asociaci\u00f3n Nacional de Universidades e Instituciones de Educaci\u00f3n Superior de la Rep\u00fablica Mexicana, A.C. (ANUIES), convocamos a las y los titulares de las instituciones que integran la Asamblea General a la LXVI Sesi\u00f3n Ordinaria que se efectuar\u00e1 en modalidad presencial, con sede en el Auditorio Dr. Luis Garibay Guti\u00e9rrez, dentro del Edificio de Rector\u00eda, Ciudad Universitaria de la Universidad Aut\u00f3noma de Guadalajara, ubicado en Av. Patria 1201, Lomas del Valle, C.P. 45129 Zapopan, Jalisco, a las 10:00 horas del viernes 20 de junio de 2025, con el siguiente:<\/span><\/p>\n<p style=\"text-align: center;\"><span style=\"font-family: helvetica, arial, sans-serif; font-size: 14pt;\"><strong>ORDEN DEL D\u00cdA&nbsp; &nbsp; <a class=\"fasc-button fasc-size-large fasc-type-flat fasc-rounded-medium fasc-ico-before dashicons-format-aside fasc-style-bold\" style=\"background-color: #a61b5c; color: #ffffff;\" target=\"_blank\" href=\"https:\/\/organoscolegiados.anuies.mx\/asambleageneral\/aglxvi200625\/\">Orden del D\u00eda ajustado<\/a><\/strong><\/span><\/p>\n<ol>\n<li style=\"text-align: justify;\"><a href=\"https:\/\/organoscolegiados.anuies.mx\/asambleageneral\/wp-content\/uploads\/sites\/3\/2025\/06\/1-Lista-de-asistencia-y-verificacion-del-quorum.pdf\" target=\"_blank\" rel=\"noopener\"><span style=\"font-family: helvetica, arial, sans-serif; font-size: 14pt;\">Lista de asistencia y verificaci\u00f3n del <em>quorum<\/em>.<\/span><\/a><\/li>\n<li style=\"text-align: justify;\"><a href=\"https:\/\/organoscolegiados.anuies.mx\/asambleageneral\/wp-content\/uploads\/sites\/3\/2025\/06\/2-Aprobacion-del-Orden-del-Dia.pdf\" target=\"_blank\" rel=\"noopener\"><span style=\"font-family: helvetica, arial, sans-serif; font-size: 14pt;\">Aprobaci\u00f3n del Orden del D\u00eda.<\/span><\/a><\/li>\n<li style=\"text-align: justify;\"><a href=\"https:\/\/organoscolegiados.anuies.mx\/asambleageneral\/wp-content\/uploads\/sites\/3\/2025\/06\/3-Nombramiento-del-Vicepresidente-de-la-Sesion.pdf\" target=\"_blank\" rel=\"noopener\"><span style=\"font-family: helvetica, arial, sans-serif; font-size: 14pt;\">Nombramiento del Vicepresidente de la Sesi\u00f3n.<\/span><\/a><\/li>\n<li style=\"text-align: justify;\"><a href=\"https:\/\/organoscolegiados.anuies.mx\/asambleageneral\/wp-content\/uploads\/sites\/3\/2025\/06\/4-Eleccion-de-dos-relatores-y-dos-escrutadores.pdf\" target=\"_blank\" rel=\"noopener\"><span style=\"font-family: helvetica, arial, sans-serif; font-size: 14pt;\">Elecci\u00f3n de dos relatores y dos escrutadores.<\/span><\/a><\/li>\n<li style=\"text-align: justify;\"><a href=\"https:\/\/organoscolegiados.anuies.mx\/asambleageneral\/wp-content\/uploads\/sites\/3\/2025\/06\/5-Lectura-y-aprobacion-en-su-caso-del-Acta-de-la-LXV-Sesion-Ordinaria.pdf\" target=\"_blank\" rel=\"noopener\"><span style=\"font-family: helvetica, arial, sans-serif; font-size: 14pt;\">Lectura y aprobaci\u00f3n, en su caso, del Acta de la LXV Sesi\u00f3n Ordinaria.<\/span><\/a><\/li>\n<li style=\"text-align: justify;\"><a href=\"https:\/\/organoscolegiados.anuies.mx\/asambleageneral\/wp-content\/uploads\/sites\/3\/2025\/06\/6-Presentacion-de-la-estrategia-de-coordinacion-con-las-COEPES-y-las-CEPPEMS-para-la-planeacion-de-la-ES-y-MS.pdf\" target=\"_blank\" rel=\"noopener\"><span style=\"font-family: helvetica, arial, sans-serif; font-size: 14pt;\">Presentaci\u00f3n de la estrategia de coordinaci\u00f3n con las COEPES y las CEPPEMS para la planeaci\u00f3n de la Educaci\u00f3n Superior y Media Superior en los estados.<\/span><\/a><\/li>\n<li style=\"text-align: justify;\"><a href=\"https:\/\/organoscolegiados.anuies.mx\/asambleageneral\/wp-content\/uploads\/sites\/3\/2025\/06\/7-Presentacion-de-los-trabajos-de-la-Comision-de-Financiamiento-Presentacion-de-los-Estados-Financieros.pdf\" target=\"_blank\" rel=\"noopener\"><span style=\"font-family: helvetica, arial, sans-serif; font-size: 14pt;\">Presentaci\u00f3n de los trabajos de la Comisi\u00f3n de Financiamiento (Presentaci\u00f3n de los Estados Financieros 2024).<\/span><\/a><\/li>\n<li style=\"text-align: justify;\"><a href=\"https:\/\/organoscolegiados.anuies.mx\/asambleageneral\/wp-content\/uploads\/sites\/3\/2025\/06\/8-Propuesta-sobre-Inteligencia-artificial-en-el-proceso-educativo.pdf\" target=\"_blank\" rel=\"noopener\"><span style=\"font-family: helvetica, arial, sans-serif; font-size: 14pt;\">Propuesta sobre Inteligencia artificial en el proceso educativo.<\/span><\/a><\/li>\n<li style=\"text-align: justify;\"><a href=\"https:\/\/organoscolegiados.anuies.mx\/asambleageneral\/wp-content\/uploads\/sites\/3\/2025\/06\/9-Presentacion-de-buenas-practicas-en-materia-de-vida-saludable.pdf\" target=\"_blank\" rel=\"noopener\"><span style=\"font-family: helvetica, arial, sans-serif; font-size: 14pt;\">Presentaci\u00f3n de buenas pr\u00e1cticas en materia de vida saludable.<\/span><\/a><\/li>\n<li style=\"text-align: justify;\"><a href=\"https:\/\/organoscolegiados.anuies.mx\/asambleageneral\/wp-content\/uploads\/sites\/3\/2025\/06\/10-Propuestas-de-trabajo-para-el-Marco-Nacional-de-Cualificaciones-y-Sistema-de-Transferencia-de-Creditos.pdf\" target=\"_blank\" rel=\"noopener\"><span style=\"font-family: helvetica, arial, sans-serif; font-size: 14pt;\">Propuestas de trabajo para el Marco Nacional de Cualificaciones y Sistema de Transferencia de Cr\u00e9ditos.<\/span><\/a><\/li>\n<li style=\"text-align: justify;\"><a href=\"https:\/\/organoscolegiados.anuies.mx\/asambleageneral\/wp-content\/uploads\/sites\/3\/2025\/06\/11-Propuestas-de-trabajo-para-el-seminario-de-ciencia.pdf\" target=\"_blank\" rel=\"noopener\"><span style=\"font-family: helvetica, arial, sans-serif; font-size: 14pt;\">Propuesta de trabajo para el seminario de ciencia.<\/span><\/a><\/li>\n<li style=\"text-align: justify;\"><a href=\"https:\/\/organoscolegiados.anuies.mx\/asambleageneral\/wp-content\/uploads\/sites\/3\/2025\/06\/12-Analisis-y-aprobacion-en-su-caso-de-las-propuestas-que-envia-el-Consejo-Nacional-sobre-las-IES.pdf\" target=\"_blank\" rel=\"noopener\"><span style=\"font-family: helvetica, arial, sans-serif; font-size: 14pt;\">An\u00e1lisis y aprobaci\u00f3n, en su caso, de las propuestas que env\u00eda el Consejo Nacional sobre las instituciones de educaci\u00f3n superior que presentaron su solicitud de ingreso a la ANUIES en 2024 y que cumplieron con lo previsto en el apartado 5.2 de los <em>Lineamientos para el Ingreso de Instituciones de Educaci\u00f3n Superior a la ANUIES.<\/em><\/span><\/a><\/li>\n<li style=\"text-align: justify;\"><a href=\"https:\/\/organoscolegiados.anuies.mx\/asambleageneral\/wp-content\/uploads\/sites\/3\/2025\/06\/13-Conferencia-sobre-Inteligencia-artificial-en-el-proceso-educativo.pdf\" target=\"_blank\" rel=\"noopener\"><span style=\"font-family: helvetica, arial, sans-serif; font-size: 14pt;\">Conferencia sobre Inteligencia artificial en el proceso educativo.<\/span><\/a><\/li>\n<li style=\"text-align: justify;\"><a href=\"https:\/\/organoscolegiados.anuies.mx\/asambleageneral\/wp-content\/uploads\/sites\/3\/2025\/06\/14-Presentacion-del-Espacio-para-la-promocion-de-la-cultura-de-paz-y-derechos-humanos-en-las-IES.pdf\" target=\"_blank\" rel=\"noopener\"><span style=\"font-family: helvetica, arial, sans-serif; font-size: 14pt;\">Presentaci\u00f3n del Espacio para la promoci\u00f3n de la cultura de paz y derechos humanos en las instituciones de educaci\u00f3n superior<\/span><\/a> <a href=\"https:\/\/organoscolegiados.anuies.mx\/asambleageneral\/wp-content\/uploads\/sites\/3\/2025\/06\/14-Presentacion-del-Espacio-para-la-promocion-de-la-cultura-de-paz-y-derechos-humanos-en-las-IES.pdf\" target=\"_blank\" rel=\"noopener\"><span style=\"font-family: helvetica, arial, sans-serif; font-size: 14pt;\">(EsPAZio DH).<\/span><\/a><\/li>\n<li style=\"text-align: justify;\"><a href=\"https:\/\/organoscolegiados.anuies.mx\/asambleageneral\/wp-content\/uploads\/sites\/3\/2025\/06\/15-Asuntos-generales.pdf\" target=\"_blank\" rel=\"noopener\"><span style=\"font-family: helvetica, arial, sans-serif; font-size: 14pt;\">Asuntos generales.<\/span><\/a><\/li>\n<\/ol>\n<\/div>\n<\/div><\/div><\/div><\/div><div id=\"pg-1119-1\"  class=\"panel-grid panel-no-style\" ><div id=\"pgc-1119-1-0\"  class=\"panel-grid-cell\" ><div id=\"panel-1119-1-0-0\" class=\"so-panel widget widget_sow-editor panel-first-child panel-last-child\" data-index=\"1\" ><div\n\t\t\t\n\t\t\tclass=\"so-widget-sow-editor so-widget-sow-editor-base\"\n\t\t\t\n\t\t>\n<div class=\"siteorigin-widget-tinymce textwidget\">\n\t<p style=\"text-align: center;\"><strong>Lic. Antonio Lea\u00f1o Reyes<\/strong><br \/>\nRector de la Universidad Aut\u00f3noma de Guadalajara<br \/>\nPresidente en turno<\/p>\n<\/div>\n<\/div><\/div><\/div><div id=\"pgc-1119-1-1\"  class=\"panel-grid-cell\" ><div id=\"panel-1119-1-1-0\" class=\"so-panel widget widget_sow-editor panel-first-child panel-last-child\" data-index=\"2\" ><div\n\t\t\t\n\t\t\tclass=\"so-widget-sow-editor so-widget-sow-editor-base\"\n\t\t\t\n\t\t>\n<div class=\"siteorigin-widget-tinymce textwidget\">\n\t<p style=\"text-align: center;\"><strong>Dr. Luis Gonz\u00e1lez Placencia<\/strong><br \/>\nSecretario General Ejecutivo<br \/>\nSecretario<\/p>\n<\/div>\n<\/div><\/div><\/div><\/div><\/div>","protected":false},"excerpt":{"rendered":"<p>CONVOCATORIA Con fundamento en los art\u00edculos D\u00e9cimo Quinto, Trig\u00e9simo Primero y Trig\u00e9simo Tercero, fracci\u00f3n VI, del Estatuto de la Asociaci\u00f3n Nacional de Universidades e Instituciones de Educaci\u00f3n Superior de la &hellip; <\/p>\n","protected":false},"author":1,"featured_media":0,"parent":0,"menu_order":0,"comment_status":"closed","ping_status":"closed","template":"","meta":{"ngg_post_thumbnail":0,"footnotes":""},"class_list":["post-1119","page","type-page","status-publish","hentry"],"_links":{"self":[{"href":"https:\/\/organoscolegiados.anuies.mx\/asambleageneral\/wp-json\/wp\/v2\/pages\/1119","targetHints":{"allow":["GET"]}}],"collection":[{"href":"https:\/\/organoscolegiados.anuies.mx\/asambleageneral\/wp-json\/wp\/v2\/pages"}],"about":[{"href":"https:\/\/organoscolegiados.anuies.mx\/asambleageneral\/wp-json\/wp\/v2\/types\/page"}],"author":[{"embeddable":true,"href":"https:\/\/organoscolegiados.anuies.mx\/asambleageneral\/wp-json\/wp\/v2\/users\/1"}],"replies":[{"embeddable":true,"href":"https:\/\/organoscolegiados.anuies.mx\/asambleageneral\/wp-json\/wp\/v2\/comments?post=1119"}],"version-history":[{"count":20,"href":"https:\/\/organoscolegiados.anuies.mx\/asambleageneral\/wp-json\/wp\/v2\/pages\/1119\/revisions"}],"predecessor-version":[{"id":1215,"href":"https:\/\/organoscolegiados.anuies.mx\/asambleageneral\/wp-json\/wp\/v2\/pages\/1119\/revisions\/1215"}],"wp:attachment":[{"href":"https:\/\/organoscolegiados.anuies.mx\/asambleageneral\/wp-json\/wp\/v2\/media?parent=1119"}],"curies":[{"name":"wp","href":"https:\/\/api.w.org\/{rel}","templated":true}]}}