{"id":144,"date":"2019-11-06T21:41:00","date_gmt":"2019-11-06T20:41:00","guid":{"rendered":"https:\/\/organoscolegiados.anuies.mx\/asambleageneral\/?page_id=144"},"modified":"2020-04-08T15:12:17","modified_gmt":"2020-04-08T13:12:17","slug":"liii-ordinaria","status":"publish","type":"page","link":"https:\/\/organoscolegiados.anuies.mx\/asambleageneral\/liii-ordinaria\/","title":{"rendered":""},"content":{"rendered":"<div id=\"pl-144\"  class=\"panel-layout\" ><div id=\"pg-144-0\"  class=\"panel-grid panel-no-style\" ><div id=\"pgc-144-0-0\"  class=\"panel-grid-cell\" ><div id=\"panel-144-0-0-0\" class=\"so-panel widget widget_sow-editor panel-first-child panel-last-child\" data-index=\"0\" ><div\n\t\t\t\n\t\t\tclass=\"so-widget-sow-editor so-widget-sow-editor-base\"\n\t\t\t\n\t\t>\n<div class=\"siteorigin-widget-tinymce textwidget\">\n\t<p align=\"center\"><img loading=\"lazy\" decoding=\"async\" class=\"alignnone size-full wp-image-158\" src=\"https:\/\/organoscolegiados.anuies.mx\/asambleageneral\/wp-content\/uploads\/sites\/3\/2019\/11\/cabezaliiiasamblea.png\" alt=\"\" width=\"1245\" height=\"121\" \/><\/p>\n<p align=\"center\"><span style=\"color: #333333\"><strong>CONVOCATORIA<\/strong><\/span><\/p>\n<p><span style=\"color: #333333\">Con fundamento en los art\u00edculos D\u00e9cimo Quinto, Trig\u00e9simo Primero y Trig\u00e9simo Tercero, fracci\u00f3n VI, del Estatuto de la Asociaci\u00f3n Nacional de Universidades e Instituciones de Educaci\u00f3n Superior (ANUIES), se convoca a los titulares de las instituciones que integran la Asamblea General a la LIII Sesi\u00f3n Ordinaria que se realizar\u00e1 el 22 de junio de 2018 a partir de las 10:00 horas en el Centro de Innovaci\u00f3n y Desarrollo de la ANUIES, ubicado en Miguel Laurent 961, Col. Sta. Cruz Atoyac, C.P. 03310, Ciudad de M\u00e9xico, bajo el siguiente:<\/span><\/p>\n<p style=\"text-align: center\"><span style=\"color: #333333\"><b>ORDEN DEL D\u00cdA<\/b><b><\/b><\/span><\/p>\n<p><span style=\"color: #333333\">1.-\u00a0<a style=\"color: #333333\" href=\"https:\/\/organoscolegiados.anuies.mx\/asambleageneral\/wp-content\/uploads\/sites\/3\/2019\/11\/1.-Lista-de-miembros-LIII-SO-AG-220618.pdf\" target=\"_blank\" rel=\"noopener noreferrer\">Lista de asistencia y verificaci\u00f3n de\u00a0<em>qu\u00f3rum.<\/em><\/a><\/span><\/p>\n<p><a href=\"https:\/\/organoscolegiados.anuies.mx\/asambleageneral\/wp-content\/uploads\/sites\/3\/2020\/04\/Aprobaci\u00f3n-del-Orden-del-Dia-LIII.pdf\" target=\"_blank\" rel=\"noopener\"><span style=\"color: #333333\"><em>2.-\u00a0<\/em>Aprobaci\u00f3n del Orden del D\u00eda.<\/span><\/a><\/p>\n<p><a href=\"https:\/\/organoscolegiados.anuies.mx\/asambleageneral\/wp-content\/uploads\/sites\/3\/2020\/03\/Nombramiento-del-Vicepresidente-de-la-sesi\u00f3n.-LIII.pdf\" target=\"_blank\" rel=\"noopener\"><span style=\"color: #333333\">3.- Nombramiento del Vicepresidente de la Sesi\u00f3n.<\/span><\/a><\/p>\n<p><a href=\"https:\/\/organoscolegiados.anuies.mx\/asambleageneral\/wp-content\/uploads\/sites\/3\/2020\/03\/Elecci\u00f3n-de-dos-relatores-y-dos-escrutadores.-LIII.pdf\" target=\"_blank\" rel=\"noopener\"><span style=\"color: #333333\">4.-Elecci\u00f3n de dos relatores y dos escrutadores.<\/span><\/a><\/p>\n<p><a href=\"https:\/\/organoscolegiados.anuies.mx\/asambleageneral\/wp-content\/uploads\/sites\/3\/2019\/11\/5.-Acta-LII-SO-AG-UdeG-231117.pdf\" target=\"_blank\" rel=\"noopener\"><span style=\"color: #333333\">5.- Lectura y aprobaci\u00f3n, en su caso, del Acta de la LII Sesi\u00f3n Ordinaria.<\/span><\/a><\/p>\n<p style=\"padding-left: 40px\"><a href=\"https:\/\/organoscolegiados.anuies.mx\/asambleageneral\/wp-content\/uploads\/sites\/3\/2020\/04\/Lectura-y-aprobaci\u00f3n-del-Acta-LIII.pdf\" target=\"_blank\" rel=\"noopener\">5.1 Aprobaci\u00f3n del Acta de la LII Sesi\u00f3n Ordinaria.<\/a><\/p>\n<p><span style=\"color: #333333\">6.- Presentaciones y exposiciones, en su caso, de los invitados especiales.<\/span><\/p>\n<p><span style=\"color: #333333\">\u00a0 \u00a0 \u00a0<a style=\"color: #333333\" href=\"https:\/\/organoscolegiados.anuies.mx\/asambleageneral\/wp-content\/uploads\/sites\/3\/2019\/11\/6.1.-Arturo-Reyes-Oxford.pdf\" target=\"_blank\" rel=\"noopener noreferrer\">6.1. Arturo Reyes-Sandoval<\/a><\/span><\/p>\n<p><span style=\"color: #333333\">\u00a0 \u00a0 \u00a0<a style=\"color: #333333\" href=\"https:\/\/organoscolegiados.anuies.mx\/asambleageneral\/wp-content\/uploads\/sites\/3\/2019\/11\/6.2.-Carta-de-Intenci\u00f3n-Inmujeres-ANUIES.pdf\" target=\"_blank\" rel=\"noopener noreferrer\">6.2. Carta de Intenci\u00f3n Inmujeres-ANUIES<\/a><\/span><\/p>\n<p><span style=\"color: #333333\">\u00a0 \u00a0 \u00a0<a style=\"color: #333333\" href=\"https:\/\/organoscolegiados.anuies.mx\/asambleageneral\/wp-content\/uploads\/sites\/3\/2019\/11\/6.3.-Comisi\u00f3n-Ejecutiva-de-Atenci\u00f3n-a-V\u00edctimas.pdf\" target=\"_blank\" rel=\"noopener noreferrer\">6.3. Comisi\u00f3n Ejecutiva de Atenci\u00f3n a V\u00edctimas<\/a><\/span><\/p>\n<p><span style=\"color: #333333\">\u00a0 \u00a0 \u00a0<a style=\"color: #333333\" href=\"https:\/\/organoscolegiados.anuies.mx\/asambleageneral\/wp-content\/uploads\/sites\/3\/2019\/11\/6.4.-Semana-Nacional-del-Emprendedor.pdf\" target=\"_blank\" rel=\"noopener noreferrer\">6.4. Semana Nacional del Emprendedor<\/a><\/span><\/p>\n<p><span style=\"color: #333333\">7.-\u00a0<a style=\"color: #333333\" href=\"https:\/\/organoscolegiados.anuies.mx\/asambleageneral\/wp-content\/uploads\/sites\/3\/2019\/11\/7.-Plataformas-electorales-220618.pdf\" target=\"_blank\" rel=\"noopener noreferrer\">Informe de los foros Las plataformas electorales de los candidatos a la Presidencia de la Rep\u00fablica (ANUIES-INE)<\/a><\/span><\/p>\n<p><span style=\"color: #333333\">8.-\u00a0<a style=\"color: #333333\" href=\"http:\/\/liiiasamblea.portal.anuies.mx\/wp-content\/blogs.dir\/101\/files\/sites\/101\/2018\/06\/8.%20ANUIES_E_V3.mp4\" target=\"_blank\" rel=\"noopener noreferrer\">Informe de los foros regionales Derechos Pol\u00edticos, Participaci\u00f3n Ciudadana, Prevenci\u00f3n y Denuncia de Delitos Electorales (ANUIES-FEPADE-INE).<\/a><\/span><\/p>\n<p><span style=\"color: #333333\">9.-\u00a0<a style=\"color: #333333\" href=\"https:\/\/organoscolegiados.anuies.mx\/asambleageneral\/wp-content\/uploads\/sites\/3\/2019\/11\/9.-Estados-financieros-ANUIES-2017.pdf\" target=\"_blank\" rel=\"noopener noreferrer\">Presentaci\u00f3n de los Estados Financieros 2017 de la ANUIES auditados por el Auditor Externo y aprobados por el Consejo Nacional en la Sesi\u00f3n 1.2018.<\/a><\/span><\/p>\n<p><a href=\"https:\/\/organoscolegiados.anuies.mx\/asambleageneral\/wp-content\/uploads\/sites\/3\/2020\/04\/Asuntos-generales-LIII.pdf\" target=\"_blank\" rel=\"noopener\"><span style=\"color: #333333\">10.- Asuntos generales.<\/span><\/a><\/p>\n<p><span style=\"color: #333333\">\u00a0 \u00a0 \u00a0\u00a0<a style=\"color: #333333\" href=\"https:\/\/organoscolegiados.anuies.mx\/asambleageneral\/wp-content\/uploads\/sites\/3\/2019\/11\/10.1.-Invitaci\u00f3n-6to-Foro-Internacional-Felicidad-360.pdf\" target=\"_blank\" rel=\"noopener noreferrer\">Invitaci\u00f3n 6to Foro Internacional Felicidad 360<\/a><\/span><\/p>\n<p><span style=\"color: #333333\">\u00a0 \u00a0 \u00a0\u00a0<a style=\"color: #333333\" href=\"https:\/\/organoscolegiados.anuies.mx\/asambleageneral\/wp-content\/uploads\/sites\/3\/2019\/11\/10.3.-Seminario-Internacional-UP.pdf\" target=\"_blank\" rel=\"noopener noreferrer\">Seminario Internacional UP<\/a><\/span><\/p>\n<p><span style=\"color: #333333\">\u00a0 \u00a0 \u00a0\u00a0<a style=\"color: #333333\" href=\"https:\/\/organoscolegiados.anuies.mx\/asambleageneral\/wp-content\/uploads\/sites\/3\/2019\/11\/10.4.-Red-Nacional-Altexto.pdf\" target=\"_blank\" rel=\"noopener noreferrer\">Red Nacional Altexto<\/a><\/span><\/p>\n<\/div>\n<\/div><\/div><\/div><\/div><div id=\"pg-144-1\"  class=\"panel-grid panel-no-style\" ><div id=\"pgc-144-1-0\"  class=\"panel-grid-cell\" ><div id=\"panel-144-1-0-0\" class=\"so-panel widget widget_sow-editor panel-first-child panel-last-child\" data-index=\"1\" ><div\n\t\t\t\n\t\t\tclass=\"so-widget-sow-editor so-widget-sow-editor-base\"\n\t\t\t\n\t\t>\n<div class=\"siteorigin-widget-tinymce textwidget\">\n\t<p align=\"center\"><b>Dra. Diana L. Guill\u00e9n Rodr\u00edguez<\/b><\/p>\n<p align=\"center\">Directora General\u00a0General del Instituto de\u00a0Investigaciones Dr. Jos\u00e9 Mar\u00eda Luis Mora<\/p>\n<p align=\"center\">\u00a0\u00a0Presidente<\/p>\n<\/div>\n<\/div><\/div><\/div><div id=\"pgc-144-1-1\"  class=\"panel-grid-cell\" ><div id=\"panel-144-1-1-0\" class=\"so-panel widget widget_sow-editor panel-first-child panel-last-child\" data-index=\"2\" ><div\n\t\t\t\n\t\t\tclass=\"so-widget-sow-editor so-widget-sow-editor-base\"\n\t\t\t\n\t\t>\n<div class=\"siteorigin-widget-tinymce textwidget\">\n\t<p align=\"center\"><b>Mtro. Jaime Valls Esponda<\/b><\/p>\n<p align=\"center\">Secretario General Ejecutivo<\/p>\n<p align=\"center\">\n<p align=\"center\">Secretario<\/p>\n<\/div>\n<\/div><\/div><\/div><\/div><\/div>","protected":false},"excerpt":{"rendered":"<p>CONVOCATORIA Con fundamento en los art\u00edculos D\u00e9cimo Quinto, Trig\u00e9simo Primero y Trig\u00e9simo Tercero, fracci\u00f3n VI, del Estatuto de la Asociaci\u00f3n Nacional de Universidades e Instituciones de Educaci\u00f3n Superior (ANUIES), se &hellip; <\/p>\n","protected":false},"author":1,"featured_media":0,"parent":0,"menu_order":0,"comment_status":"closed","ping_status":"closed","template":"","meta":{"ngg_post_thumbnail":0,"footnotes":""},"class_list":["post-144","page","type-page","status-publish","hentry"],"_links":{"self":[{"href":"https:\/\/organoscolegiados.anuies.mx\/asambleageneral\/wp-json\/wp\/v2\/pages\/144","targetHints":{"allow":["GET"]}}],"collection":[{"href":"https:\/\/organoscolegiados.anuies.mx\/asambleageneral\/wp-json\/wp\/v2\/pages"}],"about":[{"href":"https:\/\/organoscolegiados.anuies.mx\/asambleageneral\/wp-json\/wp\/v2\/types\/page"}],"author":[{"embeddable":true,"href":"https:\/\/organoscolegiados.anuies.mx\/asambleageneral\/wp-json\/wp\/v2\/users\/1"}],"replies":[{"embeddable":true,"href":"https:\/\/organoscolegiados.anuies.mx\/asambleageneral\/wp-json\/wp\/v2\/comments?post=144"}],"version-history":[{"count":18,"href":"https:\/\/organoscolegiados.anuies.mx\/asambleageneral\/wp-json\/wp\/v2\/pages\/144\/revisions"}],"predecessor-version":[{"id":697,"href":"https:\/\/organoscolegiados.anuies.mx\/asambleageneral\/wp-json\/wp\/v2\/pages\/144\/revisions\/697"}],"wp:attachment":[{"href":"https:\/\/organoscolegiados.anuies.mx\/asambleageneral\/wp-json\/wp\/v2\/media?parent=144"}],"curies":[{"name":"wp","href":"https:\/\/api.w.org\/{rel}","templated":true}]}}