{"id":184,"date":"2019-11-07T16:56:41","date_gmt":"2019-11-07T15:56:41","guid":{"rendered":"https:\/\/organoscolegiados.anuies.mx\/asambleageneral\/?page_id=184"},"modified":"2019-11-07T18:40:01","modified_gmt":"2019-11-07T17:40:01","slug":"xxviii-extraordinaria","status":"publish","type":"page","link":"https:\/\/organoscolegiados.anuies.mx\/asambleageneral\/xxviii-extraordinaria\/","title":{"rendered":""},"content":{"rendered":"<div id=\"pl-184\"  class=\"panel-layout\" ><div id=\"pg-184-0\"  class=\"panel-grid panel-no-style\" ><div id=\"pgc-184-0-0\"  class=\"panel-grid-cell\" ><div id=\"panel-184-0-0-0\" class=\"so-panel widget widget_sow-editor panel-first-child panel-last-child\" data-index=\"0\" ><div\n\t\t\t\n\t\t\tclass=\"so-widget-sow-editor so-widget-sow-editor-base\"\n\t\t\t\n\t\t>\n<div class=\"siteorigin-widget-tinymce textwidget\">\n\t<p><img loading=\"lazy\" decoding=\"async\" class=\"alignnone size-full wp-image-187\" src=\"https:\/\/organoscolegiados.anuies.mx\/asambleageneral\/wp-content\/uploads\/sites\/3\/2019\/11\/cabezaxxviiiasamblea.png\" alt=\"\" width=\"1245\" height=\"121\" srcset=\"https:\/\/organoscolegiados.anuies.mx\/asambleageneral\/wp-content\/uploads\/sites\/3\/2019\/11\/cabezaxxviiiasamblea.png 1245w, https:\/\/organoscolegiados.anuies.mx\/asambleageneral\/wp-content\/uploads\/sites\/3\/2019\/11\/cabezaxxviiiasamblea-300x29.png 300w, https:\/\/organoscolegiados.anuies.mx\/asambleageneral\/wp-content\/uploads\/sites\/3\/2019\/11\/cabezaxxviiiasamblea-768x75.png 768w, https:\/\/organoscolegiados.anuies.mx\/asambleageneral\/wp-content\/uploads\/sites\/3\/2019\/11\/cabezaxxviiiasamblea-1024x100.png 1024w\" sizes=\"auto, (max-width: 1245px) 100vw, 1245px\" \/><\/p>\n<p style=\"text-align: center;\"><strong>CONVOCATORIA<\/strong><\/p>\n<p style=\"text-align: justify;\">Con fundamento en los art\u00edculos D\u00e9cimo S\u00e9ptimo, Vig\u00e9simo, fracciones II y XIV, y Trig\u00e9simo Tercero, fracci\u00f3n VI del Estatuto de la Asociaci\u00f3n Nacional de Universidades e Instituciones de Educaci\u00f3n Superior de la Rep\u00fablica Mexicana, A.C., se convoca a los titulares de las instituciones que integran la Asamblea General a la XXVIII Sesi\u00f3n Extraordinaria en la que se contar\u00e1 con la asistencia del\u00a0<strong>Lic. Andr\u00e9s Manuel L\u00f3pez Obrador, presidente electo\u00a0<\/strong>y del\u00a0<strong>Mtro. Esteban Moctezuma Barrag\u00e1n,\u00a0<\/strong><strong>propuesto para encabezar la Secretar\u00eda de Educaci\u00f3n P\u00fablica<\/strong>, que se celebrar\u00e1 el 15 de agosto de 2018 a las 10:30 horas en el Centro de Innovaci\u00f3n y Desarrollo de la ANUIES, ubicado en Miguel Laurent No. 961, Col. Santa Cruz Atoyac, Del. Benito Ju\u00e1rez, C.P. 03310, Ciudad de M\u00e9xico, bajo el siguiente:<\/p>\n<p style=\"text-align: center;\"><strong>ORDEN DEL D\u00cdA<\/strong><strong>\u00a0<\/strong><\/p>\n<p style=\"text-align: justify;\">1.-\u00a0<a href=\"https:\/\/organoscolegiados.anuies.mx\/asambleageneral\/wp-content\/uploads\/sites\/3\/2019\/11\/1.-Listado-miembros-de-la-AG-150818.pdf\" target=\"_blank\" rel=\"noopener noreferrer\">Lista de asistencia y verificaci\u00f3n de\u00a0<em>qu\u00f3rum<\/em>.<\/a><\/p>\n<p style=\"text-align: justify;\">2.-\u00a0<a href=\"https:\/\/organoscolegiados.anuies.mx\/asambleageneral\/wp-content\/uploads\/sites\/3\/2019\/11\/2.-Convocatoria-XXVIII-SE-AG-150818.pdf\" target=\"_blank\" rel=\"noopener noreferrer\">Aprobaci\u00f3n del orden del d\u00eda.<\/a><\/p>\n<p style=\"text-align: justify;\">3.- Di\u00e1logo para el fortalecimiento de la educaci\u00f3n superior en M\u00e9xico.<\/p>\n<p>Videos:<\/p>\n<\/div>\n<\/div><\/div><\/div><\/div><div id=\"pg-184-1\"  class=\"panel-grid panel-no-style\" ><div id=\"pgc-184-1-0\"  class=\"panel-grid-cell\" ><div id=\"panel-184-1-0-0\" class=\"so-panel widget widget_sow-editor panel-first-child panel-last-child\" data-index=\"1\" ><div\n\t\t\t\n\t\t\tclass=\"so-widget-sow-editor so-widget-sow-editor-base\"\n\t\t\t\n\t\t><h3 class=\"widget-title\">Video 1<\/h3>\n<div class=\"siteorigin-widget-tinymce textwidget\">\n\t<p><iframe loading=\"lazy\" src=\"https:\/\/www.youtube.com\/embed\/1Nzn84cy-uo\" width=\"320\" height=\"155\" frameborder=\"0\" allowfullscreen=\"allowfullscreen\"><span data-mce-type=\"bookmark\" style=\"display: inline-block; width: 0px; overflow: hidden; line-height: 0;\" class=\"mce_SELRES_start\">\ufeff<\/span><\/iframe><\/p>\n<\/div>\n<\/div><\/div><\/div><div id=\"pgc-184-1-1\"  class=\"panel-grid-cell\" ><div id=\"panel-184-1-1-0\" class=\"so-panel widget widget_sow-editor panel-first-child panel-last-child\" data-index=\"2\" ><div\n\t\t\t\n\t\t\tclass=\"so-widget-sow-editor so-widget-sow-editor-base\"\n\t\t\t\n\t\t><h3 class=\"widget-title\">Video 2<\/h3>\n<div class=\"siteorigin-widget-tinymce textwidget\">\n\t<p><iframe loading=\"lazy\" src=\"https:\/\/www.youtube.com\/embed\/lpLzY94duWk\" width=\"320\" height=\"155\" frameborder=\"0\" allowfullscreen=\"allowfullscreen\"><span data-mce-type=\"bookmark\" style=\"display: inline-block; width: 0px; overflow: hidden; line-height: 0;\" class=\"mce_SELRES_start\">\ufeff<\/span><\/iframe><\/p>\n<\/div>\n<\/div><\/div><\/div><div id=\"pgc-184-1-2\"  class=\"panel-grid-cell\" ><div id=\"panel-184-1-2-0\" class=\"so-panel widget widget_sow-editor panel-first-child panel-last-child\" data-index=\"3\" ><div\n\t\t\t\n\t\t\tclass=\"so-widget-sow-editor so-widget-sow-editor-base\"\n\t\t\t\n\t\t><h3 class=\"widget-title\">Video 3<\/h3>\n<div class=\"siteorigin-widget-tinymce textwidget\">\n\t<p><iframe loading=\"lazy\" width=\"320\" height=\"155\" src=\"https:\/\/www.youtube.com\/embed\/6W9uejssB48\" frameborder=\"0\" allow=\"accelerometer; autoplay; encrypted-media; gyroscope; picture-in-picture\" allowfullscreen><\/iframe><\/p>\n<\/div>\n<\/div><\/div><\/div><\/div><div id=\"pg-184-2\"  class=\"panel-grid panel-no-style\" ><div id=\"pgc-184-2-0\"  class=\"panel-grid-cell\" ><div id=\"panel-184-2-0-0\" class=\"so-panel widget widget_sow-editor panel-first-child panel-last-child\" data-index=\"4\" ><div\n\t\t\t\n\t\t\tclass=\"so-widget-sow-editor so-widget-sow-editor-base\"\n\t\t\t\n\t\t><h3 class=\"widget-title\">Video 4<\/h3>\n<div class=\"siteorigin-widget-tinymce textwidget\">\n\t<p><iframe loading=\"lazy\" width=\"320\" height=\"155\" src=\"https:\/\/www.youtube.com\/embed\/U_CtFPyvOH8\" frameborder=\"0\" allow=\"accelerometer; autoplay; encrypted-media; gyroscope; picture-in-picture\" allowfullscreen><\/iframe><\/p>\n<\/div>\n<\/div><\/div><\/div><div id=\"pgc-184-2-1\"  class=\"panel-grid-cell\" ><div id=\"panel-184-2-1-0\" class=\"so-panel widget widget_sow-editor panel-first-child panel-last-child\" data-index=\"5\" ><div\n\t\t\t\n\t\t\tclass=\"so-widget-sow-editor so-widget-sow-editor-base\"\n\t\t\t\n\t\t><h3 class=\"widget-title\">Video 5<\/h3>\n<div class=\"siteorigin-widget-tinymce textwidget\">\n\t<p><iframe loading=\"lazy\" src=\"https:\/\/www.youtube.com\/embed\/h1pu82Fei7M\" width=\"320\" height=\"155\" frameborder=\"0\" allowfullscreen=\"allowfullscreen\"><\/iframe><\/p>\n<\/div>\n<\/div><\/div><\/div><div id=\"pgc-184-2-2\"  class=\"panel-grid-cell\" ><div id=\"panel-184-2-2-0\" class=\"so-panel widget widget_sow-editor panel-first-child panel-last-child\" data-index=\"6\" ><div\n\t\t\t\n\t\t\tclass=\"so-widget-sow-editor so-widget-sow-editor-base\"\n\t\t\t\n\t\t><h3 class=\"widget-title\">Video 6<\/h3>\n<div class=\"siteorigin-widget-tinymce textwidget\">\n\t<p><iframe loading=\"lazy\" width=\"320\" height=\"155\" src=\"https:\/\/www.youtube.com\/embed\/sEc_IawqLUs\" frameborder=\"0\" allow=\"accelerometer; autoplay; encrypted-media; gyroscope; picture-in-picture\" allowfullscreen><\/iframe><\/p>\n<\/div>\n<\/div><\/div><\/div><\/div><div id=\"pg-184-3\"  class=\"panel-grid panel-no-style\" ><div id=\"pgc-184-3-0\"  class=\"panel-grid-cell\" ><div id=\"panel-184-3-0-0\" class=\"so-panel widget widget_sow-editor panel-first-child panel-last-child\" data-index=\"7\" ><div\n\t\t\t\n\t\t\tclass=\"so-widget-sow-editor so-widget-sow-editor-base\"\n\t\t\t\n\t\t><h3 class=\"widget-title\">Video 7<\/h3>\n<div class=\"siteorigin-widget-tinymce textwidget\">\n\t<p><iframe loading=\"lazy\" width=\"320\" height=\"155\" src=\"https:\/\/www.youtube.com\/embed\/cBYGR82cURE\" frameborder=\"0\" allow=\"accelerometer; autoplay; encrypted-media; gyroscope; picture-in-picture\" allowfullscreen><\/iframe><\/p>\n<\/div>\n<\/div><\/div><\/div><div id=\"pgc-184-3-1\"  class=\"panel-grid-cell\" ><div id=\"panel-184-3-1-0\" class=\"so-panel widget widget_sow-editor panel-first-child panel-last-child\" data-index=\"8\" ><div\n\t\t\t\n\t\t\tclass=\"so-widget-sow-editor so-widget-sow-editor-base\"\n\t\t\t\n\t\t><h3 class=\"widget-title\">Video 8<\/h3>\n<div class=\"siteorigin-widget-tinymce textwidget\">\n\t<p><iframe loading=\"lazy\" width=\"320\" height=\"155\" src=\"https:\/\/www.youtube.com\/embed\/6IsMQaWO0yw\" frameborder=\"0\" allow=\"accelerometer; autoplay; encrypted-media; gyroscope; picture-in-picture\" allowfullscreen><\/iframe><\/p>\n<\/div>\n<\/div><\/div><\/div><div id=\"pgc-184-3-2\"  class=\"panel-grid-cell\" ><div id=\"panel-184-3-2-0\" class=\"so-panel widget widget_sow-editor panel-first-child panel-last-child\" data-index=\"9\" ><div\n\t\t\t\n\t\t\tclass=\"so-widget-sow-editor so-widget-sow-editor-base\"\n\t\t\t\n\t\t><h3 class=\"widget-title\">Video 9<\/h3>\n<div class=\"siteorigin-widget-tinymce textwidget\">\n\t<p><iframe loading=\"lazy\" width=\"320\" height=\"155\" src=\"https:\/\/www.youtube.com\/embed\/z2Ei68sGSEs\" frameborder=\"0\" allow=\"accelerometer; autoplay; encrypted-media; gyroscope; picture-in-picture\" allowfullscreen><\/iframe><\/p>\n<\/div>\n<\/div><\/div><\/div><\/div><div id=\"pg-184-4\"  class=\"panel-grid panel-no-style\" ><div id=\"pgc-184-4-0\"  class=\"panel-grid-cell\" ><div id=\"panel-184-4-0-0\" class=\"so-panel widget widget_sow-editor panel-first-child panel-last-child\" data-index=\"10\" ><div\n\t\t\t\n\t\t\tclass=\"so-widget-sow-editor so-widget-sow-editor-base\"\n\t\t\t\n\t\t><h3 class=\"widget-title\">Video 10<\/h3>\n<div class=\"siteorigin-widget-tinymce textwidget\">\n\t<p><iframe loading=\"lazy\" width=\"320\" height=\"155\" src=\"https:\/\/www.youtube.com\/embed\/Oou349Bxt8c\" frameborder=\"0\" allow=\"accelerometer; autoplay; encrypted-media; gyroscope; picture-in-picture\" allowfullscreen><\/iframe><\/p>\n<\/div>\n<\/div><\/div><\/div><div id=\"pgc-184-4-1\"  class=\"panel-grid-cell panel-grid-cell-empty panel-grid-cell-mobile-last\" ><\/div><div id=\"pgc-184-4-2\"  class=\"panel-grid-cell panel-grid-cell-empty\" ><\/div><\/div><\/div>","protected":false},"excerpt":{"rendered":"<p>CONVOCATORIA Con fundamento en los art\u00edculos D\u00e9cimo S\u00e9ptimo, Vig\u00e9simo, fracciones II y XIV, y Trig\u00e9simo Tercero, fracci\u00f3n VI del Estatuto de la Asociaci\u00f3n Nacional de Universidades e Instituciones de Educaci\u00f3n &hellip; <\/p>\n","protected":false},"author":1,"featured_media":0,"parent":0,"menu_order":0,"comment_status":"closed","ping_status":"closed","template":"","meta":{"ngg_post_thumbnail":0,"footnotes":""},"class_list":["post-184","page","type-page","status-publish","hentry"],"_links":{"self":[{"href":"https:\/\/organoscolegiados.anuies.mx\/asambleageneral\/wp-json\/wp\/v2\/pages\/184","targetHints":{"allow":["GET"]}}],"collection":[{"href":"https:\/\/organoscolegiados.anuies.mx\/asambleageneral\/wp-json\/wp\/v2\/pages"}],"about":[{"href":"https:\/\/organoscolegiados.anuies.mx\/asambleageneral\/wp-json\/wp\/v2\/types\/page"}],"author":[{"embeddable":true,"href":"https:\/\/organoscolegiados.anuies.mx\/asambleageneral\/wp-json\/wp\/v2\/users\/1"}],"replies":[{"embeddable":true,"href":"https:\/\/organoscolegiados.anuies.mx\/asambleageneral\/wp-json\/wp\/v2\/comments?post=184"}],"version-history":[{"count":14,"href":"https:\/\/organoscolegiados.anuies.mx\/asambleageneral\/wp-json\/wp\/v2\/pages\/184\/revisions"}],"predecessor-version":[{"id":211,"href":"https:\/\/organoscolegiados.anuies.mx\/asambleageneral\/wp-json\/wp\/v2\/pages\/184\/revisions\/211"}],"wp:attachment":[{"href":"https:\/\/organoscolegiados.anuies.mx\/asambleageneral\/wp-json\/wp\/v2\/media?parent=184"}],"curies":[{"name":"wp","href":"https:\/\/api.w.org\/{rel}","templated":true}]}}