{"id":271,"date":"2019-11-07T21:00:42","date_gmt":"2019-11-07T20:00:42","guid":{"rendered":"https:\/\/organoscolegiados.anuies.mx\/asambleageneral\/?page_id=271"},"modified":"2020-04-02T21:35:21","modified_gmt":"2020-04-02T19:35:21","slug":"l-ordinaria","status":"publish","type":"page","link":"https:\/\/organoscolegiados.anuies.mx\/asambleageneral\/l-ordinaria\/","title":{"rendered":""},"content":{"rendered":"<div id=\"pl-271\"  class=\"panel-layout\" ><div id=\"pg-271-0\"  class=\"panel-grid panel-no-style\" ><div id=\"pgc-271-0-0\"  class=\"panel-grid-cell\" ><div id=\"panel-271-0-0-0\" class=\"so-panel widget widget_sow-editor panel-first-child panel-last-child\" data-index=\"0\" ><div\n\t\t\t\n\t\t\tclass=\"so-widget-sow-editor so-widget-sow-editor-base\"\n\t\t\t\n\t\t>\n<div class=\"siteorigin-widget-tinymce textwidget\">\n\t<p style=\"text-align: center\" align=\"center\"><strong><img loading=\"lazy\" decoding=\"async\" class=\"alignnone size-full wp-image-272\" src=\"https:\/\/organoscolegiados.anuies.mx\/asambleageneral\/wp-content\/uploads\/sites\/3\/2019\/11\/cabezallasamblea.png\" alt=\"\" width=\"1245\" height=\"121\" \/><span style=\"color: #000000\">CONVOCATORIA<\/span><\/strong><\/p>\n<p style=\"text-align: justify\"><span style=\"color: #000000\">Con fundamento en los art\u00edculos D\u00e9cimo Quinto, Trig\u00e9simo Primero y Trig\u00e9simo Tercero, fracci\u00f3n VI, del Estatuto de la Asociaci\u00f3n Nacional de Universidades e Instituciones de Educaci\u00f3n Superior (ANUIES), se convoca a los titulares de las instituciones que integran la Asamblea General a la L Sesi\u00f3n Ordinaria que se realizar\u00e1 el 9 de noviembre de 2016 a partir de las 8:30 horas en el Sal\u00f3n de Actos del Palacio de Miner\u00eda de la UNAM, ubicado en Calle Tacuba No. 5, Cuauht\u00e9moc, Centro Hist\u00f3rico, C.P. 06000, Cuauht\u00e9moc, Ciudad de M\u00e9xico, bajo el siguiente:<\/span><\/p>\n<p style=\"text-align: center\"><span style=\"color: #000000\"><b>ORDEN DEL D\u00cdA<\/b><b><\/b><\/span><\/p>\n<p style=\"text-align: justify\"><span style=\"color: #000000\">1.-\u00a0<a style=\"color: #000000\" href=\"https:\/\/organoscolegiados.anuies.mx\/asambleageneral\/wp-content\/uploads\/sites\/3\/2019\/11\/1.-Lista-de-miembros-AG-1.pdf\" target=\"_blank\" rel=\"noopener noreferrer\">Lista de asistencia y verificaci\u00f3n de\u00a0<i>qu\u00f3rum.<\/i><\/a><\/span><\/p>\n<p style=\"text-align: justify\"><a href=\"https:\/\/organoscolegiados.anuies.mx\/asambleageneral\/wp-content\/uploads\/sites\/3\/2020\/04\/Aprobaci\u00f3n-del-Orden-del-D\u00eda-L.pdf\" target=\"_blank\" rel=\"noopener\"><span style=\"color: #000000\">2.-\u00a0Aprobaci\u00f3n del Orden del D\u00eda.<\/span><\/a><\/p>\n<p style=\"text-align: justify\"><span style=\"color: #000000\"><a style=\"color: #000000\" href=\"https:\/\/organoscolegiados.anuies.mx\/asambleageneral\/wp-content\/uploads\/sites\/3\/2020\/03\/Nombramiento-del-Vicepresidente-de-la-Sesi\u00f3n.-L.pdf\" target=\"_blank\" rel=\"noopener\">3.- Nombramiento del Vicepresidente de la Sesi\u00f3n.<\/a><\/span><\/p>\n<p style=\"text-align: justify;padding-left: 40px\"><span style=\"color: #000000\"><a style=\"color: #000000\" href=\"https:\/\/organoscolegiados.anuies.mx\/asambleageneral\/wp-content\/uploads\/sites\/3\/2019\/11\/3.-Solicitud-CETYS.pdf\" target=\"_blank\" rel=\"noopener noreferrer\">3.1.- Solicitud CETYS<\/a><\/span><\/p>\n<p style=\"text-align: justify\"><span style=\"color: #000000\"><a style=\"color: #000000\" href=\"https:\/\/organoscolegiados.anuies.mx\/asambleageneral\/wp-content\/uploads\/sites\/3\/2020\/03\/Elecci\u00f3n-de-dos-relatores-y-dos-escrutadores.-L.pdf\" target=\"_blank\" rel=\"noopener\">4.- Elecci\u00f3n de dos relatores y dos escrutadores.<\/a><\/span><\/p>\n<p style=\"text-align: justify\"><span style=\"color: #000000\">5.-\u00a0<a style=\"color: #000000\" href=\"https:\/\/organoscolegiados.anuies.mx\/asambleageneral\/wp-content\/uploads\/sites\/3\/2019\/11\/5.-Acta-XLIX-SO-Asamblea-General.pdf\" target=\"_blank\" rel=\"noopener noreferrer\">Lectura y aprobaci\u00f3n, en su caso, del acta de la XLIX Sesi\u00f3n Ordinaria de la Asamblea General.<\/a><\/span><\/p>\n<p style=\"text-align: justify;padding-left: 40px\"><a href=\"https:\/\/organoscolegiados.anuies.mx\/asambleageneral\/wp-content\/uploads\/sites\/3\/2020\/04\/Aprobaci\u00f3n-y-Lectura-del-Acta-L.pdf\" target=\"_blank\" rel=\"noopener\"><span style=\"color: #000000\">5.1 Aprobaci\u00f3n del acta de la XLIX de la Sesi\u00f3n Ordinaria\u00a0<\/span><\/a><\/p>\n<p style=\"text-align: justify\"><span style=\"color: #000000\">6.-\u00a0<a style=\"color: #000000\" href=\"https:\/\/organoscolegiados.anuies.mx\/asambleageneral\/wp-content\/uploads\/sites\/3\/2019\/11\/6.-Informe-solicitudes-de-ingreso.pdf\" target=\"_blank\" rel=\"noopener noreferrer\">An\u00e1lisis y aprobaci\u00f3n, en su caso, del dictamen del Consejo Nacional sobre las solicitudes de ingreso de nuevas asociadas.<\/a><\/span><\/p>\n<p style=\"text-align: justify\"><span style=\"color: #000000\">7.-\u00a0<a style=\"color: #000000\" href=\"https:\/\/organoscolegiados.anuies.mx\/asambleageneral\/wp-content\/uploads\/sites\/3\/2019\/11\/7.-Informe-de-actividades-2016-CN.pdf\" target=\"_blank\" rel=\"noopener noreferrer\">Presentaci\u00f3n del Informe 2016 del Consejo Nacional.<\/a><\/span><\/p>\n<p style=\"text-align: justify\"><span style=\"color: #000000\">8.-\u00a0<a style=\"color: #000000\" href=\"https:\/\/organoscolegiados.anuies.mx\/asambleageneral\/wp-content\/uploads\/sites\/3\/2019\/11\/8.-Decreto-CIDHEM.pdf\" target=\"_blank\" rel=\"noopener noreferrer\">Informe sobre la extinci\u00f3n del Centro de Investigaci\u00f3n y Docencia en Humanidades del Estado de Morelos (CIDHEM).<\/a><\/span><\/p>\n<p style=\"text-align: justify\"><span style=\"color: #000000\"><a style=\"color: #000000\" href=\"https:\/\/organoscolegiados.anuies.mx\/asambleageneral\/wp-content\/uploads\/sites\/3\/2020\/03\/9.-Distintivo-Vanguardia.-L.pdf\" target=\"_blank\" rel=\"noopener\">9.- Entrega del Distintivo ANUIES-SCJN.<\/a><\/span><\/p>\n<p style=\"text-align: justify\"><span style=\"color: #000000\"><a style=\"color: #000000\" href=\"https:\/\/organoscolegiados.anuies.mx\/asambleageneral\/wp-content\/uploads\/sites\/3\/2020\/03\/Asuntos-generales.L.pdf\" target=\"_blank\" rel=\"noopener\">10.- Asuntos generales.<\/a><\/span><\/p>\n<\/div>\n<\/div><\/div><\/div><\/div><div id=\"pg-271-1\"  class=\"panel-grid panel-no-style\" ><div id=\"pgc-271-1-0\"  class=\"panel-grid-cell\" ><div id=\"panel-271-1-0-0\" class=\"so-panel widget widget_sow-editor panel-first-child panel-last-child\" data-index=\"1\" ><div\n\t\t\t\n\t\t\tclass=\"so-widget-sow-editor so-widget-sow-editor-base\"\n\t\t\t\n\t\t>\n<div class=\"siteorigin-widget-tinymce textwidget\">\n\t<p style=\"text-align: center;\"><strong>Dr. Enrique Luis Graue Wiechers<\/strong><br \/>\nRector de la Universidad Nacional Aut\u00f3noma de M\u00e9xico<br \/>\n<strong>Presidente en turno<\/strong><\/p>\n<\/div>\n<\/div><\/div><\/div><div id=\"pgc-271-1-1\"  class=\"panel-grid-cell\" ><div id=\"panel-271-1-1-0\" class=\"so-panel widget widget_sow-editor panel-first-child panel-last-child\" data-index=\"2\" ><div\n\t\t\t\n\t\t\tclass=\"so-widget-sow-editor so-widget-sow-editor-base\"\n\t\t\t\n\t\t>\n<div class=\"siteorigin-widget-tinymce textwidget\">\n\t<p style=\"text-align: center\"><strong>Mtro. Jaime Valls Esponda<\/strong><br \/>\nSecretario General Ejecutivo<br \/>\n<strong>Secretario<\/strong><\/p>\n<\/div>\n<\/div><\/div><\/div><\/div><\/div>","protected":false},"excerpt":{"rendered":"<p>CONVOCATORIA Con fundamento en los art\u00edculos D\u00e9cimo Quinto, Trig\u00e9simo Primero y Trig\u00e9simo Tercero, fracci\u00f3n VI, del Estatuto de la Asociaci\u00f3n Nacional de Universidades e Instituciones de Educaci\u00f3n Superior (ANUIES), se &hellip; <\/p>\n","protected":false},"author":1,"featured_media":0,"parent":0,"menu_order":0,"comment_status":"closed","ping_status":"closed","template":"","meta":{"ngg_post_thumbnail":0,"footnotes":""},"class_list":["post-271","page","type-page","status-publish","hentry"],"_links":{"self":[{"href":"https:\/\/organoscolegiados.anuies.mx\/asambleageneral\/wp-json\/wp\/v2\/pages\/271","targetHints":{"allow":["GET"]}}],"collection":[{"href":"https:\/\/organoscolegiados.anuies.mx\/asambleageneral\/wp-json\/wp\/v2\/pages"}],"about":[{"href":"https:\/\/organoscolegiados.anuies.mx\/asambleageneral\/wp-json\/wp\/v2\/types\/page"}],"author":[{"embeddable":true,"href":"https:\/\/organoscolegiados.anuies.mx\/asambleageneral\/wp-json\/wp\/v2\/users\/1"}],"replies":[{"embeddable":true,"href":"https:\/\/organoscolegiados.anuies.mx\/asambleageneral\/wp-json\/wp\/v2\/comments?post=271"}],"version-history":[{"count":11,"href":"https:\/\/organoscolegiados.anuies.mx\/asambleageneral\/wp-json\/wp\/v2\/pages\/271\/revisions"}],"predecessor-version":[{"id":648,"href":"https:\/\/organoscolegiados.anuies.mx\/asambleageneral\/wp-json\/wp\/v2\/pages\/271\/revisions\/648"}],"wp:attachment":[{"href":"https:\/\/organoscolegiados.anuies.mx\/asambleageneral\/wp-json\/wp\/v2\/media?parent=271"}],"curies":[{"name":"wp","href":"https:\/\/api.w.org\/{rel}","templated":true}]}}