{"id":300,"date":"2019-11-07T21:23:27","date_gmt":"2019-11-07T20:23:27","guid":{"rendered":"https:\/\/organoscolegiados.anuies.mx\/asambleageneral\/?page_id=300"},"modified":"2020-04-08T15:50:17","modified_gmt":"2020-04-08T13:50:17","slug":"xlvii-ordinaria","status":"publish","type":"page","link":"https:\/\/organoscolegiados.anuies.mx\/asambleageneral\/xlvii-ordinaria\/","title":{"rendered":""},"content":{"rendered":"<div id=\"pl-300\"  class=\"panel-layout\" ><div id=\"pg-300-0\"  class=\"panel-grid panel-no-style\" ><div id=\"pgc-300-0-0\"  class=\"panel-grid-cell\" ><div id=\"panel-300-0-0-0\" class=\"so-panel widget widget_sow-editor panel-first-child panel-last-child\" data-index=\"0\" ><div\n\t\t\t\n\t\t\tclass=\"so-widget-sow-editor so-widget-sow-editor-base\"\n\t\t\t\n\t\t>\n<div class=\"siteorigin-widget-tinymce textwidget\">\n\t<p align=\"center\"><img loading=\"lazy\" decoding=\"async\" class=\"alignnone size-full wp-image-301\" src=\"https:\/\/organoscolegiados.anuies.mx\/asambleageneral\/wp-content\/uploads\/sites\/3\/2019\/11\/agxlvii.png\" alt=\"\" width=\"1160\" height=\"132\" srcset=\"https:\/\/organoscolegiados.anuies.mx\/asambleageneral\/wp-content\/uploads\/sites\/3\/2019\/11\/agxlvii.png 1160w, https:\/\/organoscolegiados.anuies.mx\/asambleageneral\/wp-content\/uploads\/sites\/3\/2019\/11\/agxlvii-300x34.png 300w, https:\/\/organoscolegiados.anuies.mx\/asambleageneral\/wp-content\/uploads\/sites\/3\/2019\/11\/agxlvii-768x87.png 768w, https:\/\/organoscolegiados.anuies.mx\/asambleageneral\/wp-content\/uploads\/sites\/3\/2019\/11\/agxlvii-1024x117.png 1024w\" sizes=\"auto, (max-width: 1160px) 100vw, 1160px\" \/><\/p>\n<p style=\"text-align: center\" align=\"center\"><strong>CONVOCATORIA<\/strong><\/p>\n<p style=\"text-align: justify\">Por acuerdo del Consejo Nacional de fecha 27 de noviembre de 2014 y con fundamento en los art\u00edculos D\u00e9cimo Quinto, Trig\u00e9simo Primero y Trig\u00e9simo Tercero, Fracci\u00f3n VI, del Estatuto de la Asociaci\u00f3n Nacional de Universidades e Instituciones de Educaci\u00f3n Superior (ANUIES), se convoca a los titulares de las instituciones que integran la Asamblea General a la XLVII Sesi\u00f3n Ordinaria que se efectuar\u00e1 el 26 de junio de 2015 a partir de las 09:00 horas en las instalaciones de la Universidad Aut\u00f3noma de Guadalajara ubicadas en Av. Patria 1201, Col. Lomas del Valle, C. P. 45129, Zapopan, Jal., bajo el siguiente:<\/p>\n<p style=\"text-align: center\"><b>ORDEN DEL D\u00cdA<\/b><b>\u00a0<\/b><\/p>\n<p><span style=\"color: #333333\">1.- <a style=\"color: #333333\" href=\"https:\/\/organoscolegiados.anuies.mx\/asambleageneral\/wp-content\/uploads\/sites\/3\/2019\/11\/1.-Miembros-de-la-Asamblea-General.pdf\" target=\"_blank\" rel=\"noopener\">Lista de asistencia y verificaci\u00f3n de qu\u00f3rum.<\/a><\/span><\/p>\n<p><a href=\"https:\/\/organoscolegiados.anuies.mx\/asambleageneral\/wp-content\/uploads\/sites\/3\/2020\/04\/Aprobaci\u00f3n-Orden-del-D\u00eda-XLVII.pdf\" target=\"_blank\" rel=\"noopener\"><span style=\"color: #333333\">2.- Aprobaci\u00f3n del Orden del D\u00eda.<\/span><\/a><\/p>\n<p><a href=\"https:\/\/organoscolegiados.anuies.mx\/asambleageneral\/wp-content\/uploads\/sites\/3\/2020\/03\/Nombramiento-del-Vicepresidente-de-la-Sesi\u00f3n.-XLVII.pdf\" target=\"_blank\" rel=\"noopener\"><span style=\"color: #333333\">3.- Nombramiento del Vicepresidente de la Sesi\u00f3n.<\/span><\/a><\/p>\n<p><a href=\"https:\/\/organoscolegiados.anuies.mx\/asambleageneral\/wp-content\/uploads\/sites\/3\/2020\/03\/Elecci\u00f3n-de-dos-relatores-y-dos-escrutadores.XLVII_.pdf\" target=\"_blank\" rel=\"noopener\"><span style=\"color: #333333\">4.- Elecci\u00f3n de dos relatores y dos escrutadores.<\/span><\/a><\/p>\n<p><span style=\"color: #333333\">5.- <a style=\"color: #333333\" href=\"https:\/\/organoscolegiados.anuies.mx\/asambleageneral\/wp-content\/uploads\/sites\/3\/2019\/11\/5.1.-Acta-de-la-XLVI-Sesion-Ordinaria-Asamblea-General.pdf\" target=\"_blank\" rel=\"noopener\">Lectura y aprobaci\u00f3n, en su caso, del acta de la XLVI Sesi\u00f3n Ordinaria de la Asamblea General.<\/a><\/span><\/p>\n<p style=\"padding-left: 40px\"><a href=\"https:\/\/organoscolegiados.anuies.mx\/asambleageneral\/wp-content\/uploads\/sites\/3\/2020\/04\/Aprobaci\u00f3n-y-Lectura-Acta-XLVII.pdf\" target=\"_blank\" rel=\"noopener\">5.1 Aprobaci\u00f3n del acta dela XLVI Sesi\u00f3n Ordinaria<\/a><\/p>\n<p><a href=\"https:\/\/organoscolegiados.anuies.mx\/asambleageneral\/wp-content\/uploads\/sites\/3\/2020\/03\/Distintivo-ANUIES-ADII.-XLVII.pdf\" target=\"_blank\" rel=\"noopener\"><span style=\"color: #333333\">6.- Entrega del Distintivo de idoneidad curricular de la Licenciatura en Derecho que otorga la ANUIES y la SCJN.<\/span><\/a><\/p>\n<p><span style=\"color: #333333\">7.- Presentaciones y exposiciones, en su caso, de los invitados especiales. <\/span><\/p>\n<p style=\"padding-left: 80px\"><span style=\"color: #333333\"><a style=\"background-color: white;font-size: 1rem;color: #333333\" href=\"https:\/\/organoscolegiados.anuies.mx\/asambleageneral\/wp-content\/uploads\/sites\/3\/2019\/11\/7.3.-Sergio-Alcocer-Mart\u00ednez-de-Castro.pdf\" target=\"_blank\" rel=\"noopener\">7.1 Sergio Alcocer Mart\u00ednez de Castro.<\/a><span style=\"font-size: 1rem\">\u00a0<\/span><\/span><\/p>\n<p style=\"padding-left: 80px\"><span style=\"color: #333333\"><a style=\"background-color: white;font-size: 1rem;color: #333333\" href=\"https:\/\/organoscolegiados.anuies.mx\/asambleageneral\/wp-content\/uploads\/sites\/3\/2019\/11\/7.5.-Dr.-Enrique-Cabrero-Mendoza.pdf\" target=\"_blank\" rel=\"noopener\">7.2 Dr. Enrique Cabrero Mendoza.<\/a><span style=\"font-size: 1rem\">\u00a0<\/span><\/span><\/p>\n<p style=\"padding-left: 80px\"><span style=\"color: #333333\"><a style=\"background-color: white;font-size: 1rem;color: #333333\" href=\"https:\/\/organoscolegiados.anuies.mx\/asambleageneral\/wp-content\/uploads\/sites\/3\/2019\/11\/7.5-Dr.-Jos\u00e9-Franco.pdf\" target=\"_blank\" rel=\"noopener\">7.3 Jos\u00e9 Franco L\u00f3pez.<\/a><span style=\"font-size: 1rem\">\u00a0<\/span><\/span><\/p>\n<p style=\"padding-left: 80px\"><span style=\"color: #333333\"><a style=\"background-color: white;font-size: 1rem;color: #333333\" href=\"https:\/\/organoscolegiados.anuies.mx\/asambleageneral\/wp-content\/uploads\/sites\/3\/2019\/11\/7.6.-Dr.-Ernesto-Bartolucci-Blanco.pdf\" target=\"_blank\" rel=\"noopener\">7.4 Dr. Ernesto Bartolucci Blanco.<\/a><span style=\"font-size: 1rem\">\u00a0<\/span><\/span><\/p>\n<p style=\"padding-left: 80px\"><span style=\"color: #333333\"><a style=\"background-color: white;font-size: 1rem;color: #333333\" href=\"https:\/\/organoscolegiados.anuies.mx\/asambleageneral\/wp-content\/uploads\/sites\/3\/2019\/11\/7.2.-Lic.-Pedro-Joaqu\u00edn-Coldwel.pdf\" target=\"_blank\" rel=\"noopener\">7.5 Lic. Pedro Joaqu\u00edn Coldwel.<\/a><\/span><\/p>\n<p><a href=\"https:\/\/organoscolegiados.anuies.mx\/asambleageneral\/wp-content\/uploads\/sites\/3\/2020\/03\/8.-Presentacion-SIC-24062015-v5.5-Revisado-JLPONCE.XLVII_.pdf\" target=\"_blank\" rel=\"noopener\"><span style=\"color: #333333\">8.- Presentaci\u00f3n del Blog institucional de la ANUIES.<\/span><\/a><\/p>\n<p><span style=\"color: #333333\">9.- <a style=\"color: #333333\" href=\"https:\/\/organoscolegiados.anuies.mx\/asambleageneral\/wp-content\/uploads\/sites\/3\/2019\/11\/9.-Informe-ejercicio-presupuestal-2014.pdf\" target=\"_blank\" rel=\"noopener\">Presentaci\u00f3n del Informe del Ejercicio Presupuestal 2014 de la ANUIES.<\/a><\/span><\/p>\n<p><span style=\"color: #333333\">10.- <a style=\"color: #333333\" href=\"https:\/\/organoscolegiados.anuies.mx\/asambleageneral\/wp-content\/uploads\/sites\/3\/2019\/11\/10.2.-Informe-estados-financieros1.pdf\" target=\"_blank\" rel=\"noopener\">Presentaci\u00f3n de los Estados Financieros de la ANUIES para el Ejercicio Fiscal 2014 dictaminados por el Auditor Externo.<\/a>\u00a0<\/span><\/p>\n<p style=\"padding-left: 80px\"><span style=\"color: #333333\"><a style=\"color: #333333\" href=\"https:\/\/organoscolegiados.anuies.mx\/asambleageneral\/wp-content\/uploads\/sites\/3\/2019\/11\/10.1.-Estados-financieros-auditados-ve1.pdf\" target=\"_blank\" rel=\"noopener\">10.1. Informe estados financieros.<\/a><\/span><\/p>\n<p><span style=\"color: #333333\">11.- Informe sobre la p\u00e9rdida de calidad de asociada de la Universidad Valle del Bravo. <\/span><\/p>\n<p style=\"padding-left: 80px\"><span style=\"color: #333333\"><a style=\"color: #333333\" href=\"https:\/\/organoscolegiados.anuies.mx\/asambleageneral\/wp-content\/uploads\/sites\/3\/2019\/11\/11.1.-Calidad-de-Asociada-de-la-UVB1.pdf\" target=\"_blank\" rel=\"noopener\">11.1 SGE\/087\/15.<\/a>\u00a0<\/span><\/p>\n<p style=\"padding-left: 80px\"><span style=\"color: #333333\"><a style=\"color: #333333\" href=\"https:\/\/organoscolegiados.anuies.mx\/asambleageneral\/wp-content\/uploads\/sites\/3\/2019\/11\/11.2.-Antecedentes-de-la-Universidad-de-Valle-del-Bravo-como-asociada1.pdf\" target=\"_blank\" rel=\"noopener\">11.2 SGE\/154\/14.<\/a><\/span><\/p>\n<p><a href=\"https:\/\/organoscolegiados.anuies.mx\/asambleageneral\/wp-content\/uploads\/sites\/3\/2020\/03\/12.-CID_2.XLVII_.pdf\" target=\"_blank\" rel=\"noopener\"><span style=\"color: #333333\">12.- Presentaci\u00f3n del proyecto de Centro de Innovaci\u00f3n y Desarrollo de la ANUIES.<\/span><\/a><\/p>\n<p style=\"text-align: justify\"><a href=\"https:\/\/organoscolegiados.anuies.mx\/asambleageneral\/wp-content\/uploads\/sites\/3\/2020\/03\/Asuntos-generales.XVLII_.pdf\" target=\"_blank\" rel=\"noopener\"><span style=\"color: #333333\">13.- Asuntos generales.<\/span><\/a><\/p>\n<\/div>\n<\/div><\/div><\/div><\/div><div id=\"pg-300-1\"  class=\"panel-grid panel-no-style\" ><div id=\"pgc-300-1-0\"  class=\"panel-grid-cell\" ><div id=\"panel-300-1-0-0\" class=\"so-panel widget widget_sow-editor panel-first-child panel-last-child\" data-index=\"1\" ><div\n\t\t\t\n\t\t\tclass=\"so-widget-sow-editor so-widget-sow-editor-base\"\n\t\t\t\n\t\t>\n<div class=\"siteorigin-widget-tinymce textwidget\">\n\t<p style=\"text-align: center;\"><strong>Lic. Antonio Lea\u00f1o Reyes<\/strong><br \/>\nRector de la Universidad Aut\u00f3noma de Guadalajara<br \/>\n<strong>Presidente en turno<\/strong><\/p>\n<\/div>\n<\/div><\/div><\/div><div id=\"pgc-300-1-1\"  class=\"panel-grid-cell\" ><div id=\"panel-300-1-1-0\" class=\"so-panel widget widget_sow-editor panel-first-child panel-last-child\" data-index=\"2\" ><div\n\t\t\t\n\t\t\tclass=\"so-widget-sow-editor so-widget-sow-editor-base\"\n\t\t\t\n\t\t>\n<div class=\"siteorigin-widget-tinymce textwidget\">\n\t<p style=\"text-align: center;\"><strong>Mtro. Jaime Valls Esponda<\/strong><br \/>\nSecretario General Ejecutivo<br \/>\n<strong>Secretario<\/strong><\/p>\n<\/div>\n<\/div><\/div><\/div><\/div><\/div>","protected":false},"excerpt":{"rendered":"<p>CONVOCATORIA Por acuerdo del Consejo Nacional de fecha 27 de noviembre de 2014 y con fundamento en los art\u00edculos D\u00e9cimo Quinto, Trig\u00e9simo Primero y Trig\u00e9simo Tercero, Fracci\u00f3n VI, del Estatuto &hellip; <\/p>\n","protected":false},"author":1,"featured_media":0,"parent":0,"menu_order":0,"comment_status":"closed","ping_status":"closed","template":"","meta":{"ngg_post_thumbnail":0,"footnotes":""},"class_list":["post-300","page","type-page","status-publish","hentry"],"_links":{"self":[{"href":"https:\/\/organoscolegiados.anuies.mx\/asambleageneral\/wp-json\/wp\/v2\/pages\/300","targetHints":{"allow":["GET"]}}],"collection":[{"href":"https:\/\/organoscolegiados.anuies.mx\/asambleageneral\/wp-json\/wp\/v2\/pages"}],"about":[{"href":"https:\/\/organoscolegiados.anuies.mx\/asambleageneral\/wp-json\/wp\/v2\/types\/page"}],"author":[{"embeddable":true,"href":"https:\/\/organoscolegiados.anuies.mx\/asambleageneral\/wp-json\/wp\/v2\/users\/1"}],"replies":[{"embeddable":true,"href":"https:\/\/organoscolegiados.anuies.mx\/asambleageneral\/wp-json\/wp\/v2\/comments?post=300"}],"version-history":[{"count":13,"href":"https:\/\/organoscolegiados.anuies.mx\/asambleageneral\/wp-json\/wp\/v2\/pages\/300\/revisions"}],"predecessor-version":[{"id":700,"href":"https:\/\/organoscolegiados.anuies.mx\/asambleageneral\/wp-json\/wp\/v2\/pages\/300\/revisions\/700"}],"wp:attachment":[{"href":"https:\/\/organoscolegiados.anuies.mx\/asambleageneral\/wp-json\/wp\/v2\/media?parent=300"}],"curies":[{"name":"wp","href":"https:\/\/api.w.org\/{rel}","templated":true}]}}