{"id":321,"date":"2019-11-11T18:25:54","date_gmt":"2019-11-11T17:25:54","guid":{"rendered":"https:\/\/organoscolegiados.anuies.mx\/asambleageneral\/?page_id=321"},"modified":"2020-04-02T23:33:37","modified_gmt":"2020-04-02T21:33:37","slug":"xlv-ordinaria","status":"publish","type":"page","link":"https:\/\/organoscolegiados.anuies.mx\/asambleageneral\/xlv-ordinaria\/","title":{"rendered":""},"content":{"rendered":"<div id=\"pl-321\"  class=\"panel-layout\" ><div id=\"pg-321-0\"  class=\"panel-grid panel-no-style\" ><div id=\"pgc-321-0-0\"  class=\"panel-grid-cell\" ><div id=\"panel-321-0-0-0\" class=\"so-panel widget widget_sow-editor panel-first-child panel-last-child\" data-index=\"0\" ><div\n\t\t\t\n\t\t\tclass=\"so-widget-sow-editor so-widget-sow-editor-base\"\n\t\t\t\n\t\t>\n<div class=\"siteorigin-widget-tinymce textwidget\">\n\t<p align=\"center\"><img loading=\"lazy\" decoding=\"async\" class=\"alignnone size-full wp-image-340\" src=\"https:\/\/organoscolegiados.anuies.mx\/asambleageneral\/wp-content\/uploads\/sites\/3\/2019\/11\/cabecera.jpg\" alt=\"\" width=\"970\" height=\"120\" srcset=\"https:\/\/organoscolegiados.anuies.mx\/asambleageneral\/wp-content\/uploads\/sites\/3\/2019\/11\/cabecera.jpg 970w, https:\/\/organoscolegiados.anuies.mx\/asambleageneral\/wp-content\/uploads\/sites\/3\/2019\/11\/cabecera-300x37.jpg 300w, https:\/\/organoscolegiados.anuies.mx\/asambleageneral\/wp-content\/uploads\/sites\/3\/2019\/11\/cabecera-768x95.jpg 768w\" sizes=\"auto, (max-width: 970px) 100vw, 970px\" \/><\/p>\n<p style=\"text-align: center\" align=\"center\"><strong>CONVOCATORIA<\/strong><\/p>\n<p style=\"text-align: justify\">Por acuerdo del Consejo Nacional de fecha 30 de octubre de 2013, y con fundamento en los art\u00edculos D\u00e9cimo Quinto, \u00a0Trig\u00e9simo \u00a0Primero \u00a0y Trig\u00e9simo \u00a0Tercero, Fracci\u00f3n \u00a0VI, del Estatuto \u00a0de la Asociaci\u00f3n Nacional de Universidades e Instituciones de Educaci\u00f3n Superior (ANUlES), se convoca a los titulares de las instituciones que integran la Asamblea General a la XLV Sesi\u00f3n Ordinaria que se efectuar\u00e1 el 20 de junio de 2014 a partir de las 10:00 horas en las instalaciones de la Universidad An\u00e1huac, ubicadas en Avenida Universidad An\u00e1huac 46, Col. Lomas An\u00e1huac, C.P. 52786, Huixquilucan, Estado de M\u00e9xico, bajo el siguiente:<\/p>\n<p style=\"text-align: center\"><b>ORDEN DEL D\u00cdA<\/b><b><\/b><\/p>\n<p style=\"text-align: justify\"><span style=\"color: #333333\">1.\u00a0<a style=\"color: #333333\" href=\"https:\/\/organoscolegiados.anuies.mx\/asambleageneral\/wp-content\/uploads\/sites\/3\/2019\/11\/1.-MIEMBROS-DE-LA-XLV-ASAMBLEA-GENERAL.pdf\" target=\"_blank\" rel=\"noopener noreferrer\">\u00a0Lista de asistencia y verificaci\u00f3n de<em>\u00a0qu\u00f3rum<\/em><\/a>.<\/span><br \/>\n<a href=\"https:\/\/organoscolegiados.anuies.mx\/asambleageneral\/wp-content\/uploads\/sites\/3\/2020\/04\/Aprobaci\u00f3n-Orden-del-D\u00eda-XLV.pdf\" target=\"_blank\" rel=\"noopener\"><span style=\"color: #333333\">2. \u00a0Aprobaci\u00f3n del Orden del D\u00eda.<\/span><\/a><br \/>\n<a href=\"https:\/\/organoscolegiados.anuies.mx\/asambleageneral\/wp-content\/uploads\/sites\/3\/2020\/04\/Vicepresidente-XLV.pdf\" target=\"_blank\" rel=\"noopener\"><span style=\"color: #333333\">3. \u00a0Nombramiento del Vicepresidente de la Sesi\u00f3n.<\/span><\/a><br \/>\n<a href=\"https:\/\/organoscolegiados.anuies.mx\/asambleageneral\/wp-content\/uploads\/sites\/3\/2020\/03\/Elecci\u00f3n-de-dos-relatores-y-dos-escrutadores.-XLV.pdf\" target=\"_blank\" rel=\"noopener\"><span style=\"color: #333333\">4. \u00a0Elecci\u00f3n de dos relatores y dos escrutadores.<\/span><\/a><br \/>\n<span style=\"color: #333333\">5. \u00a0<a style=\"color: #333333\" href=\"https:\/\/organoscolegiados.anuies.mx\/asambleageneral\/wp-content\/uploads\/sites\/3\/2019\/11\/5.-ACTA-XLIV-SO-AG-28-DE-NOVIEMBRE.pdf\" target=\"_blank\" rel=\"noopener noreferrer\">Lectura y aprobaci\u00f3n, en su caso, del acta de la XLIV Sesi\u00f3n Ordinaria.<\/a><\/span><\/p>\n<p style=\"text-align: justify;padding-left: 40px\"><a href=\"https:\/\/organoscolegiados.anuies.mx\/asambleageneral\/wp-content\/uploads\/sites\/3\/2020\/04\/Aprobaci\u00f3n-y-Lectura-de-Acta-XLV.pdf\" target=\"_blank\" rel=\"noopener\">5.1 Aprobaci\u00f3n del acta de la XLIV Sesi\u00f3n Ordinaria<\/a><\/p>\n<p style=\"text-align: justify\"><span style=\"color: #333333\">6. \u00a0<a style=\"color: #333333\" href=\"https:\/\/organoscolegiados.anuies.mx\/asambleageneral\/wp-content\/uploads\/sites\/3\/2019\/11\/6.-Invitados-especiales-v2.pdf\" target=\"_blank\" rel=\"noopener noreferrer\">Presentaciones y exposiciones, en su caso, de los invitados especiales.<\/a><\/span><br \/>\n<span style=\"color: #333333\">7.\u00a0\u00a0<a style=\"color: #333333\" href=\"https:\/\/organoscolegiados.anuies.mx\/asambleageneral\/wp-content\/uploads\/sites\/3\/2019\/11\/7.-INFORME-DEL-EJERCICIO-PRESUPUESTAL-2013-DE-LA-SECRETARIA-GENERAL-EJECUTIVA.pdf\" target=\"_blank\" rel=\"noopener noreferrer\">Presentaci\u00f3n del ejercicio presupuestal 2013 de la ANUlES.<\/a><\/span><br \/>\n<span style=\"color: #333333\">8. \u00a0<a style=\"color: #333333\" href=\"https:\/\/organoscolegiados.anuies.mx\/asambleageneral\/wp-content\/uploads\/sites\/3\/2019\/11\/8.-ESTADOS-FINANCIEROS-DICTAMINADOS-2013.pdf\" target=\"_blank\" rel=\"noopener noreferrer\">Presentaci\u00f3n \u00a0de los \u00a0Estados \u00a0Financieros\u00a0 de la \u00a0ANUlES \u00a0correspondientes \u00a0al ejercicio \u00a02013, dictaminados por el Auditor Externo.<\/a>\u00a0<a style=\"color: #333333\" href=\"https:\/\/organoscolegiados.anuies.mx\/asambleageneral\/wp-content\/uploads\/sites\/3\/2019\/11\/8.1.-ESTADOS-FINANCIEROS-DICTAMINADOS-VERSI\u00d3N-EXTENSA.pdf\" target=\"_blank\" rel=\"noopener noreferrer\">Versio\u0301n extensa<\/a>.<\/span><br \/>\n<span style=\"color: #333333\">9. \u00a0<a style=\"color: #333333\" href=\"https:\/\/organoscolegiados.anuies.mx\/asambleageneral\/wp-content\/uploads\/sites\/3\/2019\/11\/9.-INGRESO-DE-NUEVAS-ASOCIADAS-bajo.pdf\" target=\"_blank\" rel=\"noopener noreferrer\">An\u00e1lisis, discusi\u00f3n\u00a0<i>y\u00a0<\/i>aprobaci\u00f3n, en su caso, del ingreso de nuevas asociadas.<\/a>\u00a0<a style=\"color: #333333\" href=\"https:\/\/organoscolegiados.anuies.mx\/asambleageneral\/wp-content\/uploads\/sites\/3\/2019\/11\/9.1.-INGRESO-DE-NUEVAS-ASOCIADAS1.pdf\" target=\"_blank\" rel=\"noopener noreferrer\">Presentaci\u00f3n.<\/a><\/span><br \/>\n<span style=\"color: #333333\">10.\u00a0\u00a0<a style=\"color: #333333\" href=\"https:\/\/organoscolegiados.anuies.mx\/asambleageneral\/wp-content\/uploads\/sites\/3\/2019\/11\/10.-DICTAMEN-DE-LA-COMISI\u00d3N-Procedimiento-requisitos-y-tipolog\u00eda-de-ingreso-a-la-ANUIES.pdf\" target=\"_blank\" rel=\"noopener noreferrer\">Informe sobre el Procedimiento, requisitos \u00a0y tipolog\u00eda para el ingreso de instituciones de educaci\u00f3n superior a la ANUlES, aprobado por el Consejo Nacional en la Sesi\u00f3n Ordinaria 1.2014, celebrada el 31 de marzo del a\u00f1o en curso.<\/a>\u00a0<a style=\"color: #333333\" href=\"https:\/\/organoscolegiados.anuies.mx\/asambleageneral\/wp-content\/uploads\/sites\/3\/2019\/11\/10.1.-PROCEDIMIENTO-REQUISITOS-Y-TIPOLOG\u00cdA-DOCUMENTO.pdf\" target=\"_blank\" rel=\"noopener noreferrer\">\u00a0Procedimiento, requisitos y tipolog\u00eda para el ingreso de instituciones de educaci\u00f3n a la ANUIES<\/a>.\u00a0<a style=\"color: #333333\" href=\"https:\/\/organoscolegiados.anuies.mx\/asambleageneral\/wp-content\/uploads\/sites\/3\/2019\/11\/10.-INFORME-PROCEDIMIENTO-REQUISITOS-Y-TIPOLOG\u00cdA-DE-INGRESO2.pdf\" target=\"_blank\" rel=\"noopener noreferrer\">Presentaci\u00f3n A.<\/a>\u00a0<a style=\"color: #333333\" href=\"https:\/\/organoscolegiados.anuies.mx\/asambleageneral\/wp-content\/uploads\/sites\/3\/2019\/11\/10.1.-INFORME-PROCEDIMIENTO-REQUISITOS-Y-TIPOLOG\u00cdA-DE-INGRESO1.pdf\" target=\"_blank\" rel=\"noopener noreferrer\">Presentaci\u00f3n B\u00a0<\/a><\/span><br \/>\n<span style=\"color: #333333\">11. \u00a0<a style=\"color: #333333\" href=\"https:\/\/organoscolegiados.anuies.mx\/asambleageneral\/wp-content\/uploads\/sites\/3\/2019\/11\/11.-INFORME-COMISIONES-INTERINSTITUCIONALES2.pdf\" target=\"_blank\" rel=\"noopener noreferrer\">Informe sobre las comisiones interinstitucionales integradas por los consejos especiales y por el Consejo Nacional.\u00a0<\/a><\/span><br \/>\n<a href=\"https:\/\/organoscolegiados.anuies.mx\/asambleageneral\/wp-content\/uploads\/sites\/3\/2020\/03\/Asuntos-generales.-XLV.pdf\" target=\"_blank\" rel=\"noopener\"><span style=\"color: #333333\">12. \u00a0Asuntos generales.<\/span><\/a><\/p>\n<p><span style=\"color: #333333\"><a style=\"color: #333333\" href=\"https:\/\/organoscolegiados.anuies.mx\/asambleageneral\/wp-content\/uploads\/sites\/3\/2019\/11\/Comunicado.pdf\" target=\"_blank\" rel=\"noopener\">Comunicado<\/a><\/span><\/p>\n<p><span style=\"color: #333333\">Discursos:<\/span><br \/>\n<span style=\"color: #333333\"><a style=\"color: #333333\" href=\"https:\/\/organoscolegiados.anuies.mx\/asambleageneral\/wp-content\/uploads\/sites\/3\/2019\/11\/Discurso-Dr.-Enrique-Fern\u00e1ndez-Fassnacht.pdf\" target=\"_blank\" rel=\"noopener\">Dr. Enrique Fern\u00e1ndez Fassnacht<\/a><\/span><br \/>\n<span style=\"color: #333333\"><a style=\"color: #333333\" href=\"https:\/\/organoscolegiados.anuies.mx\/asambleageneral\/wp-content\/uploads\/sites\/3\/2019\/11\/Discurso-Lic.-Enrique-Del-Val-Blanco.pdf\" target=\"_blank\" rel=\"noopener\">Lic. Enrique Del Val Blanco<\/a><\/span><\/p>\n<p><span style=\"color: #333333\"><a style=\"color: #333333\" href=\"https:\/\/organoscolegiados.anuies.mx\/asambleageneral\/wp-content\/uploads\/sites\/3\/2019\/11\/Conferencia-RECTOR-JOS\u00c9-NARRO-ROBLES.pdf\" target=\"_blank\" rel=\"noopener\">Conferencia del Rector Jos\u00e9 Narro Robles<\/a><\/span><\/p>\n<p>&nbsp;<\/p>\n<\/div>\n<\/div><\/div><\/div><\/div><div id=\"pg-321-1\"  class=\"panel-grid panel-no-style\" ><div id=\"pgc-321-1-0\"  class=\"panel-grid-cell\" ><div id=\"panel-321-1-0-0\" class=\"so-panel widget widget_sow-editor panel-first-child panel-last-child\" data-index=\"1\" ><div\n\t\t\t\n\t\t\tclass=\"so-widget-sow-editor so-widget-sow-editor-base\"\n\t\t\t\n\t\t>\n<div class=\"siteorigin-widget-tinymce textwidget\">\n\t<p style=\"text-align: center;\"><strong>Jes\u00fas Quirce Andr\u00e9s, L.C.<\/strong><br \/>\nRector de la Universidad An\u00e1huac<br \/>\n<strong>Presidente en turno<\/strong><\/p>\n<\/div>\n<\/div><\/div><\/div><div id=\"pgc-321-1-1\"  class=\"panel-grid-cell\" ><div id=\"panel-321-1-1-0\" class=\"so-panel widget widget_sow-editor panel-first-child panel-last-child\" data-index=\"2\" ><div\n\t\t\t\n\t\t\tclass=\"so-widget-sow-editor so-widget-sow-editor-base\"\n\t\t\t\n\t\t>\n<div class=\"siteorigin-widget-tinymce textwidget\">\n\t<p style=\"text-align: center;\"><strong>Dr. Enrique Fern\u00e1ndez Fassnacht<\/strong><br \/>\nSecretario General Ejecutivo<br \/>\n<strong>Secretario<\/strong><\/p>\n<\/div>\n<\/div><\/div><\/div><\/div><\/div>","protected":false},"excerpt":{"rendered":"<p>CONVOCATORIA Por acuerdo del Consejo Nacional de fecha 30 de octubre de 2013, y con fundamento en los art\u00edculos D\u00e9cimo Quinto, \u00a0Trig\u00e9simo \u00a0Primero \u00a0y Trig\u00e9simo \u00a0Tercero, Fracci\u00f3n \u00a0VI, del Estatuto &hellip; <\/p>\n","protected":false},"author":1,"featured_media":0,"parent":0,"menu_order":0,"comment_status":"closed","ping_status":"closed","template":"","meta":{"ngg_post_thumbnail":0,"footnotes":""},"class_list":["post-321","page","type-page","status-publish","hentry"],"_links":{"self":[{"href":"https:\/\/organoscolegiados.anuies.mx\/asambleageneral\/wp-json\/wp\/v2\/pages\/321","targetHints":{"allow":["GET"]}}],"collection":[{"href":"https:\/\/organoscolegiados.anuies.mx\/asambleageneral\/wp-json\/wp\/v2\/pages"}],"about":[{"href":"https:\/\/organoscolegiados.anuies.mx\/asambleageneral\/wp-json\/wp\/v2\/types\/page"}],"author":[{"embeddable":true,"href":"https:\/\/organoscolegiados.anuies.mx\/asambleageneral\/wp-json\/wp\/v2\/users\/1"}],"replies":[{"embeddable":true,"href":"https:\/\/organoscolegiados.anuies.mx\/asambleageneral\/wp-json\/wp\/v2\/comments?post=321"}],"version-history":[{"count":13,"href":"https:\/\/organoscolegiados.anuies.mx\/asambleageneral\/wp-json\/wp\/v2\/pages\/321\/revisions"}],"predecessor-version":[{"id":671,"href":"https:\/\/organoscolegiados.anuies.mx\/asambleageneral\/wp-json\/wp\/v2\/pages\/321\/revisions\/671"}],"wp:attachment":[{"href":"https:\/\/organoscolegiados.anuies.mx\/asambleageneral\/wp-json\/wp\/v2\/media?parent=321"}],"curies":[{"name":"wp","href":"https:\/\/api.w.org\/{rel}","templated":true}]}}