{"id":356,"date":"2019-11-20T19:51:07","date_gmt":"2019-11-20T18:51:07","guid":{"rendered":"https:\/\/organoscolegiados.anuies.mx\/asambleageneral\/?page_id=356"},"modified":"2020-04-03T00:21:24","modified_gmt":"2020-04-02T22:21:24","slug":"xlvi-ordinaria","status":"publish","type":"page","link":"https:\/\/organoscolegiados.anuies.mx\/asambleageneral\/xlvi-ordinaria\/","title":{"rendered":""},"content":{"rendered":"<p align=\"center\"><img loading=\"lazy\" decoding=\"async\" class=\"alignnone size-full wp-image-357\" src=\"https:\/\/organoscolegiados.anuies.mx\/asambleageneral\/wp-content\/uploads\/sites\/3\/2019\/11\/xlvi.jpg\" alt=\"\" width=\"970\" height=\"120\" srcset=\"https:\/\/organoscolegiados.anuies.mx\/asambleageneral\/wp-content\/uploads\/sites\/3\/2019\/11\/xlvi.jpg 970w, https:\/\/organoscolegiados.anuies.mx\/asambleageneral\/wp-content\/uploads\/sites\/3\/2019\/11\/xlvi-300x37.jpg 300w, https:\/\/organoscolegiados.anuies.mx\/asambleageneral\/wp-content\/uploads\/sites\/3\/2019\/11\/xlvi-768x95.jpg 768w\" sizes=\"auto, (max-width: 970px) 100vw, 970px\" \/><\/p>\n<p align=\"center\"><span style=\"color: #333333\"><strong style=\"font-size: 1.17em;letter-spacing: 0.05em;line-height: 1.6875\">CONVOCATORIA<\/strong><\/span><\/p>\n<p style=\"text-align: justify\"><span style=\"color: #000000\">Por acuerdo del Consejo Nacional de fecha 30 de octubre de 2013, y con fundamento en los art\u00edculos D\u00e9cimo Quinto, Trig\u00e9simo Primero y Trig\u00e9simo Tercero, Fracci\u00f3n VI, del Estatuto de la Asociaci\u00f3n Nacional de Universidades e Instituciones de Educaci\u00f3n Superior (ANUIES), se convoca a los titulares de las instituciones que integran la Asamblea General a la XLVI Sesi\u00f3n Ordinaria que se efectuar\u00e1 el 28 de noviembre de 2014 a partir de las 10:00\u00a0horas en las instalaciones de la Universidad de Guanajuato, ubicadas en Lascur\u00e1in de Retana No. 5, Col. Centro, C.P. 36000, Guanajuato, Gto., bajo el siguiente:<\/span><\/p>\n<p style=\"text-align: center\"><b style=\"color: #333333;font-size: 1.17em;text-align: justify;letter-spacing: 0.05em;line-height: 1.6875\">ORDEN DEL D\u00cdA<\/b><b>\u00a0<\/b><\/p>\n<p><a href=\"https:\/\/organoscolegiados.anuies.mx\/asambleageneral\/wp-content\/uploads\/sites\/3\/2019\/11\/1.-MIEMBROS-DE-ASAMBLEA-GENERAL-XLVI-S.O..pdf\" target=\"_blank\" rel=\"noopener noreferrer\"><span style=\"color: #000000\">1.Lista de asistencia y verificaci\u00f3n de <i>qu\u00f3rum.<\/i><\/span><\/a><\/p>\n<p><a href=\"https:\/\/organoscolegiados.anuies.mx\/asambleageneral\/wp-content\/uploads\/sites\/3\/2020\/04\/Aprobaci\u00f3n-del-Orden-del-D\u00eda-XLVI.pdf\" target=\"_blank\" rel=\"noopener noreferrer\"><span style=\"color: #000000\">2.Aprobaci\u00f3n de modificaci\u00f3n del Orden del D\u00eda.<\/span><\/a><\/p>\n<p><a href=\"https:\/\/organoscolegiados.anuies.mx\/asambleageneral\/wp-content\/uploads\/sites\/3\/2020\/03\/Nombramiento-del-Vicepresidente-de-la-sesi\u00f3n.-XLVI.pdf\" target=\"_blank\" rel=\"noopener noreferrer\"><span style=\"color: #000000\">3.Nombramiento del Vicepresidente de la Sesi\u00f3n.<\/span><\/a><\/p>\n<p><a href=\"https:\/\/organoscolegiados.anuies.mx\/asambleageneral\/wp-content\/uploads\/sites\/3\/2020\/03\/Elecci\u00f3n-de-dos-relatores-y-dos-escrutadores.XLVI_.pdf\" target=\"_blank\" rel=\"noopener noreferrer\"><span style=\"color: #000000\">4.Elecci\u00f3n de dos relatores y dos escrutadores.<\/span><\/a><\/p>\n<p><a href=\"https:\/\/organoscolegiados.anuies.mx\/asambleageneral\/wp-content\/uploads\/sites\/3\/2020\/03\/Ratificaci\u00f3n-del-nombramiento-del-SGE.XLVI_.pdf\" target=\"_blank\" rel=\"noopener noreferrer\"><span style=\"color: #000000\">5.Ratificaci\u00f3n del nombramiento del Secretario General Ejecutivo Interino.<\/span><\/a><\/p>\n<p><a href=\"https:\/\/organoscolegiados.anuies.mx\/asambleageneral\/wp-content\/uploads\/sites\/3\/2019\/11\/6.-ACTA-XLV-SO-AG.pdf\" target=\"_blank\" rel=\"noopener noreferrer\"><span style=\"color: #000000\">6.Lectura y aprobaci\u00f3n, en su caso, del acta de la XLV Sesi\u00f3n Ordinaria.<\/span><\/a><\/p>\n<p style=\"padding-left: 40px\"><a href=\"https:\/\/organoscolegiados.anuies.mx\/asambleageneral\/wp-content\/uploads\/sites\/3\/2020\/04\/Aprobaci\u00f3n-y-Lectura-del-Acta-XLVI.pdf\" target=\"_blank\" rel=\"noopener noreferrer\"><span style=\"color: #000000\">6.1 Aprobaci\u00f3n del acta de la XLV Sesi\u00f3n Ordinaria.<\/span><\/a><\/p>\n<p><a href=\"https:\/\/organoscolegiados.anuies.mx\/asambleageneral\/wp-content\/uploads\/sites\/3\/2019\/11\/7.-DICTAMEN-SOLICITUDES-INGRESO-ANUIES.pdf\" target=\"_blank\" rel=\"noopener noreferrer\"><span style=\"color: #000000\">7.An\u00e1lisis, discusi\u00f3n y aprobaci\u00f3n, en su caso, del dictamen del Consejo Nacional sobre las solicitudes de ingreso de nuevas asociadas.<\/span><\/a><\/p>\n<p><span style=\"color: #000000\"><a style=\"color: #000000\" href=\"https:\/\/organoscolegiados.anuies.mx\/asambleageneral\/wp-content\/uploads\/sites\/3\/2019\/11\/8.-INVITADO-ESPECIAL-JAMIL-SALMI.pdf\" target=\"_blank\" rel=\"noopener noreferrer\">8.Presentaciones y exposiciones, en su caso, de los invitados especiales.<\/a>\u00a0<a style=\"color: #000000\" href=\"https:\/\/organoscolegiados.anuies.mx\/asambleageneral\/wp-content\/uploads\/sites\/3\/2019\/11\/8.1-Versi\u00f3n-corta-ANUIES-Guanajuato-Nov-2014.pdf\" target=\"_blank\" rel=\"noopener noreferrer\">Presentaci\u00f3n.<\/a>\u00a0<\/span><\/p>\n<p><span style=\"color: #000000\"><a style=\"color: #000000\" href=\"https:\/\/organoscolegiados.anuies.mx\/asambleageneral\/wp-content\/uploads\/sites\/3\/2019\/11\/9.1.-INFORME-PREMIOS-ANUIES-2014.pdf\" target=\"_blank\" rel=\"noopener noreferrer\">9.Entrega de los premios ANUIES 2014.<\/a>\u00a0<a style=\"color: #000000\" href=\"https:\/\/organoscolegiados.anuies.mx\/asambleageneral\/wp-content\/uploads\/sites\/3\/2019\/11\/9.2.-PREMIOS-ANUIES-2014.pdf\" target=\"_blank\" rel=\"noopener noreferrer\">Presentaci\u00f3n.<\/a> <\/span><\/p>\n<p><span style=\"color: #000000\"><a style=\"color: #000000\" href=\"https:\/\/organoscolegiados.anuies.mx\/asambleageneral\/wp-content\/uploads\/sites\/3\/2020\/03\/DISTINTIVO-ANUIES.pdf\" target=\"_blank\" rel=\"noopener noreferrer\">10.Entrega del Distintivo ANUIES-SCJN.<\/a><br \/>\n<\/span><\/p>\n<ul style=\"list-style-type: disc\">\n<li><span style=\"color: #000000\"><a style=\"color: #000000\" href=\"https:\/\/organoscolegiados.anuies.mx\/asambleageneral\/wp-content\/uploads\/sites\/3\/2020\/03\/Entrega-del-distintivo-acuerdo.XLVI_.pdf\" target=\"_blank\" rel=\"noopener noreferrer\">Instituciones\u00a0<\/a><\/span><\/li>\n<\/ul>\n<p><a href=\"http:\/\/asambleaXLVI.portal.anuies.mx\/wp-content\/blogs.dir\/27\/files\/sites\/27\/2014\/11\/Presentaci\u00f3n-PEF-181114-.pdf\" target=\"_blank\" rel=\"noopener noreferrer\"><span style=\"color: #000000\">11.Informe sobre los recursos destinados a la educaci\u00f3n superior en el Presupuesto de Egresos de la Federaci\u00f3n para el Ejercicio Fiscal 2015.<\/span><\/a><\/p>\n<p><span style=\"color: #000000\"><a style=\"color: #000000\" href=\"https:\/\/organoscolegiados.anuies.mx\/asambleageneral\/wp-content\/uploads\/sites\/3\/2019\/11\/12.-INFORME-ACTIVIDADES-CN-2014.pdf\" target=\"_blank\" rel=\"noopener noreferrer\">12.Presentaci\u00f3n del informe de actividades 2014 del Consejo Nacional.<\/a>\u00a0<a style=\"color: #000000\" href=\"https:\/\/organoscolegiados.anuies.mx\/asambleageneral\/wp-content\/uploads\/sites\/3\/2019\/11\/12.1.-INFORME-ACTIVIDADES-CN-2014.pdf\" target=\"_blank\" rel=\"noopener noreferrer\">Informe<\/a><\/span><\/p>\n<p><span style=\"color: #000000\">13.Asuntos generales.<\/span><\/p>\n<ul>\n<li><span style=\"letter-spacing: 0.05em;color: #000000\"><a style=\"color: #000000\" href=\"https:\/\/organoscolegiados.anuies.mx\/asambleageneral\/wp-content\/uploads\/sites\/3\/2019\/11\/13.1-AG-2-CONVOCATORIA-SGE.pdf\" target=\"_blank\" rel=\"noopener noreferrer\">Presentaci\u00f3n de la Convocatoria para la elecci\u00f3n del Secretario General Ejecutivo para el periodo 2015-2019.<\/a> \u00a0 <\/span><\/li>\n<\/ul>\n","protected":false},"excerpt":{"rendered":"<p>CONVOCATORIA Por acuerdo del Consejo Nacional de fecha 30 de octubre de 2013, y con fundamento en los art\u00edculos D\u00e9cimo Quinto, Trig\u00e9simo Primero y Trig\u00e9simo Tercero, Fracci\u00f3n VI, del Estatuto &hellip; <\/p>\n","protected":false},"author":1,"featured_media":0,"parent":0,"menu_order":0,"comment_status":"closed","ping_status":"closed","template":"","meta":{"ngg_post_thumbnail":0,"footnotes":""},"class_list":["post-356","page","type-page","status-publish","hentry"],"_links":{"self":[{"href":"https:\/\/organoscolegiados.anuies.mx\/asambleageneral\/wp-json\/wp\/v2\/pages\/356","targetHints":{"allow":["GET"]}}],"collection":[{"href":"https:\/\/organoscolegiados.anuies.mx\/asambleageneral\/wp-json\/wp\/v2\/pages"}],"about":[{"href":"https:\/\/organoscolegiados.anuies.mx\/asambleageneral\/wp-json\/wp\/v2\/types\/page"}],"author":[{"embeddable":true,"href":"https:\/\/organoscolegiados.anuies.mx\/asambleageneral\/wp-json\/wp\/v2\/users\/1"}],"replies":[{"embeddable":true,"href":"https:\/\/organoscolegiados.anuies.mx\/asambleageneral\/wp-json\/wp\/v2\/comments?post=356"}],"version-history":[{"count":5,"href":"https:\/\/organoscolegiados.anuies.mx\/asambleageneral\/wp-json\/wp\/v2\/pages\/356\/revisions"}],"predecessor-version":[{"id":672,"href":"https:\/\/organoscolegiados.anuies.mx\/asambleageneral\/wp-json\/wp\/v2\/pages\/356\/revisions\/672"}],"wp:attachment":[{"href":"https:\/\/organoscolegiados.anuies.mx\/asambleageneral\/wp-json\/wp\/v2\/media?parent=356"}],"curies":[{"name":"wp","href":"https:\/\/api.w.org\/{rel}","templated":true}]}}