{"id":51,"date":"2019-10-23T19:58:01","date_gmt":"2019-10-23T17:58:01","guid":{"rendered":"https:\/\/organoscolegiados.anuies.mx\/asambleageneral\/?page_id=51"},"modified":"2020-04-03T02:03:56","modified_gmt":"2020-04-03T00:03:56","slug":"lvi-ordinaria","status":"publish","type":"page","link":"https:\/\/organoscolegiados.anuies.mx\/asambleageneral\/lvi-ordinaria\/","title":{"rendered":""},"content":{"rendered":"<div id=\"pl-51\"  class=\"panel-layout\" ><div id=\"pg-51-0\"  class=\"panel-grid panel-no-style\" ><div id=\"pgc-51-0-0\"  class=\"panel-grid-cell\" ><div id=\"panel-51-0-0-0\" class=\"so-panel widget widget_sow-editor panel-first-child panel-last-child\" data-index=\"0\" ><div\n\t\t\t\n\t\t\tclass=\"so-widget-sow-editor so-widget-sow-editor-base\"\n\t\t\t\n\t\t>\n<div class=\"siteorigin-widget-tinymce textwidget\">\n\t<p style=\"text-align: center\"><strong><img loading=\"lazy\" decoding=\"async\" class=\"size-full wp-image-53 alignleft\" src=\"https:\/\/organoscolegiados.anuies.mx\/asambleageneral\/wp-content\/uploads\/sites\/3\/2019\/10\/cabecera_2019.png\" alt=\"\" width=\"1245\" height=\"125\" srcset=\"https:\/\/organoscolegiados.anuies.mx\/asambleageneral\/wp-content\/uploads\/sites\/3\/2019\/10\/cabecera_2019.png 1245w, https:\/\/organoscolegiados.anuies.mx\/asambleageneral\/wp-content\/uploads\/sites\/3\/2019\/10\/cabecera_2019-300x30.png 300w, https:\/\/organoscolegiados.anuies.mx\/asambleageneral\/wp-content\/uploads\/sites\/3\/2019\/10\/cabecera_2019-768x77.png 768w, https:\/\/organoscolegiados.anuies.mx\/asambleageneral\/wp-content\/uploads\/sites\/3\/2019\/10\/cabecera_2019-1024x103.png 1024w\" sizes=\"auto, (max-width: 1245px) 100vw, 1245px\" \/><\/strong><\/p>\n<p style=\"text-align: left\"><strong><a href=\"https:\/\/organoscolegiados.anuies.mx\/asambleageneral\/lvi-ordinaria\/\"><img loading=\"lazy\" decoding=\"async\" class=\"size-full wp-image-54 alignnone\" src=\"https:\/\/organoscolegiados.anuies.mx\/asambleageneral\/wp-content\/uploads\/sites\/3\/2019\/10\/inicio1.png\" alt=\"\" width=\"84\" height=\"34\" \/><\/a> <a href=\"https:\/\/organoscolegiados.anuies.mx\/asambleageneral\/sede\"><img loading=\"lazy\" decoding=\"async\" class=\"alignnone wp-image-55 size-full\" src=\"https:\/\/organoscolegiados.anuies.mx\/asambleageneral\/wp-content\/uploads\/sites\/3\/2019\/10\/sede1.png\" alt=\"\" width=\"84\" height=\"34\" \/><\/a><\/strong><\/p>\n<p style=\"text-align: center\"><span style=\"color: #000000\"><strong>CONVOCATORIA<\/strong><\/span><\/p>\n<p style=\"text-align: center\"><span style=\"color: #000000\"><strong>LVI SESI\u00d3N ORDINARIA DE LA ASAMBLEA GENERAL<\/strong><\/span><\/p>\n<p><span style=\"color: #000000\">Con fundamento en los art\u00edculos D\u00e9cimo Quinto, Trig\u00e9simo Primero y Trig\u00e9simo Tercero, fracci\u00f3n VI, del Estatuto de la Asociaci\u00f3n Nacional de Universidades e Instituciones de Educaci\u00f3n Superior de la Rep\u00fablica Mexicana, A.C. (ANUIES), se convoca a los titulares de las instituciones que integran la Asamblea General a la LVI Sesi\u00f3n Ordinaria que se realizar\u00e1 el d\u00eda 8 de noviembre de 2019 a partir de las 9:00 horas en la Unidad de Servicios Bibliotecarios (USBI) de la Universidad Veracruzana, ubicada en Calzada Juan Pablo II s\/n, esq. Ruiz Cortines, Fracc. Costa Verde, C.P. 94294, Boca del R\u00edo, Veracruz, bajo el siguiente:<\/span><\/p>\n<p style=\"text-align: center\"><span style=\"color: #000000\"><strong>ORDEN DEL D\u00cdA<\/strong><\/span><\/p>\n<p>&nbsp;<\/p>\n<p><span style=\"color: #000000\">1. <a style=\"color: #000000\" href=\"https:\/\/organoscolegiados.anuies.mx\/asambleageneral\/wp-content\/uploads\/sites\/3\/2019\/11\/1.-Lista-de-miembros-de-la-AG-081119.pdf\" target=\"_blank\" rel=\"noopener\">Lista de asistencia y verificaci\u00f3n de <em>qu\u00f3rum.<\/em><\/a><\/span><\/p>\n<p><span style=\"color: #000000\"><a style=\"color: #000000\" href=\"https:\/\/organoscolegiados.anuies.mx\/asambleageneral\/wp-content\/uploads\/sites\/3\/2020\/04\/Aprobaci\u00f3n-del-Orden-del-Dia-3.O.19.pdf\" target=\"_blank\" rel=\"noopener\">2. Aprobaci\u00f3n del Orden del D\u00eda.<\/a><\/span><\/p>\n<p><span style=\"color: #000000\"><a style=\"color: #000000\" href=\"https:\/\/organoscolegiados.anuies.mx\/asambleageneral\/wp-content\/uploads\/sites\/3\/2020\/04\/Vicepresidente-de-la-sesion-3.O.19.pdf\" target=\"_blank\" rel=\"noopener\">3. Nombramiento del Vicepresidente de la Sesi\u00f3n.<\/a><\/span><\/p>\n<p style=\"padding-left: 40px\"><span style=\"color: #000000\">3.1. <a style=\"color: #000000\" href=\"https:\/\/youtu.be\/YRLzx5LlbXs\" target=\"_blank\" rel=\"noopener\">Video UNISON<\/a><\/span><\/p>\n<p><span style=\"color: #000000\"><a style=\"color: #000000\" href=\"https:\/\/organoscolegiados.anuies.mx\/asambleageneral\/wp-content\/uploads\/sites\/3\/2020\/03\/Elecci\u00f3n-de-dos-relatores-y-dos-escrutadores.UV_.pdf\" target=\"_blank\" rel=\"noopener\">4. Elecci\u00f3n de dos relatores y dos escrutadores.<\/a><\/span><\/p>\n<p><a href=\"https:\/\/organoscolegiados.anuies.mx\/asambleageneral\/wp-content\/uploads\/sites\/3\/2020\/04\/Acta-LV-SO-AG-UAEH-210619.docx.pdf\" target=\"_blank\" rel=\"noopener\"><span style=\"color: #000000\">5. Lectura y aprobaci\u00f3n, en su caso, del Acta de la LV Sesi\u00f3n Ordinaria.<\/span><\/a><\/p>\n<p style=\"padding-left: 40px\"><a href=\"https:\/\/organoscolegiados.anuies.mx\/asambleageneral\/wp-content\/uploads\/sites\/3\/2020\/04\/Lectura-y-aprobaci\u00f3n-del-Acta-3.O.19.pdf\" target=\"_blank\" rel=\"noopener\"><span style=\"color: #000000\">5.1 Aprobacion del Acta de la LV Sesi\u00f3n Ordinaria.<\/span><\/a><\/p>\n<p><span style=\"color: #000000\">6. <a style=\"color: #000000\" href=\"https:\/\/organoscolegiados.anuies.mx\/asambleageneral\/wp-content\/uploads\/sites\/3\/2019\/11\/6.-Informe-del-CN-sobre-las-solicitudes-de-ingreso-2019.pdf\" target=\"_blank\" rel=\"noopener\">An\u00e1lisis y aprobaci\u00f3n, en su caso, del dictamen del Consejo Nacional sobre las solicitudes de ingreso de nuevas asociadas.<\/a><\/span><\/p>\n<p><span style=\"color: #000000\">7. <a style=\"color: #000000\" href=\"https:\/\/organoscolegiados.anuies.mx\/asambleageneral\/wp-content\/uploads\/sites\/3\/2019\/11\/7.-Informe-de-actividades-CN-2019.pdf\" target=\"_blank\" rel=\"noopener\">Presentaci\u00f3n del Informe de Actividades 2019 del Consejo Nacional.<\/a><\/span><\/p>\n<p><span style=\"color: #000000\">8. <a style=\"color: #000000\" href=\"https:\/\/organoscolegiados.anuies.mx\/asambleageneral\/wp-content\/uploads\/sites\/3\/2019\/11\/8.-Reconocimientos-Universiada-2019.pdf\" target=\"_blank\" rel=\"noopener\">Entrega de reconocimientos a las instituciones de educaci\u00f3n superior que encabezaron la tabla por puntos y el medallero de la Universiada Nacional 2019.<\/a><\/span><\/p>\n<p style=\"padding-left: 40px\"><span style=\"color: #000000\">8.1. <a style=\"color: #000000\" href=\"https:\/\/youtu.be\/kTSIkUH0afM\" target=\"_blank\" rel=\"noopener\">Video CONDDE<\/a><\/span><\/p>\n<p><span style=\"color: #000000\"><a style=\"color: #000000\" href=\"https:\/\/organoscolegiados.anuies.mx\/asambleageneral\/wp-content\/uploads\/sites\/3\/2020\/04\/Asuntos-generales-3.O.19.pdf\" target=\"_blank\" rel=\"noopener\">9. Asuntos generales.<\/a><\/span><\/p>\n<p style=\"padding-left: 40px\"><span style=\"color: #000000\">9.1. <a style=\"color: #000000\" href=\"https:\/\/organoscolegiados.anuies.mx\/asambleageneral\/wp-content\/uploads\/sites\/3\/2019\/11\/9.1.-CETYS-IAUP-compressor.jpg\" target=\"_blank\" rel=\"noopener\">CETYS IAUP<\/a><\/span><\/p>\n<p style=\"padding-left: 40px\"><span style=\"color: #000000\">9.2. <a style=\"color: #000000\" href=\"https:\/\/organoscolegiados.anuies.mx\/asambleageneral\/wp-content\/uploads\/sites\/3\/2019\/11\/9.2.-INEGI-Censo-2020.pdf\" target=\"_blank\" rel=\"noopener\">INEGI Censo 2020<\/a><\/span><\/p>\n<\/div>\n<\/div><\/div><\/div><\/div><div id=\"pg-51-1\"  class=\"panel-grid panel-no-style\" ><div id=\"pgc-51-1-0\"  class=\"panel-grid-cell\" ><div id=\"panel-51-1-0-0\" class=\"so-panel widget widget_sow-editor panel-first-child panel-last-child\" data-index=\"1\" ><div\n\t\t\t\n\t\t\tclass=\"so-widget-sow-editor so-widget-sow-editor-base\"\n\t\t\t\n\t\t>\n<div class=\"siteorigin-widget-tinymce textwidget\">\n\t<p style=\"text-align: center;\"><strong>Dra. Sara Deifilia Ladr\u00f3n de Guevara <\/strong><\/p>\n<p style=\"text-align: center;\">Rectora de la Universidad Veracruzana<\/p>\n<p style=\"text-align: center;\">Presidenta<\/p>\n<\/div>\n<\/div><\/div><\/div><div id=\"pgc-51-1-1\"  class=\"panel-grid-cell\" ><div id=\"panel-51-1-1-0\" class=\"so-panel widget widget_sow-editor panel-first-child panel-last-child\" data-index=\"2\" ><div\n\t\t\t\n\t\t\tclass=\"so-widget-sow-editor so-widget-sow-editor-base\"\n\t\t\t\n\t\t>\n<div class=\"siteorigin-widget-tinymce textwidget\">\n\t<p style=\"text-align: center;\"><strong>Mtro. Jaime Valls Esponda<\/strong><\/p>\n<p style=\"text-align: center;\">Secretario General Ejecutivo de la ANUIES<\/p>\n<p style=\"text-align: center;\">Secretario<\/p>\n<\/div>\n<\/div><\/div><\/div><\/div><\/div>","protected":false},"excerpt":{"rendered":"<p>CONVOCATORIA LVI SESI\u00d3N ORDINARIA DE LA ASAMBLEA GENERAL Con fundamento en los art\u00edculos D\u00e9cimo Quinto, Trig\u00e9simo Primero y Trig\u00e9simo Tercero, fracci\u00f3n VI, del Estatuto de la Asociaci\u00f3n Nacional de Universidades &hellip; <\/p>\n","protected":false},"author":1,"featured_media":0,"parent":0,"menu_order":0,"comment_status":"closed","ping_status":"closed","template":"","meta":{"ngg_post_thumbnail":0,"footnotes":""},"class_list":["post-51","page","type-page","status-publish","hentry"],"_links":{"self":[{"href":"https:\/\/organoscolegiados.anuies.mx\/asambleageneral\/wp-json\/wp\/v2\/pages\/51","targetHints":{"allow":["GET"]}}],"collection":[{"href":"https:\/\/organoscolegiados.anuies.mx\/asambleageneral\/wp-json\/wp\/v2\/pages"}],"about":[{"href":"https:\/\/organoscolegiados.anuies.mx\/asambleageneral\/wp-json\/wp\/v2\/types\/page"}],"author":[{"embeddable":true,"href":"https:\/\/organoscolegiados.anuies.mx\/asambleageneral\/wp-json\/wp\/v2\/users\/1"}],"replies":[{"embeddable":true,"href":"https:\/\/organoscolegiados.anuies.mx\/asambleageneral\/wp-json\/wp\/v2\/comments?post=51"}],"version-history":[{"count":24,"href":"https:\/\/organoscolegiados.anuies.mx\/asambleageneral\/wp-json\/wp\/v2\/pages\/51\/revisions"}],"predecessor-version":[{"id":686,"href":"https:\/\/organoscolegiados.anuies.mx\/asambleageneral\/wp-json\/wp\/v2\/pages\/51\/revisions\/686"}],"wp:attachment":[{"href":"https:\/\/organoscolegiados.anuies.mx\/asambleageneral\/wp-json\/wp\/v2\/media?parent=51"}],"curies":[{"name":"wp","href":"https:\/\/api.w.org\/{rel}","templated":true}]}}