{"id":702,"date":"2020-10-29T17:01:42","date_gmt":"2020-10-29T16:01:42","guid":{"rendered":"https:\/\/organoscolegiados.anuies.mx\/asambleageneral\/?page_id=702"},"modified":"2020-11-18T18:16:10","modified_gmt":"2020-11-18T17:16:10","slug":"lvii-ordinaria","status":"publish","type":"page","link":"https:\/\/organoscolegiados.anuies.mx\/asambleageneral\/lvii-ordinaria\/","title":{"rendered":""},"content":{"rendered":"<div id=\"pl-702\"  class=\"panel-layout\" ><div id=\"pg-702-0\"  class=\"panel-grid panel-no-style\" ><div id=\"pgc-702-0-0\"  class=\"panel-grid-cell\" ><div id=\"panel-702-0-0-0\" class=\"so-panel widget widget_sow-editor panel-first-child panel-last-child\" data-index=\"0\" ><div\n\t\t\t\n\t\t\tclass=\"so-widget-sow-editor so-widget-sow-editor-base\"\n\t\t\t\n\t\t>\n<div class=\"siteorigin-widget-tinymce textwidget\">\n\t<p>&nbsp;<\/p>\n<p align=\"center\"><img loading=\"lazy\" decoding=\"async\" class=\"aligncenter size-full wp-image-726\" src=\"https:\/\/organoscolegiados.anuies.mx\/asambleageneral\/wp-content\/uploads\/sites\/3\/2020\/11\/cabecera_2020lvii4.png\" alt=\"\" width=\"1466\" height=\"170\" srcset=\"https:\/\/organoscolegiados.anuies.mx\/asambleageneral\/wp-content\/uploads\/sites\/3\/2020\/11\/cabecera_2020lvii4.png 1466w, https:\/\/organoscolegiados.anuies.mx\/asambleageneral\/wp-content\/uploads\/sites\/3\/2020\/11\/cabecera_2020lvii4-300x35.png 300w, https:\/\/organoscolegiados.anuies.mx\/asambleageneral\/wp-content\/uploads\/sites\/3\/2020\/11\/cabecera_2020lvii4-1024x119.png 1024w, https:\/\/organoscolegiados.anuies.mx\/asambleageneral\/wp-content\/uploads\/sites\/3\/2020\/11\/cabecera_2020lvii4-768x89.png 768w\" sizes=\"auto, (max-width: 1466px) 100vw, 1466px\" \/><\/p>\n<p style=\"text-align: center;\" align=\"center\"><span style=\"color: #000000;\"><strong>CONVOCATORIA<\/strong><\/span><\/p>\n<p style=\"text-align: justify;\"><span style=\"color: #000000;\">Con fundamento en los art\u00edculos D\u00e9cimo Quinto, Trig\u00e9simo Primero y Trig\u00e9simo Tercero, fracci\u00f3n VI, del Estatuto de la Asociaci\u00f3n Nacional de Universidades e Instituciones de Educaci\u00f3n Superior de la Rep\u00fablica Mexicana, A.C. (ANUIES), convocamos a los titulares de las instituciones que integran la Asamblea General a la LVII Sesi\u00f3n Ordinaria que se efectuar\u00e1 de forma virtual, debido a la contingencia sanitaria ocasionada por el COVID-19, a las 9:00 horas del 13 de noviembre de 2020, con el siguiente:<\/span><\/p>\n<p style=\"text-align: center;\"><span style=\"color: #000000;\"><b>ORDEN DEL D\u00cdA<\/b><b>\u00a0<\/b><\/span><\/p>\n<p><span style=\"color: #000000;\">1. <a style=\"color: #000000;\" href=\"https:\/\/organoscolegiados.anuies.mx\/asambleageneral\/wp-content\/uploads\/sites\/3\/2020\/11\/1-Lista-de-asistencia-y-verificacion-del-quorum-Fusionado.pdf\" target=\"_blank\" rel=\"noopener noreferrer\">Lista de asistencia y verificaci\u00f3n del <em>quorum<\/em>.<\/a><\/span><br \/>\n<span style=\"color: #000000;\">2. <a style=\"color: #000000;\" href=\"https:\/\/organoscolegiados.anuies.mx\/asambleageneral\/wp-content\/uploads\/sites\/3\/2020\/11\/2-Aprobacion-del-Orden-del-Dia-Portada.pdf\" target=\"_blank\" rel=\"noopener noreferrer\">Aprobaci\u00f3n del Orden del D\u00eda.<\/a><\/span><br \/>\n<span style=\"color: #000000;\">3. <a style=\"color: #000000;\" href=\"https:\/\/organoscolegiados.anuies.mx\/asambleageneral\/wp-content\/uploads\/sites\/3\/2020\/11\/3-Nombramiento-del-Vicepresidente-de-la-Sesion-Fusionado.pdf\" target=\"_blank\" rel=\"noopener noreferrer\">Nombramiento del Vicepresidente de la Sesi\u00f3n.<\/a><\/span><br \/>\n<span style=\"color: #000000;\">4. <a style=\"color: #000000;\" href=\"https:\/\/organoscolegiados.anuies.mx\/asambleageneral\/wp-content\/uploads\/sites\/3\/2020\/11\/4-Eleccion-de-dos-relatores-y-dos-escrutadores-Fusionado.pdf\" target=\"_blank\" rel=\"noopener noreferrer\">Elecci\u00f3n de dos relatores y dos escrutadores.<\/a><\/span><br \/>\n<span style=\"color: #000000;\">5. <a style=\"color: #000000;\" href=\"https:\/\/organoscolegiados.anuies.mx\/asambleageneral\/wp-content\/uploads\/sites\/3\/2020\/11\/5-Lectura-y-aprobacion-en-su-caso-del-Acta-de-la-LVI-Sesion-Ordinaria-Fusionado.pdf\" target=\"_blank\" rel=\"noopener noreferrer\">Lectura y aprobaci\u00f3n, en su caso, del Acta de la LVI Sesi\u00f3n Ordinaria.<\/a><\/span><br \/>\n<span style=\"color: #000000;\">6. <a style=\"color: #000000;\" href=\"https:\/\/organoscolegiados.anuies.mx\/consejonacional\/wp-content\/uploads\/sites\/2\/2020\/11\/6_final.pdf\" target=\"_blank\" rel=\"noopener noreferrer\">An\u00e1lisis y aprobaci\u00f3n, en su caso, del dictamen del Consejo Nacional sobre las solicitudes de ingreso de nuevas asociadas.<\/a><\/span><br \/>\n<span style=\"color: #000000;\">7. <a style=\"color: #000000;\" href=\"https:\/\/organoscolegiados.anuies.mx\/asambleageneral\/wp-content\/uploads\/sites\/3\/2020\/11\/7-Presentacion-del-Informe-de-Actividades-2020-del-CN-Fusionado.pdf\" target=\"_blank\" rel=\"noopener noreferrer\">Presentaci\u00f3n del Informe de Actividades 2020 del Consejo Nacional.<\/a><\/span><br \/>\n<span style=\"color: #000000;\">8. <a style=\"color: #000000;\" href=\"https:\/\/organoscolegiados.anuies.mx\/asambleageneral\/wp-content\/uploads\/sites\/3\/2020\/11\/8-La-responsabilidad-social-de-las-IES-pu\u0301blicas-y-particulares-durante-la-emergencia-sanitaria-provocada-por-el-COVID-19-Completo.pdf\" target=\"_blank\" rel=\"noopener noreferrer\">La responsabilidad social de las IES p\u00fablicas y particulares durante la emergencia sanitaria provocada por el COVID-19.<\/a><\/span><br \/>\n<span style=\"color: #000000;\">9. <a style=\"color: #000000;\" href=\"https:\/\/organoscolegiados.anuies.mx\/consejonacional\/wp-content\/uploads\/sites\/2\/2020\/11\/9.pdf\" target=\"_blank\" rel=\"noopener noreferrer\">Asuntos generales.<\/a><\/span><\/p>\n<\/div>\n<\/div><\/div><\/div><\/div><div id=\"pg-702-1\"  class=\"panel-grid panel-no-style\" ><div id=\"pgc-702-1-0\"  class=\"panel-grid-cell\" ><div id=\"panel-702-1-0-0\" class=\"so-panel widget widget_sow-editor panel-first-child panel-last-child\" data-index=\"1\" ><div\n\t\t\t\n\t\t\tclass=\"so-widget-sow-editor so-widget-sow-editor-base\"\n\t\t\t\n\t\t>\n<div class=\"siteorigin-widget-tinymce textwidget\">\n\t<p style=\"text-align: center;\"><strong>Mtro. Rogelio Garza Rivera<\/strong><br \/>\nRector de la Universidad Aut\u00f3noma de Nuevo Le\u00f3n<br \/>\n<strong>Presidente<\/strong><\/p>\n<\/div>\n<\/div><\/div><\/div><div id=\"pgc-702-1-1\"  class=\"panel-grid-cell\" ><div id=\"panel-702-1-1-0\" class=\"so-panel widget widget_sow-editor panel-first-child panel-last-child\" data-index=\"2\" ><div\n\t\t\t\n\t\t\tclass=\"so-widget-sow-editor so-widget-sow-editor-base\"\n\t\t\t\n\t\t>\n<div class=\"siteorigin-widget-tinymce textwidget\">\n\t<p style=\"text-align: center;\"><strong>Mtro. Jaime Valls Esponda<\/strong><br \/>\nSecretario General Ejecutivo<br \/>\n<strong>Secretario<\/strong><\/p>\n<\/div>\n<\/div><\/div><\/div><\/div><\/div>","protected":false},"excerpt":{"rendered":"<p>&nbsp; CONVOCATORIA Con fundamento en los art\u00edculos D\u00e9cimo Quinto, Trig\u00e9simo Primero y Trig\u00e9simo Tercero, fracci\u00f3n VI, del Estatuto de la Asociaci\u00f3n Nacional de Universidades e Instituciones de Educaci\u00f3n Superior de &hellip; <\/p>\n","protected":false},"author":1,"featured_media":0,"parent":0,"menu_order":0,"comment_status":"closed","ping_status":"closed","template":"","meta":{"ngg_post_thumbnail":0,"footnotes":""},"class_list":["post-702","page","type-page","status-publish","hentry"],"_links":{"self":[{"href":"https:\/\/organoscolegiados.anuies.mx\/asambleageneral\/wp-json\/wp\/v2\/pages\/702","targetHints":{"allow":["GET"]}}],"collection":[{"href":"https:\/\/organoscolegiados.anuies.mx\/asambleageneral\/wp-json\/wp\/v2\/pages"}],"about":[{"href":"https:\/\/organoscolegiados.anuies.mx\/asambleageneral\/wp-json\/wp\/v2\/types\/page"}],"author":[{"embeddable":true,"href":"https:\/\/organoscolegiados.anuies.mx\/asambleageneral\/wp-json\/wp\/v2\/users\/1"}],"replies":[{"embeddable":true,"href":"https:\/\/organoscolegiados.anuies.mx\/asambleageneral\/wp-json\/wp\/v2\/comments?post=702"}],"version-history":[{"count":13,"href":"https:\/\/organoscolegiados.anuies.mx\/asambleageneral\/wp-json\/wp\/v2\/pages\/702\/revisions"}],"predecessor-version":[{"id":732,"href":"https:\/\/organoscolegiados.anuies.mx\/asambleageneral\/wp-json\/wp\/v2\/pages\/702\/revisions\/732"}],"wp:attachment":[{"href":"https:\/\/organoscolegiados.anuies.mx\/asambleageneral\/wp-json\/wp\/v2\/media?parent=702"}],"curies":[{"name":"wp","href":"https:\/\/api.w.org\/{rel}","templated":true}]}}