{"id":758,"date":"2021-10-22T18:03:27","date_gmt":"2021-10-22T16:03:27","guid":{"rendered":"https:\/\/organoscolegiados.anuies.mx\/asambleageneral\/?page_id=758"},"modified":"2021-11-08T17:10:33","modified_gmt":"2021-11-08T16:10:33","slug":"lix-ordinaria","status":"publish","type":"page","link":"https:\/\/organoscolegiados.anuies.mx\/asambleageneral\/lix-ordinaria\/","title":{"rendered":""},"content":{"rendered":"<div id=\"pl-758\"  class=\"panel-layout\" ><div id=\"pg-758-0\"  class=\"panel-grid panel-no-style\" ><div id=\"pgc-758-0-0\"  class=\"panel-grid-cell\" ><div id=\"panel-758-0-0-0\" class=\"so-panel widget widget_sow-editor panel-first-child panel-last-child\" data-index=\"0\" ><div\n\t\t\t\n\t\t\tclass=\"so-widget-sow-editor so-widget-sow-editor-base\"\n\t\t\t\n\t\t>\n<div class=\"siteorigin-widget-tinymce textwidget\">\n\t<p align=\"center\"><img loading=\"lazy\" decoding=\"async\" class=\"aligncenter size-full wp-image-760\" src=\"https:\/\/organoscolegiados.anuies.mx\/asambleageneral\/wp-content\/uploads\/sites\/3\/2021\/10\/cabecera.png\" alt=\"\" width=\"2000\" height=\"170\" srcset=\"https:\/\/organoscolegiados.anuies.mx\/asambleageneral\/wp-content\/uploads\/sites\/3\/2021\/10\/cabecera.png 2000w, https:\/\/organoscolegiados.anuies.mx\/asambleageneral\/wp-content\/uploads\/sites\/3\/2021\/10\/cabecera-300x26.png 300w, https:\/\/organoscolegiados.anuies.mx\/asambleageneral\/wp-content\/uploads\/sites\/3\/2021\/10\/cabecera-1024x87.png 1024w, https:\/\/organoscolegiados.anuies.mx\/asambleageneral\/wp-content\/uploads\/sites\/3\/2021\/10\/cabecera-768x65.png 768w, https:\/\/organoscolegiados.anuies.mx\/asambleageneral\/wp-content\/uploads\/sites\/3\/2021\/10\/cabecera-1536x131.png 1536w\" sizes=\"auto, (max-width: 2000px) 100vw, 2000px\" \/><\/p>\n<h5 style=\"text-align: center;\" align=\"center\"><span style=\"color: #000000; font-family: helvetica, arial, sans-serif; font-size: 14pt;\">CONVOCATORIA<\/span><\/h5>\n<p style=\"text-align: justify;\"><span style=\"font-family: helvetica, arial, sans-serif;\">Con fundamento en los art\u00edculos D\u00e9cimo Quinto, Trig\u00e9simo Primero y Trig\u00e9simo Tercero, fracci\u00f3n VI, del Estatuto de la Asociaci\u00f3n Nacional de Universidades e Instituciones de Educaci\u00f3n Superior de la Rep\u00fablica Mexicana, A.C. (ANUIES), convocamos a\u00a0 los titulares de las instituciones que integran la Asamblea General a la LIX Sesi\u00f3n Ordinaria que se efectuar\u00e1 en modalidad mixta o h\u00edbrida*, con sede en la Universidad Aut\u00f3noma de Baja California, a las 8:30 horas tiempo de Tijuana (10:30 horas tiempo de Ciudad de M\u00e9xico), del 12 de noviembre de 2021, con el siguiente:<\/span><\/p>\n<h5 style=\"text-align: center;\"><span style=\"font-family: helvetica, arial, sans-serif;\">ORDEN DEL D\u00cdA<\/span><\/h5>\n<ol>\n<li style=\"list-style-type: none;\">\n<ol>\n<li><a href=\"https:\/\/organoscolegiados.anuies.mx\/asambleageneral\/wp-content\/uploads\/sites\/3\/2021\/11\/1-Lista-de-asistencia-y-verificacion-del-quorum-13.pdf\" target=\"_blank\" rel=\"noopener\"><span style=\"font-family: helvetica, arial, sans-serif;\">Lista de asistencia y verificaci\u00f3n del <em>quorum<\/em>.<\/span><\/a><\/li>\n<li><a href=\"https:\/\/organoscolegiados.anuies.mx\/asambleageneral\/wp-content\/uploads\/sites\/3\/2021\/11\/2-Aprobacion-del-Orden-del-Dia-Fusionado-11.pdf\" target=\"_blank\" rel=\"noopener\"><span style=\"font-family: helvetica, arial, sans-serif;\">Aprobaci\u00f3n del Orden del D\u00eda.<\/span><\/a><\/li>\n<li><a href=\"https:\/\/organoscolegiados.anuies.mx\/asambleageneral\/wp-content\/uploads\/sites\/3\/2021\/11\/3-Nombramiento-del-Vicepresidente-de-la-Sesion-Portada-3.pdf\" target=\"_blank\" rel=\"noopener\"><span style=\"font-family: helvetica, arial, sans-serif;\">Nombramiento del Vicepresidente de la Sesi\u00f3n.<\/span><\/a><\/li>\n<li><a href=\"https:\/\/organoscolegiados.anuies.mx\/asambleageneral\/wp-content\/uploads\/sites\/3\/2021\/11\/4-Eleccion-de-dos-relatores-y-dos-escrutadores-Portada-3.pdf\" target=\"_blank\" rel=\"noopener\"><span style=\"font-family: helvetica, arial, sans-serif;\">Elecci\u00f3n de dos relatores y dos escrutadores.<\/span><\/a><\/li>\n<li><a href=\"https:\/\/organoscolegiados.anuies.mx\/asambleageneral\/wp-content\/uploads\/sites\/3\/2021\/11\/5-Lectura-y-aprobacion-en-su-caso-del-Acta-de-la-LVIII-Sesion-Ordinaria.pdf\" target=\"_blank\" rel=\"noopener\"><span style=\"font-family: helvetica, arial, sans-serif;\">Lectura y aprobaci\u00f3n, en su caso, del Acta de la LVIII Sesi\u00f3n Ordinaria.<\/span><\/a><\/li>\n<li><a href=\"https:\/\/organoscolegiados.anuies.mx\/asambleageneral\/wp-content\/uploads\/sites\/3\/2021\/11\/6-Presentacion-del-informe-de-Actividades-2021-del-Consejo-Nacional-1.pdf\" target=\"_blank\" rel=\"noopener\"><span style=\"font-family: helvetica, arial, sans-serif;\">Presentaci\u00f3n del informe de Actividades 2021 del Consejo Nacional.<\/span><\/a><\/li>\n<li><a href=\"https:\/\/organoscolegiados.anuies.mx\/asambleageneral\/wp-content\/uploads\/sites\/3\/2021\/11\/7-Presentacion-de-la-internacionalizacion-de-la-ES-evaluacion-institucional-preparacion-a-la-movilidad-y-doble-diplomacion.pdf\" target=\"_blank\" rel=\"noopener\"><span style=\"font-family: helvetica, arial, sans-serif;\">Presentaci\u00f3n de la internacionalizaci\u00f3n de la educaci\u00f3n superior: evaluaci\u00f3n institucional, preparaci\u00f3n a la movilidad y doble diplomaci\u00f3n.<\/span><\/a><\/li>\n<li><a href=\"https:\/\/organoscolegiados.anuies.mx\/asambleageneral\/wp-content\/uploads\/sites\/3\/2021\/11\/8-Exposicion-sobre-los-campus-de-profesiones-y-cualificaciones-de-excelencia-hacia-un-sistema-territorial-de-formacion-laboral.pdf\" target=\"_blank\" rel=\"noopener\"><span style=\"font-family: helvetica, arial, sans-serif;\">Exposici\u00f3n sobre los campus de profesiones y cualificaciones de excelencia: hacia un sistema territorial de formaci\u00f3n laboral.<\/span><\/a><\/li>\n<li><a href=\"https:\/\/organoscolegiados.anuies.mx\/asambleageneral\/wp-content\/uploads\/sites\/3\/2021\/11\/9-Presentacion-de-resultados-obtenidos-por-el-grupo-de-trabajo-conformado-en-la-AG-LVIII-que-analizo-los-materiales-de-la-Capsula-del-Tiempo1.pdf\" target=\"_blank\" rel=\"noopener\"><span style=\"font-family: helvetica, arial, sans-serif;\">Presentaci\u00f3n de resultados obtenidos por el grupo de trabajo conformado en la Asamblea General LVIII que analiz\u00f3 los materiales de la C\u00e1psula del Tiempo del a\u00f1o 2000.<\/span><\/a><\/li>\n<li><a href=\"https:\/\/organoscolegiados.anuies.mx\/asambleageneral\/wp-content\/uploads\/sites\/3\/2021\/11\/10-Analisis-y-aprobacion-en-su-caso-del-dictamen-del-Consejo-Nacional-sobre-las-solicitudes-de-ingreso-de-nuevas-asociadas-2.pdf\" target=\"_blank\" rel=\"noopener\"><span style=\"font-family: helvetica, arial, sans-serif;\">An\u00e1lisis y aprobaci\u00f3n, en su caso, del dictamen del Consejo Nacional sobre las solicitudes de ingreso de nuevas asociadas.<\/span><\/a><\/li>\n<li><a href=\"https:\/\/organoscolegiados.anuies.mx\/asambleageneral\/wp-content\/uploads\/sites\/3\/2021\/11\/11-Presentacion-del-estudio-La-responsabilidad-social-de-las-IES-mexicanas-ante-la-pandemia-del-COVID-191.pdf\" target=\"_blank\" rel=\"noopener\"><span style=\"font-family: helvetica, arial, sans-serif;\">Presentaci\u00f3n del estudio: <em>La responsabilidad social de las instituciones de educaci\u00f3n superior mexicanas ante la pandemia del COVID-19<\/em>.<\/span><\/a><\/li>\n<li><a href=\"https:\/\/organoscolegiados.anuies.mx\/asambleageneral\/wp-content\/uploads\/sites\/3\/2021\/11\/12-Informe-sobre-los-foros-regionales-de-consulta-para-el-diseno-del-sistema-de-evaluacion-y-acreditacion-de-la-ES-1.pdf\" target=\"_blank\" rel=\"noopener\"><span style=\"font-family: helvetica, arial, sans-serif;\">Informe sobre los foros regionales de consulta para el dise\u00f1o del sistema de evaluaci\u00f3n y acreditaci\u00f3n de la educaci\u00f3n superior.<\/span><\/a><\/li>\n<li><a href=\"https:\/\/organoscolegiados.anuies.mx\/asambleageneral\/wp-content\/uploads\/sites\/3\/2021\/11\/13-Asuntos-generales-1.pdf\" target=\"_blank\" rel=\"noopener\"><span style=\"font-family: helvetica, arial, sans-serif;\">Asuntos generales.<\/span><\/a><\/li>\n<\/ol>\n<\/li>\n<\/ol>\n<\/div>\n<\/div><\/div><\/div><\/div><div id=\"pg-758-1\"  class=\"panel-grid panel-no-style\" ><div id=\"pgc-758-1-0\"  class=\"panel-grid-cell\" ><div id=\"panel-758-1-0-0\" class=\"so-panel widget widget_sow-editor panel-first-child panel-last-child\" data-index=\"1\" ><div\n\t\t\t\n\t\t\tclass=\"so-widget-sow-editor so-widget-sow-editor-base\"\n\t\t\t\n\t\t>\n<div class=\"siteorigin-widget-tinymce textwidget\">\n\t<p style=\"text-align: center;\"><strong>Dr. Daniel Octavio Valdez Delgadillo<\/strong><br \/>\nRector de la Universidad Aut\u00f3noma de Baja California<br \/>\n<strong>Presidente<\/strong><\/p>\n<\/div>\n<\/div><\/div><\/div><div id=\"pgc-758-1-1\"  class=\"panel-grid-cell\" ><div id=\"panel-758-1-1-0\" class=\"so-panel widget widget_sow-editor panel-first-child panel-last-child\" data-index=\"2\" ><div\n\t\t\t\n\t\t\tclass=\"so-widget-sow-editor so-widget-sow-editor-base\"\n\t\t\t\n\t\t>\n<div class=\"siteorigin-widget-tinymce textwidget\">\n\t<p style=\"text-align: center;\"><strong>Mtro. Jaime Valls Esponda<\/strong><br \/>\nSecretario General Ejecutivo<br \/>\n<strong>Secretario<\/strong><\/p>\n<\/div>\n<\/div><\/div><\/div><\/div><div id=\"pg-758-2\"  class=\"panel-grid panel-no-style\" ><div id=\"pgc-758-2-0\"  class=\"panel-grid-cell\" ><div id=\"panel-758-2-0-0\" class=\"so-panel widget widget_sow-editor panel-first-child panel-last-child\" data-index=\"3\" ><div\n\t\t\t\n\t\t\tclass=\"so-widget-sow-editor so-widget-sow-editor-base\"\n\t\t\t\n\t\t>\n<div class=\"siteorigin-widget-tinymce textwidget\">\n\t<p style=\"text-align: justify;\"><span style=\"font-family: helvetica, arial, sans-serif;\">*Modalidad mixta o h\u00edbrida se refiere al desarrollo de la sesi\u00f3n en la que una cantidad de integrantes del \u00f3rgano colegiado participa v\u00eda plataforma inform\u00e1tica y otra acude al Teatro Universitario Rub\u00e9n Vizca\u00edno Valencia de la Universidad Aut\u00f3noma de Baja California, ubicado en Calz. Universidad 14418, Parque Industrial Internacional, Tijuana, Baja California, C. P. 22427.<\/span><\/p>\n<\/div>\n<\/div><\/div><\/div><\/div><\/div>","protected":false},"excerpt":{"rendered":"<p>CONVOCATORIA Con fundamento en los art\u00edculos D\u00e9cimo Quinto, Trig\u00e9simo Primero y Trig\u00e9simo Tercero, fracci\u00f3n VI, del Estatuto de la Asociaci\u00f3n Nacional de Universidades e Instituciones de Educaci\u00f3n Superior de la &hellip; <\/p>\n","protected":false},"author":1,"featured_media":0,"parent":0,"menu_order":0,"comment_status":"closed","ping_status":"closed","template":"","meta":{"ngg_post_thumbnail":0,"footnotes":""},"class_list":["post-758","page","type-page","status-publish","hentry"],"_links":{"self":[{"href":"https:\/\/organoscolegiados.anuies.mx\/asambleageneral\/wp-json\/wp\/v2\/pages\/758","targetHints":{"allow":["GET"]}}],"collection":[{"href":"https:\/\/organoscolegiados.anuies.mx\/asambleageneral\/wp-json\/wp\/v2\/pages"}],"about":[{"href":"https:\/\/organoscolegiados.anuies.mx\/asambleageneral\/wp-json\/wp\/v2\/types\/page"}],"author":[{"embeddable":true,"href":"https:\/\/organoscolegiados.anuies.mx\/asambleageneral\/wp-json\/wp\/v2\/users\/1"}],"replies":[{"embeddable":true,"href":"https:\/\/organoscolegiados.anuies.mx\/asambleageneral\/wp-json\/wp\/v2\/comments?post=758"}],"version-history":[{"count":4,"href":"https:\/\/organoscolegiados.anuies.mx\/asambleageneral\/wp-json\/wp\/v2\/pages\/758\/revisions"}],"predecessor-version":[{"id":780,"href":"https:\/\/organoscolegiados.anuies.mx\/asambleageneral\/wp-json\/wp\/v2\/pages\/758\/revisions\/780"}],"wp:attachment":[{"href":"https:\/\/organoscolegiados.anuies.mx\/asambleageneral\/wp-json\/wp\/v2\/media?parent=758"}],"curies":[{"name":"wp","href":"https:\/\/api.w.org\/{rel}","templated":true}]}}