{"id":80,"date":"2019-10-24T18:58:55","date_gmt":"2019-10-24T16:58:55","guid":{"rendered":"https:\/\/organoscolegiados.anuies.mx\/asambleageneral\/?page_id=80"},"modified":"2020-04-03T00:52:10","modified_gmt":"2020-04-02T22:52:10","slug":"lv-ordinaria","status":"publish","type":"page","link":"https:\/\/organoscolegiados.anuies.mx\/asambleageneral\/lv-ordinaria\/","title":{"rendered":""},"content":{"rendered":"<div id=\"pl-80\"  class=\"panel-layout\" ><div id=\"pg-80-0\"  class=\"panel-grid panel-no-style\" ><div id=\"pgc-80-0-0\"  class=\"panel-grid-cell\" ><div id=\"panel-80-0-0-0\" class=\"so-panel widget widget_sow-editor panel-first-child panel-last-child\" data-index=\"0\" ><div\n\t\t\t\n\t\t\tclass=\"so-widget-sow-editor so-widget-sow-editor-base\"\n\t\t\t\n\t\t>\n<div class=\"siteorigin-widget-tinymce textwidget\">\n\t<p style=\"text-align: center\"><img loading=\"lazy\" decoding=\"async\" class=\"alignnone size-full wp-image-94\" src=\"https:\/\/organoscolegiados.anuies.mx\/asambleageneral\/wp-content\/uploads\/sites\/3\/2019\/10\/cabecera_lv.png\" alt=\"\" width=\"1024\" height=\"103\" srcset=\"https:\/\/organoscolegiados.anuies.mx\/asambleageneral\/wp-content\/uploads\/sites\/3\/2019\/10\/cabecera_lv.png 1024w, https:\/\/organoscolegiados.anuies.mx\/asambleageneral\/wp-content\/uploads\/sites\/3\/2019\/10\/cabecera_lv-300x30.png 300w, https:\/\/organoscolegiados.anuies.mx\/asambleageneral\/wp-content\/uploads\/sites\/3\/2019\/10\/cabecera_lv-768x77.png 768w\" sizes=\"auto, (max-width: 1024px) 100vw, 1024px\" \/><\/p>\n<p style=\"text-align: center\"><strong>\u00a0<\/strong><span style=\"color: #000000\"><strong>CONVOCATORIA<\/strong><\/span><\/p>\n<p style=\"text-align: center\"><span style=\"color: #000000\"><strong>LV SESI\u00d3N ORDINARIA DE LA ASAMBLEA GENERAL<\/strong><\/span><\/p>\n<p style=\"text-align: justify\"><span style=\"color: #000000\">Con fundamento en los art\u00edculos D\u00e9cimo Quinto, Trig\u00e9simo Primero y Trig\u00e9simo Tercero, fracci\u00f3n VI, del Estatuto de la Asociaci\u00f3n Nacional de Universidades e Instituciones de Educaci\u00f3n Superior de la Rep\u00fablica Mexicana, A.C. (ANUIES), se convoca a los titulares de las instituciones que integran la Asamblea General a la LV Sesi\u00f3n Ordinaria que se realizar\u00e1 el d\u00eda viernes 21 de junio de 2019 a partir de las 10:00 horas en el Centro de Extensi\u00f3n Universitaria de la Universidad Aut\u00f3noma del Estado de Hidalgo, ubicado en Avenida Universidad s\/n, Colonia Santiago Jaltepec, C.P. 42075, Mineral de la Reforma, Hidalgo, bajo el siguiente:<\/span><\/p>\n<p>&nbsp;<\/p>\n<p style=\"text-align: center\"><span style=\"color: #000000\"><strong>ORDEN DEL D\u00cdA<\/strong><\/span><\/p>\n<p>&nbsp;<\/p>\n<p><span style=\"color: #000000\">1. <a style=\"color: #000000\" href=\"https:\/\/organoscolegiados.anuies.mx\/asambleageneral\/wp-content\/uploads\/sites\/3\/2019\/10\/1.-Lista-de-miembros-de-la-AG-210619.pdf\" target=\"_blank\" rel=\"noopener\">Lista de asistencia y verificaci\u00f3n de qu\u00f3rum.<\/a><\/span><br \/>\n<span style=\"color: #000000\"><a style=\"color: #000000\" href=\"https:\/\/organoscolegiados.anuies.mx\/asambleageneral\/wp-content\/uploads\/sites\/3\/2020\/04\/Aprobaci\u00f3n-del-Orden-del-D\u00eda-1.SO_.19.pdf\" target=\"_blank\" rel=\"noopener\">2. Aprobaci\u00f3n del Orden del D\u00eda.<\/a><\/span><br \/>\n<span style=\"color: #000000\"><a style=\"color: #000000\" href=\"https:\/\/organoscolegiados.anuies.mx\/asambleageneral\/wp-content\/uploads\/sites\/3\/2020\/03\/Nombramiento-del-Vicepresidente-de-la-sesi\u00f3n.pdf\" target=\"_blank\" rel=\"noopener\">3. Nombramiento del Vicepresidente de la Sesi\u00f3n.<\/a><\/span><br \/>\n<span style=\"color: #000000\"><a style=\"color: #000000\" href=\"https:\/\/organoscolegiados.anuies.mx\/asambleageneral\/wp-content\/uploads\/sites\/3\/2020\/03\/Elecci\u00f3n-de-dos-relatores-y-dos-escrutadores.UAEH_.pdf\" target=\"_blank\" rel=\"noopener\">4. Elecci\u00f3n de dos relatores y dos escrutadores.<\/a><\/span><br \/>\n<span style=\"color: #000000\"><a href=\"https:\/\/organoscolegiados.anuies.mx\/asambleageneral\/wp-content\/uploads\/sites\/3\/2019\/10\/5.-Acta-LIV-SO-AG-UAS-221118.pdf\" target=\"_blank\" rel=\"noopener\">5. Lectura y aprobaci\u00f3n, en su caso, del acta de la LIV Sesi\u00f3n Ordinaria.<\/a><br \/>\n<\/span><\/p>\n<p style=\"padding-left: 40px\"><a href=\"https:\/\/organoscolegiados.anuies.mx\/asambleageneral\/wp-content\/uploads\/sites\/3\/2020\/04\/Lectura-y-aprobaci\u00f3n-del-Acta.-1.O.2019.pdf\" target=\"_blank\" rel=\"noopener\"><span style=\"color: #000000\">5.1 Aprobaci\u00f3n del acta de la LIV Sesi\u00f3n Ordinaria<\/span><\/a><\/p>\n<p><span style=\"color: #000000\">6. Presentaci\u00f3n de la Dra. M\u00f3nica Flores Barrag\u00e1n, Presidenta para Latinoam\u00e9rica de Manpower.<\/span><\/p>\n<p style=\"padding-left: 40px\"><span style=\"color: #000000\"><a style=\"color: #000000\" href=\"http:\/\/www.anuies.mx\/media\/docs\/manpower.zip\">6.1 Archivos de la presentaci\u00f3n.<\/a><\/span><\/p>\n<p><span style=\"color: #000000\">7. Presentaciones y exposiciones, en su caso, de invitados especiales.<\/span><\/p>\n<p style=\"padding-left: 40px\"><span style=\"color: #000000\">7.1. <a style=\"color: #000000\" href=\"https:\/\/organoscolegiados.anuies.mx\/asambleageneral\/wp-content\/uploads\/sites\/3\/2019\/10\/7.1.-Semblanza-Dr.-Eduardo-Andrade-S\u00e1nchez.pdf\" target=\"_blank\" rel=\"noopener\">Semblanza Dr. Eduardo Andrade S\u00e1nchez.<\/a><\/span><\/p>\n<p style=\"padding-left: 40px\"><span style=\"color: #000000\">7.2. <a style=\"color: #000000\" href=\"https:\/\/organoscolegiados.anuies.mx\/asambleageneral\/wp-content\/uploads\/sites\/3\/2019\/10\/7.2.-Presentaci\u00f3n-Mtro.-Edwin-Triujeque-Woods.pdf\" target=\"_blank\" rel=\"noopener\">Presentaci\u00f3n-Mtro.-Edwin-Triujeque-Woods.<\/a><\/span><\/p>\n<p><span style=\"color: #000000\">8. <a style=\"color: #000000\" href=\"https:\/\/organoscolegiados.anuies.mx\/asambleageneral\/wp-content\/uploads\/sites\/3\/2019\/10\/8.-Foros-regionales-de-consulta-AG.pdf\" target=\"_blank\" rel=\"noopener\">Presentaci\u00f3n del proyecto Foros de Consulta sobre la Legislaci\u00f3n Secundaria en Materia Educativa.<\/a><\/span><br \/>\n<span style=\"color: #000000\">9. <a style=\"color: #000000\" href=\"https:\/\/organoscolegiados.anuies.mx\/asambleageneral\/wp-content\/uploads\/sites\/3\/2019\/10\/9.-Conferencia-2019.pdf\" target=\"_blank\" rel=\"noopener\">Presentaci\u00f3n del programa de la Quinta Conferencia Internacional ANUIES 2019.<\/a><\/span><br \/>\n<span style=\"color: #000000\">10. <a style=\"color: #000000\" href=\"https:\/\/organoscolegiados.anuies.mx\/asambleageneral\/wp-content\/uploads\/sites\/3\/2019\/10\/10.-Estados-Financieros-2018.pdf\" target=\"_blank\" rel=\"noopener\">Presentaci\u00f3n de los estados financieros 2018 de la ANUIES, dictaminados por el Auditor Externo y aprobados por el Consejo Nacional en la Sesi\u00f3n 1.2019.<\/a><\/span><br \/>\n<span style=\"color: #000000\"><a style=\"color: #000000\" href=\"https:\/\/organoscolegiados.anuies.mx\/asambleageneral\/wp-content\/uploads\/sites\/3\/2020\/04\/Asuntos-generales-2.O.2019.pdf\" target=\"_blank\" rel=\"noopener\">11. Asuntos generales.<\/a><\/span><\/p>\n<p><span style=\"color: #000000\">11.1.1. <a style=\"color: #000000\" href=\"https:\/\/organoscolegiados.anuies.mx\/asambleageneral\/wp-content\/uploads\/sites\/3\/2019\/10\/11.1.1.-FUL-UAEH.pdf\" target=\"_blank\" rel=\"noopener\">FUL UAEH.<\/a><\/span><\/p>\n<p><span style=\"color: #000000\">11.1.2. <a style=\"color: #000000\" href=\"https:\/\/organoscolegiados.anuies.mx\/asambleageneral\/wp-content\/uploads\/sites\/3\/2019\/10\/11.1.2.-FUL-UAEH.pdf\" target=\"_blank\" rel=\"noopener\">FUL UAEH.<\/a><\/span><\/p>\n<p><span style=\"color: #000000\">11.2. <a style=\"color: #000000\" href=\"https:\/\/organoscolegiados.anuies.mx\/asambleageneral\/wp-content\/uploads\/sites\/3\/2019\/10\/11.2.-Portada-de-libro-ANUIES-INE-FEPADE.pdf\" target=\"_blank\" rel=\"noopener\">Portada de libro ANUIES-INE-FEPADE.<\/a><\/span><\/p>\n<p><span style=\"color: #000000\">11.3\u00a0<a style=\"color: #000000\" href=\"https:\/\/organoscolegiados.anuies.mx\/asambleageneral\/wp-content\/uploads\/sites\/3\/2019\/10\/11.3.-Talento-I4.pdf\" target=\"_blank\" rel=\"noopener\">FESE.<\/a><\/span><\/p>\n<\/div>\n<\/div><\/div><\/div><\/div><div id=\"pg-80-1\"  class=\"panel-grid panel-no-style\" ><div id=\"pgc-80-1-0\"  class=\"panel-grid-cell\" ><div id=\"panel-80-1-0-0\" class=\"so-panel widget widget_sow-editor panel-first-child panel-last-child\" data-index=\"1\" ><div\n\t\t\t\n\t\t\tclass=\"so-widget-sow-editor so-widget-sow-editor-base\"\n\t\t\t\n\t\t>\n<div class=\"siteorigin-widget-tinymce textwidget\">\n\t<p style=\"text-align: center;\"><strong>Mtro. Adolfo Pontigo Loyola<\/strong><br \/>\n<strong>Rector de la Universidad Aut\u00f3noma del Estado de Hidalgo<\/strong><\/p>\n<p style=\"text-align: center;\"><strong>Presidente<\/strong><\/p>\n<\/div>\n<\/div><\/div><\/div><div id=\"pgc-80-1-1\"  class=\"panel-grid-cell\" ><div id=\"panel-80-1-1-0\" class=\"so-panel widget widget_sow-editor panel-first-child panel-last-child\" data-index=\"2\" ><div\n\t\t\t\n\t\t\tclass=\"so-widget-sow-editor so-widget-sow-editor-base\"\n\t\t\t\n\t\t>\n<div class=\"siteorigin-widget-tinymce textwidget\">\n\t<p style=\"text-align: center;\"><strong>Mtro. Jaime Valls Esponda<\/strong><br \/>\n<strong>Secretario General Ejecutivo de la ANUIES<\/strong><\/p>\n<p style=\"text-align: center;\"><strong>Secretario<\/strong><\/p>\n<\/div>\n<\/div><\/div><\/div><\/div><\/div>","protected":false},"excerpt":{"rendered":"<p>\u00a0CONVOCATORIA LV SESI\u00d3N ORDINARIA DE LA ASAMBLEA GENERAL Con fundamento en los art\u00edculos D\u00e9cimo Quinto, Trig\u00e9simo Primero y Trig\u00e9simo Tercero, fracci\u00f3n VI, del Estatuto de la Asociaci\u00f3n Nacional de Universidades &hellip; <\/p>\n","protected":false},"author":1,"featured_media":0,"parent":0,"menu_order":0,"comment_status":"closed","ping_status":"closed","template":"","meta":{"ngg_post_thumbnail":0,"footnotes":""},"class_list":["post-80","page","type-page","status-publish","hentry"],"_links":{"self":[{"href":"https:\/\/organoscolegiados.anuies.mx\/asambleageneral\/wp-json\/wp\/v2\/pages\/80","targetHints":{"allow":["GET"]}}],"collection":[{"href":"https:\/\/organoscolegiados.anuies.mx\/asambleageneral\/wp-json\/wp\/v2\/pages"}],"about":[{"href":"https:\/\/organoscolegiados.anuies.mx\/asambleageneral\/wp-json\/wp\/v2\/types\/page"}],"author":[{"embeddable":true,"href":"https:\/\/organoscolegiados.anuies.mx\/asambleageneral\/wp-json\/wp\/v2\/users\/1"}],"replies":[{"embeddable":true,"href":"https:\/\/organoscolegiados.anuies.mx\/asambleageneral\/wp-json\/wp\/v2\/comments?post=80"}],"version-history":[{"count":29,"href":"https:\/\/organoscolegiados.anuies.mx\/asambleageneral\/wp-json\/wp\/v2\/pages\/80\/revisions"}],"predecessor-version":[{"id":607,"href":"https:\/\/organoscolegiados.anuies.mx\/asambleageneral\/wp-json\/wp\/v2\/pages\/80\/revisions\/607"}],"wp:attachment":[{"href":"https:\/\/organoscolegiados.anuies.mx\/asambleageneral\/wp-json\/wp\/v2\/media?parent=80"}],"curies":[{"name":"wp","href":"https:\/\/api.w.org\/{rel}","templated":true}]}}