{"id":812,"date":"2022-10-21T23:25:52","date_gmt":"2022-10-21T21:25:52","guid":{"rendered":"https:\/\/organoscolegiados.anuies.mx\/asambleageneral\/?page_id=812"},"modified":"2022-11-14T18:07:10","modified_gmt":"2022-11-14T17:07:10","slug":"lxi","status":"publish","type":"page","link":"https:\/\/organoscolegiados.anuies.mx\/asambleageneral\/lxi\/","title":{"rendered":"LXI SESI\u00d3N ORDINARIA DE LA ASAMBLEA GENERAL"},"content":{"rendered":"<div id=\"pl-812\"  class=\"panel-layout\" ><div id=\"pg-812-0\"  class=\"panel-grid panel-no-style\" ><div id=\"pgc-812-0-0\"  class=\"panel-grid-cell\" ><div id=\"panel-812-0-0-0\" class=\"so-panel widget widget_sow-editor panel-first-child panel-last-child\" data-index=\"0\" ><div\n\t\t\t\n\t\t\tclass=\"so-widget-sow-editor so-widget-sow-editor-base\"\n\t\t\t\n\t\t>\n<div class=\"siteorigin-widget-tinymce textwidget\">\n\t<h5 align=\"center\"><img loading=\"lazy\" decoding=\"async\" class=\"aligncenter size-full wp-image-814\" src=\"https:\/\/organoscolegiados.anuies.mx\/asambleageneral\/wp-content\/uploads\/sites\/3\/2022\/10\/AGLXI.png\" alt=\"\" width=\"2000\" height=\"171\" srcset=\"https:\/\/organoscolegiados.anuies.mx\/asambleageneral\/wp-content\/uploads\/sites\/3\/2022\/10\/AGLXI.png 2000w, https:\/\/organoscolegiados.anuies.mx\/asambleageneral\/wp-content\/uploads\/sites\/3\/2022\/10\/AGLXI-300x26.png 300w, https:\/\/organoscolegiados.anuies.mx\/asambleageneral\/wp-content\/uploads\/sites\/3\/2022\/10\/AGLXI-1024x88.png 1024w, https:\/\/organoscolegiados.anuies.mx\/asambleageneral\/wp-content\/uploads\/sites\/3\/2022\/10\/AGLXI-768x66.png 768w, https:\/\/organoscolegiados.anuies.mx\/asambleageneral\/wp-content\/uploads\/sites\/3\/2022\/10\/AGLXI-1536x131.png 1536w\" sizes=\"auto, (max-width: 2000px) 100vw, 2000px\" \/><\/h5>\n<h5 style=\"text-align: center;\" align=\"center\"><span style=\"color: #000000; font-family: helvetica, arial, sans-serif; font-size: 14pt;\">CONVOCATORIA<\/span><\/h5>\n<p style=\"text-align: justify;\">Con fundamento en los art\u00edculos D\u00e9cimo Quinto, Trig\u00e9simo Primero y Trig\u00e9simo Tercero, fracci\u00f3n VI, del Estatuto de la Asociaci\u00f3n Nacional de Universidades e Instituciones de Educaci\u00f3n Superior de la Rep\u00fablica Mexicana, A.C. (ANUIES), convocamos a los titulares de las instituciones que integran la Asamblea General a la LXI Sesi\u00f3n Ordinaria que se efectuar\u00e1 en modalidad mixta, con sede en la Universidad Aut\u00f3noma de San Luis Potos\u00ed (Centro Cultural Universitario Bicentenario), ubicada en Av. Sierra Leona N\u00fam. 550, Col. Lomas, tercera secci\u00f3n, C.P 78210, San Luis Potos\u00ed, SLP, a las 9:00 horas del 11 de noviembre de 2022, con el siguiente:<\/p>\n<p style=\"text-align: center;\"><strong>ORDEN DEL D\u00cdA<\/strong><\/p>\n<ol>\n<li><a href=\"https:\/\/organoscolegiados.anuies.mx\/asambleageneral\/wp-content\/uploads\/sites\/3\/2022\/11\/1-Lista-de-asistencia-y-verificacion-del-quorum-Fusionado-32.pdf\" target=\"_blank\" rel=\"noopener\">Lista de asistencia y verificaci\u00f3n del <em>quorum<\/em>.<\/a><\/li>\n<li><a href=\"https:\/\/organoscolegiados.anuies.mx\/asambleageneral\/wp-content\/uploads\/sites\/3\/2022\/11\/2-Aprobacion-del-Orden-del-Dia-Fusionado-27.pdf\" target=\"_blank\" rel=\"noopener\">Aprobaci\u00f3n del Orden del D\u00eda.<\/a><\/li>\n<li><a href=\"https:\/\/organoscolegiados.anuies.mx\/asambleageneral\/wp-content\/uploads\/sites\/3\/2022\/11\/3-Nombramiento-del-Vicepresidente-de-la-Sesion-Fusionado-3.pdf\" target=\"_blank\" rel=\"noopener\">Nombramiento del Vicepresidente de la Sesi\u00f3n.<\/a><\/li>\n<li><a href=\"https:\/\/organoscolegiados.anuies.mx\/asambleageneral\/wp-content\/uploads\/sites\/3\/2022\/11\/4-Eleccion-de-dos-relatores-y-dos-escrutadores-Portada-4.pdf\" target=\"_blank\" rel=\"noopener\">Elecci\u00f3n de dos relatores y dos escrutadores.<\/a><\/li>\n<li><a href=\"https:\/\/organoscolegiados.anuies.mx\/asambleageneral\/wp-content\/uploads\/sites\/3\/2022\/11\/5-Lectura-y-aprobacion-en-su-caso-del-Acta-de-la-LX-Sesion-Ordinaria-Fusionado.pdf\" target=\"_blank\" rel=\"noopener\">Lectura y aprobaci\u00f3n, en su caso, del Acta de la LX Sesi\u00f3n Ordinaria.<\/a><\/li>\n<li><a href=\"https:\/\/organoscolegiados.anuies.mx\/asambleageneral\/wp-content\/uploads\/sites\/3\/2022\/11\/6-Analisis-y-aprobacion-en-su-caso-del-dictamen-del-Consejo-Nacional-sobre-las-solicitudes-de-ingreso-de-nuevas-asociadas.pdf\" target=\"_blank\" rel=\"noopener\">An\u00e1lisis y aprobaci\u00f3n, en su caso, del dictamen del Consejo Nacional sobre las solicitudes de ingreso de nuevas asociadas.<\/a><\/li>\n<li><a href=\"https:\/\/organoscolegiados.anuies.mx\/asambleageneral\/wp-content\/uploads\/sites\/3\/2022\/11\/7-Presentacion-del-Informe-de-Actividades-2022-del-Consejo-Nacional.pdf\" target=\"_blank\" rel=\"noopener\">Presentaci\u00f3n del Informe de Actividades 2022 del Consejo Nacional.<\/a><\/li>\n<li><a href=\"https:\/\/organoscolegiados.anuies.mx\/asambleageneral\/wp-content\/uploads\/sites\/3\/2022\/11\/8-Presentacion-de-la-gestion-del-Presupuesto-2023-ante-la-Camara-de-Diputados-1.pdf\" target=\"_blank\" rel=\"noopener\">Presentaci\u00f3n de la gesti\u00f3n del Presupuesto 2023 ante la C\u00e1mara de Diputados.<\/a>\n<ol>\n<li><a href=\"https:\/\/organoscolegiados.anuies.mx\/asambleageneral\/wp-content\/uploads\/sites\/3\/2022\/11\/8.1.-Desplegado-Asamblea-Gral-111122-FINAL.pdf\" target=\"_blank\" rel=\"noopener\">Desplegado de la Asamblea General<\/a><\/li>\n<\/ol>\n<\/li>\n<li><a href=\"https:\/\/organoscolegiados.anuies.mx\/asambleageneral\/wp-content\/uploads\/sites\/3\/2022\/11\/9-okPresentacion-de-los-resultados-del-Diagnostico-institucional-para-detectar-buenas-practicas-en-materia-de-derechos-humanos-y-gestion-de-las-violenc-ok.pdf\" target=\"_blank\" rel=\"noopener\">Presentaci\u00f3n de los resultados del Diagn\u00f3stico institucional para detectar buenas pr\u00e1cticas en materia de derechos humanos y gesti\u00f3n de las violencias en los contextos universitarios.<\/a><\/li>\n<li><a href=\"https:\/\/organoscolegiados.anuies.mx\/asambleageneral\/wp-content\/uploads\/sites\/3\/2022\/11\/10-Presentacion-y-en-su-caso-ratificacion-y-aprobacion-de-la-Convocatoria-del-proceso-de-eleccion-del-SGE-de-la-ANUIES.pdf\" target=\"_blank\" rel=\"noopener\">Presentaci\u00f3n y, en su caso, ratificaci\u00f3n y aprobaci\u00f3n de la Convocatoria del proceso de elecci\u00f3n del Secretario General Ejecutivo de la ANUIES para el periodo 2023-2027.<\/a><\/li>\n<li><a href=\"https:\/\/organoscolegiados.anuies.mx\/asambleageneral\/wp-content\/uploads\/sites\/3\/2022\/11\/11-Asuntos-generales-Fusionado.pdf\" target=\"_blank\" rel=\"noopener\">Asuntos generales.<\/a><\/li>\n<\/ol>\n<\/div>\n<\/div><\/div><\/div><\/div><div id=\"pg-812-1\"  class=\"panel-grid panel-no-style\" ><div id=\"pgc-812-1-0\"  class=\"panel-grid-cell\" ><div id=\"panel-812-1-0-0\" class=\"so-panel widget widget_sow-editor panel-first-child panel-last-child\" data-index=\"1\" ><div\n\t\t\t\n\t\t\tclass=\"so-widget-sow-editor so-widget-sow-editor-base\"\n\t\t\t\n\t\t>\n<div class=\"siteorigin-widget-tinymce textwidget\">\n\t<p style=\"text-align: center;\"><strong>Dr. Alejandro Javier Zerme\u00f1o Guerra<\/strong><br \/>\nRector de la Universidad Aut\u00f3noma de San Luis Potos\u00ed<br \/>\n<strong>Presidente en turno<\/strong><\/p>\n<\/div>\n<\/div><\/div><\/div><div id=\"pgc-812-1-1\"  class=\"panel-grid-cell\" ><div id=\"panel-812-1-1-0\" class=\"so-panel widget widget_sow-editor panel-first-child panel-last-child\" data-index=\"2\" ><div\n\t\t\t\n\t\t\tclass=\"so-widget-sow-editor so-widget-sow-editor-base\"\n\t\t\t\n\t\t>\n<div class=\"siteorigin-widget-tinymce textwidget\">\n\t<p style=\"text-align: center;\"><strong>Mtro. Jaime Valls Esponda<\/strong><br \/>\nSecretario General Ejecutivo<br \/>\n<strong>Secretario<\/strong><\/p>\n<\/div>\n<\/div><\/div><\/div><\/div><\/div>","protected":false},"excerpt":{"rendered":"<p>CONVOCATORIA Con fundamento en los art\u00edculos D\u00e9cimo Quinto, Trig\u00e9simo Primero y Trig\u00e9simo Tercero, fracci\u00f3n VI, del Estatuto de la Asociaci\u00f3n Nacional de Universidades e Instituciones de Educaci\u00f3n Superior de la &hellip; <\/p>\n","protected":false},"author":1,"featured_media":0,"parent":0,"menu_order":0,"comment_status":"closed","ping_status":"closed","template":"","meta":{"ngg_post_thumbnail":0,"footnotes":""},"class_list":["post-812","page","type-page","status-publish","hentry"],"_links":{"self":[{"href":"https:\/\/organoscolegiados.anuies.mx\/asambleageneral\/wp-json\/wp\/v2\/pages\/812","targetHints":{"allow":["GET"]}}],"collection":[{"href":"https:\/\/organoscolegiados.anuies.mx\/asambleageneral\/wp-json\/wp\/v2\/pages"}],"about":[{"href":"https:\/\/organoscolegiados.anuies.mx\/asambleageneral\/wp-json\/wp\/v2\/types\/page"}],"author":[{"embeddable":true,"href":"https:\/\/organoscolegiados.anuies.mx\/asambleageneral\/wp-json\/wp\/v2\/users\/1"}],"replies":[{"embeddable":true,"href":"https:\/\/organoscolegiados.anuies.mx\/asambleageneral\/wp-json\/wp\/v2\/comments?post=812"}],"version-history":[{"count":8,"href":"https:\/\/organoscolegiados.anuies.mx\/asambleageneral\/wp-json\/wp\/v2\/pages\/812\/revisions"}],"predecessor-version":[{"id":840,"href":"https:\/\/organoscolegiados.anuies.mx\/asambleageneral\/wp-json\/wp\/v2\/pages\/812\/revisions\/840"}],"wp:attachment":[{"href":"https:\/\/organoscolegiados.anuies.mx\/asambleageneral\/wp-json\/wp\/v2\/media?parent=812"}],"curies":[{"name":"wp","href":"https:\/\/api.w.org\/{rel}","templated":true}]}}