{"id":842,"date":"2022-12-14T17:28:57","date_gmt":"2022-12-14T16:28:57","guid":{"rendered":"https:\/\/organoscolegiados.anuies.mx\/asambleageneral\/?page_id=842"},"modified":"2023-01-30T22:27:21","modified_gmt":"2023-01-30T21:27:21","slug":"agexxx","status":"publish","type":"page","link":"https:\/\/organoscolegiados.anuies.mx\/asambleageneral\/agexxx\/","title":{"rendered":"XXX SESI\u00d3N EXTRAORDINARIA DE LA ASAMBLEA GENERAL"},"content":{"rendered":"<div id=\"pl-842\"  class=\"panel-layout\" ><div id=\"pg-842-0\"  class=\"panel-grid panel-no-style\" ><div id=\"pgc-842-0-0\"  class=\"panel-grid-cell\" ><div id=\"panel-842-0-0-0\" class=\"so-panel widget widget_sow-editor panel-first-child panel-last-child\" data-index=\"0\" ><div\n\t\t\t\n\t\t\tclass=\"so-widget-sow-editor so-widget-sow-editor-base\"\n\t\t\t\n\t\t>\n<div class=\"siteorigin-widget-tinymce textwidget\">\n\t<h5 align=\"center\"><img loading=\"lazy\" decoding=\"async\" class=\"aligncenter size-full wp-image-853\" src=\"https:\/\/organoscolegiados.anuies.mx\/asambleageneral\/wp-content\/uploads\/sites\/3\/2022\/12\/cabecera-ag-xxx-2.png\" alt=\"\" width=\"2002\" height=\"173\" srcset=\"https:\/\/organoscolegiados.anuies.mx\/asambleageneral\/wp-content\/uploads\/sites\/3\/2022\/12\/cabecera-ag-xxx-2.png 2002w, https:\/\/organoscolegiados.anuies.mx\/asambleageneral\/wp-content\/uploads\/sites\/3\/2022\/12\/cabecera-ag-xxx-2-300x26.png 300w, https:\/\/organoscolegiados.anuies.mx\/asambleageneral\/wp-content\/uploads\/sites\/3\/2022\/12\/cabecera-ag-xxx-2-1024x88.png 1024w, https:\/\/organoscolegiados.anuies.mx\/asambleageneral\/wp-content\/uploads\/sites\/3\/2022\/12\/cabecera-ag-xxx-2-768x66.png 768w, https:\/\/organoscolegiados.anuies.mx\/asambleageneral\/wp-content\/uploads\/sites\/3\/2022\/12\/cabecera-ag-xxx-2-1536x133.png 1536w\" sizes=\"auto, (max-width: 2002px) 100vw, 2002px\" \/><\/h5>\n<p style=\"text-align: center;\"><a class=\"fasc-button fasc-size-large fasc-type-flat fasc-ico-before dashicons-format-aside\" style=\"background-color: #76394e; color: #ffffff;\" href=\"https:\/\/organoscolegiados.anuies.mx\/asambleageneral\/agexxx\/\">Inicio<\/a><a class=\"fasc-button fasc-size-large fasc-type-flat fasc-ico-before dashicons-format-gallery\" style=\"background-color: #76394e; color: #ffffff;\" href=\"https:\/\/organoscolegiados.anuies.mx\/asambleageneral\/galeria_agexxx\/\">Galer\u00eda<\/a><\/p>\n<p><span style=\"color: #000000; font-family: helvetica, arial, sans-serif; font-size: 14pt;\">CONVOCATORIA<\/span><\/p>\n<p style=\"text-align: justify;\">Por acuerdo 22.4.8 del Consejo Nacional, de fecha 10 de noviembre de 2022, y con fundamento en los art\u00edculos D\u00e9cimo Cuarto, fracci\u00f3n VII; D\u00e9cimo S\u00e9ptimo; Vig\u00e9simo, fracciones II y XIV; Trig\u00e9simo Primero, y Trig\u00e9simo Tercero, fracci\u00f3n VI, del Estatuto de la Asociaci\u00f3n Nacional de Universidades e Instituciones de Educaci\u00f3n Superior de la Rep\u00fablica Mexicana, A.C., convocamos a los titulares de las instituciones que integran la Asamblea General a la XXX Sesi\u00f3n Extraordinaria, que se efectuar\u00e1 en modalidad presencial, en la Sala Jes\u00fas Reyes Heroles del Centro de Innovaci\u00f3n y Desarrollo de la ANUIES, ubicado en Miguel Laurent N\u00fam. 961, Col. Santa Cruz Atoyac, C.P. 03310, Ciudad de M\u00e9xico, a las 11:00 horas del 19 de enero de 2023, bajo el siguiente:<\/p>\n<p style=\"text-align: center;\"><strong>ORDEN DEL D\u00cdA<\/strong><\/p>\n<ol>\n<li><a href=\"https:\/\/organoscolegiados.anuies.mx\/asambleageneral\/wp-content\/uploads\/sites\/3\/2022\/12\/1-Lista-de-asistencia-y-verificacion-del-quorum.pdf\" target=\"_blank\" rel=\"noopener\">Lista de asistencia y verificaci\u00f3n del <em>quorum<\/em>.<\/a><\/li>\n<li><a href=\"https:\/\/organoscolegiados.anuies.mx\/asambleageneral\/wp-content\/uploads\/sites\/3\/2022\/12\/2-Aprobacion-del-Orden-del-Dia.pdf\" target=\"_blank\" rel=\"noopener\">Aprobaci\u00f3n del Orden del D\u00eda.<\/a><\/li>\n<li><a href=\"https:\/\/organoscolegiados.anuies.mx\/asambleageneral\/wp-content\/uploads\/sites\/3\/2022\/12\/3-Eleccion-de-dos-relatores-y-dos-escrutadores.pdf\" target=\"_blank\" rel=\"noopener\">Elecci\u00f3n de dos relatores y dos escrutadores.<\/a><\/li>\n<li><a href=\"https:\/\/organoscolegiados.anuies.mx\/asambleageneral\/wp-content\/uploads\/sites\/3\/2023\/01\/4-Analisis-de-la-o-las-propuestas-fundamentadas-del-Consejo-Nacional-y-en-su-caso-eleccion-de-la-persona-que-ocupara-la-titularidad-de-la-SGE-2.pdf\" target=\"_blank\" rel=\"noopener\">An\u00e1lisis de la o las propuestas fundamentadas del Consejo Nacional y, en su caso, elecci\u00f3n de la persona que ocupar\u00e1 la titularidad de la Secretar\u00eda General Ejecutiva de la ANUIES para el periodo 2023-2027.<\/a><\/li>\n<li><a href=\"https:\/\/organoscolegiados.anuies.mx\/asambleageneral\/wp-content\/uploads\/sites\/3\/2022\/12\/5-Nombramiento-en-su-caso-de-la-persona-designada-como-Delegada-Especial-para-protocolizar-el-Acta-de-la-XXX-Sesion-Extraordinaria.pdf\" target=\"_blank\" rel=\"noopener\">Nombramiento, en su caso, de la persona designada como Delegada Especial para protocolizar el Acta de la XXX Sesi\u00f3n Extraordinaria.<\/a><\/li>\n<li><a href=\"https:\/\/organoscolegiados.anuies.mx\/asambleageneral\/wp-content\/uploads\/sites\/3\/2022\/12\/6-Toma-de-protesta-en-su-caso-de-la-persona-electa-como-titular-de-la-SGE-de-la-ANUIES-para-el-periodo-2023-2027.pdf\" target=\"_blank\" rel=\"noopener\">Toma de protesta, en su caso, de la persona electa como titular de la Secretar\u00eda General Ejecutiva de la ANUIES para el periodo 2023-2027.<\/a><\/li>\n<\/ol>\n<p>&nbsp;<\/p>\n<\/div>\n<\/div><\/div><\/div><\/div><div id=\"pg-842-1\"  class=\"panel-grid panel-no-style\" ><div id=\"pgc-842-1-0\"  class=\"panel-grid-cell\" ><div id=\"panel-842-1-0-0\" class=\"so-panel widget widget_sow-editor panel-first-child panel-last-child\" data-index=\"1\" ><div\n\t\t\t\n\t\t\tclass=\"so-widget-sow-editor so-widget-sow-editor-base\"\n\t\t\t\n\t\t>\n<div class=\"siteorigin-widget-tinymce textwidget\">\n\t<p style=\"text-align: center;\"><strong>Dra. Rosa Mar\u00eda Torres Hern\u00e1ndez<\/strong><br \/>\nRectora de la Universidad Pedag\u00f3gica Nacional<br \/>\n<strong>Presidenta en turno<\/strong><\/p>\n<\/div>\n<\/div><\/div><\/div><div id=\"pgc-842-1-1\"  class=\"panel-grid-cell\" ><div id=\"panel-842-1-1-0\" class=\"so-panel widget widget_sow-editor panel-first-child panel-last-child\" data-index=\"2\" ><div\n\t\t\t\n\t\t\tclass=\"so-widget-sow-editor so-widget-sow-editor-base\"\n\t\t\t\n\t\t>\n<div class=\"siteorigin-widget-tinymce textwidget\">\n\t<p style=\"text-align: center;\"><strong>Mtro. Jaime Valls Esponda<\/strong><br \/>\nSecretario General Ejecutivo<br \/>\n<strong>Secretario<\/strong><\/p>\n<\/div>\n<\/div><\/div><\/div><\/div><\/div>","protected":false},"excerpt":{"rendered":"<p>InicioGaler\u00eda CONVOCATORIA Por acuerdo 22.4.8 del Consejo Nacional, de fecha 10 de noviembre de 2022, y con fundamento en los art\u00edculos D\u00e9cimo Cuarto, fracci\u00f3n VII; D\u00e9cimo S\u00e9ptimo; Vig\u00e9simo, fracciones II &hellip; <\/p>\n","protected":false},"author":1,"featured_media":0,"parent":0,"menu_order":0,"comment_status":"closed","ping_status":"closed","template":"","meta":{"ngg_post_thumbnail":0,"footnotes":""},"class_list":["post-842","page","type-page","status-publish","hentry"],"_links":{"self":[{"href":"https:\/\/organoscolegiados.anuies.mx\/asambleageneral\/wp-json\/wp\/v2\/pages\/842","targetHints":{"allow":["GET"]}}],"collection":[{"href":"https:\/\/organoscolegiados.anuies.mx\/asambleageneral\/wp-json\/wp\/v2\/pages"}],"about":[{"href":"https:\/\/organoscolegiados.anuies.mx\/asambleageneral\/wp-json\/wp\/v2\/types\/page"}],"author":[{"embeddable":true,"href":"https:\/\/organoscolegiados.anuies.mx\/asambleageneral\/wp-json\/wp\/v2\/users\/1"}],"replies":[{"embeddable":true,"href":"https:\/\/organoscolegiados.anuies.mx\/asambleageneral\/wp-json\/wp\/v2\/comments?post=842"}],"version-history":[{"count":7,"href":"https:\/\/organoscolegiados.anuies.mx\/asambleageneral\/wp-json\/wp\/v2\/pages\/842\/revisions"}],"predecessor-version":[{"id":919,"href":"https:\/\/organoscolegiados.anuies.mx\/asambleageneral\/wp-json\/wp\/v2\/pages\/842\/revisions\/919"}],"wp:attachment":[{"href":"https:\/\/organoscolegiados.anuies.mx\/asambleageneral\/wp-json\/wp\/v2\/media?parent=842"}],"curies":[{"name":"wp","href":"https:\/\/api.w.org\/{rel}","templated":true}]}}