{"id":857,"date":"2023-01-11T19:07:05","date_gmt":"2023-01-11T18:07:05","guid":{"rendered":"https:\/\/organoscolegiados.anuies.mx\/asambleageneral\/?page_id=857"},"modified":"2023-06-01T22:26:52","modified_gmt":"2023-06-01T20:26:52","slug":"aglxii","status":"publish","type":"page","link":"https:\/\/organoscolegiados.anuies.mx\/asambleageneral\/aglxii\/","title":{"rendered":"LXII Sesi\u00f3n ordinaria de la Asamblea General"},"content":{"rendered":"<div id=\"pl-857\"  class=\"panel-layout\" ><div id=\"pg-857-0\"  class=\"panel-grid panel-no-style\" ><div id=\"pgc-857-0-0\"  class=\"panel-grid-cell\" ><div id=\"panel-857-0-0-0\" class=\"so-panel widget widget_sow-editor panel-first-child panel-last-child\" data-index=\"0\" ><div\n\t\t\t\n\t\t\tclass=\"so-widget-sow-editor so-widget-sow-editor-base\"\n\t\t\t\n\t\t>\n<div class=\"siteorigin-widget-tinymce textwidget\">\n\t<h5 align=\"center\"><img loading=\"lazy\" decoding=\"async\" class=\"aligncenter size-full wp-image-924\" src=\"https:\/\/organoscolegiados.anuies.mx\/asambleageneral\/wp-content\/uploads\/sites\/3\/2023\/02\/agLXII-FINAL-JPG.jpg\" alt=\"\" width=\"2000\" height=\"170\" srcset=\"https:\/\/organoscolegiados.anuies.mx\/asambleageneral\/wp-content\/uploads\/sites\/3\/2023\/02\/agLXII-FINAL-JPG.jpg 2000w, https:\/\/organoscolegiados.anuies.mx\/asambleageneral\/wp-content\/uploads\/sites\/3\/2023\/02\/agLXII-FINAL-JPG-300x26.jpg 300w, https:\/\/organoscolegiados.anuies.mx\/asambleageneral\/wp-content\/uploads\/sites\/3\/2023\/02\/agLXII-FINAL-JPG-1024x87.jpg 1024w, https:\/\/organoscolegiados.anuies.mx\/asambleageneral\/wp-content\/uploads\/sites\/3\/2023\/02\/agLXII-FINAL-JPG-768x65.jpg 768w, https:\/\/organoscolegiados.anuies.mx\/asambleageneral\/wp-content\/uploads\/sites\/3\/2023\/02\/agLXII-FINAL-JPG-1536x131.jpg 1536w\" sizes=\"auto, (max-width: 2000px) 100vw, 2000px\" \/><\/h5>\n<h5 style=\"text-align: center;\" align=\"center\"><span style=\"color: #000000; font-family: helvetica, arial, sans-serif; font-size: 12pt;\">CONVOCATORIA<\/span><\/h5>\n<p style=\"text-align: justify;\"><span style=\"font-family: helvetica, arial, sans-serif;\">Con fundamento en los art\u00edculos D\u00e9cimo Quinto, Trig\u00e9simo Primero y Trig\u00e9simo Tercero, fracci\u00f3n VI, del Estatuto de la Asociaci\u00f3n Nacional de Universidades e Instituciones de Educaci\u00f3n Superior de la Rep\u00fablica Mexicana, A.C. (ANUIES), convocamos a los titulares de las instituciones que integran la Asamblea General a la LXII Sesi\u00f3n Ordinaria que se efectuar\u00e1 en modalidad presencial, con sede en la Universidad de Colima (Biblioteca Campus Norte \u201cLic. Fernando Moreno Pe\u00f1a\u201d), ubicada en Carretera Colima-Guadalajara km 3.2, C.P. 28010, Colima, Col., a las 10:30 horas del 9 de junio de 2023, con el siguiente:<\/span><\/p>\n<p style=\"text-align: center;\"><span style=\"font-family: helvetica, arial, sans-serif;\"><strong>ORDEN DEL D\u00cdA<\/strong><\/span><\/p>\n<ol>\n<li><a href=\"https:\/\/organoscolegiados.anuies.mx\/asambleageneral\/wp-content\/uploads\/sites\/3\/2023\/06\/1-Lista-de-asistencia-y-verificacion-del-quorum.pdf\" target=\"_blank\" rel=\"noopener\"><span style=\"font-family: helvetica, arial, sans-serif;\">Lista de asistencia y verificaci\u00f3n del <em>quorum<\/em>.<\/span><\/a><\/li>\n<li><a href=\"https:\/\/organoscolegiados.anuies.mx\/asambleageneral\/wp-content\/uploads\/sites\/3\/2023\/06\/2-Aprobacion-del-Orden-del-Dia.pdf\" target=\"_blank\" rel=\"noopener\"><span style=\"font-family: helvetica, arial, sans-serif;\">Aprobaci\u00f3n del Orden del D\u00eda.<\/span><\/a><\/li>\n<li><a href=\"https:\/\/organoscolegiados.anuies.mx\/asambleageneral\/wp-content\/uploads\/sites\/3\/2023\/06\/3-Nombramiento-del-Vicepresidente-de-la-Sesion.pdf\" target=\"_blank\" rel=\"noopener\"><span style=\"font-family: helvetica, arial, sans-serif;\">Nombramiento del Vicepresidente de la Sesi\u00f3n.<\/span><\/a><\/li>\n<li><a href=\"https:\/\/organoscolegiados.anuies.mx\/asambleageneral\/wp-content\/uploads\/sites\/3\/2023\/06\/4-Eleccion-de-dos-relatores-y-dos-escrutadores.pdf\" target=\"_blank\" rel=\"noopener\"><span style=\"font-family: helvetica, arial, sans-serif;\">Elecci\u00f3n de dos relatores y dos escrutadores.<\/span><\/a><\/li>\n<li><a href=\"https:\/\/organoscolegiados.anuies.mx\/asambleageneral\/wp-content\/uploads\/sites\/3\/2023\/06\/5-Lectura-y-aprobacion-en-su-caso-del-Acta-de-la-LXI-SO-y-del-acta-de-la-XXX-SE.pdf\" target=\"_blank\" rel=\"noopener\"><span style=\"font-family: helvetica, arial, sans-serif;\">Lectura y aprobaci\u00f3n, en su caso, del Acta de la LXI Sesi\u00f3n Ordinaria.<\/span><\/a><\/li>\n<li><a href=\"https:\/\/organoscolegiados.anuies.mx\/asambleageneral\/wp-content\/uploads\/sites\/3\/2023\/06\/6-Estrategia-para-la-construccion-de-una-cultura-de-paz-en-las-instituciones-de-educacion-superior-Fusionado-1.pdf\" target=\"_blank\" rel=\"noopener\"><span style=\"font-family: helvetica, arial, sans-serif;\">Estrategia para la construcci\u00f3n de una cultura de paz en las instituciones de educaci\u00f3n superior.<\/span><\/a><\/li>\n<li><a href=\"https:\/\/organoscolegiados.anuies.mx\/asambleageneral\/wp-content\/uploads\/sites\/3\/2023\/06\/7-Estrategia-para-el-fortalecimiento-institucional-orientada-a-enfrentar-la-problematica-relacionada-con-el-financiamiento-en-las-IES.pdf\" target=\"_blank\" rel=\"noopener\"><span style=\"font-family: helvetica, arial, sans-serif;\">Estrategia para el fortalecimiento institucional, orientada a enfrentar la problem\u00e1tica relacionada con el financiamiento en las instituciones de educaci\u00f3n superior.<\/span><\/a><\/li>\n<li><a href=\"https:\/\/organoscolegiados.anuies.mx\/asambleageneral\/wp-content\/uploads\/sites\/3\/2023\/06\/8-Propuesta-para-la-creacion-de-un-posgrado-interinstitucional-en-materia-de-ciencias-forenses.pdf\" target=\"_blank\" rel=\"noopener\"><span style=\"font-family: helvetica, arial, sans-serif;\">Propuesta para la creaci\u00f3n de un posgrado interinstitucional en materia de ciencias forenses.<\/span><\/a><\/li>\n<li><a href=\"https:\/\/organoscolegiados.anuies.mx\/asambleageneral\/wp-content\/uploads\/sites\/3\/2023\/06\/9-Lineamientos-del-Comite-Tecnico-del-Sistema-de-Evaluacion-y-Acreditacion-de-la-Educacion-Superior.pdf\" target=\"_blank\" rel=\"noopener\"><span style=\"font-family: helvetica, arial, sans-serif;\">Lineamientos del Comit\u00e9 T\u00e9cnico del Sistema de Evaluaci\u00f3n y Acreditaci\u00f3n de la Educaci\u00f3n Superior.<\/span><\/a><\/li>\n<li><span style=\"font-family: helvetica, arial, sans-serif;\">Agenda de cooperaci\u00f3n internacional.<\/span><\/li>\n<\/ol>\n<p style=\"padding-left: 80px;\"><span style=\"font-family: helvetica, arial, sans-serif;\">10.1. <a href=\"https:\/\/organoscolegiados.anuies.mx\/asambleageneral\/wp-content\/uploads\/sites\/3\/2023\/06\/10.1-Agenda-de-cooperacion-internacional.pdf\" target=\"_blank\" rel=\"noopener\">University Mobility in Asia and the Pacific: Una puerta para la colaboraci\u00f3n en Asia-Pac\u00edfico.<\/a><\/span><br \/>\n<span style=\"font-family: helvetica, arial, sans-serif;\">10.2. <a href=\"https:\/\/organoscolegiados.anuies.mx\/asambleageneral\/wp-content\/uploads\/sites\/3\/2023\/06\/10.2-Agenda-de-cooperacion-internacional.pdf\" target=\"_blank\" rel=\"noopener\">Relator\u00eda sobre lo acontecido en Espa\u00f1a y actividades de cooperaci\u00f3n venideras.<\/a><\/span><br \/>\n<span style=\"font-family: helvetica, arial, sans-serif;\">10.3. <a href=\"https:\/\/organoscolegiados.anuies.mx\/asambleageneral\/wp-content\/uploads\/sites\/3\/2023\/06\/10.3-Agenda-de-cooperacion-internacional.pdf\" target=\"_blank\" rel=\"noopener\">The Conversation: Plataforma mundial de divulgaci\u00f3n del conocimiento acad\u00e9mico y cient\u00edfico.<\/a><\/span><\/p>\n<ol start=\"11\">\n<li><a href=\"https:\/\/organoscolegiados.anuies.mx\/asambleageneral\/wp-content\/uploads\/sites\/3\/2023\/06\/11-Asuntos-generales.pdf\" target=\"_blank\" rel=\"noopener\"><span style=\"font-family: helvetica, arial, sans-serif;\">Asuntos generales.<\/span><\/a><\/li>\n<\/ol>\n<\/div>\n<\/div><\/div><\/div><\/div><div id=\"pg-857-1\"  class=\"panel-grid panel-no-style\" ><div id=\"pgc-857-1-0\"  class=\"panel-grid-cell\" ><div id=\"panel-857-1-0-0\" class=\"so-panel widget widget_sow-editor panel-first-child panel-last-child\" data-index=\"1\" ><div\n\t\t\t\n\t\t\tclass=\"so-widget-sow-editor so-widget-sow-editor-base\"\n\t\t\t\n\t\t>\n<div class=\"siteorigin-widget-tinymce textwidget\">\n\t<p style=\"text-align: center;\"><span style=\"font-family: helvetica, arial, sans-serif;\"><strong>Dr. Christian Jorge Torres Ortiz Zerme\u00f1o<\/strong><\/span><br \/>\n<span style=\"font-family: helvetica, arial, sans-serif;\">Rector de la Universidad de Colima<\/span><br \/>\n<span style=\"font-family: helvetica, arial, sans-serif;\"><strong>Presidente en turno<\/strong><\/span><\/p>\n<\/div>\n<\/div><\/div><\/div><div id=\"pgc-857-1-1\"  class=\"panel-grid-cell\" ><div id=\"panel-857-1-1-0\" class=\"so-panel widget widget_sow-editor panel-first-child panel-last-child\" data-index=\"2\" ><div\n\t\t\t\n\t\t\tclass=\"so-widget-sow-editor so-widget-sow-editor-base\"\n\t\t\t\n\t\t>\n<div class=\"siteorigin-widget-tinymce textwidget\">\n\t<p style=\"text-align: center;\"><span style=\"font-family: helvetica, arial, sans-serif;\"><strong>Dr. Luis Armando Gonz\u00e1lez Placencia<\/strong><\/span><br \/>\n<span style=\"font-family: helvetica, arial, sans-serif;\">Secretario General Ejecutivo<\/span><br \/>\n<span style=\"font-family: helvetica, arial, sans-serif;\"><strong>Secretario<\/strong><\/span><\/p>\n<\/div>\n<\/div><\/div><\/div><\/div><\/div>","protected":false},"excerpt":{"rendered":"<p>CONVOCATORIA Con fundamento en los art\u00edculos D\u00e9cimo Quinto, Trig\u00e9simo Primero y Trig\u00e9simo Tercero, fracci\u00f3n VI, del Estatuto de la Asociaci\u00f3n Nacional de Universidades e Instituciones de Educaci\u00f3n Superior de la &hellip; <\/p>\n","protected":false},"author":1,"featured_media":0,"parent":0,"menu_order":0,"comment_status":"closed","ping_status":"closed","template":"","meta":{"ngg_post_thumbnail":0,"footnotes":""},"class_list":["post-857","page","type-page","status-publish","hentry"],"_links":{"self":[{"href":"https:\/\/organoscolegiados.anuies.mx\/asambleageneral\/wp-json\/wp\/v2\/pages\/857","targetHints":{"allow":["GET"]}}],"collection":[{"href":"https:\/\/organoscolegiados.anuies.mx\/asambleageneral\/wp-json\/wp\/v2\/pages"}],"about":[{"href":"https:\/\/organoscolegiados.anuies.mx\/asambleageneral\/wp-json\/wp\/v2\/types\/page"}],"author":[{"embeddable":true,"href":"https:\/\/organoscolegiados.anuies.mx\/asambleageneral\/wp-json\/wp\/v2\/users\/1"}],"replies":[{"embeddable":true,"href":"https:\/\/organoscolegiados.anuies.mx\/asambleageneral\/wp-json\/wp\/v2\/comments?post=857"}],"version-history":[{"count":13,"href":"https:\/\/organoscolegiados.anuies.mx\/asambleageneral\/wp-json\/wp\/v2\/pages\/857\/revisions"}],"predecessor-version":[{"id":954,"href":"https:\/\/organoscolegiados.anuies.mx\/asambleageneral\/wp-json\/wp\/v2\/pages\/857\/revisions\/954"}],"wp:attachment":[{"href":"https:\/\/organoscolegiados.anuies.mx\/asambleageneral\/wp-json\/wp\/v2\/media?parent=857"}],"curies":[{"name":"wp","href":"https:\/\/api.w.org\/{rel}","templated":true}]}}