{"id":985,"date":"2024-05-16T22:50:43","date_gmt":"2024-05-16T20:50:43","guid":{"rendered":"https:\/\/organoscolegiados.anuies.mx\/asambleageneral\/?page_id=985"},"modified":"2024-08-02T17:38:39","modified_gmt":"2024-08-02T15:38:39","slug":"aglxiv","status":"publish","type":"page","link":"https:\/\/organoscolegiados.anuies.mx\/asambleageneral\/aglxiv\/","title":{"rendered":"LXIV Sesi\u00f3n ordinaria de la Asamblea General 14 junio"},"content":{"rendered":"<div id=\"pl-985\"  class=\"panel-layout\" ><div id=\"pg-985-0\"  class=\"panel-grid panel-no-style\" ><div id=\"pgc-985-0-0\"  class=\"panel-grid-cell\" ><div id=\"panel-985-0-0-0\" class=\"so-panel widget widget_sow-editor panel-first-child panel-last-child\" data-index=\"0\" ><div\n\t\t\t\n\t\t\tclass=\"so-widget-sow-editor so-widget-sow-editor-base\"\n\t\t\t\n\t\t>\n<div class=\"siteorigin-widget-tinymce textwidget\">\n\t<h5 align=\"center\">&nbsp;<\/h5>\n<h5 align=\"center\"><img loading=\"lazy\" decoding=\"async\" class=\"aligncenter wp-image-986\" src=\"https:\/\/organoscolegiados.anuies.mx\/asambleageneral\/wp-content\/uploads\/sites\/3\/2024\/05\/CABECERA.png\" alt=\"\" width=\"1370\" height=\"158\" srcset=\"https:\/\/organoscolegiados.anuies.mx\/asambleageneral\/wp-content\/uploads\/sites\/3\/2024\/05\/CABECERA.png 1366w, https:\/\/organoscolegiados.anuies.mx\/asambleageneral\/wp-content\/uploads\/sites\/3\/2024\/05\/CABECERA-300x35.png 300w, https:\/\/organoscolegiados.anuies.mx\/asambleageneral\/wp-content\/uploads\/sites\/3\/2024\/05\/CABECERA-1024x118.png 1024w, https:\/\/organoscolegiados.anuies.mx\/asambleageneral\/wp-content\/uploads\/sites\/3\/2024\/05\/CABECERA-768x89.png 768w\" sizes=\"auto, (max-width: 1370px) 100vw, 1370px\" \/><\/h5>\n<p style=\"text-align: center;\"><strong><span style=\"font-family: helvetica, arial, sans-serif; font-size: 14pt;\">CONVOCATORIA<\/span><\/strong><br \/>\n<strong><span style=\"font-family: helvetica, arial, sans-serif; font-size: 14pt;\">LXIV SESI\u00d3N ORDINARIA DE LA ASAMBLEA GENERAL<\/span><\/strong><\/p>\n<p style=\"text-align: justify;\" align=\"center\"><span style=\"font-family: helvetica, arial, sans-serif; font-size: 14pt;\">Con fundamento en los art\u00edculos D\u00e9cimo Quinto, Trig\u00e9simo Primero y Trig\u00e9simo Tercero, fracci\u00f3n VI, del Estatuto de la <\/span><span style=\"font-family: helvetica, arial, sans-serif; font-size: 14pt;\">Asociaci\u00f3n Nacional de Universidades e Instituciones de Educaci\u00f3n Superior de la Rep\u00fablica Mexicana, A.C. (ANUIES), <\/span><span style=\"font-family: helvetica, arial, sans-serif; font-size: 14pt;\">convocamos a las y los titulares de las instituciones que integran la Asamblea General a la LXIV Sesi\u00f3n Ordinaria que se <\/span><span style=\"font-family: helvetica, arial, sans-serif; font-size: 14pt;\">efectuar\u00e1 en modalidad presencial, en la Universidad Veracruzana (Sala anexa de Tlaqn\u00e1 del Campus para la Cultura, <\/span><span style=\"font-family: helvetica, arial, sans-serif; font-size: 14pt;\">las Artes y el Deporte), ubicada en Av. Cultura Veracruzana, S\/N, Zona Universitaria, C.P. 91090, Xalapa, Veracruz, <\/span><span style=\"font-family: helvetica, arial, sans-serif; font-size: 14pt;\">M\u00e9xico, a las 10:30 horas del 14 de junio de 2024, con el siguiente:<\/span><\/p>\n<p style=\"text-align: center;\" align=\"center\"><strong><span style=\"font-family: helvetica, arial, sans-serif; font-size: 14pt;\">ORDEN DEL D\u00cdA<\/span><\/strong><\/p>\n<p style=\"text-align: left;\" align=\"center\"><a href=\"https:\/\/organoscolegiados.anuies.mx\/asambleageneral\/wp-content\/uploads\/sites\/3\/2024\/05\/1-Lista-de-asistencia-y-verificacion-del-quorum-1.pdf\" target=\"_blank\" rel=\"noopener\"><span style=\"font-family: helvetica, arial, sans-serif; font-size: 14pt;\">1. <\/span><span style=\"font-family: helvetica, arial, sans-serif; font-size: 14pt;\">Lista de asistencia y verificaci\u00f3n del <em>quorum<\/em>.<\/span><\/a><br \/>\n<a href=\"https:\/\/organoscolegiados.anuies.mx\/asambleageneral\/wp-content\/uploads\/sites\/3\/2024\/05\/2-Aprobacion-del-Orden-del-Dia-1.pdf\" target=\"_blank\" rel=\"noopener\"><span style=\"font-family: helvetica, arial, sans-serif; font-size: 14pt;\">2. <\/span><span style=\"font-family: helvetica, arial, sans-serif; font-size: 14pt;\">Aprobaci\u00f3n del Orden del D\u00eda.<\/span><\/a><br \/>\n<a href=\"https:\/\/organoscolegiados.anuies.mx\/asambleageneral\/wp-content\/uploads\/sites\/3\/2024\/05\/3-Nombramiento-del-Vicepresidente-de-la-Sesion-1.pdf\" target=\"_blank\" rel=\"noopener\"><span style=\"font-family: helvetica, arial, sans-serif; font-size: 14pt;\">3. <\/span><span style=\"font-family: helvetica, arial, sans-serif; font-size: 14pt;\">Nombramiento del Vicepresidente de la Sesi\u00f3n.<\/span><\/a><br \/>\n<a href=\"https:\/\/organoscolegiados.anuies.mx\/asambleageneral\/wp-content\/uploads\/sites\/3\/2024\/05\/4-Eleccion-de-dos-relatores-y-dos-escrutadores-1.pdf\" target=\"_blank\" rel=\"noopener\"><span style=\"font-family: helvetica, arial, sans-serif; font-size: 14pt;\">4. <\/span><span style=\"font-family: helvetica, arial, sans-serif; font-size: 14pt;\">Elecci\u00f3n de dos relatores y dos escrutadores.<\/span><\/a><br \/>\n<a href=\"https:\/\/organoscolegiados.anuies.mx\/asambleageneral\/wp-content\/uploads\/sites\/3\/2024\/05\/5-Lectura-y-aprobacion-en-su-caso-del-Acta-de-la-LXIII-Sesion-Ordinaria.pdf\" target=\"_blank\" rel=\"noopener\"><span style=\"font-family: helvetica, arial, sans-serif; font-size: 14pt;\">5. <\/span><span style=\"font-family: helvetica, arial, sans-serif; font-size: 14pt;\">Lectura y aprobaci\u00f3n, en su caso, del Acta de la LXIII Sesi\u00f3n Ordinaria.<\/span><\/a><br \/>\n<a href=\"https:\/\/organoscolegiados.anuies.mx\/asambleageneral\/wp-content\/uploads\/sites\/3\/2024\/06\/6-Analisis-del-presupuesto-2025-para-la-educacion-superior-vf.pdf\" target=\"_blank\" rel=\"noopener\"><span style=\"font-family: helvetica, arial, sans-serif; font-size: 14pt;\">6. <\/span><span style=\"font-family: helvetica, arial, sans-serif; font-size: 14pt;\">An\u00e1lisis del presupuesto 2025 para la educaci\u00f3n superior.<\/span><\/a><br \/>\n<a href=\"https:\/\/organoscolegiados.anuies.mx\/asambleageneral\/wp-content\/uploads\/sites\/3\/2024\/05\/7-Avances-en-la-reforma-del-Estatuto-de-la-ANUIES.pdf\" target=\"_blank\" rel=\"noopener\"><span style=\"font-family: helvetica, arial, sans-serif; font-size: 14pt;\">7. <\/span><span style=\"font-family: helvetica, arial, sans-serif; font-size: 14pt;\">Avances en la reforma del Estatuto de la ANUIES.<\/span><\/a><br \/>\n<a href=\"https:\/\/organoscolegiados.anuies.mx\/asambleageneral\/wp-content\/uploads\/sites\/3\/2024\/05\/8-Plan-de-apoyos-para-la-poblacion-estudiantil-en-condiciones-de-vulnerabilidad-de-la-Universidad-Veracruzana.pdf\" target=\"_blank\" rel=\"noopener\"><span style=\"font-family: helvetica, arial, sans-serif; font-size: 14pt;\">8. <\/span><span style=\"font-family: helvetica, arial, sans-serif; font-size: 14pt;\">Plan de apoyos para la poblaci\u00f3n estudiantil en condiciones de vulnerabilidad de la Universidad Veracruzana.<\/span><\/a><br \/>\n<a href=\"https:\/\/organoscolegiados.anuies.mx\/asambleageneral\/wp-content\/uploads\/sites\/3\/2024\/05\/9-Avances-del-Sistema-de-Evaluacion-y-Acreditacion.y-Convocatoria-de-autoevaluacion-institucional-2024.pdf\" target=\"_blank\" rel=\"noopener\"><span style=\"font-family: helvetica, arial, sans-serif; font-size: 14pt;\">9. <\/span><span style=\"font-family: helvetica, arial, sans-serif; font-size: 14pt;\">Avances del Sistema de Evaluaci\u00f3n y Acreditaci\u00f3n de la Educaci\u00f3n Superior: Laboratorios de coevaluaci\u00f3n; <\/span><span style=\"font-family: helvetica, arial, sans-serif; font-size: 14pt;\">Evaluaci\u00f3n de sistemas estatales, y Convocatoria de autoevaluaci\u00f3n institucional 2024.<\/span><\/a><br \/>\n<a href=\"https:\/\/organoscolegiados.anuies.mx\/asambleageneral\/wp-content\/uploads\/sites\/3\/2024\/05\/10-Agenda-Iberoamericana-en-la-educacion-superior.pdf\" target=\"_blank\" rel=\"noopener\"><span style=\"font-family: helvetica, arial, sans-serif; font-size: 14pt;\">10. <\/span><span style=\"font-family: helvetica, arial, sans-serif; font-size: 14pt;\">Agenda Iberoamericana en la educaci\u00f3n superior.<\/span><\/a><br \/>\n<a href=\"https:\/\/organoscolegiados.anuies.mx\/asambleageneral\/wp-content\/uploads\/sites\/3\/2024\/05\/11-Laboratorio-de-inteligencia-artificial-y-neurociencia-en-el-Centro-de-Capacitacion-ANUIES-Valle-de-Bravo.pdf\" target=\"_blank\" rel=\"noopener\"><span style=\"font-family: helvetica, arial, sans-serif; font-size: 14pt;\">11. <\/span><span style=\"font-family: helvetica, arial, sans-serif; font-size: 14pt;\">Laboratorio de inteligencia artificial y neurociencia en el Centro de Capacitaci\u00f3n ANUIES Valle de Bravo.<\/span><\/a><br \/>\n<span style=\"font-family: helvetica, arial, sans-serif; font-size: 14pt;\">12. <\/span><a href=\"https:\/\/organoscolegiados.anuies.mx\/asambleageneral\/wp-content\/uploads\/sites\/3\/2024\/06\/12-Actualizacion-del-Manual-de-Seguridad-vf.pdf\" target=\"_blank\" rel=\"noopener\"><span style=\"font-family: helvetica, arial, sans-serif; font-size: 14pt;\">Actualizaci\u00f3n del <em>Manual de Seguridad para Instituciones de Educaci\u00f3n Superior<\/em>. Estrategias para la&nbsp;<\/span><span style=\"font-family: helvetica, arial, sans-serif; font-size: 14pt;\">prevenci\u00f3n y atenci\u00f3n.<\/span><\/a><br \/>\n<a href=\"https:\/\/organoscolegiados.anuies.mx\/asambleageneral\/wp-content\/uploads\/sites\/3\/2024\/05\/13-Asuntos-generales.pdf\" target=\"_blank\" rel=\"noopener\"><span style=\"font-family: helvetica, arial, sans-serif; font-size: 14pt;\">13. <\/span><span style=\"font-family: helvetica, arial, sans-serif; font-size: 14pt;\">Asuntos generales.<\/span><\/a><\/p>\n<\/div>\n<\/div><\/div><\/div><\/div><div id=\"pg-985-1\"  class=\"panel-grid panel-no-style\" ><div id=\"pgc-985-1-0\"  class=\"panel-grid-cell\" ><div id=\"panel-985-1-0-0\" class=\"so-panel widget widget_sow-editor panel-first-child panel-last-child\" data-index=\"1\" ><div\n\t\t\t\n\t\t\tclass=\"so-widget-sow-editor so-widget-sow-editor-base\"\n\t\t\t\n\t\t>\n<div class=\"siteorigin-widget-tinymce textwidget\">\n\t<p style=\"text-align: center;\"><span style=\"font-size: 14pt; font-family: helvetica, arial, sans-serif;\"><strong>Dr. Mart\u00edn Gerardo Aguilar S\u00e1nchez<\/strong><\/span><br \/>\n<span style=\"font-size: 14pt; font-family: helvetica, arial, sans-serif;\">Rector de la Universidad Veracruzana<\/span><br \/>\n<span style=\"font-size: 14pt; font-family: helvetica, arial, sans-serif;\"><strong>Presidente en turno<\/strong><\/span><\/p>\n<\/div>\n<\/div><\/div><\/div><div id=\"pgc-985-1-1\"  class=\"panel-grid-cell\" ><div id=\"panel-985-1-1-0\" class=\"so-panel widget widget_sow-editor panel-first-child panel-last-child\" data-index=\"2\" ><div\n\t\t\t\n\t\t\tclass=\"so-widget-sow-editor so-widget-sow-editor-base\"\n\t\t\t\n\t\t>\n<div class=\"siteorigin-widget-tinymce textwidget\">\n\t<p style=\"text-align: center;\"><span style=\"font-size: 14pt; font-family: helvetica, arial, sans-serif;\"><strong>Dr. Luis Armando Gonz\u00e1lez Placencia<\/strong><\/span><br \/>\n<span style=\"font-size: 14pt; font-family: helvetica, arial, sans-serif;\">Secretario General Ejecutivo<\/span><br \/>\n<span style=\"font-size: 14pt; font-family: helvetica, arial, sans-serif;\"><strong>Secretario<\/strong><\/span><\/p>\n<\/div>\n<\/div><\/div><\/div><\/div><\/div>","protected":false},"excerpt":{"rendered":"<p>&nbsp; CONVOCATORIA LXIV SESI\u00d3N ORDINARIA DE LA ASAMBLEA GENERAL Con fundamento en los art\u00edculos D\u00e9cimo Quinto, Trig\u00e9simo Primero y Trig\u00e9simo Tercero, fracci\u00f3n VI, del Estatuto de la Asociaci\u00f3n Nacional de &hellip; <\/p>\n","protected":false},"author":1,"featured_media":0,"parent":0,"menu_order":0,"comment_status":"closed","ping_status":"closed","template":"","meta":{"ngg_post_thumbnail":0,"footnotes":""},"class_list":["post-985","page","type-page","status-publish","hentry"],"_links":{"self":[{"href":"https:\/\/organoscolegiados.anuies.mx\/asambleageneral\/wp-json\/wp\/v2\/pages\/985","targetHints":{"allow":["GET"]}}],"collection":[{"href":"https:\/\/organoscolegiados.anuies.mx\/asambleageneral\/wp-json\/wp\/v2\/pages"}],"about":[{"href":"https:\/\/organoscolegiados.anuies.mx\/asambleageneral\/wp-json\/wp\/v2\/types\/page"}],"author":[{"embeddable":true,"href":"https:\/\/organoscolegiados.anuies.mx\/asambleageneral\/wp-json\/wp\/v2\/users\/1"}],"replies":[{"embeddable":true,"href":"https:\/\/organoscolegiados.anuies.mx\/asambleageneral\/wp-json\/wp\/v2\/comments?post=985"}],"version-history":[{"count":18,"href":"https:\/\/organoscolegiados.anuies.mx\/asambleageneral\/wp-json\/wp\/v2\/pages\/985\/revisions"}],"predecessor-version":[{"id":1065,"href":"https:\/\/organoscolegiados.anuies.mx\/asambleageneral\/wp-json\/wp\/v2\/pages\/985\/revisions\/1065"}],"wp:attachment":[{"href":"https:\/\/organoscolegiados.anuies.mx\/asambleageneral\/wp-json\/wp\/v2\/media?parent=985"}],"curies":[{"name":"wp","href":"https:\/\/api.w.org\/{rel}","templated":true}]}}