{"id":1083,"date":"2025-08-05T17:02:06","date_gmt":"2025-08-05T15:02:06","guid":{"rendered":"https:\/\/organoscolegiados.anuies.mx\/citia\/?page_id=1083"},"modified":"2025-09-09T19:33:32","modified_gmt":"2025-09-09T17:33:32","slug":"citiaxvi","status":"publish","type":"page","link":"https:\/\/organoscolegiados.anuies.mx\/citia\/citiaxvi\/","title":{"rendered":"CITIA XVI"},"content":{"rendered":"<div id=\"pl-1083\"  class=\"panel-layout\" ><div id=\"pg-1083-0\"  class=\"panel-grid panel-no-style\" ><div id=\"pgc-1083-0-0\"  class=\"panel-grid-cell\" ><div id=\"panel-1083-0-0-0\" class=\"so-panel widget widget_sow-editor panel-first-child panel-last-child\" data-index=\"0\" ><div\n\t\t\t\n\t\t\tclass=\"so-widget-sow-editor so-widget-sow-editor-base\"\n\t\t\t\n\t\t>\n<div class=\"siteorigin-widget-tinymce textwidget\">\n\t<p>&nbsp;<\/p>\n<p style=\"text-align: justify;\" align=\"center\"><span style=\"font-family: helvetica, arial, sans-serif; font-size: 14pt;\"><img loading=\"lazy\" decoding=\"async\" class=\"aligncenter size-full wp-image-1084\" src=\"https:\/\/organoscolegiados.anuies.mx\/citia\/wp-content\/uploads\/sites\/7\/2025\/08\/CABECERA.png\" alt=\"\" width=\"1552\" height=\"264\" srcset=\"https:\/\/organoscolegiados.anuies.mx\/citia\/wp-content\/uploads\/sites\/7\/2025\/08\/CABECERA.png 1552w, https:\/\/organoscolegiados.anuies.mx\/citia\/wp-content\/uploads\/sites\/7\/2025\/08\/CABECERA-300x51.png 300w, https:\/\/organoscolegiados.anuies.mx\/citia\/wp-content\/uploads\/sites\/7\/2025\/08\/CABECERA-1024x174.png 1024w, https:\/\/organoscolegiados.anuies.mx\/citia\/wp-content\/uploads\/sites\/7\/2025\/08\/CABECERA-768x131.png 768w, https:\/\/organoscolegiados.anuies.mx\/citia\/wp-content\/uploads\/sites\/7\/2025\/08\/CABECERA-1536x261.png 1536w\" sizes=\"auto, (max-width: 1552px) 100vw, 1552px\" \/><\/span><\/p>\n<p style=\"text-align: center;\"><strong><span style=\"font-family: helvetica, arial, sans-serif; font-size: 14pt;\">CONVOCATORIA<\/span><\/strong><\/p>\n<p style=\"text-align: justify;\"><span style=\"font-family: helvetica, arial, sans-serif; font-size: 14pt;\">Con fundamento en los art\u00edculos Trig\u00e9simo, Trig\u00e9simo Primero y Trig\u00e9simo Tercero, fracci\u00f3n VI, del Estatuto de la Asociaci\u00f3n Nacional de Universidades e Instituciones de Educaci\u00f3n Superior de la Rep\u00fablica Mexicana, A.C. (ANUIES), convocamos a las y los titulares de las instituciones que integran el Consejo de Institutos Tecnol\u00f3gicos e Instituciones Afines (CITIA), a la XVI Sesi\u00f3n Ordinaria que se efectuar\u00e1 en modalidad presencial, en el Instituto Tecnol\u00f3gico de Morelia, ubicado en Avenida Tecnol\u00f3gico N\u00fam.1500, Col. Lomas de Santiaguito, C.P. 58120, Municipio Morelia, Michoac\u00e1n, a las 11:00 horas del viernes 05 de septiembre de 2025, con el siguiente:<\/span><\/p>\n<p style=\"text-align: center;\"><strong><span style=\"font-family: helvetica, arial, sans-serif; font-size: 14pt;\">ORDEN DEL D\u00cdA<\/span><\/strong><\/p>\n<p style=\"padding-left: 80px;\"><span style=\"font-family: helvetica, arial, sans-serif; font-size: 14pt;\">1. <a href=\"https:\/\/organoscolegiados.anuies.mx\/citia\/wp-content\/uploads\/sites\/7\/2025\/08\/1-Lista-de-asistencia-y-verificacion-del-quorum.pdf\" target=\"_blank\" rel=\"noopener\">Lista de asistencia y verificaci\u00f3n del <em>quorum<\/em><\/a>.<\/span><br \/>\n<span style=\"font-family: helvetica, arial, sans-serif; font-size: 14pt;\">2. <a href=\"https:\/\/organoscolegiados.anuies.mx\/citia\/wp-content\/uploads\/sites\/7\/2025\/08\/2-Aprobacion-del-Orden-del-Dia.pdf\" target=\"_blank\" rel=\"noopener\">Aprobaci\u00f3n del Orden del D\u00eda.<\/a><\/span><br \/>\n<span style=\"font-family: helvetica, arial, sans-serif; font-size: 14pt;\">3. <a href=\"https:\/\/organoscolegiados.anuies.mx\/citia\/wp-content\/uploads\/sites\/7\/2025\/08\/3-Nombramiento-del-Vicepresidente-de-la-Sesion.pdf\" target=\"_blank\" rel=\"noopener\">Nombramiento del Vicepresidente de la Sesi\u00f3n.<\/a><\/span><br \/>\n<span style=\"font-family: helvetica, arial, sans-serif; font-size: 14pt;\">4. <a href=\"https:\/\/organoscolegiados.anuies.mx\/citia\/wp-content\/uploads\/sites\/7\/2025\/08\/4-Lectura-y-aprobacion-en-su-caso-del-Acta-de-la-XV-Sesion-Ordinaria.pdf\" target=\"_blank\" rel=\"noopener\">Lectura y aprobaci\u00f3n, en su caso, del Acta de la XV Sesi\u00f3n Ordinaria.<\/a><\/span><br \/>\n<span style=\"font-family: helvetica, arial, sans-serif; font-size: 14pt;\">5. <a href=\"https:\/\/organoscolegiados.anuies.mx\/citia\/wp-content\/uploads\/sites\/7\/2025\/09\/5-portada.pdf\" target=\"_blank\" rel=\"noopener\">Informe y desarrollo de la reuni\u00f3n de Comisiones Nacionales.<\/a><\/span><br \/>\n<span style=\"font-family: helvetica, arial, sans-serif; font-size: 14pt;\">&nbsp; &nbsp; &nbsp; &nbsp; \u2022 <a href=\"https:\/\/organoscolegiados.anuies.mx\/citia\/wp-content\/uploads\/sites\/7\/2025\/09\/5.1-f.pdf\" target=\"_blank\" rel=\"noopener\">Comisi\u00f3n 1. Educaci\u00f3n Dual.<\/a><\/span><br \/>\n<span style=\"font-family: helvetica, arial, sans-serif; font-size: 14pt;\">&nbsp; &nbsp; &nbsp; &nbsp; \u2022 <a href=\"https:\/\/organoscolegiados.anuies.mx\/citia\/wp-content\/uploads\/sites\/7\/2025\/09\/5.2-f.pdf\" target=\"_blank\" rel=\"noopener\">Comisi\u00f3n 2. Desarrollo Tecnol\u00f3gico.<\/a><\/span><br \/>\n<span style=\"font-family: helvetica, arial, sans-serif; font-size: 14pt;\">&nbsp; &nbsp; &nbsp; &nbsp; \u2022 <a href=\"https:\/\/organoscolegiados.anuies.mx\/citia\/wp-content\/uploads\/sites\/7\/2025\/09\/5.3-f.pdf\" target=\"_blank\" rel=\"noopener\">Comisi\u00f3n 3. Semiconductores.<\/a><\/span><br \/>\n<span style=\"font-family: helvetica, arial, sans-serif; font-size: 14pt;\">6.<a href=\"https:\/\/organoscolegiados.anuies.mx\/citia\/wp-content\/uploads\/sites\/7\/2025\/09\/6-portada.pdf\" target=\"_blank\" rel=\"noopener\"> Entrega de avances de las seis Comisiones del CITIA.<\/a><\/span><br \/>\n<span style=\"font-family: helvetica, arial, sans-serif; font-size: 14pt;\">&nbsp; &nbsp; &nbsp; &nbsp; \u2022 <a href=\"https:\/\/drive.google.com\/file\/d\/1EPAP-Kt3FeD05JzMLqTjaQ-KiP-qzMac\/view?usp=sharing\" target=\"_blank\" rel=\"noopener\">Diplomado en Liderazgo Directivo Humanista para la Justicia Social.<\/a><\/span><br \/>\n<span style=\"font-family: helvetica, arial, sans-serif; font-size: 14pt;\">&nbsp; &nbsp; &nbsp; &nbsp; \u2022 <a href=\"https:\/\/drive.google.com\/file\/d\/1bELklqQGSmyjIvs0BW-U3L8Cb-lz8YHV\/view?usp=sharing\" target=\"_blank\" rel=\"noopener\">Diplomado de Tutor\u00eda para la reducci\u00f3n del rezago educativo en Educaci\u00f3n Superior.<\/a><\/span><br \/>\n<span style=\"font-family: helvetica, arial, sans-serif; font-size: 14pt;\">&nbsp; &nbsp; &nbsp; &nbsp; \u2022 <a href=\"https:\/\/drive.google.com\/file\/d\/1TXY3VH4Rf9i0Kn70S2hqHTaSvoNy-Znw\/view?usp=sharing\" target=\"_blank\" rel=\"noopener\">Programa para Articular el Nivel Medio Superior y el Tecnol\u00f3gico Nacional de M\u00e9xico.<\/a><\/span><br \/>\n<span style=\"font-family: helvetica, arial, sans-serif; font-size: 14pt;\">&nbsp; &nbsp; &nbsp; &nbsp; \u2022 <a href=\"https:\/\/drive.google.com\/file\/d\/1Bd35NTLSeY6hXpeaeU0rdvRIBavS2lv-\/view?usp=sharing\" target=\"_blank\" rel=\"noopener\">Modelo de Movilidad Internacional y\/o Doble Titulaci\u00f3n del TecNM.<\/a><\/span><br \/>\n<span style=\"font-family: helvetica, arial, sans-serif; font-size: 14pt;\">&nbsp; &nbsp; &nbsp; &nbsp; \u2022 <a href=\"https:\/\/drive.google.com\/file\/d\/1hy_PnfnFaDZWOWeSxOmyx6L8ONYrmkBC\/view?usp=sharing\" target=\"_blank\" rel=\"noopener\">Modelo gu\u00eda para la realizaci\u00f3n de la Autoevaluaci\u00f3n del SEAES y del Plan de Mejora Continua.<\/a><\/span><br \/>\n<span style=\"font-family: helvetica, arial, sans-serif; font-size: 14pt;\">&nbsp; &nbsp; &nbsp; &nbsp; \u2022 <a href=\"https:\/\/drive.google.com\/file\/d\/1os-MNaX1eoL4wy3wyQTen8pDroWH0pYj\/view?usp=sharing\" target=\"_blank\" rel=\"noopener\">Diplomado de Cultura de Paz en el TecNM<\/a>.<\/span><br \/>\n<span style=\"font-family: helvetica, arial, sans-serif; font-size: 14pt;\">7. <a href=\"https:\/\/organoscolegiados.anuies.mx\/citia\/wp-content\/uploads\/sites\/7\/2025\/09\/7-portada-y-ppt.pdf\" target=\"_blank\" rel=\"noopener\">Conferencia \u201cInteligencia Artificial\u201d en la Educaci\u00f3n Superior Tecnol\u00f3gica.<\/a><\/span><br \/>\n<span style=\"font-family: helvetica, arial, sans-serif; font-size: 14pt;\">8. <a href=\"https:\/\/organoscolegiados.anuies.mx\/citia\/wp-content\/uploads\/sites\/7\/2025\/09\/8-portada-f.pdf\" target=\"_blank\" rel=\"noopener\">Presentaci\u00f3n del segundo Diplomado de Inteligencia Artificial&nbsp;y Diplomado en Dise\u00f1o de Semiconductores.<\/a><\/span><br \/>\n<span style=\"font-family: helvetica, arial, sans-serif; font-size: 14pt;\">Video: <em><a href=\"https:\/\/youtu.be\/GoHZBihRn2c\" target=\"_blank\" rel=\"noopener\">segundo Diplomado de Inteligencia Artificial<\/a><\/em><\/span><br \/>\n<span style=\"font-family: helvetica, arial, sans-serif; font-size: 14pt;\">Video: <em><a href=\"https:\/\/youtu.be\/zZP-oCxe2E4\" target=\"_blank\" rel=\"noopener\">Diplomado en Dise\u00f1o de Semiconductores<\/a><\/em><\/span><br \/>\n<span style=\"font-family: helvetica, arial, sans-serif; font-size: 14pt;\">9. <a href=\"https:\/\/organoscolegiados.anuies.mx\/citia\/wp-content\/uploads\/sites\/7\/2025\/08\/9-Avances-en-la-instrumentacion-del-SEAES-1.pdf\" target=\"_blank\" rel=\"noopener\">Avances en la instrumentaci\u00f3n del Sistema de Evaluaci\u00f3n y Acreditaci\u00f3n de la Educaci\u00f3n Superior.<\/a><\/span><br \/>\n<span style=\"font-family: helvetica, arial, sans-serif; font-size: 14pt;\">10. <a href=\"https:\/\/organoscolegiados.anuies.mx\/citia\/wp-content\/uploads\/sites\/7\/2025\/08\/10-Asuntos-generales.pdf\" target=\"_blank\" rel=\"noopener\">Asuntos generales.<\/a><\/span><\/p>\n<\/div>\n<\/div><\/div><\/div><\/div><div id=\"pg-1083-1\"  class=\"panel-grid panel-no-style\" ><div id=\"pgc-1083-1-0\"  class=\"panel-grid-cell\" ><div id=\"panel-1083-1-0-0\" class=\"so-panel widget widget_sow-editor panel-first-child panel-last-child\" data-index=\"1\" ><div\n\t\t\t\n\t\t\tclass=\"so-widget-sow-editor so-widget-sow-editor-base\"\n\t\t\t\n\t\t><h3 class=\"widget-title\">La sesi\u00f3n en im\u00e1genes<\/h3>\n<div class=\"siteorigin-widget-tinymce textwidget\">\n\tngg_shortcode_0_placeholder\n<\/div>\n<\/div><\/div><\/div><\/div><div id=\"pg-1083-2\"  class=\"panel-grid panel-no-style\" ><div id=\"pgc-1083-2-0\"  class=\"panel-grid-cell\" ><div id=\"panel-1083-2-0-0\" class=\"so-panel widget widget_sow-editor panel-first-child panel-last-child\" data-index=\"2\" ><div\n\t\t\t\n\t\t\tclass=\"so-widget-sow-editor so-widget-sow-editor-base\"\n\t\t\t\n\t\t>\n<div class=\"siteorigin-widget-tinymce textwidget\">\n\t<p style=\"text-align: center;\"><span style=\"font-size: 14pt;\"><strong><span style=\"font-family: helvetica, arial, sans-serif;\">Dra. Patricia Calder\u00f3n Campos<\/span><\/strong><\/span><br \/>\n<span style=\"font-family: helvetica, arial, sans-serif; font-size: 14pt;\">Directora del Instituto Tecnol\u00f3gico de Morelia<\/span><br \/>\n<span style=\"font-family: helvetica, arial, sans-serif; font-size: 14pt;\">Presidenta en turno<\/span><\/p>\n<\/div>\n<\/div><\/div><\/div><div id=\"pgc-1083-2-1\"  class=\"panel-grid-cell\" ><div id=\"panel-1083-2-1-0\" class=\"so-panel widget widget_sow-editor panel-first-child panel-last-child\" data-index=\"3\" ><div\n\t\t\t\n\t\t\tclass=\"so-widget-sow-editor so-widget-sow-editor-base\"\n\t\t\t\n\t\t>\n<div class=\"siteorigin-widget-tinymce textwidget\">\n\t<p style=\"text-align: center;\"><strong><span style=\"font-family: helvetica, arial, sans-serif; font-size: 14pt;\">Dr. Luis Armando Gonz\u00e1lez Placencia<\/span><\/strong><br \/>\n<span style=\"font-family: helvetica, arial, sans-serif; font-size: 14pt;\">Secretario General Ejecutivo<\/span><br \/>\n<span style=\"font-family: helvetica, arial, sans-serif; font-size: 14pt;\">Secretario<\/span><\/p>\n<\/div>\n<\/div><\/div><\/div><\/div><\/div>","protected":false},"excerpt":{"rendered":"<p>&nbsp; CONVOCATORIA Con fundamento en los art\u00edculos Trig\u00e9simo, Trig\u00e9simo Primero y Trig\u00e9simo Tercero, fracci\u00f3n VI, del Estatuto de la Asociaci\u00f3n Nacional de Universidades e Instituciones de Educaci\u00f3n Superior de la &hellip; <\/p>\n","protected":false},"author":1,"featured_media":0,"parent":0,"menu_order":0,"comment_status":"closed","ping_status":"closed","template":"","meta":{"ngg_post_thumbnail":0,"footnotes":""},"class_list":["post-1083","page","type-page","status-publish","hentry"],"_links":{"self":[{"href":"https:\/\/organoscolegiados.anuies.mx\/citia\/wp-json\/wp\/v2\/pages\/1083","targetHints":{"allow":["GET"]}}],"collection":[{"href":"https:\/\/organoscolegiados.anuies.mx\/citia\/wp-json\/wp\/v2\/pages"}],"about":[{"href":"https:\/\/organoscolegiados.anuies.mx\/citia\/wp-json\/wp\/v2\/types\/page"}],"author":[{"embeddable":true,"href":"https:\/\/organoscolegiados.anuies.mx\/citia\/wp-json\/wp\/v2\/users\/1"}],"replies":[{"embeddable":true,"href":"https:\/\/organoscolegiados.anuies.mx\/citia\/wp-json\/wp\/v2\/comments?post=1083"}],"version-history":[{"count":23,"href":"https:\/\/organoscolegiados.anuies.mx\/citia\/wp-json\/wp\/v2\/pages\/1083\/revisions"}],"predecessor-version":[{"id":1211,"href":"https:\/\/organoscolegiados.anuies.mx\/citia\/wp-json\/wp\/v2\/pages\/1083\/revisions\/1211"}],"wp:attachment":[{"href":"https:\/\/organoscolegiados.anuies.mx\/citia\/wp-json\/wp\/v2\/media?parent=1083"}],"curies":[{"name":"wp","href":"https:\/\/api.w.org\/{rel}","templated":true}]}}