{"id":572,"date":"2019-11-28T20:54:21","date_gmt":"2019-11-28T19:54:21","guid":{"rendered":"https:\/\/organoscolegiados.anuies.mx\/citia\/?page_id=572"},"modified":"2022-12-15T17:51:13","modified_gmt":"2022-12-15T16:51:13","slug":"vi-citia","status":"publish","type":"page","link":"https:\/\/organoscolegiados.anuies.mx\/citia\/vi-citia\/","title":{"rendered":""},"content":{"rendered":"<div id=\"pl-572\"  class=\"panel-layout\" ><div id=\"pg-572-0\"  class=\"panel-grid panel-no-style\" ><div id=\"pgc-572-0-0\"  class=\"panel-grid-cell\" ><div id=\"panel-572-0-0-0\" class=\"so-panel widget widget_sow-editor panel-first-child panel-last-child\" data-index=\"0\" ><div\n\t\t\t\n\t\t\tclass=\"so-widget-sow-editor so-widget-sow-editor-base\"\n\t\t\t\n\t\t>\n<div class=\"siteorigin-widget-tinymce textwidget\">\n\t<p><img loading=\"lazy\" decoding=\"async\" class=\"alignnone size-full wp-image-574\" src=\"https:\/\/organoscolegiados.anuies.mx\/citia\/wp-content\/uploads\/sites\/7\/2019\/11\/CABECERA-CITIA-VI.png\" alt=\"\" width=\"1245\" height=\"121\" srcset=\"https:\/\/organoscolegiados.anuies.mx\/citia\/wp-content\/uploads\/sites\/7\/2019\/11\/CABECERA-CITIA-VI.png 1245w, https:\/\/organoscolegiados.anuies.mx\/citia\/wp-content\/uploads\/sites\/7\/2019\/11\/CABECERA-CITIA-VI-300x29.png 300w, https:\/\/organoscolegiados.anuies.mx\/citia\/wp-content\/uploads\/sites\/7\/2019\/11\/CABECERA-CITIA-VI-768x75.png 768w, https:\/\/organoscolegiados.anuies.mx\/citia\/wp-content\/uploads\/sites\/7\/2019\/11\/CABECERA-CITIA-VI-1024x100.png 1024w\" sizes=\"auto, (max-width: 1245px) 100vw, 1245px\" \/><\/p>\n<p style=\"text-align: center\"><span style=\"color: #000000\"><strong>CONVOCATORIA<\/strong><\/span><\/p>\n<p style=\"text-align: justify\"><span style=\"color: #000000\">Con fundamento en los art\u00edculos Vig\u00e9simo Octavo, Trig\u00e9simo, Trig\u00e9simo Primero y Trig\u00e9simo Tercero, fracci\u00f3n VI, del Estatuto de la Asociaci\u00f3n Nacional de Universidades e Instituciones de Educaci\u00f3n Superior (ANUIES), se convoca a los titulares de las instituciones que integran el Consejo de Institutos Tecnol\u00f3gicos e Instituciones Afines (CITIA), a la VI Sesi\u00f3n Ordinaria que se celebrar\u00e1 el 17 de noviembre de 2017 a partir de las 10:00 horas en las instalaciones del Tecnol\u00f3gico de Estudios Superiores de Cuautitl\u00e1n Izcalli, ubicadas en Av. Nopaltepec S\/N, Col. Fracci\u00f3n La Coyotera del Ejido de San Antonio Cuamatla, C.P. 54748, Cuautitl\u00e1n Izcalli, Estado de M\u00e9xico, bajo el siguiente:<\/span><\/p>\n<p style=\"text-align: center\"><span style=\"color: #000000\"><b>ORDEN DEL D\u00cdA<\/b><b>\u00a0<\/b><\/span><\/p>\n<p style=\"text-align: justify\"><span style=\"color: #000000\"><b><br \/>\n<\/b><a style=\"color: #000000\" href=\"https:\/\/organoscolegiados.anuies.mx\/citia\/wp-content\/uploads\/sites\/7\/2020\/03\/1.-Registro-con-firmas-CITIA-TESCI-171118-1.pdf\" target=\"_blank\" rel=\"noopener\">1.-\u00a0Lista de asistencia y verificaci\u00f3n de\u00a0<em>qu\u00f3rum<\/em>.<\/a><\/span><\/p>\n<p style=\"text-align: justify\"><span style=\"color: #000000\"><a style=\"color: #000000\" href=\"https:\/\/organoscolegiados.anuies.mx\/citia\/wp-content\/uploads\/sites\/7\/2019\/11\/Convocatoria_CITIA-VI.pdf\" target=\"_blank\" rel=\"noopener\">2.- Aprobaci\u00f3n del Orden del D\u00eda.<\/a><\/span><\/p>\n<p style=\"text-align: justify\"><a href=\"https:\/\/organoscolegiados.anuies.mx\/citia\/wp-content\/uploads\/sites\/7\/2020\/03\/3.-Elecci\u00f3n-del-Vicepresidente-de-la-Sesi\u00f3n-OK.pdf\" target=\"_blank\" rel=\"noopener\"><span style=\"color: #000000\">3.- Elecci\u00f3n del Vicepresidente de la Sesi\u00f3n.<\/span><\/a><\/p>\n<p style=\"text-align: justify\"><a href=\"https:\/\/organoscolegiados.anuies.mx\/citia\/wp-content\/uploads\/sites\/7\/2020\/03\/4.-Lectura-y-aprobaci\u00f3n-en-su-caso-del-acta-de-la-V-Sesi\u00f3n-Ordinaria.-OK.pdf\" target=\"_blank\" rel=\"noopener\"><span style=\"color: #000000\">4.- Lectura y aprobaci\u00f3n, en su caso, del acta de la V Sesi\u00f3n Ordinaria.<\/span><\/a><\/p>\n<p style=\"text-align: justify\"><a href=\"https:\/\/organoscolegiados.anuies.mx\/citia\/wp-content\/uploads\/sites\/7\/2020\/03\/5.-Semblanza-invitados-especiales.pdf\" target=\"_blank\" rel=\"noopener\"><span style=\"color: #000000\">5.- Presentaciones y exposiciones, en su caso, de los invitados especiales.<\/span><\/a><\/p>\n<p><span style=\"color: #000000\"><a style=\"color: #000000\" href=\"https:\/\/organoscolegiados.anuies.mx\/citia\/wp-content\/uploads\/sites\/7\/2020\/03\/5.1-AVANCES-AGENDA-CTI.pdf\" target=\"_blank\" rel=\"noopener\">5.1 Dr. Jos\u00e9 Franco L\u00f3pez, Coordinador General del Foro Consultivo, Cient\u00edfico y Tecnol\u00f3gico.<\/a><\/span><\/p>\n<p style=\"text-align: justify\"><a href=\"https:\/\/organoscolegiados.anuies.mx\/citia\/wp-content\/uploads\/sites\/7\/2020\/03\/6.-Presentaci\u00f3n-V2030-CITIA-2017.pdf\" target=\"_blank\" rel=\"noopener\"><span style=\"color: #000000\">6.- Presentaci\u00f3n del documento \u201cVisi\u00f3n y acci\u00f3n 2030. Una propuesta de la ANUIES para la renovaci\u00f3n de la educaci\u00f3n superior en M\u00e9xico\u201d a cargo del Mtro. Jos\u00e9 Aguirre V\u00e1zquez, Director General de Planeaci\u00f3n y Desarrollo de la ANUIES.<\/span><\/a><\/p>\n<p style=\"text-align: justify\"><span style=\"color: #000000\"><a style=\"color: #000000\" href=\"https:\/\/organoscolegiados.anuies.mx\/citia\/wp-content\/uploads\/sites\/7\/2020\/03\/7.-ANUIES-GHD-CITIA-2017.pdf\" target=\"_blank\" rel=\"noopener\">7.- Presentaci\u00f3n del tema \u201cVinculaci\u00f3n, desarrollo y financiamiento\u201d a cargo del Dr. Guillermo Hern\u00e1ndez Duque, Director de Vinculaci\u00f3n Estrat\u00e9gica de la ANUlES<\/a>.<\/span><\/p>\n<p style=\"text-align: justify\"><a href=\"https:\/\/organoscolegiados.anuies.mx\/citia\/wp-content\/uploads\/sites\/7\/2020\/03\/8.-Asuntos-Generales-OK.pdf\" target=\"_blank\" rel=\"noopener\"><span style=\"color: #000000\">8.- Asuntos generales.<\/span><\/a><\/p>\n<p><span style=\"color: #000000\"><a style=\"color: #000000\" href=\"https:\/\/organoscolegiados.anuies.mx\/citia\/wp-content\/uploads\/sites\/7\/2020\/03\/8.1-Conferencia-Internacional-ANUIES-2017.pdf\" target=\"_blank\" rel=\"noopener\">8.1 Conferencia Internacional ANUIES 2017<\/a><\/span><\/p>\n<\/div>\n<\/div><\/div><\/div><\/div><div id=\"pg-572-1\"  class=\"panel-grid panel-no-style\" ><div id=\"pgc-572-1-0\"  class=\"panel-grid-cell\" ><div id=\"panel-572-1-0-0\" class=\"so-panel widget widget_sow-editor panel-first-child panel-last-child\" data-index=\"1\" ><div\n\t\t\t\n\t\t\tclass=\"so-widget-sow-editor so-widget-sow-editor-base\"\n\t\t\t\n\t\t>\n<div class=\"siteorigin-widget-tinymce textwidget\">\n\t<p style=\"text-align: center;\"><b>M. en B. Francisco Medrano Ruvalcaba<\/b><br \/>\nDirector del Tecnol\u00f3gico de Estudios Superiores de Cuautitl\u00e1n Izcalli<br \/>\nPresidente en turno<\/p>\n<\/div>\n<\/div><\/div><\/div><div id=\"pgc-572-1-1\"  class=\"panel-grid-cell\" ><div id=\"panel-572-1-1-0\" class=\"so-panel widget widget_sow-editor panel-first-child panel-last-child\" data-index=\"2\" ><div\n\t\t\t\n\t\t\tclass=\"so-widget-sow-editor so-widget-sow-editor-base\"\n\t\t\t\n\t\t>\n<div class=\"siteorigin-widget-tinymce textwidget\">\n\t<p style=\"text-align: center;\"><strong>Mtro. Jaime Valls Esponda<\/strong><br \/>\nSecretario General Ejecutivo<br \/>\nSecretario<\/p>\n<\/div>\n<\/div><\/div><\/div><\/div><\/div>","protected":false},"excerpt":{"rendered":"<p>CONVOCATORIA Con fundamento en los art\u00edculos Vig\u00e9simo Octavo, Trig\u00e9simo, Trig\u00e9simo Primero y Trig\u00e9simo Tercero, fracci\u00f3n VI, del Estatuto de la Asociaci\u00f3n Nacional de Universidades e Instituciones de Educaci\u00f3n Superior (ANUIES), &hellip; <\/p>\n","protected":false},"author":1,"featured_media":0,"parent":0,"menu_order":0,"comment_status":"closed","ping_status":"closed","template":"","meta":{"ngg_post_thumbnail":0,"footnotes":""},"class_list":["post-572","page","type-page","status-publish","hentry"],"_links":{"self":[{"href":"https:\/\/organoscolegiados.anuies.mx\/citia\/wp-json\/wp\/v2\/pages\/572","targetHints":{"allow":["GET"]}}],"collection":[{"href":"https:\/\/organoscolegiados.anuies.mx\/citia\/wp-json\/wp\/v2\/pages"}],"about":[{"href":"https:\/\/organoscolegiados.anuies.mx\/citia\/wp-json\/wp\/v2\/types\/page"}],"author":[{"embeddable":true,"href":"https:\/\/organoscolegiados.anuies.mx\/citia\/wp-json\/wp\/v2\/users\/1"}],"replies":[{"embeddable":true,"href":"https:\/\/organoscolegiados.anuies.mx\/citia\/wp-json\/wp\/v2\/comments?post=572"}],"version-history":[{"count":6,"href":"https:\/\/organoscolegiados.anuies.mx\/citia\/wp-json\/wp\/v2\/pages\/572\/revisions"}],"predecessor-version":[{"id":818,"href":"https:\/\/organoscolegiados.anuies.mx\/citia\/wp-json\/wp\/v2\/pages\/572\/revisions\/818"}],"wp:attachment":[{"href":"https:\/\/organoscolegiados.anuies.mx\/citia\/wp-json\/wp\/v2\/media?parent=572"}],"curies":[{"name":"wp","href":"https:\/\/api.w.org\/{rel}","templated":true}]}}