{"id":584,"date":"2019-11-28T21:06:58","date_gmt":"2019-11-28T20:06:58","guid":{"rendered":"https:\/\/organoscolegiados.anuies.mx\/citia\/?page_id=584"},"modified":"2022-12-15T17:53:25","modified_gmt":"2022-12-15T16:53:25","slug":"ii-citia","status":"publish","type":"page","link":"https:\/\/organoscolegiados.anuies.mx\/citia\/ii-citia\/","title":{"rendered":""},"content":{"rendered":"<div id=\"pl-584\"  class=\"panel-layout\" ><div id=\"pg-584-0\"  class=\"panel-grid panel-no-style\" ><div id=\"pgc-584-0-0\"  class=\"panel-grid-cell\" ><div id=\"panel-584-0-0-0\" class=\"so-panel widget widget_sow-editor panel-first-child panel-last-child\" data-index=\"0\" ><div\n\t\t\t\n\t\t\tclass=\"so-widget-sow-editor so-widget-sow-editor-base\"\n\t\t\t\n\t\t>\n<div class=\"siteorigin-widget-tinymce textwidget\">\n\t<p><img loading=\"lazy\" decoding=\"async\" class=\"alignnone size-full wp-image-585\" src=\"https:\/\/organoscolegiados.anuies.mx\/citia\/wp-content\/uploads\/sites\/7\/2019\/11\/cabecera-ii-citia.png\" alt=\"\" width=\"1200\" height=\"124\" srcset=\"https:\/\/organoscolegiados.anuies.mx\/citia\/wp-content\/uploads\/sites\/7\/2019\/11\/cabecera-ii-citia.png 1200w, https:\/\/organoscolegiados.anuies.mx\/citia\/wp-content\/uploads\/sites\/7\/2019\/11\/cabecera-ii-citia-300x31.png 300w, https:\/\/organoscolegiados.anuies.mx\/citia\/wp-content\/uploads\/sites\/7\/2019\/11\/cabecera-ii-citia-768x79.png 768w, https:\/\/organoscolegiados.anuies.mx\/citia\/wp-content\/uploads\/sites\/7\/2019\/11\/cabecera-ii-citia-1024x106.png 1024w\" sizes=\"auto, (max-width: 1200px) 100vw, 1200px\" \/><\/p>\n<p style=\"text-align: center\" align=\"center\"><span style=\"color: #000000\"><strong>CONVOCATORIA<\/strong><\/span><\/p>\n<p style=\"text-align: justify\"><span style=\"color: #000000\">Con fundamento en los art\u00edculos Vig\u00e9simo Octavo, Trig\u00e9simo, Trig\u00e9simo Primero y Trig\u00e9simo Tercero, fracci\u00f3n VI, del Estatuto de la Asociaci\u00f3n Nacional de Universidades e Instituciones de Educaci\u00f3n Superior (ANUIES), se convoca a los titulares de las instituciones que integran el Consejo de Institutos Tecnol\u00f3gicos e Instituciones Afines (CITIA), a la Segunda Sesi\u00f3n Ordinaria que se celebrar\u00e1 el d\u00eda 18 de septiembre de 2015 a partir de las 10:00 horas, en las instalaciones del Instituto Tecnol\u00f3gico de Quer\u00e9taro, ubicadas en Av. Tecnol\u00f3gico s\/n esq. Mariano Escobedo, Col. Centro, C.P. 76000, Santiago de Quer\u00e9taro, Qro., bajo el siguiente:<\/span><\/p>\n<p style=\"text-align: center\"><span style=\"color: #000000\"><b>ORDEN DEL D\u00cdA<\/b><b>\u00a0<\/b><\/span><\/p>\n<p style=\"text-align: justify\"><span style=\"color: #000000\"><b><br \/>\n<\/b>1.\u00a0<a style=\"color: #000000\" href=\"https:\/\/organoscolegiados.anuies.mx\/citia\/wp-content\/uploads\/sites\/7\/2019\/11\/1.-Miembros-de-CITIA.pdf\" target=\"_blank\" rel=\"noopener\">Lista de asistencia y verificaci\u00f3n de qu\u00f3rum.<\/a><\/span><\/p>\n<p style=\"text-align: justify\"><span style=\"color: #000000\">2.\u00a0<a style=\"color: #000000\" href=\"https:\/\/organoscolegiados.anuies.mx\/citia\/wp-content\/uploads\/sites\/7\/2019\/11\/2.-Convocatoria-II-CITIA.pdf\" target=\"_blank\" rel=\"noopener\">Aprobaci\u00f3n del Orden del D\u00eda.<\/a><\/span><\/p>\n<p style=\"text-align: justify\"><a href=\"https:\/\/organoscolegiados.anuies.mx\/citia\/wp-content\/uploads\/sites\/7\/2020\/03\/3.-Elecci\u00f3n-del-Vicepresidente-de-la-Sesi\u00f3n-4.pdf\" target=\"_blank\" rel=\"noopener\"><span style=\"color: #000000\">3. Elecci\u00f3n del Vicepresidente de la Sesi\u00f3n.<\/span><\/a><\/p>\n<p style=\"text-align: justify\"><span style=\"color: #000000\"><a href=\"https:\/\/organoscolegiados.anuies.mx\/citia\/wp-content\/uploads\/sites\/7\/2020\/03\/4.-Lectura-y-aprobaci\u00f3n-del-acta-de-la-Primera-Sesi\u00f3n-Ordinaria-realizada-en-el-Instituto-Tecnol\u00f3gico-de-Morelia..pdf\" target=\"_blank\" rel=\"noopener\">4.\u00a0Lectura y aprobaci\u00f3n, en su caso, del acta de la Primera Sesi\u00f3n Ordinaria realizada en las instalaciones del Instituto Tecnol\u00f3gico de Morelia, el d\u00eda 30 de abril de 2014<\/a>.<\/span><\/p>\n<p style=\"text-align: justify\"><a href=\"https:\/\/organoscolegiados.anuies.mx\/citia\/wp-content\/uploads\/sites\/7\/2020\/03\/5.-Elecci\u00f3n-o-ratificaci\u00f3n-del-representante-del-CITIA-ante-el-Consejo-Nacional-1.pdf\" target=\"_blank\" rel=\"noopener\"><span style=\"color: #000000\">5. Elecci\u00f3n o ratificaci\u00f3n del representante del CITIA ante el Consejo Nacional.<\/span><\/a><\/p>\n<p style=\"text-align: justify\"><span style=\"color: #000000\">6. Presentaciones y exposiciones, en su caso, de los invitados especiales.<br \/>\n<a href=\"https:\/\/organoscolegiados.anuies.mx\/citia\/wp-content\/uploads\/sites\/7\/2020\/03\/6.1-TECNOL\u00d3GICO-NACIONAL-DE-M\u00c9XICO-TecNM.pdf\" target=\"_blank\" rel=\"noopener\">6.1 Mtro. Manuel Quintero Quintero, Director General del Tecnol\u00f3gico Nacional de M\u00e9xico (TNM).<\/a><br \/>\n<a href=\"https:\/\/organoscolegiados.anuies.mx\/citia\/wp-content\/uploads\/sites\/7\/2020\/03\/6.2-CONACYT.pdf\" target=\"_blank\" rel=\"noopener\">6.2 Dr. Eugenio Cetina Vadillo, Director del Sistema Nacional de Investigadores (SNI) del CONACYT.<\/a><br \/>\n<a href=\"https:\/\/organoscolegiados.anuies.mx\/citia\/wp-content\/uploads\/sites\/7\/2020\/03\/6.3-Consejo-de-Institutos-Tecnologicos.pdf\" target=\"_blank\" rel=\"noopener\">6.3 Lic. Pablo Fregoso Rojas, Coordinador de Fomento y Desarrollo Empresarial del Instituto Nacional de la Econom\u00eda Social (INAES).<\/a><\/span><\/p>\n<p style=\"text-align: justify\"><a href=\"https:\/\/organoscolegiados.anuies.mx\/citia\/wp-content\/uploads\/sites\/7\/2020\/03\/7.-Asuntos-generales.pdf\" target=\"_blank\" rel=\"noopener\"><span style=\"color: #000000\">7. Asuntos generales.<\/span><\/a><\/p>\n<\/div>\n<\/div><\/div><\/div><\/div><div id=\"pg-584-1\"  class=\"panel-grid panel-no-style\" ><div id=\"pgc-584-1-0\"  class=\"panel-grid-cell\" ><div id=\"panel-584-1-0-0\" class=\"so-panel widget widget_sow-editor panel-first-child panel-last-child\" data-index=\"1\" ><div\n\t\t\t\n\t\t\tclass=\"so-widget-sow-editor so-widget-sow-editor-base\"\n\t\t\t\n\t\t>\n<div class=\"siteorigin-widget-tinymce textwidget\">\n\t<p style=\"text-align: center;\"><strong>M.C. Jos\u00e9 L\u00f3pez Mu\u00f1oz<\/strong><br \/>\nDirector del Instituto Tecnol\u00f3gico de Quer\u00e9taro<br \/>\nPresidente en turno<\/p>\n<\/div>\n<\/div><\/div><\/div><div id=\"pgc-584-1-1\"  class=\"panel-grid-cell\" ><div id=\"panel-584-1-1-0\" class=\"so-panel widget widget_sow-editor panel-first-child panel-last-child\" data-index=\"2\" ><div\n\t\t\t\n\t\t\tclass=\"so-widget-sow-editor so-widget-sow-editor-base\"\n\t\t\t\n\t\t>\n<div class=\"siteorigin-widget-tinymce textwidget\">\n\t<p style=\"text-align: center;\"><strong>Mtro. Jaime Valls Esponda<\/strong><br \/>\nSecretario general ejecutivo<br \/>\nSecretario<\/p>\n<\/div>\n<\/div><\/div><\/div><\/div><\/div>","protected":false},"excerpt":{"rendered":"<p>CONVOCATORIA Con fundamento en los art\u00edculos Vig\u00e9simo Octavo, Trig\u00e9simo, Trig\u00e9simo Primero y Trig\u00e9simo Tercero, fracci\u00f3n VI, del Estatuto de la Asociaci\u00f3n Nacional de Universidades e Instituciones de Educaci\u00f3n Superior (ANUIES), &hellip; <\/p>\n","protected":false},"author":1,"featured_media":0,"parent":0,"menu_order":0,"comment_status":"closed","ping_status":"closed","template":"","meta":{"ngg_post_thumbnail":0,"footnotes":""},"class_list":["post-584","page","type-page","status-publish","hentry"],"_links":{"self":[{"href":"https:\/\/organoscolegiados.anuies.mx\/citia\/wp-json\/wp\/v2\/pages\/584","targetHints":{"allow":["GET"]}}],"collection":[{"href":"https:\/\/organoscolegiados.anuies.mx\/citia\/wp-json\/wp\/v2\/pages"}],"about":[{"href":"https:\/\/organoscolegiados.anuies.mx\/citia\/wp-json\/wp\/v2\/types\/page"}],"author":[{"embeddable":true,"href":"https:\/\/organoscolegiados.anuies.mx\/citia\/wp-json\/wp\/v2\/users\/1"}],"replies":[{"embeddable":true,"href":"https:\/\/organoscolegiados.anuies.mx\/citia\/wp-json\/wp\/v2\/comments?post=584"}],"version-history":[{"count":6,"href":"https:\/\/organoscolegiados.anuies.mx\/citia\/wp-json\/wp\/v2\/pages\/584\/revisions"}],"predecessor-version":[{"id":821,"href":"https:\/\/organoscolegiados.anuies.mx\/citia\/wp-json\/wp\/v2\/pages\/584\/revisions\/821"}],"wp:attachment":[{"href":"https:\/\/organoscolegiados.anuies.mx\/citia\/wp-json\/wp\/v2\/media?parent=584"}],"curies":[{"name":"wp","href":"https:\/\/api.w.org\/{rel}","templated":true}]}}