{"id":590,"date":"2019-11-28T21:20:38","date_gmt":"2019-11-28T20:20:38","guid":{"rendered":"https:\/\/organoscolegiados.anuies.mx\/citia\/?page_id=590"},"modified":"2020-03-25T03:46:32","modified_gmt":"2020-03-25T02:46:32","slug":"i-citia","status":"publish","type":"page","link":"https:\/\/organoscolegiados.anuies.mx\/citia\/i-citia\/","title":{"rendered":""},"content":{"rendered":"<div id=\"pl-590\"  class=\"panel-layout\" ><div id=\"pg-590-0\"  class=\"panel-grid panel-no-style\" ><div id=\"pgc-590-0-0\"  class=\"panel-grid-cell\" ><div id=\"panel-590-0-0-0\" class=\"so-panel widget widget_sow-editor panel-first-child panel-last-child\" data-index=\"0\" ><div\n\t\t\t\n\t\t\tclass=\"so-widget-sow-editor so-widget-sow-editor-base\"\n\t\t\t\n\t\t><h3 class=\"widget-title\">I Sesi\u00f3n Ordinaria CITIA<\/h3>\n<div class=\"siteorigin-widget-tinymce textwidget\">\n\t<p style=\"text-align: justify\" align=\"center\"><strong><img loading=\"lazy\" decoding=\"async\" class=\"size-full wp-image-593 aligncenter\" src=\"https:\/\/organoscolegiados.anuies.mx\/citia\/wp-content\/uploads\/sites\/7\/2019\/11\/cabecera-1.png\" alt=\"\" width=\"970\" height=\"120\" srcset=\"https:\/\/organoscolegiados.anuies.mx\/citia\/wp-content\/uploads\/sites\/7\/2019\/11\/cabecera-1.png 970w, https:\/\/organoscolegiados.anuies.mx\/citia\/wp-content\/uploads\/sites\/7\/2019\/11\/cabecera-1-300x37.png 300w, https:\/\/organoscolegiados.anuies.mx\/citia\/wp-content\/uploads\/sites\/7\/2019\/11\/cabecera-1-768x95.png 768w\" sizes=\"auto, (max-width: 970px) 100vw, 970px\" \/><\/strong><\/p>\n<h4 align=\"center\"><\/h4>\n<h4 style=\"text-align: center\" align=\"center\"><span style=\"color: #000000\"><strong>CONVOCATORIA<\/strong><\/span><\/h4>\n<h5 style=\"text-align: center\" align=\"center\"><span style=\"color: #000000\"><strong>INSTALACI\u00d3N Y PRIMERA SESI\u00d3N DEL CONSEJO DE INSTITUTOS TECNOL\u00d3GICOS\u00a0E INSTITUCIONES AFINES<\/strong><\/span><\/h5>\n<p style=\"text-align: justify\"><span style=\"color: #000000\">Con fundamento en los art\u00edculos Vig\u00e9simo Octavo, Trig\u00e9simo, Trig\u00e9simo Primero y Trig\u00e9simo Tercero,\u00a0Fracci\u00f3n VI, del Estatuto de la Asociaci\u00f3n Nacional de Universidades e Instituciones de Educaci\u00f3n\u00a0Superior (ANUIES), se convoca a los titulares de las Instituciones que integran el Consejo e Institutos\u00a0Tecnol\u00f3gicos e Instituciones Afines (CITIA), a la reuni\u00f3n de instalaci\u00f3n y a la primera Sesi\u00f3n Ordinaria\u00a0que se celebrar\u00e1n el 30 de abril de 2014 a partir de las 10.00 horas, en las instalaciones del Instituto\u00a0Tecnol\u00f3gico de Morelia, ubicadas en Av. Tecnol\u00f3gico 1500, Col. Lomas de Santiaguito, C.P. 58120,\u00a0Morelia, Michoac\u00e1n, bajo los siguientes:<\/span><\/p>\n<p style=\"text-align: center\"><span style=\"color: #000000\"><b>PROGRAMA DE INSTALACI\u00d3N<\/b><b>\u00a0<\/b><\/span><\/p>\n<ol style=\"text-align: justify\">\n<li><span style=\"color: #000000\">Bienvenida a cargo del Director del Instituto Tecnol\u00f3gico de Morelia.<\/span><\/li>\n<li><span style=\"color: #000000\"><a style=\"color: #000000\" href=\"https:\/\/organoscolegiados.anuies.mx\/citia\/wp-content\/uploads\/sites\/7\/2019\/11\/P2_DISPOSICIONES_ESTATUTARIAS_CONSEJOS_ESPECIALES.pdf\" target=\"_blank\" rel=\"noopener noreferrer\">Lectura de las disposiciones estatutarias sobre la integraci\u00f3n y funciones de los Consejos Especiales.<\/a><\/span><\/li>\n<li><span style=\"color: #000000\">Declaratoria de instalaci\u00f3n del Consejo de Institutos Tecnol\u00f3gicos e Instituciones Afines (CITIA)\u00a0de la ANUIES, A.C.<\/span><\/li>\n<\/ol>\n<p style=\"text-align: center\"><span style=\"color: #000000\"><b>ORDEN DEL D\u00cdA<\/b><b>\u00a0<\/b><\/span><\/p>\n<ol>\n<li style=\"text-align: justify\"><span style=\"color: #000000\"><a style=\"color: #000000\" href=\"https:\/\/organoscolegiados.anuies.mx\/citia\/wp-content\/uploads\/sites\/7\/2019\/11\/S1_LISTA_ITP.pdf\" target=\"_blank\" rel=\"noopener noreferrer\">Lista de asistencia y verificaci\u00f3n de qu\u00f3rum.<\/a><\/span><\/li>\n<li style=\"text-align: justify\"><span style=\"color: #000000\"><a style=\"color: #000000\" href=\"https:\/\/organoscolegiados.anuies.mx\/citia\/wp-content\/uploads\/sites\/7\/2019\/11\/S2-Convocatoria-CITIA.pdf\" target=\"_blank\" rel=\"noopener noreferrer\">Aprobaci\u00f3n del Orden del D\u00eda.<\/a><\/span><\/li>\n<li style=\"text-align: justify\"><a href=\"https:\/\/organoscolegiados.anuies.mx\/citia\/wp-content\/uploads\/sites\/7\/2020\/03\/3.-Elecci\u00f3n-del-Vicepresidente-de-la-Sesi\u00f3n-5.pdf\" target=\"_blank\" rel=\"noopener\"><span style=\"color: #000000\">Elecci\u00f3n del Vicepresidente de la Sesi\u00f3n.<\/span><\/a><\/li>\n<li style=\"text-align: justify\"><span style=\"color: #000000\">Presentaciones y exposiciones, en su caso, de los invitados especiales.<\/span><\/li>\n<li style=\"text-align: justify\"><a href=\"https:\/\/organoscolegiados.anuies.mx\/citia\/wp-content\/uploads\/sites\/7\/2020\/03\/5.-Elecci\u00f3n-de-los-representantes-del-CITIA-ante-el-Consejo-Nacional..pdf\" target=\"_blank\" rel=\"noopener\"><span style=\"color: #000000\">Elecci\u00f3n de los representantes del CITIA ante el Consejo Nacional.<\/span><\/a><\/li>\n<li>\n<p style=\"text-align: justify\"><a href=\"https:\/\/organoscolegiados.anuies.mx\/citia\/wp-content\/uploads\/sites\/7\/2020\/03\/6.-Asuntos-generales.pdf\" target=\"_blank\" rel=\"noopener\"><span style=\"color: #000000\">Asuntos generales.<\/span><\/a><\/p>\n<\/li>\n<\/ol>\n<\/div>\n<\/div><\/div><\/div><\/div><div id=\"pg-590-1\"  class=\"panel-grid panel-no-style\" ><div id=\"pgc-590-1-0\"  class=\"panel-grid-cell\" ><div id=\"panel-590-1-0-0\" class=\"so-panel widget widget_sow-editor panel-first-child panel-last-child\" data-index=\"1\" ><div\n\t\t\t\n\t\t\tclass=\"so-widget-sow-editor so-widget-sow-editor-base\"\n\t\t\t\n\t\t>\n<div class=\"siteorigin-widget-tinymce textwidget\">\n\t<p style=\"text-align: center;\"><strong>Ing.. Paulino Alberto Rivas Mart\u00ednez<\/strong><br \/>\nDirector del Instituto Tecnol\u00f3gico de Morelia<\/p>\n<\/div>\n<\/div><\/div><\/div><div id=\"pgc-590-1-1\"  class=\"panel-grid-cell\" ><div id=\"panel-590-1-1-0\" class=\"so-panel widget widget_sow-editor panel-first-child panel-last-child\" data-index=\"2\" ><div\n\t\t\t\n\t\t\tclass=\"so-widget-sow-editor so-widget-sow-editor-base\"\n\t\t\t\n\t\t>\n<div class=\"siteorigin-widget-tinymce textwidget\">\n\t<p style=\"text-align: center;\"><strong><b>Dr. Enrique Fern\u00e1ndez Fassnacht<\/b><\/strong><br \/>\nSecretario General Ejecutivo<\/p>\n<\/div>\n<\/div><\/div><\/div><\/div><\/div>","protected":false},"excerpt":{"rendered":"<p>CONVOCATORIA INSTALACI\u00d3N Y PRIMERA SESI\u00d3N DEL CONSEJO DE INSTITUTOS TECNOL\u00d3GICOS\u00a0E INSTITUCIONES AFINES Con fundamento en los art\u00edculos Vig\u00e9simo Octavo, Trig\u00e9simo, Trig\u00e9simo Primero y Trig\u00e9simo Tercero,\u00a0Fracci\u00f3n VI, del Estatuto de la &hellip; <\/p>\n","protected":false},"author":1,"featured_media":0,"parent":0,"menu_order":0,"comment_status":"closed","ping_status":"closed","template":"","meta":{"ngg_post_thumbnail":0,"footnotes":""},"class_list":["post-590","page","type-page","status-publish","hentry"],"_links":{"self":[{"href":"https:\/\/organoscolegiados.anuies.mx\/citia\/wp-json\/wp\/v2\/pages\/590","targetHints":{"allow":["GET"]}}],"collection":[{"href":"https:\/\/organoscolegiados.anuies.mx\/citia\/wp-json\/wp\/v2\/pages"}],"about":[{"href":"https:\/\/organoscolegiados.anuies.mx\/citia\/wp-json\/wp\/v2\/types\/page"}],"author":[{"embeddable":true,"href":"https:\/\/organoscolegiados.anuies.mx\/citia\/wp-json\/wp\/v2\/users\/1"}],"replies":[{"embeddable":true,"href":"https:\/\/organoscolegiados.anuies.mx\/citia\/wp-json\/wp\/v2\/comments?post=590"}],"version-history":[{"count":7,"href":"https:\/\/organoscolegiados.anuies.mx\/citia\/wp-json\/wp\/v2\/pages\/590\/revisions"}],"predecessor-version":[{"id":690,"href":"https:\/\/organoscolegiados.anuies.mx\/citia\/wp-json\/wp\/v2\/pages\/590\/revisions\/690"}],"wp:attachment":[{"href":"https:\/\/organoscolegiados.anuies.mx\/citia\/wp-json\/wp\/v2\/media?parent=590"}],"curies":[{"name":"wp","href":"https:\/\/api.w.org\/{rel}","templated":true}]}}