{"id":720,"date":"2021-08-25T17:47:10","date_gmt":"2021-08-25T15:47:10","guid":{"rendered":"https:\/\/organoscolegiados.anuies.mx\/citia\/?page_id=720"},"modified":"2021-09-04T23:08:48","modified_gmt":"2021-09-04T21:08:48","slug":"viii-citia","status":"publish","type":"page","link":"https:\/\/organoscolegiados.anuies.mx\/citia\/viii-citia\/","title":{"rendered":""},"content":{"rendered":"<div id=\"pl-720\"  class=\"panel-layout\" ><div id=\"pg-720-0\"  class=\"panel-grid panel-no-style\" ><div id=\"pgc-720-0-0\"  class=\"panel-grid-cell\" ><div id=\"panel-720-0-0-0\" class=\"so-panel widget widget_sow-editor panel-first-child panel-last-child\" data-index=\"0\" ><div\n\t\t\t\n\t\t\tclass=\"so-widget-sow-editor so-widget-sow-editor-base\"\n\t\t\t\n\t\t>\n<div class=\"siteorigin-widget-tinymce textwidget\">\n\t<p style=\"text-align: justify;\" align=\"center\"><strong><img loading=\"lazy\" decoding=\"async\" class=\"aligncenter size-full wp-image-723\" src=\"https:\/\/organoscolegiados.anuies.mx\/citia\/wp-content\/uploads\/sites\/7\/2021\/08\/CITIA-VIII.jpg\" alt=\"\" width=\"2000\" height=\"170\" srcset=\"https:\/\/organoscolegiados.anuies.mx\/citia\/wp-content\/uploads\/sites\/7\/2021\/08\/CITIA-VIII.jpg 2000w, https:\/\/organoscolegiados.anuies.mx\/citia\/wp-content\/uploads\/sites\/7\/2021\/08\/CITIA-VIII-300x26.jpg 300w, https:\/\/organoscolegiados.anuies.mx\/citia\/wp-content\/uploads\/sites\/7\/2021\/08\/CITIA-VIII-1024x87.jpg 1024w, https:\/\/organoscolegiados.anuies.mx\/citia\/wp-content\/uploads\/sites\/7\/2021\/08\/CITIA-VIII-768x65.jpg 768w, https:\/\/organoscolegiados.anuies.mx\/citia\/wp-content\/uploads\/sites\/7\/2021\/08\/CITIA-VIII-1536x131.jpg 1536w\" sizes=\"auto, (max-width: 2000px) 100vw, 2000px\" \/><\/strong><\/p>\n<p style=\"text-align: center;\"><strong>CONVOCATORIA<\/strong><\/p>\n<p style=\"text-align: justify;\">Con fundamento en los art\u00edculos Trig\u00e9simo, Trig\u00e9simo Primero y Trig\u00e9simo Tercero, fracci\u00f3n VI, del Estatuto de la Asociaci\u00f3n Nacional de Universidades e Instituciones de Educaci\u00f3n Superior de la Rep\u00fablica Mexicana, A.C. (ANUIES), convocamos a los titulares de las instituciones que integran el Consejo de Institutos Tecnol\u00f3gicos e Instituciones Afines (CITIA), a la VIII Sesi\u00f3n Ordinaria que se efectuar\u00e1 de forma virtual, debido a la contingencia sanitaria ocasionada por el COVID-19, a las 11:00 horas del 7 de septiembre de 2021, con el siguiente:<\/p>\n<p style=\"text-align: center;\"><strong>ORDEN DEL D\u00cdA<\/strong><\/p>\n<ol>\n<li style=\"text-align: justify;\"><a href=\"https:\/\/organoscolegiados.anuies.mx\/citia\/wp-content\/uploads\/sites\/7\/2021\/09\/1-Lista-de-asistencia-y-verificacion-del-quorum-Fusionado.pdf\" target=\"_blank\" rel=\"noopener\">Lista de asistencia y verificaci\u00f3n del <em>quorum<\/em>.<\/a><\/li>\n<li style=\"text-align: justify;\"><a href=\"https:\/\/organoscolegiados.anuies.mx\/citia\/wp-content\/uploads\/sites\/7\/2021\/08\/2-Aprobacion-del-Orden-del-Dia-Fusionado-7.pdf\" target=\"_blank\" rel=\"noopener\">Aprobaci\u00f3n del Orden del D\u00eda.<\/a><\/li>\n<li style=\"text-align: justify;\"><a href=\"https:\/\/organoscolegiados.anuies.mx\/citia\/wp-content\/uploads\/sites\/7\/2021\/08\/3-Eleccion-del-Vicepresidente-de-la-Sesion-Fusionado-5.pdf\" target=\"_blank\" rel=\"noopener\">Elecci\u00f3n del Vicepresidente de la Sesi\u00f3n.<\/a><\/li>\n<li style=\"text-align: justify;\"><a href=\"https:\/\/organoscolegiados.anuies.mx\/citia\/wp-content\/uploads\/sites\/7\/2021\/08\/4-Lectura-y-aprobacion-en-su-caso-del-Acta-de-la-VII-Sesion-Ordinaria-Fusionado-1.pdf\" target=\"_blank\" rel=\"noopener\">Lectura y aprobaci\u00f3n, en su caso, del Acta de la VII Sesi\u00f3n Ordinaria.<\/a><\/li>\n<li style=\"text-align: justify;\"><a href=\"https:\/\/organoscolegiados.anuies.mx\/citia\/wp-content\/uploads\/sites\/7\/2021\/08\/5-Presentacion-de-los-Lineamientos-del-Tecnologico-Nacional-de-Mexico-para-el-regreso-presencial-a-clases-Fusionado.pdf\" target=\"_blank\" rel=\"noopener\">Presentaci\u00f3n de los Lineamientos del Tecnol\u00f3gico Nacional de M\u00e9xico para el regreso presencial a clases.<\/a><\/li>\n<li style=\"text-align: justify;\"><a href=\"https:\/\/organoscolegiados.anuies.mx\/citia\/wp-content\/uploads\/sites\/7\/2021\/08\/6-Presentacion-de-las-estrategias-para-el-regreso-a-clases-en-la-nueva-normalidad-Fusionado.pdf\" target=\"_blank\" rel=\"noopener\">Presentaci\u00f3n de las estrategias para el regreso a clases en la nueva normalidad.<\/a><\/li>\n<li style=\"text-align: justify;\"><a href=\"https:\/\/organoscolegiados.anuies.mx\/citia\/wp-content\/uploads\/sites\/7\/2021\/09\/7-Presentacion-del-Plan-de-vacunacion-contra-el-Covid-19-para-estudiantes-universitarios.-El-caso-del-ITVeracruz-2.pdf\" target=\"_blank\" rel=\"noopener\">Presentaci\u00f3n del Plan de vacunaci\u00f3n contra el Covid-19 para estudiantes universitarios. El caso del Instituto Tecnol\u00f3gico de Veracruz.<\/a><\/li>\n<li style=\"text-align: justify;\"><a href=\"https:\/\/organoscolegiados.anuies.mx\/citia\/wp-content\/uploads\/sites\/7\/2021\/09\/8-Presentacion-del-Informe-de-avances-en-los-proyectos-SES-ANUIES-sobre-la-implementacion-de-la-LGES-1.pdf\" target=\"_blank\" rel=\"noopener\">Presentaci\u00f3n del Informe de avances en los proyectos SES-ANUIES sobre la implementaci\u00f3n de la Ley General de Educaci\u00f3n Superior.<\/a><\/li>\n<li style=\"text-align: justify;\"><a href=\"https:\/\/organoscolegiados.anuies.mx\/citia\/wp-content\/uploads\/sites\/7\/2021\/08\/9-Presentacion-del-campus-virtual-ANUIES-Fusionado.pdf\" target=\"_blank\" rel=\"noopener\">Presentaci\u00f3n del Campus virtual ANUIES.<\/a><\/li>\n<li style=\"text-align: justify;\"><a href=\"https:\/\/organoscolegiados.anuies.mx\/citia\/wp-content\/uploads\/sites\/7\/2021\/08\/10-Presentacion-del-Reporte-de-las-contribuciones-de-las-IES-asociadas-en-las-consultas-del-Anteproyecto-de-LGHCTI.pdf\" target=\"_blank\" rel=\"noopener\">Presentaci\u00f3n del Reporte de las contribuciones de las IES asociadas en las consultas del Anteproyecto de Ley General de Humanidades, Ciencias, Tecnolog\u00edas e Innovaci\u00f3n.<\/a><\/li>\n<li style=\"text-align: justify;\"><a href=\"https:\/\/organoscolegiados.anuies.mx\/citia\/wp-content\/uploads\/sites\/7\/2021\/08\/11-Asuntos-generales.pdf\" target=\"_blank\" rel=\"noopener\">Asuntos generales.<\/a><\/li>\n<\/ol>\n<\/div>\n<\/div><\/div><\/div><\/div><div id=\"pg-720-1\"  class=\"panel-grid panel-no-style\" ><div id=\"pgc-720-1-0\"  class=\"panel-grid-cell\" ><div id=\"panel-720-1-0-0\" class=\"so-panel widget widget_sow-editor panel-first-child panel-last-child\" data-index=\"1\" ><div\n\t\t\t\n\t\t\tclass=\"so-widget-sow-editor so-widget-sow-editor-base\"\n\t\t\t\n\t\t>\n<div class=\"siteorigin-widget-tinymce textwidget\">\n\t<p style=\"text-align: center;\"><strong>Dr. Marco Antonio Salgado Cervantes<\/strong><br \/>\nDirector del Instituto Tecnol\u00f3gico de Veracruz<\/p>\n<p style=\"text-align: center;\">Presiente en turno<\/p>\n<\/div>\n<\/div><\/div><\/div><div id=\"pgc-720-1-1\"  class=\"panel-grid-cell\" ><div id=\"panel-720-1-1-0\" class=\"so-panel widget widget_sow-editor panel-first-child panel-last-child\" data-index=\"2\" ><div\n\t\t\t\n\t\t\tclass=\"so-widget-sow-editor so-widget-sow-editor-base\"\n\t\t\t\n\t\t>\n<div class=\"siteorigin-widget-tinymce textwidget\">\n\t<p style=\"text-align: center;\"><strong><b>Mtro. Jaime Valls Esponda<\/b><\/strong><br \/>\nSecretario General Ejecutivo<\/p>\n<p style=\"text-align: center;\">Secretario<\/p>\n<\/div>\n<\/div><\/div><\/div><\/div><\/div>","protected":false},"excerpt":{"rendered":"<p>CONVOCATORIA Con fundamento en los art\u00edculos Trig\u00e9simo, Trig\u00e9simo Primero y Trig\u00e9simo Tercero, fracci\u00f3n VI, del Estatuto de la Asociaci\u00f3n Nacional de Universidades e Instituciones de Educaci\u00f3n Superior de la Rep\u00fablica &hellip; <\/p>\n","protected":false},"author":1,"featured_media":0,"parent":0,"menu_order":0,"comment_status":"closed","ping_status":"closed","template":"","meta":{"ngg_post_thumbnail":0,"footnotes":""},"class_list":["post-720","page","type-page","status-publish","hentry"],"_links":{"self":[{"href":"https:\/\/organoscolegiados.anuies.mx\/citia\/wp-json\/wp\/v2\/pages\/720","targetHints":{"allow":["GET"]}}],"collection":[{"href":"https:\/\/organoscolegiados.anuies.mx\/citia\/wp-json\/wp\/v2\/pages"}],"about":[{"href":"https:\/\/organoscolegiados.anuies.mx\/citia\/wp-json\/wp\/v2\/types\/page"}],"author":[{"embeddable":true,"href":"https:\/\/organoscolegiados.anuies.mx\/citia\/wp-json\/wp\/v2\/users\/1"}],"replies":[{"embeddable":true,"href":"https:\/\/organoscolegiados.anuies.mx\/citia\/wp-json\/wp\/v2\/comments?post=720"}],"version-history":[{"count":9,"href":"https:\/\/organoscolegiados.anuies.mx\/citia\/wp-json\/wp\/v2\/pages\/720\/revisions"}],"predecessor-version":[{"id":745,"href":"https:\/\/organoscolegiados.anuies.mx\/citia\/wp-json\/wp\/v2\/pages\/720\/revisions\/745"}],"wp:attachment":[{"href":"https:\/\/organoscolegiados.anuies.mx\/citia\/wp-json\/wp\/v2\/media?parent=720"}],"curies":[{"name":"wp","href":"https:\/\/api.w.org\/{rel}","templated":true}]}}