{"id":747,"date":"2022-03-18T20:21:32","date_gmt":"2022-03-18T19:21:32","guid":{"rendered":"https:\/\/organoscolegiados.anuies.mx\/citia\/?page_id=747"},"modified":"2022-03-28T16:28:18","modified_gmt":"2022-03-28T14:28:18","slug":"citia-ix","status":"publish","type":"page","link":"https:\/\/organoscolegiados.anuies.mx\/citia\/citia-ix\/","title":{"rendered":"CITIA IX"},"content":{"rendered":"<div id=\"pl-747\"  class=\"panel-layout\" ><div id=\"pg-747-0\"  class=\"panel-grid panel-no-style\" ><div id=\"pgc-747-0-0\"  class=\"panel-grid-cell\" ><div id=\"panel-747-0-0-0\" class=\"so-panel widget widget_sow-editor panel-first-child panel-last-child\" data-index=\"0\" ><div\n\t\t\t\n\t\t\tclass=\"so-widget-sow-editor so-widget-sow-editor-base\"\n\t\t\t\n\t\t>\n<div class=\"siteorigin-widget-tinymce textwidget\">\n\t<p style=\"text-align: justify;\" align=\"center\"><strong> <img loading=\"lazy\" decoding=\"async\" class=\"aligncenter size-full wp-image-749\" src=\"https:\/\/organoscolegiados.anuies.mx\/citia\/wp-content\/uploads\/sites\/7\/2022\/03\/CITIA-IX.jpg\" alt=\"\" width=\"1601\" height=\"137\" srcset=\"https:\/\/organoscolegiados.anuies.mx\/citia\/wp-content\/uploads\/sites\/7\/2022\/03\/CITIA-IX.jpg 1601w, https:\/\/organoscolegiados.anuies.mx\/citia\/wp-content\/uploads\/sites\/7\/2022\/03\/CITIA-IX-300x26.jpg 300w, https:\/\/organoscolegiados.anuies.mx\/citia\/wp-content\/uploads\/sites\/7\/2022\/03\/CITIA-IX-1024x88.jpg 1024w, https:\/\/organoscolegiados.anuies.mx\/citia\/wp-content\/uploads\/sites\/7\/2022\/03\/CITIA-IX-768x66.jpg 768w, https:\/\/organoscolegiados.anuies.mx\/citia\/wp-content\/uploads\/sites\/7\/2022\/03\/CITIA-IX-1536x131.jpg 1536w\" sizes=\"auto, (max-width: 1601px) 100vw, 1601px\" \/><\/strong><\/p>\n<p style=\"text-align: center;\"><strong>CONVOCATORIA<\/strong><\/p>\n<p style=\"text-align: justify;\">Con fundamento en los art\u00edculos Trig\u00e9simo, Trig\u00e9simo Primero y <a href=\"https:\/\/organoscolegiados.anuies.mx\/citia\/wp-content\/uploads\/sites\/7\/2022\/03\/8_Presentacion_de_los_avances_de_los_Proyectos_que_estan_realizandose.pdf\" target=\"_blank\" rel=\"noopener\">Trig\u00e9simo<\/a> Tercero, fracci\u00f3n VI, del Estatuto de la Asociaci\u00f3n Nacional de Universidades e Instituciones de Educaci\u00f3n Superior de la Rep\u00fablica Mexicana, A.C. (ANUIES), convocamos a los titulares de las instituciones que integran el Consejo de Institutos Tecnol\u00f3gicos e Instituciones Afines (CITIA), a la IX Sesi\u00f3n Ordinaria que se efectuar\u00e1 de forma virtual con sede en el Instituto Tecnol\u00f3gico de Durango<strong>, <\/strong>a las 11:00 horas del 29 de marzo de 2022, con el siguiente:<\/p>\n<p style=\"text-align: center;\"><strong>ORDEN DEL D\u00cdA<\/strong><\/p>\n<ol>\n<li><a href=\"https:\/\/organoscolegiados.anuies.mx\/citia\/wp-content\/uploads\/sites\/7\/2022\/03\/1-Lista-de-asistencia-y-verificacion-del-quorum-Fusionado-19.pdf\" target=\"_blank\" rel=\"noopener\">Lista de asistencia y verificaci\u00f3n del <em>quorum<\/em>.<\/a><\/li>\n<li><a href=\"https:\/\/organoscolegiados.anuies.mx\/citia\/wp-content\/uploads\/sites\/7\/2022\/03\/2-Aprobacion-del-Orden-del-Dia-Fusionado-13.pdf\" target=\"_blank\" rel=\"noopener\">Aprobaci\u00f3n del Orden del D\u00eda.<\/a><\/li>\n<li><a href=\"https:\/\/organoscolegiados.anuies.mx\/citia\/wp-content\/uploads\/sites\/7\/2022\/03\/3-Eleccion-del-Vicepresidente-de-la-Sesion-Fusionado-7.pdf\" target=\"_blank\" rel=\"noopener\">Elecci\u00f3n del Vicepresidente de la Sesi\u00f3n.<\/a><\/li>\n<li><a href=\"https:\/\/organoscolegiados.anuies.mx\/citia\/wp-content\/uploads\/sites\/7\/2022\/03\/4-Lectura-y-aprobacion-en-su-caso-del-Acta-de-la-VIII-Sesion-Ordinaria-Fusionado.pdf\" target=\"_blank\" rel=\"noopener\">Lectura y aprobaci\u00f3n, en su caso, del Acta de la VIII Sesi\u00f3n Ordinaria.<\/a><\/li>\n<li><a href=\"https:\/\/organoscolegiados.anuies.mx\/citia\/wp-content\/uploads\/sites\/7\/2022\/03\/5-Presentacion-del-Informe-sobre-el-regreso-a-las-actividades-presenciales-Retos-y-fortalezas-Fusionado.pdf\" target=\"_blank\" rel=\"noopener\">Presentaci\u00f3n del Informe sobre el regreso a las actividades presenciales: Retos y fortalezas.<\/a><\/li>\n<li><a href=\"https:\/\/organoscolegiados.anuies.mx\/citia\/wp-content\/uploads\/sites\/7\/2022\/03\/6-Presentacion-de-InnovaTecNM-2022-Primera-Cumbre-Nacional-de-Desarrollo-Tecnologico-Investigacion-e-Innovacion-Fusionado.pdf\" target=\"_blank\" rel=\"noopener\">Presentaci\u00f3n de InnovaTecNM 2022: Primera Cumbre Nacional de Desarrollo Tecnol\u00f3gico, Investigaci\u00f3n e Innovaci\u00f3n.<\/a><\/li>\n<li><a href=\"https:\/\/organoscolegiados.anuies.mx\/citia\/wp-content\/uploads\/sites\/7\/2022\/03\/7-Presentacion-del-Informe-de-avance-del-Modelo-Academico-del-TecNM-2022-Fusionado.pdf\" target=\"_blank\" rel=\"noopener\">Presentaci\u00f3n del Informe de avance del Modelo Acad\u00e9mico del TecNM 2022.<\/a><\/li>\n<li><a href=\"https:\/\/organoscolegiados.anuies.mx\/citia\/wp-content\/uploads\/sites\/7\/2022\/03\/8-Presentacion-de-los-avances-de-los-Proyectos-que-estan-realizandose-en-el-marco-del-CONACES.pdf\" target=\"_blank\" rel=\"noopener\">Presentaci\u00f3n de los avances de los Proyectos que est\u00e1n realiz\u00e1ndose en el marco del CONACES.<\/a><\/li>\n<li><a href=\"https:\/\/organoscolegiados.anuies.mx\/citia\/wp-content\/uploads\/sites\/7\/2022\/03\/9-Presentacion-del-Plan-de-Cultura-de-Paz-para-los-Institutos-Tecnologicos-Fusionado.pdf\" target=\"_blank\" rel=\"noopener\">Presentaci\u00f3n del Plan de Cultura de Paz para los Institutos Tecnol\u00f3gicos.<\/a><\/li>\n<li><a href=\"https:\/\/organoscolegiados.anuies.mx\/citia\/wp-content\/uploads\/sites\/7\/2022\/03\/10-Eleccion-del-representante-del-CITIA-ante-el-Consejo-Nacional-Fusionado-1.pdf\" target=\"_blank\" rel=\"noopener\">Elecci\u00f3n del representante del Consejo de Institutos Tecnol\u00f3gicos e Instituciones Afines (CITIA) ante el Consejo Nacional.<\/a><\/li>\n<li><a href=\"https:\/\/organoscolegiados.anuies.mx\/citia\/wp-content\/uploads\/sites\/7\/2022\/03\/11-Asuntos-generales-1.pdf\" target=\"_blank\" rel=\"noopener\">Asuntos generales.<\/a><\/li>\n<\/ol>\n<\/div>\n<\/div><\/div><\/div><\/div><div id=\"pg-747-1\"  class=\"panel-grid panel-no-style\" ><div id=\"pgc-747-1-0\"  class=\"panel-grid-cell\" ><div id=\"panel-747-1-0-0\" class=\"so-panel widget widget_sow-editor panel-first-child panel-last-child\" data-index=\"1\" ><div\n\t\t\t\n\t\t\tclass=\"so-widget-sow-editor so-widget-sow-editor-base\"\n\t\t\t\n\t\t>\n<div class=\"siteorigin-widget-tinymce textwidget\">\n\t<p style=\"text-align: center;\"><strong>M. en C. Isela Flores Montenegro<\/strong><br \/>\nDirectora del Instituto Tecnol\u00f3gico de Durango<br \/>\nPresienta en turno<\/p>\n<\/div>\n<\/div><\/div><\/div><div id=\"pgc-747-1-1\"  class=\"panel-grid-cell\" ><div id=\"panel-747-1-1-0\" class=\"so-panel widget widget_sow-editor panel-first-child panel-last-child\" data-index=\"2\" ><div\n\t\t\t\n\t\t\tclass=\"so-widget-sow-editor so-widget-sow-editor-base\"\n\t\t\t\n\t\t>\n<div class=\"siteorigin-widget-tinymce textwidget\">\n\t<p style=\"text-align: center;\"><strong><b>Mtro. Jaime Valls Esponda<\/b><\/strong><br \/>\nSecretario General Ejecutivo<br \/>\nSecretario<\/p>\n<\/div>\n<\/div><\/div><\/div><\/div><\/div>","protected":false},"excerpt":{"rendered":"<p>CONVOCATORIA Con fundamento en los art\u00edculos Trig\u00e9simo, Trig\u00e9simo Primero y Trig\u00e9simo Tercero, fracci\u00f3n VI, del Estatuto de la Asociaci\u00f3n Nacional de Universidades e Instituciones de Educaci\u00f3n Superior de la Rep\u00fablica &hellip; <\/p>\n","protected":false},"author":1,"featured_media":0,"parent":0,"menu_order":0,"comment_status":"closed","ping_status":"closed","template":"","meta":{"ngg_post_thumbnail":0,"footnotes":""},"class_list":["post-747","page","type-page","status-publish","hentry"],"_links":{"self":[{"href":"https:\/\/organoscolegiados.anuies.mx\/citia\/wp-json\/wp\/v2\/pages\/747","targetHints":{"allow":["GET"]}}],"collection":[{"href":"https:\/\/organoscolegiados.anuies.mx\/citia\/wp-json\/wp\/v2\/pages"}],"about":[{"href":"https:\/\/organoscolegiados.anuies.mx\/citia\/wp-json\/wp\/v2\/types\/page"}],"author":[{"embeddable":true,"href":"https:\/\/organoscolegiados.anuies.mx\/citia\/wp-json\/wp\/v2\/users\/1"}],"replies":[{"embeddable":true,"href":"https:\/\/organoscolegiados.anuies.mx\/citia\/wp-json\/wp\/v2\/comments?post=747"}],"version-history":[{"count":11,"href":"https:\/\/organoscolegiados.anuies.mx\/citia\/wp-json\/wp\/v2\/pages\/747\/revisions"}],"predecessor-version":[{"id":773,"href":"https:\/\/organoscolegiados.anuies.mx\/citia\/wp-json\/wp\/v2\/pages\/747\/revisions\/773"}],"wp:attachment":[{"href":"https:\/\/organoscolegiados.anuies.mx\/citia\/wp-json\/wp\/v2\/media?parent=747"}],"curies":[{"name":"wp","href":"https:\/\/api.w.org\/{rel}","templated":true}]}}