{"id":775,"date":"2022-08-26T20:08:23","date_gmt":"2022-08-26T18:08:23","guid":{"rendered":"https:\/\/organoscolegiados.anuies.mx\/citia\/?page_id=775"},"modified":"2022-08-29T19:00:06","modified_gmt":"2022-08-29T17:00:06","slug":"citia-x","status":"publish","type":"page","link":"https:\/\/organoscolegiados.anuies.mx\/citia\/citia-x\/","title":{"rendered":"CITIA X"},"content":{"rendered":"<div id=\"pl-775\"  class=\"panel-layout\" ><div id=\"pg-775-0\"  class=\"panel-grid panel-no-style\" ><div id=\"pgc-775-0-0\"  class=\"panel-grid-cell\" ><div id=\"panel-775-0-0-0\" class=\"so-panel widget widget_sow-editor panel-first-child panel-last-child\" data-index=\"0\" ><div\n\t\t\t\n\t\t\tclass=\"so-widget-sow-editor so-widget-sow-editor-base\"\n\t\t\t\n\t\t>\n<div class=\"siteorigin-widget-tinymce textwidget\">\n\t<p style=\"text-align: justify;\" align=\"center\"><strong> <img loading=\"lazy\" decoding=\"async\" class=\"aligncenter size-full wp-image-790\" src=\"https:\/\/organoscolegiados.anuies.mx\/citia\/wp-content\/uploads\/sites\/7\/2022\/08\/CITIA-XOK-scaled.jpg\" alt=\"\" width=\"2560\" height=\"221\" srcset=\"https:\/\/organoscolegiados.anuies.mx\/citia\/wp-content\/uploads\/sites\/7\/2022\/08\/CITIA-XOK-scaled.jpg 2560w, https:\/\/organoscolegiados.anuies.mx\/citia\/wp-content\/uploads\/sites\/7\/2022\/08\/CITIA-XOK-300x26.jpg 300w, https:\/\/organoscolegiados.anuies.mx\/citia\/wp-content\/uploads\/sites\/7\/2022\/08\/CITIA-XOK-1024x88.jpg 1024w, https:\/\/organoscolegiados.anuies.mx\/citia\/wp-content\/uploads\/sites\/7\/2022\/08\/CITIA-XOK-768x66.jpg 768w, https:\/\/organoscolegiados.anuies.mx\/citia\/wp-content\/uploads\/sites\/7\/2022\/08\/CITIA-XOK-1536x133.jpg 1536w, https:\/\/organoscolegiados.anuies.mx\/citia\/wp-content\/uploads\/sites\/7\/2022\/08\/CITIA-XOK-2048x177.jpg 2048w\" sizes=\"auto, (max-width: 2560px) 100vw, 2560px\" \/><br \/>\n<\/strong><\/p>\n<p style=\"text-align: center;\"><strong>CONVOCATORIA<\/strong><\/p>\n<p style=\"text-align: justify;\">Con fundamento en los art\u00edculos Trig\u00e9simo, Trig\u00e9simo Primero y Trig\u00e9simo Tercero, fracci\u00f3n VI, del Estatuto de la Asociaci\u00f3n Nacional de Universidades e Instituciones de Educaci\u00f3n Superior de la Rep\u00fablica Mexicana, A.C. (ANUIES), convocamos a los titulares de las instituciones que integran el Consejo de Institutos Tecnol\u00f3gicos e Instituciones Afines\u00a0 (CITIA), a la X Sesi\u00f3n Ordinaria que se efectuar\u00e1 en modalidad virtual con sede en el Instituto Tecnol\u00f3gico de Oaxaca, a las 11:00 horas de del 6 de septiembre, con el siguiente:<\/p>\n<p style=\"text-align: center;\"><strong>ORDEN DEL D\u00cdA<\/strong><\/p>\n<p>1. <a href=\"https:\/\/organoscolegiados.anuies.mx\/citia\/wp-content\/uploads\/sites\/7\/2022\/08\/1-Lista-de-asistencia-y-verificacion-del-quorum-Fusionado-27.pdf\" target=\"_blank\" rel=\"noopener\">Lista de asistencia y verificaci\u00f3n del <em>quorum<\/em>.<\/a><br \/>\n2. <a href=\"https:\/\/organoscolegiados.anuies.mx\/citia\/wp-content\/uploads\/sites\/7\/2022\/08\/2-Aprobacion-del-Orden-del-Dia-Fusionado-21.pdf\" target=\"_blank\" rel=\"noopener\">Aprobaci\u00f3n del Orden del D\u00eda.<\/a><br \/>\n3. <a href=\"https:\/\/organoscolegiados.anuies.mx\/citia\/wp-content\/uploads\/sites\/7\/2022\/08\/3-Eleccion-del-Vicepresidente-de-la-Sesion-Fusionado-10.pdf\" target=\"_blank\" rel=\"noopener\">Elecci\u00f3n del Vicepresidente de la Sesi\u00f3n.<\/a><br \/>\n4. <a href=\"https:\/\/organoscolegiados.anuies.mx\/citia\/wp-content\/uploads\/sites\/7\/2022\/08\/4-Lectura-y-aprobacion-en-su-caso-del-Acta-de-la-IX-Sesion-Ordinaria-Fusionado.pdf\" target=\"_blank\" rel=\"noopener\">Lectura y aprobaci\u00f3n, en su caso, del Acta de la IX Sesi\u00f3n Ordinaria.<\/a><br \/>\n5. <a href=\"https:\/\/organoscolegiados.anuies.mx\/citia\/wp-content\/uploads\/sites\/7\/2022\/08\/5-Presentacion-de-los-avances-InnovaTecNM-2022-Fusionado.pdf\" target=\"_blank\" rel=\"noopener\">Presentaci\u00f3n de los avances InnovaTecNM 2022.<\/a><br \/>\n6. <a href=\"https:\/\/organoscolegiados.anuies.mx\/citia\/wp-content\/uploads\/sites\/7\/2022\/08\/6-Presentacion-de-avances-Modelo-Academico-del-TecNM-2022-Fusionado.pdf\" target=\"_blank\" rel=\"noopener\">Presentaci\u00f3n de avances Modelo Acad\u00e9mico del TecNM 2022.<\/a><br \/>\n7. <a href=\"https:\/\/organoscolegiados.anuies.mx\/citia\/wp-content\/uploads\/sites\/7\/2022\/08\/7-Presentacion-del-Proyecto-de-Corredor-Interoceanico-del-Istmo-de-Tehuantepec-Fusionado.pdf\" target=\"_blank\" rel=\"noopener\">Presentaci\u00f3n del Proyecto de Corredor Interoce\u00e1nico del Istmo de Tehuantepec.<\/a><br \/>\n<span style=\"padding-left: 40px;\">-Programa de Formaci\u00f3n de j\u00f3venes extensionistas para la soberan\u00eda alimentaria.<\/span><br \/>\n<span style=\"padding-left: 40px;\">-Seminario Iniciativas de Turismo Comunitario en el marco del Programa para el Desarrollo del Istmo de Tehuantepec.<\/span><br \/>\n8. <a href=\"https:\/\/organoscolegiados.anuies.mx\/citia\/wp-content\/uploads\/sites\/7\/2022\/08\/8-Presentacion-de-la-Unidad-de-Proyectos-Especiales-a-los-miembros-del-CITIA.pdf\" target=\"_blank\" rel=\"noopener\">Presentaci\u00f3n de la Unidad de Proyectos Especiales a los miembros del CITIA.<\/a><br \/>\n<span style=\"padding-left: 40px;\">-Invitaci\u00f3n a las Jornadas de Paz ANUIES.<\/span><br \/>\n9. <a href=\"https:\/\/organoscolegiados.anuies.mx\/citia\/wp-content\/uploads\/sites\/7\/2022\/08\/9-Presentacion-de-la-oferta-de-cursos-virtuales-de-la-FESE-Universia-para-la-comunidad-educativa-de-los-institutos-tecnologicos-Portada.pdf\" target=\"_blank\" rel=\"noopener\">Presentaci\u00f3n de la oferta de cursos virtuales de la FESE-Universia para la comunidad educativa de los institutos tecnol\u00f3gicos.<\/a><br \/>\n10. <a href=\"https:\/\/organoscolegiados.anuies.mx\/citia\/wp-content\/uploads\/sites\/7\/2022\/08\/10-Asuntos-generales-3.pdf\" target=\"_blank\" rel=\"noopener\">Asuntos generales.<\/a><\/p>\n<\/div>\n<\/div><\/div><\/div><\/div><div id=\"pg-775-1\"  class=\"panel-grid panel-no-style\" ><div id=\"pgc-775-1-0\"  class=\"panel-grid-cell\" ><div id=\"panel-775-1-0-0\" class=\"so-panel widget widget_sow-editor panel-first-child panel-last-child\" data-index=\"1\" ><div\n\t\t\t\n\t\t\tclass=\"so-widget-sow-editor so-widget-sow-editor-base\"\n\t\t\t\n\t\t>\n<div class=\"siteorigin-widget-tinymce textwidget\">\n\t<p style=\"text-align: center;\"><strong>M.E. Fernando Toledo Toledo<\/strong><br \/>\nDirector del Instituto Tecnol\u00f3gico de Oaxaca<br \/>\nPresidente en turno<\/p>\n<\/div>\n<\/div><\/div><\/div><div id=\"pgc-775-1-1\"  class=\"panel-grid-cell\" ><div id=\"panel-775-1-1-0\" class=\"so-panel widget widget_sow-editor panel-first-child panel-last-child\" data-index=\"2\" ><div\n\t\t\t\n\t\t\tclass=\"so-widget-sow-editor so-widget-sow-editor-base\"\n\t\t\t\n\t\t>\n<div class=\"siteorigin-widget-tinymce textwidget\">\n\t<p style=\"text-align: center;\"><strong><b>Mtro. Jaime Valls Esponda<\/b><\/strong><br \/>\nSecretario General Ejecutivo<br \/>\nSecretario<\/p>\n<\/div>\n<\/div><\/div><\/div><\/div><\/div>","protected":false},"excerpt":{"rendered":"<p>CONVOCATORIA Con fundamento en los art\u00edculos Trig\u00e9simo, Trig\u00e9simo Primero y Trig\u00e9simo Tercero, fracci\u00f3n VI, del Estatuto de la Asociaci\u00f3n Nacional de Universidades e Instituciones de Educaci\u00f3n Superior de la Rep\u00fablica &hellip; <\/p>\n","protected":false},"author":1,"featured_media":0,"parent":0,"menu_order":0,"comment_status":"closed","ping_status":"closed","template":"","meta":{"ngg_post_thumbnail":0,"footnotes":""},"class_list":["post-775","page","type-page","status-publish","hentry"],"_links":{"self":[{"href":"https:\/\/organoscolegiados.anuies.mx\/citia\/wp-json\/wp\/v2\/pages\/775","targetHints":{"allow":["GET"]}}],"collection":[{"href":"https:\/\/organoscolegiados.anuies.mx\/citia\/wp-json\/wp\/v2\/pages"}],"about":[{"href":"https:\/\/organoscolegiados.anuies.mx\/citia\/wp-json\/wp\/v2\/types\/page"}],"author":[{"embeddable":true,"href":"https:\/\/organoscolegiados.anuies.mx\/citia\/wp-json\/wp\/v2\/users\/1"}],"replies":[{"embeddable":true,"href":"https:\/\/organoscolegiados.anuies.mx\/citia\/wp-json\/wp\/v2\/comments?post=775"}],"version-history":[{"count":20,"href":"https:\/\/organoscolegiados.anuies.mx\/citia\/wp-json\/wp\/v2\/pages\/775\/revisions"}],"predecessor-version":[{"id":808,"href":"https:\/\/organoscolegiados.anuies.mx\/citia\/wp-json\/wp\/v2\/pages\/775\/revisions\/808"}],"wp:attachment":[{"href":"https:\/\/organoscolegiados.anuies.mx\/citia\/wp-json\/wp\/v2\/media?parent=775"}],"curies":[{"name":"wp","href":"https:\/\/api.w.org\/{rel}","templated":true}]}}