{"id":824,"date":"2023-01-11T20:25:36","date_gmt":"2023-01-11T19:25:36","guid":{"rendered":"https:\/\/organoscolegiados.anuies.mx\/citia\/?page_id=824"},"modified":"2023-04-18T17:44:56","modified_gmt":"2023-04-18T15:44:56","slug":"xi","status":"publish","type":"page","link":"https:\/\/organoscolegiados.anuies.mx\/citia\/xi\/","title":{"rendered":"CITIA XI 24 abril"},"content":{"rendered":"<div id=\"pl-824\"  class=\"panel-layout\" ><div id=\"pg-824-0\"  class=\"panel-grid panel-no-style\" ><div id=\"pgc-824-0-0\"  class=\"panel-grid-cell\" ><div id=\"panel-824-0-0-0\" class=\"so-panel widget widget_sow-editor panel-first-child panel-last-child\" data-index=\"0\" ><div\n\t\t\t\n\t\t\tclass=\"so-widget-sow-editor so-widget-sow-editor-base\"\n\t\t\t\n\t\t>\n<div class=\"siteorigin-widget-tinymce textwidget\">\n\t<p style=\"text-align: justify;\" align=\"center\"><img loading=\"lazy\" decoding=\"async\" class=\"aligncenter size-full wp-image-825\" src=\"https:\/\/organoscolegiados.anuies.mx\/citia\/wp-content\/uploads\/sites\/7\/2023\/01\/CITIA-XI-scaled.jpg\" alt=\"\" width=\"2560\" height=\"221\" srcset=\"https:\/\/organoscolegiados.anuies.mx\/citia\/wp-content\/uploads\/sites\/7\/2023\/01\/CITIA-XI-scaled.jpg 2560w, https:\/\/organoscolegiados.anuies.mx\/citia\/wp-content\/uploads\/sites\/7\/2023\/01\/CITIA-XI-300x26.jpg 300w, https:\/\/organoscolegiados.anuies.mx\/citia\/wp-content\/uploads\/sites\/7\/2023\/01\/CITIA-XI-1024x88.jpg 1024w, https:\/\/organoscolegiados.anuies.mx\/citia\/wp-content\/uploads\/sites\/7\/2023\/01\/CITIA-XI-768x66.jpg 768w, https:\/\/organoscolegiados.anuies.mx\/citia\/wp-content\/uploads\/sites\/7\/2023\/01\/CITIA-XI-1536x133.jpg 1536w, https:\/\/organoscolegiados.anuies.mx\/citia\/wp-content\/uploads\/sites\/7\/2023\/01\/CITIA-XI-2048x177.jpg 2048w\" sizes=\"auto, (max-width: 2560px) 100vw, 2560px\" \/><\/p>\n<p style=\"text-align: center;\" align=\"center\"><strong>CONVOCATORIA<\/strong><\/p>\n<p style=\"text-align: justify;\">Con fundamento en los art\u00edculosTrig\u00e9simo,Trig\u00e9simo Primero y Trig\u00e9simo Tercero, fracci\u00f3n VI, del Estatuto de la Asociaci\u00f3n Nacional de Universidades e Instituciones de Educaci\u00f3n Superior de la Rep\u00fablica Mexicana, A.C. (ANUIES), convocamos a los titulares de las instituciones que integran el Consejo de Institutos Tecnol\u00f3gicos e Instituciones Afines (CITIA), a la XI Sesi\u00f3n Ordinaria que se efectuar\u00e1 en modalidad mixta con sede en el Centro de Informaci\u00f3n del Instituto Tecnol\u00f3gico de Chetumal, ubicado en Av. Insurgentes N\u00fam. 330, Esq. Andr\u00e9s Quintana Roo, Col. David Gustavo Guti\u00e9rrez, C.P. 77013, a las 16:00\u00a0 horas del lunes 24 de abril de 2023, con el siguiente:<\/p>\n<p style=\"text-align: center;\"><strong>ORDEN DEL D\u00cdA<\/strong><\/p>\n<ol>\n<li><a href=\"https:\/\/organoscolegiados.anuies.mx\/citia\/wp-content\/uploads\/sites\/7\/2023\/04\/1-Lista-de-asistencia-y-verificacion-del-quorum-Fusionado-37.pdf\" target=\"_blank\" rel=\"noopener\">Lista de asistencia y verificaci\u00f3n del <em>quorum<\/em>.<\/a><\/li>\n<li><a href=\"https:\/\/organoscolegiados.anuies.mx\/citia\/wp-content\/uploads\/sites\/7\/2023\/04\/2-Aprobacion-del-Orden-del-Dia-Fusionado-32.pdf\" target=\"_blank\" rel=\"noopener\">Aprobaci\u00f3n del Orden del D\u00eda.<\/a><\/li>\n<li><a href=\"https:\/\/organoscolegiados.anuies.mx\/citia\/wp-content\/uploads\/sites\/7\/2023\/04\/3-Eleccion-del-Vicepresidente-de-la-Sesion-Fusionado-12.pdf\" target=\"_blank\" rel=\"noopener\">Elecci\u00f3n del Vicepresidente de la Sesi\u00f3n.<\/a><\/li>\n<li><a href=\"https:\/\/organoscolegiados.anuies.mx\/citia\/wp-content\/uploads\/sites\/7\/2023\/04\/4-Lectura-y-aprobacion-en-su-caso-del-acta-de-la-X-Sesion-Ordinaria-Fusionado.pdf\" target=\"_blank\" rel=\"noopener\">Lectura y aprobaci\u00f3n, en su caso, del acta de la X Sesi\u00f3n Ordinaria.<\/a><\/li>\n<li><a href=\"https:\/\/organoscolegiados.anuies.mx\/citia\/wp-content\/uploads\/sites\/7\/2023\/04\/5-Modelo-Educativo-del-TecNM-Fusionado.pdf\" target=\"_blank\" rel=\"noopener\">Modelo Educativo del TecNM.<\/a><\/li>\n<li><a href=\"https:\/\/organoscolegiados.anuies.mx\/citia\/wp-content\/uploads\/sites\/7\/2023\/04\/6-Avances-del-Programa-de-Economia-Social-en-el-TecNM-Fusionado-2.pdf\" target=\"_blank\" rel=\"noopener\">Avances del Programa de Econom\u00eda Social en el TecNM (Nodos de Impulso a la Econom\u00eda Social y Solidaria, NODESS).<\/a><\/li>\n<li><a href=\"https:\/\/organoscolegiados.anuies.mx\/citia\/wp-content\/uploads\/sites\/7\/2023\/04\/7-Proyectos-estrategicos-del-Gobierno-Federal-Tren-Maya-Corredor-interoceanico-Litio-Semiconductores-Agenda-Agroalimentaria-y-rescate-del-campo-2.pdf\" target=\"_blank\" rel=\"noopener\">Proyectos estrat\u00e9gicos del Gobierno Federal: Tren Maya, Corredor interoce\u00e1nico, Litio-Semiconductores, Agenda Agroalimentaria y rescate del campo.<\/a><\/li>\n<li><a href=\"https:\/\/organoscolegiados.anuies.mx\/citia\/wp-content\/uploads\/sites\/7\/2023\/04\/8-Proyecto-del-Corredor-Interoceanico-del-Istmo-de-Tehuantepec-Fusionado_compressed.pdf\" target=\"_blank\" rel=\"noopener\">Proyecto del Corredor Interoce\u00e1nico del Istmo de Tehuantepec.<\/a><\/li>\n<li><a href=\"https:\/\/organoscolegiados.anuies.mx\/citia\/wp-content\/uploads\/sites\/7\/2023\/04\/9-Proceso-legislativo-de-las-iniciativas-en-materia-de-legislacion-sobre-humanidades-ciencias-tecnologias-e-innovacion-1.pdf\" target=\"_blank\" rel=\"noopener\">Proceso legislativo de las iniciativas en materia de legislaci\u00f3n sobre humanidades, ciencias, tecnolog\u00edas e innovaci\u00f3n.<\/a><\/li>\n<li><a href=\"https:\/\/organoscolegiados.anuies.mx\/citia\/wp-content\/uploads\/sites\/7\/2023\/04\/10-Avances-del-Programa-de-Trabajo-del-Sistema-de-Evaluacion-y-Acreditacion-de-la-Educacion-Superior.pdf\" target=\"_blank\" rel=\"noopener\">Avances del Programa de Trabajo del Sistema de Evaluaci\u00f3n y Acreditaci\u00f3n de la Educaci\u00f3n Superior.<\/a><\/li>\n<li><a href=\"https:\/\/organoscolegiados.anuies.mx\/citia\/wp-content\/uploads\/sites\/7\/2023\/04\/11-Eleccion-del-representante-del-CITIA-ante-el-Consejo-Nacional-Fusionado.pdf\" target=\"_blank\" rel=\"noopener\">Elecci\u00f3n del representante del Consejo de Institutos Tecnol\u00f3gicos e Instituciones Afines (CITIA) ante el Consejo Nacional.<\/a><\/li>\n<li><a href=\"https:\/\/organoscolegiados.anuies.mx\/citia\/wp-content\/uploads\/sites\/7\/2023\/04\/12-Agenda-de-cooperacion-internacional.pdf\" target=\"_blank\" rel=\"noopener\">Agenda de cooperaci\u00f3n internacional.<\/a><\/li>\n<li><a href=\"https:\/\/organoscolegiados.anuies.mx\/citia\/wp-content\/uploads\/sites\/7\/2023\/04\/13-Asuntos-generales-2.pdf\" target=\"_blank\" rel=\"noopener\">Asuntos generales.<\/a><\/li>\n<\/ol>\n<\/div>\n<\/div><\/div><\/div><\/div><div id=\"pg-824-1\"  class=\"panel-grid panel-no-style\" ><div id=\"pgc-824-1-0\"  class=\"panel-grid-cell\" ><div id=\"panel-824-1-0-0\" class=\"so-panel widget widget_sow-editor panel-first-child panel-last-child\" data-index=\"1\" ><div\n\t\t\t\n\t\t\tclass=\"so-widget-sow-editor so-widget-sow-editor-base\"\n\t\t\t\n\t\t>\n<div class=\"siteorigin-widget-tinymce textwidget\">\n\t<p style=\"text-align: center;\"><strong>Ing. Mario Vicente Gonz\u00e1lez Robles<\/strong><br \/>\nDirector del Instituto Tecnol\u00f3gico de Chetumal<br \/>\nPresidente en turno<\/p>\n<\/div>\n<\/div><\/div><\/div><div id=\"pgc-824-1-1\"  class=\"panel-grid-cell\" ><div id=\"panel-824-1-1-0\" class=\"so-panel widget widget_sow-editor panel-first-child panel-last-child\" data-index=\"2\" ><div\n\t\t\t\n\t\t\tclass=\"so-widget-sow-editor so-widget-sow-editor-base\"\n\t\t\t\n\t\t>\n<div class=\"siteorigin-widget-tinymce textwidget\">\n\t<p style=\"text-align: center;\"><strong><b>Dr. Luis Armando Gonz\u00e1lez Placencia<\/b><\/strong><br \/>\nSecretario General Ejecutivo<br \/>\nSecretario<\/p>\n<\/div>\n<\/div><\/div><\/div><\/div><\/div>","protected":false},"excerpt":{"rendered":"<p>CONVOCATORIA Con fundamento en los art\u00edculosTrig\u00e9simo,Trig\u00e9simo Primero y Trig\u00e9simo Tercero, fracci\u00f3n VI, del Estatuto de la Asociaci\u00f3n Nacional de Universidades e Instituciones de Educaci\u00f3n Superior de la Rep\u00fablica Mexicana, A.C. &hellip; <\/p>\n","protected":false},"author":1,"featured_media":0,"parent":0,"menu_order":0,"comment_status":"closed","ping_status":"closed","template":"","meta":{"ngg_post_thumbnail":0,"footnotes":""},"class_list":["post-824","page","type-page","status-publish","hentry"],"_links":{"self":[{"href":"https:\/\/organoscolegiados.anuies.mx\/citia\/wp-json\/wp\/v2\/pages\/824","targetHints":{"allow":["GET"]}}],"collection":[{"href":"https:\/\/organoscolegiados.anuies.mx\/citia\/wp-json\/wp\/v2\/pages"}],"about":[{"href":"https:\/\/organoscolegiados.anuies.mx\/citia\/wp-json\/wp\/v2\/types\/page"}],"author":[{"embeddable":true,"href":"https:\/\/organoscolegiados.anuies.mx\/citia\/wp-json\/wp\/v2\/users\/1"}],"replies":[{"embeddable":true,"href":"https:\/\/organoscolegiados.anuies.mx\/citia\/wp-json\/wp\/v2\/comments?post=824"}],"version-history":[{"count":6,"href":"https:\/\/organoscolegiados.anuies.mx\/citia\/wp-json\/wp\/v2\/pages\/824\/revisions"}],"predecessor-version":[{"id":851,"href":"https:\/\/organoscolegiados.anuies.mx\/citia\/wp-json\/wp\/v2\/pages\/824\/revisions\/851"}],"wp:attachment":[{"href":"https:\/\/organoscolegiados.anuies.mx\/citia\/wp-json\/wp\/v2\/media?parent=824"}],"curies":[{"name":"wp","href":"https:\/\/api.w.org\/{rel}","templated":true}]}}