{"id":872,"date":"2024-02-28T18:56:34","date_gmt":"2024-02-28T17:56:34","guid":{"rendered":"https:\/\/organoscolegiados.anuies.mx\/citia\/?page_id=872"},"modified":"2024-03-22T20:58:18","modified_gmt":"2024-03-22T19:58:18","slug":"citiaxiii","status":"publish","type":"page","link":"https:\/\/organoscolegiados.anuies.mx\/citia\/citiaxiii\/","title":{"rendered":"CITIA XIII"},"content":{"rendered":"<div id=\"pl-872\"  class=\"panel-layout\" ><div id=\"pg-872-0\"  class=\"panel-grid panel-no-style\" ><div id=\"pgc-872-0-0\"  class=\"panel-grid-cell\" ><div id=\"panel-872-0-0-0\" class=\"so-panel widget widget_sow-editor panel-first-child panel-last-child\" data-index=\"0\" ><div\n\t\t\t\n\t\t\tclass=\"so-widget-sow-editor so-widget-sow-editor-base\"\n\t\t\t\n\t\t>\n<div class=\"siteorigin-widget-tinymce textwidget\">\n\t<p style=\"text-align: justify;\" align=\"center\"><img loading=\"lazy\" decoding=\"async\" class=\"aligncenter  wp-image-905\" src=\"https:\/\/organoscolegiados.anuies.mx\/citia\/wp-content\/uploads\/sites\/7\/2024\/03\/CABECERA-OK.png\" alt=\"\" width=\"1233\" height=\"141\" srcset=\"https:\/\/organoscolegiados.anuies.mx\/citia\/wp-content\/uploads\/sites\/7\/2024\/03\/CABECERA-OK.png 1084w, https:\/\/organoscolegiados.anuies.mx\/citia\/wp-content\/uploads\/sites\/7\/2024\/03\/CABECERA-OK-300x34.png 300w, https:\/\/organoscolegiados.anuies.mx\/citia\/wp-content\/uploads\/sites\/7\/2024\/03\/CABECERA-OK-1024x117.png 1024w, https:\/\/organoscolegiados.anuies.mx\/citia\/wp-content\/uploads\/sites\/7\/2024\/03\/CABECERA-OK-768x88.png 768w\" sizes=\"auto, (max-width: 1233px) 100vw, 1233px\" \/><\/p>\n<p style=\"text-align: center;\"><span style=\"font-family: helvetica, arial, sans-serif; font-size: 14pt;\"><strong>CONVOCATORIA<\/strong><\/span><\/p>\n<p style=\"text-align: center;\"><span style=\"font-family: helvetica, arial, sans-serif; font-size: 14pt;\"><strong>XIII SESI\u00d3N ORDINARIA DEL CONSEJO DE INSTITUTOS TECNOL\u00d3GICOS E INSTITUCIONES AFINES<\/strong><\/span><\/p>\n<p style=\"text-align: justify;\"><span style=\"font-family: helvetica, arial, sans-serif; font-size: 14pt;\">Con fundamento en los art\u00edculos Trig\u00e9simo, Trig\u00e9simo Primero y Trig\u00e9simo Tercero, fracci\u00f3n VI, del Estatuto de la Asociaci\u00f3n Nacional de Universidades e Instituciones de Educaci\u00f3n Superior de la Rep\u00fablica Mexicana, A.C. (ANUIES), convocamos a los titulares de las instituciones que integran el Consejo de Institutos Tecnol\u00f3gicos e Instituciones Afines (CITIA), a la XIII Sesi\u00f3n Ordinaria que se efectuar\u00e1 en modalidad presencial, en el Centro cultural y de convenciones del Instituto Tecnol\u00f3gico de Celaya, ubicado en campus 1, Av. Antonio Garc\u00eda Cubas N\u00fam. 600, Esq. Av. Tecnol\u00f3gico, Colonia Alfredo V. Bonfil, C.P. 38010, Celaya, Guanajuato, a las 10:00 horas del viernes 22 de marzo de 2024, con el siguiente:<\/span><\/p>\n<p style=\"text-align: center;\"><strong><span style=\"font-family: helvetica, arial, sans-serif; font-size: 14pt;\">ORDEN DEL D\u00cdA<\/span><\/strong><\/p>\n<ol>\n<li><a href=\"https:\/\/organoscolegiados.anuies.mx\/citia\/wp-content\/uploads\/sites\/7\/2024\/03\/1-Lista-de-asistencia-y-verificacion-del-quorum-1.pdf\" target=\"_blank\" rel=\"noopener\"><span style=\"font-family: helvetica, arial, sans-serif; font-size: 14pt;\">Lista de asistencia y verificaci\u00f3n del <em>quorum<\/em>.<\/span><\/a><\/li>\n<li><a href=\"https:\/\/organoscolegiados.anuies.mx\/citia\/wp-content\/uploads\/sites\/7\/2024\/03\/2-Aprobacion-del-Orden-del-Dia-1.pdf\" target=\"_blank\" rel=\"noopener\"><span style=\"font-family: helvetica, arial, sans-serif; font-size: 14pt;\">Aprobaci\u00f3n del Orden del D\u00eda.<\/span><\/a><\/li>\n<li><a href=\"https:\/\/organoscolegiados.anuies.mx\/citia\/wp-content\/uploads\/sites\/7\/2024\/03\/3-Nombramiento-del-Vicepresidente-de-la-Sesion-1.pdf\" target=\"_blank\" rel=\"noopener\"><span style=\"font-family: helvetica, arial, sans-serif; font-size: 14pt;\">Nombramiento del Vicepresidente de la Sesi\u00f3n.<\/span><\/a><\/li>\n<li><a href=\"https:\/\/organoscolegiados.anuies.mx\/citia\/wp-content\/uploads\/sites\/7\/2024\/03\/4-Lectura-y-aprobacion-en-su-caso-del-Acta-de-la-XII-Sesion-Ordinaria.pdf\" target=\"_blank\" rel=\"noopener\"><span style=\"font-family: helvetica, arial, sans-serif; font-size: 14pt;\">Lectura y aprobaci\u00f3n, en su caso, del Acta de la XII Sesi\u00f3n Ordinaria.<\/span><\/a><\/li>\n<li><a href=\"https:\/\/organoscolegiados.anuies.mx\/citia\/wp-content\/uploads\/sites\/7\/2024\/03\/5-Propectiva-de-la-educacion-superior-tecnologica.pdf\" target=\"_blank\" rel=\"noopener\"><span style=\"font-family: helvetica, arial, sans-serif; font-size: 14pt;\">Prospectiva de la educaci\u00f3n superior tecnol\u00f3gica.<\/span><\/a><\/li>\n<li><a href=\"https:\/\/organoscolegiados.anuies.mx\/citia\/wp-content\/uploads\/sites\/7\/2024\/03\/6-Proceso-de-evaluacion-de-los-sistemas-estatales-de-educacion-superior-en-el-marco-del-Sistema-de-Evaluacion-y-Acreditacion-de-la-Educacion-Superior-VF.pdf\" target=\"_blank\" rel=\"noopener\"><span style=\"font-family: helvetica, arial, sans-serif; font-size: 14pt;\">Proceso de evaluaci\u00f3n de los sistemas estatales de educaci\u00f3n superior en el marco del Sistema de Evaluaci\u00f3n y Acreditaci\u00f3n de la Educaci\u00f3n Superior.<\/span><\/a><\/li>\n<li><a href=\"https:\/\/organoscolegiados.anuies.mx\/citia\/wp-content\/uploads\/sites\/7\/2024\/03\/7-Develacion-del-mural.-La-era-de-la-transmodernidad.pdf\" target=\"_blank\" rel=\"noopener\"><span style=\"font-family: helvetica, arial, sans-serif; font-size: 14pt;\">Develaci\u00f3n del mural: <em>La era de la transmodernidad<\/em>.<\/span><\/a><\/li>\n<li><a href=\"https:\/\/organoscolegiados.anuies.mx\/citia\/wp-content\/uploads\/sites\/7\/2024\/03\/8-Eleccion-del-representante-del-Consejo-de-Institutos-Tecnologicos-e-Instituciones-Afines-CITIA-ante-el-Consejo-Nacional.pdf\" target=\"_blank\" rel=\"noopener\"><span style=\"font-family: helvetica, arial, sans-serif; font-size: 14pt;\">Elecci\u00f3n del representante del Consejo de Institutos Tecnol\u00f3gicos e Instituciones Afines (CITIA) ante el Consejo Nacional.<\/span><\/a><\/li>\n<li><a href=\"https:\/\/organoscolegiados.anuies.mx\/citia\/wp-content\/uploads\/sites\/7\/2024\/03\/9-Resena-de-la-Conferencia-Regional-de-Educacion-Superior-de-America-Latina-y-el-Caribe-CRES-5-1.pdf\" target=\"_blank\" rel=\"noopener\"><span style=\"font-family: helvetica, arial, sans-serif; font-size: 14pt;\">Rese\u00f1a de la Conferencia Regional de Educaci\u00f3n Superior de Am\u00e9rica Latina y el Caribe-CRES + 5.<\/span><\/a><\/li>\n<li><span style=\"font-family: helvetica, arial, sans-serif; font-size: 14pt;\"><a href=\"https:\/\/organoscolegiados.anuies.mx\/citia\/wp-content\/uploads\/sites\/7\/2024\/03\/10-Importancia-de-la-pocuracion-de-fondos-en-el-marco-de-la-sostenibilidad-y-el-trabajo-conjunto-de-CASE-con-los-Institutos-Tecnologicos.pdf\" target=\"_blank\" rel=\"noopener\">Importancia de la procuraci\u00f3n de fondos en el marco de la sostenibilidad y el trabajo conjunto de CASE con los Institutos Tecnol\u00f3gicos<\/a>.<\/span><\/li>\n<li><a href=\"https:\/\/organoscolegiados.anuies.mx\/citia\/wp-content\/uploads\/sites\/7\/2024\/03\/11-Asuntos-generales-1.pdf\" target=\"_blank\" rel=\"noopener\"><span style=\"font-family: helvetica, arial, sans-serif; font-size: 14pt;\">Asuntos generales.<\/span><\/a><\/li>\n<\/ol>\n<\/div>\n<\/div><\/div><\/div><\/div><div id=\"pg-872-1\"  class=\"panel-grid panel-no-style\" ><div id=\"pgc-872-1-0\"  class=\"panel-grid-cell\" ><div id=\"panel-872-1-0-0\" class=\"so-panel widget widget_sow-editor panel-first-child panel-last-child\" data-index=\"1\" ><div\n\t\t\t\n\t\t\tclass=\"so-widget-sow-editor so-widget-sow-editor-base\"\n\t\t\t\n\t\t>\n<div class=\"siteorigin-widget-tinymce textwidget\">\n\t<p style=\"text-align: center;\"><strong>Mtro. Ernesto Lugo Ledesma<\/strong><br \/>\nDirector del Instituto Tecnol\u00f3gico de Celaya<br \/>\nPresidente en turno<\/p>\n<\/div>\n<\/div><\/div><\/div><div id=\"pgc-872-1-1\"  class=\"panel-grid-cell\" ><div id=\"panel-872-1-1-0\" class=\"so-panel widget widget_sow-editor panel-first-child panel-last-child\" data-index=\"2\" ><div\n\t\t\t\n\t\t\tclass=\"so-widget-sow-editor so-widget-sow-editor-base\"\n\t\t\t\n\t\t>\n<div class=\"siteorigin-widget-tinymce textwidget\">\n\t<p style=\"text-align: center;\"><strong><b>Dr. Luis Armando Gonz\u00e1lez Placencia<\/b><\/strong><br \/>\nSecretario General Ejecutivo<br \/>\nSecretario<\/p>\n<\/div>\n<\/div><\/div><\/div><\/div><\/div>","protected":false},"excerpt":{"rendered":"<p>CONVOCATORIA XIII SESI\u00d3N ORDINARIA DEL CONSEJO DE INSTITUTOS TECNOL\u00d3GICOS E INSTITUCIONES AFINES Con fundamento en los art\u00edculos Trig\u00e9simo, Trig\u00e9simo Primero y Trig\u00e9simo Tercero, fracci\u00f3n VI, del Estatuto de la Asociaci\u00f3n &hellip; <\/p>\n","protected":false},"author":1,"featured_media":0,"parent":0,"menu_order":0,"comment_status":"closed","ping_status":"closed","template":"","meta":{"ngg_post_thumbnail":0,"footnotes":""},"class_list":["post-872","page","type-page","status-publish","hentry"],"_links":{"self":[{"href":"https:\/\/organoscolegiados.anuies.mx\/citia\/wp-json\/wp\/v2\/pages\/872","targetHints":{"allow":["GET"]}}],"collection":[{"href":"https:\/\/organoscolegiados.anuies.mx\/citia\/wp-json\/wp\/v2\/pages"}],"about":[{"href":"https:\/\/organoscolegiados.anuies.mx\/citia\/wp-json\/wp\/v2\/types\/page"}],"author":[{"embeddable":true,"href":"https:\/\/organoscolegiados.anuies.mx\/citia\/wp-json\/wp\/v2\/users\/1"}],"replies":[{"embeddable":true,"href":"https:\/\/organoscolegiados.anuies.mx\/citia\/wp-json\/wp\/v2\/comments?post=872"}],"version-history":[{"count":6,"href":"https:\/\/organoscolegiados.anuies.mx\/citia\/wp-json\/wp\/v2\/pages\/872\/revisions"}],"predecessor-version":[{"id":906,"href":"https:\/\/organoscolegiados.anuies.mx\/citia\/wp-json\/wp\/v2\/pages\/872\/revisions\/906"}],"wp:attachment":[{"href":"https:\/\/organoscolegiados.anuies.mx\/citia\/wp-json\/wp\/v2\/media?parent=872"}],"curies":[{"name":"wp","href":"https:\/\/api.w.org\/{rel}","templated":true}]}}