{"id":916,"date":"2024-09-18T18:42:06","date_gmt":"2024-09-18T16:42:06","guid":{"rendered":"https:\/\/organoscolegiados.anuies.mx\/citia\/?page_id=916"},"modified":"2024-09-20T16:36:27","modified_gmt":"2024-09-20T14:36:27","slug":"citia-xiv","status":"publish","type":"page","link":"https:\/\/organoscolegiados.anuies.mx\/citia\/citia-xiv\/","title":{"rendered":"CITIA XIV"},"content":{"rendered":"<div id=\"pl-916\"  class=\"panel-layout\" ><div id=\"pg-916-0\"  class=\"panel-grid panel-no-style\" ><div id=\"pgc-916-0-0\"  class=\"panel-grid-cell\" ><div id=\"panel-916-0-0-0\" class=\"so-panel widget widget_sow-editor panel-first-child panel-last-child\" data-index=\"0\" ><div\n\t\t\t\n\t\t\tclass=\"so-widget-sow-editor so-widget-sow-editor-base\"\n\t\t\t\n\t\t>\n<div class=\"siteorigin-widget-tinymce textwidget\">\n\t<p>&nbsp;<\/p>\n<p style=\"text-align: justify;\" align=\"center\"><span style=\"font-family: helvetica, arial, sans-serif; font-size: 14pt;\"><img loading=\"lazy\" decoding=\"async\" class=\"aligncenter wp-image-918\" src=\"https:\/\/organoscolegiados.anuies.mx\/citia\/wp-content\/uploads\/sites\/7\/2024\/09\/citia-xiv-cabecera.png\" alt=\"\" width=\"1293\" height=\"147\" srcset=\"https:\/\/organoscolegiados.anuies.mx\/citia\/wp-content\/uploads\/sites\/7\/2024\/09\/citia-xiv-cabecera.png 1403w, https:\/\/organoscolegiados.anuies.mx\/citia\/wp-content\/uploads\/sites\/7\/2024\/09\/citia-xiv-cabecera-300x34.png 300w, https:\/\/organoscolegiados.anuies.mx\/citia\/wp-content\/uploads\/sites\/7\/2024\/09\/citia-xiv-cabecera-1024x116.png 1024w, https:\/\/organoscolegiados.anuies.mx\/citia\/wp-content\/uploads\/sites\/7\/2024\/09\/citia-xiv-cabecera-768x87.png 768w\" sizes=\"auto, (max-width: 1293px) 100vw, 1293px\" \/><\/span><\/p>\n<p style=\"text-align: justify;\" align=\"center\"><span style=\"font-family: helvetica, arial, sans-serif; font-size: 14pt;\">Con fundamento en los art\u00edculos Trig\u00e9simo, Trig\u00e9simo Primero y Trig\u00e9simo Tercero, fracci\u00f3n VI, del Estatuto de la Asociaci\u00f3n Nacional de Universidades e Instituciones de Educaci\u00f3n Superior de la Rep\u00fablica Mexicana, A.C. (ANUIES), convocamos a las y los titulares de las instituciones que integran el Consejo de Institutos Tecnol\u00f3gicos e Instituciones Afines (CITIA), a la XIV Sesi\u00f3n Ordinaria que se efectuar\u00e1 en modalidad presencial, en la Sala de Cine MAYAMAX del Gran Museo del Mundo Maya, ubicado en C. 60 299 E, Unidad Revoluci\u00f3n, C.P. 97110, M\u00e9rida, Yucat\u00e1n, a las 10:00 horas del viernes 27 de septiembre de 2024, con el siguiente:<\/span><\/p>\n<p style=\"text-align: center;\" align=\"center\"><strong><span style=\"font-family: helvetica, arial, sans-serif; font-size: 14pt;\">ORDEN DEL D\u00cdA<\/span><\/strong><\/p>\n<p style=\"text-align: justify;\" align=\"center\"><a href=\"https:\/\/organoscolegiados.anuies.mx\/citia\/wp-content\/uploads\/sites\/7\/2024\/09\/1-Lista-de-asistencia-y-verificacion-del-quorum.pdf\" target=\"_blank\" rel=\"noopener\"><span style=\"font-family: helvetica, arial, sans-serif; font-size: 14pt;\">1. Lista de asistencia y verificaci\u00f3n del <em>quorum<\/em>.<\/span><\/a><br \/>\n<a href=\"https:\/\/organoscolegiados.anuies.mx\/citia\/wp-content\/uploads\/sites\/7\/2024\/09\/2-Aprobacion-del-Orden-del-Dia.pdf\" target=\"_blank\" rel=\"noopener\"><span style=\"font-family: helvetica, arial, sans-serif; font-size: 14pt;\">2. Aprobaci\u00f3n del Orden del D\u00eda.<\/span><\/a><br \/>\n<a href=\"https:\/\/organoscolegiados.anuies.mx\/citia\/wp-content\/uploads\/sites\/7\/2024\/09\/3-Nombramiento-del-Vicepresidente-de-la-Sesion.pdf\" target=\"_blank\" rel=\"noopener\"><span style=\"font-family: helvetica, arial, sans-serif; font-size: 14pt;\">3. Nombramiento del Vicepresidente de la Sesi\u00f3n.<\/span><\/a><br \/>\n<a href=\"https:\/\/organoscolegiados.anuies.mx\/citia\/wp-content\/uploads\/sites\/7\/2024\/09\/4-Lectura-y-aprobacion-en-su-caso-del-Acta-de-la-XIII-Sesion-Ordinaria.pdf\" target=\"_blank\" rel=\"noopener\"><span style=\"font-family: helvetica, arial, sans-serif; font-size: 14pt;\">4. Lectura y aprobaci\u00f3n, en su caso, del Acta de la XIII Sesi\u00f3n Ordinaria.<\/span><\/a><br \/>\n<a href=\"https:\/\/organoscolegiados.anuies.mx\/citia\/wp-content\/uploads\/sites\/7\/2024\/09\/5-Prospectiva-de-los-programas-de-ingenieria.para-el-futuro-de-Mexico.pdf\" target=\"_blank\" rel=\"noopener\"><span style=\"font-family: helvetica, arial, sans-serif; font-size: 14pt;\">5. Prospectiva de los programas de ingenier\u00eda en ciberseguridad, desarrollo de aplicaciones, inteligencia artificial y ciencia de datos para el futuro de M\u00e9xico.<\/span><\/a><br \/>\n<a href=\"https:\/\/organoscolegiados.anuies.mx\/citia\/wp-content\/uploads\/sites\/7\/2024\/09\/6-Resultados-nacionales-de-los-programas-de-ingenieria-y-de-posgrado-sobre-ferroviaria-y-semiconductores-y-su-prospectiva-para-2030.pdf\" target=\"_blank\" rel=\"noopener\"><span style=\"font-family: helvetica, arial, sans-serif; font-size: 14pt;\">6. Resultados nacionales de los programas de ingenier\u00eda y de posgrado sobre ferroviaria y semiconductores, y su prospectiva para 2030.<\/span><\/a><br \/>\n<a href=\"https:\/\/organoscolegiados.anuies.mx\/citia\/wp-content\/uploads\/sites\/7\/2024\/09\/7-Resultado-de-las-agendas-nacionales-del-TecNM-y-su-eventual-vinculacion-con-las-universidades-del-pais.pdf\" target=\"_blank\" rel=\"noopener\"><span style=\"font-family: helvetica, arial, sans-serif; font-size: 14pt;\">7. Resultado de las agendas nacionales del TecNM y su eventual vinculaci\u00f3n con las universidades del pa\u00eds.<\/span><\/a><br \/>\n<a href=\"https:\/\/organoscolegiados.anuies.mx\/citia\/wp-content\/uploads\/sites\/7\/2024\/09\/8-Resultados-de-la-Educacion-Dual-en-el-TecNM-y-propuesta-para-un-modelo-nacional.pdf\" target=\"_blank\" rel=\"noopener\"><span style=\"font-family: helvetica, arial, sans-serif; font-size: 14pt;\">8. Resultados de la <em>Educaci\u00f3n Dual<\/em> en el TecNM y propuesta para un modelo nacional.<\/span><\/a><br \/>\n<a href=\"https:\/\/organoscolegiados.anuies.mx\/citia\/wp-content\/uploads\/sites\/7\/2024\/09\/9-Resumen-general-de-las-aportaciones-del-TecNM-en-los-proyectos-nacionales-sobre-tecnologia-academia-y-vinculacion.pdf\" target=\"_blank\" rel=\"noopener\"><span style=\"font-family: helvetica, arial, sans-serif; font-size: 14pt;\">9. Resumen general de las aportaciones del TecNM en los proyectos nacionales sobre tecnolog\u00eda, academia y vinculaci\u00f3n.<\/span><\/a><br \/>\n<a href=\"https:\/\/organoscolegiados.anuies.mx\/citia\/wp-content\/uploads\/sites\/7\/2024\/09\/10-Asuntos-generales.pdf\" target=\"_blank\" rel=\"noopener\"><span style=\"font-family: helvetica, arial, sans-serif; font-size: 14pt;\">10. Asuntos generales.<\/span><\/a><\/p>\n<\/div>\n<\/div><\/div><\/div><\/div><div id=\"pg-916-1\"  class=\"panel-grid panel-no-style\" ><div id=\"pgc-916-1-0\"  class=\"panel-grid-cell\" ><div id=\"panel-916-1-0-0\" class=\"so-panel widget widget_sow-editor panel-first-child panel-last-child\" data-index=\"1\" ><div\n\t\t\t\n\t\t\tclass=\"so-widget-sow-editor so-widget-sow-editor-base\"\n\t\t\t\n\t\t>\n<div class=\"siteorigin-widget-tinymce textwidget\">\n\t<p style=\"text-align: center;\"><strong>M.C. Jos\u00e9 Antonio Canto Esquivel<\/strong><br \/>\nDirector del Instituto Tecnol\u00f3gico de M\u00e9rida<br \/>\nPresidente en turno<\/p>\n<\/div>\n<\/div><\/div><\/div><div id=\"pgc-916-1-1\"  class=\"panel-grid-cell\" ><div id=\"panel-916-1-1-0\" class=\"so-panel widget widget_sow-editor panel-first-child panel-last-child\" data-index=\"2\" ><div\n\t\t\t\n\t\t\tclass=\"so-widget-sow-editor so-widget-sow-editor-base\"\n\t\t\t\n\t\t>\n<div class=\"siteorigin-widget-tinymce textwidget\">\n\t<p style=\"text-align: center;\"><strong><b>Dr. Luis Armando Gonz\u00e1lez Placencia<\/b><\/strong><br \/>\nSecretario General Ejecutivo<br \/>\nSecretario<\/p>\n<\/div>\n<\/div><\/div><\/div><\/div><\/div>","protected":false},"excerpt":{"rendered":"<p>&nbsp; Con fundamento en los art\u00edculos Trig\u00e9simo, Trig\u00e9simo Primero y Trig\u00e9simo Tercero, fracci\u00f3n VI, del Estatuto de la Asociaci\u00f3n Nacional de Universidades e Instituciones de Educaci\u00f3n Superior de la Rep\u00fablica &hellip; <\/p>\n","protected":false},"author":1,"featured_media":0,"parent":0,"menu_order":0,"comment_status":"closed","ping_status":"closed","template":"","meta":{"ngg_post_thumbnail":0,"footnotes":""},"class_list":["post-916","page","type-page","status-publish","hentry"],"_links":{"self":[{"href":"https:\/\/organoscolegiados.anuies.mx\/citia\/wp-json\/wp\/v2\/pages\/916","targetHints":{"allow":["GET"]}}],"collection":[{"href":"https:\/\/organoscolegiados.anuies.mx\/citia\/wp-json\/wp\/v2\/pages"}],"about":[{"href":"https:\/\/organoscolegiados.anuies.mx\/citia\/wp-json\/wp\/v2\/types\/page"}],"author":[{"embeddable":true,"href":"https:\/\/organoscolegiados.anuies.mx\/citia\/wp-json\/wp\/v2\/users\/1"}],"replies":[{"embeddable":true,"href":"https:\/\/organoscolegiados.anuies.mx\/citia\/wp-json\/wp\/v2\/comments?post=916"}],"version-history":[{"count":5,"href":"https:\/\/organoscolegiados.anuies.mx\/citia\/wp-json\/wp\/v2\/pages\/916\/revisions"}],"predecessor-version":[{"id":932,"href":"https:\/\/organoscolegiados.anuies.mx\/citia\/wp-json\/wp\/v2\/pages\/916\/revisions\/932"}],"wp:attachment":[{"href":"https:\/\/organoscolegiados.anuies.mx\/citia\/wp-json\/wp\/v2\/media?parent=916"}],"curies":[{"name":"wp","href":"https:\/\/api.w.org\/{rel}","templated":true}]}}