{"id":947,"date":"2025-03-26T20:31:30","date_gmt":"2025-03-26T19:31:30","guid":{"rendered":"https:\/\/organoscolegiados.anuies.mx\/citia\/?page_id=947"},"modified":"2025-04-01T18:55:33","modified_gmt":"2025-04-01T16:55:33","slug":"citiaxv","status":"publish","type":"page","link":"https:\/\/organoscolegiados.anuies.mx\/citia\/citiaxv\/","title":{"rendered":"CITIA XV"},"content":{"rendered":"<div id=\"pl-947\"  class=\"panel-layout\" ><div id=\"pg-947-0\"  class=\"panel-grid panel-no-style\" ><div id=\"pgc-947-0-0\"  class=\"panel-grid-cell\" ><div id=\"panel-947-0-0-0\" class=\"so-panel widget widget_sow-editor panel-first-child panel-last-child\" data-index=\"0\" ><div\n\t\t\t\n\t\t\tclass=\"so-widget-sow-editor so-widget-sow-editor-base\"\n\t\t\t\n\t\t>\n<div class=\"siteorigin-widget-tinymce textwidget\">\n\t<p>&nbsp;<\/p>\n<p style=\"text-align: justify;\" align=\"center\"><span style=\"font-family: helvetica, arial, sans-serif; font-size: 14pt;\"><img loading=\"lazy\" decoding=\"async\" class=\"aligncenter size-full wp-image-948\" src=\"https:\/\/organoscolegiados.anuies.mx\/citia\/wp-content\/uploads\/sites\/7\/2025\/03\/cABECERA.png\" alt=\"\" width=\"1545\" height=\"261\" srcset=\"https:\/\/organoscolegiados.anuies.mx\/citia\/wp-content\/uploads\/sites\/7\/2025\/03\/cABECERA.png 1545w, https:\/\/organoscolegiados.anuies.mx\/citia\/wp-content\/uploads\/sites\/7\/2025\/03\/cABECERA-300x51.png 300w, https:\/\/organoscolegiados.anuies.mx\/citia\/wp-content\/uploads\/sites\/7\/2025\/03\/cABECERA-1024x173.png 1024w, https:\/\/organoscolegiados.anuies.mx\/citia\/wp-content\/uploads\/sites\/7\/2025\/03\/cABECERA-768x130.png 768w, https:\/\/organoscolegiados.anuies.mx\/citia\/wp-content\/uploads\/sites\/7\/2025\/03\/cABECERA-1536x259.png 1536w\" sizes=\"auto, (max-width: 1545px) 100vw, 1545px\" \/><\/span><\/p>\n<p style=\"text-align: justify;\" align=\"center\"><span style=\"font-family: helvetica, arial, sans-serif; font-size: 14pt;\">Con fundamento en los art\u00edculos Trig\u00e9simo, Trig\u00e9simo Primero y Trig\u00e9simo Tercero, fracci\u00f3n VI, del Estatuto de la Asociaci\u00f3n Nacional de Universidades e Instituciones de Educaci\u00f3n Superior de la Rep\u00fablica Mexicana, A.C. (ANUIES), convocamos a quienes integran el Consejo de Institutos Tecnol\u00f3gicos e Instituciones Afines (CITIA), a la XV Sesi\u00f3n Ordinaria que se efectuar\u00e1 en modalidad presencial, en la Sala de Usos M\u00faltiples, del Instituto Tecnol\u00f3gico de La Laguna, ubicado en Blvd. Revoluci\u00f3n y Av. Instituto Tecnol\u00f3gico de La Laguna S\/N, Col. Centro, Torre\u00f3n, Coahuila, M\u00e9xico, C.P. 27000, a las 11:00 horas del martes 8 de abril de 2025, con el siguiente:<\/span><\/p>\n<p style=\"text-align: center;\" align=\"center\"><span style=\"font-family: helvetica, arial, sans-serif; font-size: 14pt;\"><strong>ORDEN DEL D\u00cdA<\/strong><\/span><\/p>\n<p><span style=\"font-family: helvetica, arial, sans-serif; font-size: 14pt;\">1.<a href=\"https:\/\/organoscolegiados.anuies.mx\/citia\/wp-content\/uploads\/sites\/7\/2025\/03\/1-Lista-de-asistencia-y-verificacion-del-quorum.pdf\" target=\"_blank\" rel=\"noopener\">Lista de asistencia y verificaci\u00f3n del <em>quorum<\/em>.<\/a><\/span><br \/>\n<span style=\"font-family: helvetica, arial, sans-serif; font-size: 14pt;\">2.<a href=\"https:\/\/organoscolegiados.anuies.mx\/citia\/wp-content\/uploads\/sites\/7\/2025\/03\/2-Aprobacion-del-Orden-del-Dia.pdf\" target=\"_blank\" rel=\"noopener\">Aprobaci\u00f3n del Orden del D\u00eda.<\/a><\/span><br \/>\n<span style=\"font-family: helvetica, arial, sans-serif; font-size: 14pt;\">3.<a href=\"https:\/\/organoscolegiados.anuies.mx\/citia\/wp-content\/uploads\/sites\/7\/2025\/03\/3-Nombramiento-del-Vicepresidente-de-la-Sesion.pdf\" target=\"_blank\" rel=\"noopener\">Nombramiento del Vicepresidente de la Sesi\u00f3n.<\/a><\/span><br \/>\n<span style=\"font-family: helvetica, arial, sans-serif; font-size: 14pt;\">4.<a href=\"https:\/\/organoscolegiados.anuies.mx\/citia\/wp-content\/uploads\/sites\/7\/2025\/03\/4-Lectura-y-aprobacion-en-su-caso-del-Acta-de-la-XIV-Sesion-Ordinaria.pdf\" target=\"_blank\" rel=\"noopener\">Lectura y aprobaci\u00f3n, en su caso, del Acta de la XIV Sesi\u00f3n Ordinaria.<\/a><\/span><br \/>\n<span style=\"font-family: helvetica, arial, sans-serif; font-size: 14pt;\">5.<a href=\"https:\/\/organoscolegiados.anuies.mx\/citia\/wp-content\/uploads\/sites\/7\/2025\/03\/5-Instalacion-de-las-comisiones-del-CITIA-ANUIES-a-cargo-del-Dr.-Luis-Gonzalez-Placencia-SGE-de-la-ANUIES.pdf\" target=\"_blank\" rel=\"noopener\">Instalaci\u00f3n de las comisiones del CITIA-ANUIES, a cargo del Dr. Luis Gonz\u00e1lez Placencia, Secretario General Ejecutivo de la ANUIES.<\/a><\/span><br \/>\n<span style=\"font-family: helvetica, arial, sans-serif; font-size: 14pt;\">6.<a href=\"https:\/\/organoscolegiados.anuies.mx\/citia\/wp-content\/uploads\/sites\/7\/2025\/03\/6-Video-de-las-reuniones-de-trabajo-de-las-comisiones-del-CITIA-ANUIES.pdf\" target=\"_blank\" rel=\"noopener\">Video de las reuniones de trabajo de las comisiones del CITIA-ANUIES.<\/a><\/span><br \/>\n<span style=\"font-family: helvetica, arial, sans-serif; font-size: 14pt;\">7.<a href=\"https:\/\/organoscolegiados.anuies.mx\/citia\/wp-content\/uploads\/sites\/7\/2025\/03\/7-Exposicion-de-motivos-a-cargo-del-Dr.-Jose-Luis-Gil-Vazquez-Director-del-Instituto-Tecnologico-de-Aguascalientes.pdf\" target=\"_blank\" rel=\"noopener\">Exposici\u00f3n de motivos a cargo del Dr. Jos\u00e9 Luis Gil V\u00e1zquez, Director del Instituto Tecnol\u00f3gico de Aguascalientes.<\/a><\/span><br \/>\n<span style=\"font-family: helvetica, arial, sans-serif; font-size: 14pt;\">8.<a href=\"https:\/\/organoscolegiados.anuies.mx\/citia\/wp-content\/uploads\/sites\/7\/2025\/04\/8-Participacion-de-quienes-coordinan-las-comisiones-del-CITIA-ANUIES.pdf\" target=\"_blank\" rel=\"noopener\">Participaci\u00f3n de quienes coordinan las comisiones del CITIA-ANUIES.<\/a><\/span><\/p>\n<p style=\"padding-left: 80px;\"><span style=\"font-family: helvetica, arial, sans-serif; font-size: 14pt;\">a. Comisi\u00f3n 1: Diplomado en Desarrollo Directivo.<\/span><br \/>\n<span style=\"font-family: helvetica, arial, sans-serif; font-size: 14pt;\">b. Comisi\u00f3n 2: Diplomado en Tutor\u00edas.<\/span><br \/>\n<span style=\"font-family: helvetica, arial, sans-serif; font-size: 14pt;\">c. Comisi\u00f3n 3: Modelo de articulaci\u00f3n de la Educaci\u00f3n Media Superior con el TecNM.<\/span><br \/>\n<span style=\"font-family: helvetica, arial, sans-serif; font-size: 14pt;\">d. Comisi\u00f3n 4: Modelo de Movilidad y\/o Doble Titulaci\u00f3n.<\/span><br \/>\n<span style=\"font-family: helvetica, arial, sans-serif; font-size: 14pt;\">e. Comisi\u00f3n 5: Modelo del SEAES.<\/span><br \/>\n<span style=\"font-family: helvetica, arial, sans-serif; font-size: 14pt;\">f.\u00a0 Comisi\u00f3n 6: Diplomado en Cultura de Paz.<\/span><\/p>\n<p><span style=\"font-family: helvetica, arial, sans-serif; font-size: 14pt;\">9.<a href=\"https:\/\/organoscolegiados.anuies.mx\/citia\/wp-content\/uploads\/sites\/7\/2025\/03\/9-Avances-en-la-instrumentacion-del-Sistema-de-Evaluacion-y-Acreditacion-de-la-ES.pdf\" target=\"_blank\" rel=\"noopener\">Avances en la instrumentaci\u00f3n del Sistema de Evaluaci\u00f3n y Acreditaci\u00f3n de la Educaci\u00f3n Superior.<\/a><\/span><br \/>\n<span style=\"font-family: helvetica, arial, sans-serif; font-size: 14pt;\">10.<a href=\"https:\/\/organoscolegiados.anuies.mx\/citia\/wp-content\/uploads\/sites\/7\/2025\/03\/10-Presentacion-de-la-Guia-para-el-uso-del-lenguaje-incluyente-y-no-sexista.pdf\" target=\"_blank\" rel=\"noopener\">Presentaci\u00f3n de la <em>Gu\u00eda para el uso del lenguaje incluyente y no sexista<\/em>.<\/a><\/span><br \/>\n<span style=\"font-family: helvetica, arial, sans-serif; font-size: 14pt;\">11.<a href=\"https:\/\/organoscolegiados.anuies.mx\/citia\/wp-content\/uploads\/sites\/7\/2025\/03\/11-Eleccion-del-representante-del-CITIA-ante-el-Consejo-Nacional.pdf\" target=\"_blank\" rel=\"noopener\">Elecci\u00f3n del representante del Consejo de Institutos Tecnol\u00f3gicos e Instituciones Afines (CITIA) ante el Consejo Nacional.<\/a><\/span><br \/>\n<span style=\"font-family: helvetica, arial, sans-serif; font-size: 14pt;\">12.<a href=\"https:\/\/organoscolegiados.anuies.mx\/citia\/wp-content\/uploads\/sites\/7\/2025\/03\/12-Asuntos-generales.pdf\" target=\"_blank\" rel=\"noopener\">Asuntos generales.<\/a><\/span><\/p>\n<\/div>\n<\/div><\/div><\/div><\/div><div id=\"pg-947-1\"  class=\"panel-grid panel-no-style\" ><div id=\"pgc-947-1-0\"  class=\"panel-grid-cell\" ><div id=\"panel-947-1-0-0\" class=\"so-panel widget widget_sow-editor panel-first-child panel-last-child\" data-index=\"1\" ><div\n\t\t\t\n\t\t\tclass=\"so-widget-sow-editor so-widget-sow-editor-base\"\n\t\t\t\n\t\t>\n<div class=\"siteorigin-widget-tinymce textwidget\">\n\t<p style=\"text-align: center;\"><strong>Mtro. Jos\u00e9 Omar Sald\u00edvar Correa<\/strong><br \/>\nDirector del Instituto Tecnol\u00f3gico de La Laguna<br \/>\nPresidente en turno<\/p>\n<\/div>\n<\/div><\/div><\/div><div id=\"pgc-947-1-1\"  class=\"panel-grid-cell\" ><div id=\"panel-947-1-1-0\" class=\"so-panel widget widget_sow-editor panel-first-child panel-last-child\" data-index=\"2\" ><div\n\t\t\t\n\t\t\tclass=\"so-widget-sow-editor so-widget-sow-editor-base\"\n\t\t\t\n\t\t>\n<div class=\"siteorigin-widget-tinymce textwidget\">\n\t<p style=\"text-align: center;\"><strong><b>Dr. Luis Armando Gonz\u00e1lez Placencia<\/b><\/strong><br \/>\nSecretario General Ejecutivo<br \/>\nSecretario<\/p>\n<\/div>\n<\/div><\/div><\/div><\/div><\/div>","protected":false},"excerpt":{"rendered":"<p>&nbsp; Con fundamento en los art\u00edculos Trig\u00e9simo, Trig\u00e9simo Primero y Trig\u00e9simo Tercero, fracci\u00f3n VI, del Estatuto de la Asociaci\u00f3n Nacional de Universidades e Instituciones de Educaci\u00f3n Superior de la Rep\u00fablica &hellip; <\/p>\n","protected":false},"author":1,"featured_media":0,"parent":0,"menu_order":0,"comment_status":"closed","ping_status":"closed","template":"","meta":{"ngg_post_thumbnail":0,"footnotes":""},"class_list":["post-947","page","type-page","status-publish","hentry"],"_links":{"self":[{"href":"https:\/\/organoscolegiados.anuies.mx\/citia\/wp-json\/wp\/v2\/pages\/947","targetHints":{"allow":["GET"]}}],"collection":[{"href":"https:\/\/organoscolegiados.anuies.mx\/citia\/wp-json\/wp\/v2\/pages"}],"about":[{"href":"https:\/\/organoscolegiados.anuies.mx\/citia\/wp-json\/wp\/v2\/types\/page"}],"author":[{"embeddable":true,"href":"https:\/\/organoscolegiados.anuies.mx\/citia\/wp-json\/wp\/v2\/users\/1"}],"replies":[{"embeddable":true,"href":"https:\/\/organoscolegiados.anuies.mx\/citia\/wp-json\/wp\/v2\/comments?post=947"}],"version-history":[{"count":10,"href":"https:\/\/organoscolegiados.anuies.mx\/citia\/wp-json\/wp\/v2\/pages\/947\/revisions"}],"predecessor-version":[{"id":1080,"href":"https:\/\/organoscolegiados.anuies.mx\/citia\/wp-json\/wp\/v2\/pages\/947\/revisions\/1080"}],"wp:attachment":[{"href":"https:\/\/organoscolegiados.anuies.mx\/citia\/wp-json\/wp\/v2\/media?parent=947"}],"curies":[{"name":"wp","href":"https:\/\/api.w.org\/{rel}","templated":true}]}}