{"id":112,"date":"2019-10-24T20:38:54","date_gmt":"2019-10-24T18:38:54","guid":{"rendered":"https:\/\/organoscolegiados.anuies.mx\/consejonacional\/?page_id=112"},"modified":"2020-04-03T04:16:31","modified_gmt":"2020-04-03T02:16:31","slug":"cn22019","status":"publish","type":"page","link":"https:\/\/organoscolegiados.anuies.mx\/consejonacional\/cn22019\/","title":{"rendered":""},"content":{"rendered":"<div id=\"pl-112\"  class=\"panel-layout\" ><div id=\"pg-112-0\"  class=\"panel-grid panel-no-style\" ><div id=\"pgc-112-0-0\"  class=\"panel-grid-cell\" ><div id=\"panel-112-0-0-0\" class=\"so-panel widget widget_sow-editor panel-first-child panel-last-child\" data-index=\"0\" ><div\n\t\t\t\n\t\t\tclass=\"so-widget-sow-editor so-widget-sow-editor-base\"\n\t\t\t\n\t\t>\n<div class=\"siteorigin-widget-tinymce textwidget\">\n\t<p><img loading=\"lazy\" decoding=\"async\" class=\"alignnone size-full wp-image-123\" src=\"https:\/\/organoscolegiados.anuies.mx\/consejonacional\/wp-content\/uploads\/sites\/2\/2019\/10\/cabecera_2019-1.png\" alt=\"\" width=\"1245\" height=\"125\" srcset=\"https:\/\/organoscolegiados.anuies.mx\/consejonacional\/wp-content\/uploads\/sites\/2\/2019\/10\/cabecera_2019-1.png 1245w, https:\/\/organoscolegiados.anuies.mx\/consejonacional\/wp-content\/uploads\/sites\/2\/2019\/10\/cabecera_2019-1-300x30.png 300w, https:\/\/organoscolegiados.anuies.mx\/consejonacional\/wp-content\/uploads\/sites\/2\/2019\/10\/cabecera_2019-1-768x77.png 768w, https:\/\/organoscolegiados.anuies.mx\/consejonacional\/wp-content\/uploads\/sites\/2\/2019\/10\/cabecera_2019-1-1024x103.png 1024w\" sizes=\"auto, (max-width: 1245px) 100vw, 1245px\" \/><\/p>\n<p style=\"text-align: center;\"><span style=\"color: #000000;\"><strong>CONVOCATORIA<\/strong><\/span><\/p>\n<p><span style=\"color: #000000;\">Con fundamento en los art\u00edculos Vig\u00e9simo Primero, Trig\u00e9simo Primero y Trig\u00e9simo Tercero, fracci\u00f3n VI, del Estatuto de la Asociaci\u00f3n Nacional de Universidades e Instituciones de Educaci\u00f3n Superior de la Rep\u00fablica Mexicana, A.C. (ANUIES), se convoca a los titulares de las instituciones que integran el Consejo Nacional a la Sesi\u00f3n Ordinaria 2.2019 que se celebrar\u00e1 el d\u00eda jueves 20 de junio de 2019, a partir de las 17:00 horas, en el Centro de Extensi\u00f3n Universitaria de la Universidad Aut\u00f3noma del Estado de Hidalgo, ubicado en Avenida Universidad s\/n, Colonia Santiago Jaltepec, C.P. 42075, Mineral de la Reforma, Hidalgo, bajo el siguiente:<\/span><\/p>\n<p style=\"text-align: center;\"><span style=\"color: #000000;\"><strong>ORDEN DEL D\u00cdA<\/strong><\/span><\/p>\n<p><span style=\"color: #000000;\"><a style=\"color: #000000;\" href=\"https:\/\/organoscolegiados.anuies.mx\/consejonacional\/wp-content\/uploads\/sites\/2\/2019\/10\/1.-Miembros-del-CN-de-la-ANUIES-1.pdf\" target=\"_blank\" rel=\"noopener\">1.Lista de asistencia y verificaci\u00f3n de <em>qu\u00f3rum<\/em>.<\/a><\/span><\/p>\n<p><a href=\"https:\/\/organoscolegiados.anuies.mx\/consejonacional\/wp-content\/uploads\/sites\/2\/2020\/04\/Aprobaci\u00f3n-del-Orden-del-D\u00eda-2.SO_.19.pdf\" target=\"_blank\" rel=\"noopener\"><span style=\"color: #000000;\">2.Aprobaci\u00f3n del Orden del D\u00eda.<\/span><\/a><\/p>\n<p><a href=\"https:\/\/organoscolegiados.anuies.mx\/consejonacional\/wp-content\/uploads\/sites\/2\/2020\/04\/Aprobaci\u00f3n-y-Lectura-de-Acta-2.SO_.19.pdf\" target=\"_blank\" rel=\"noopener\"><span style=\"color: #000000;\">3.Lectura y aprobaci\u00f3n, en su caso, del Acta de la Sesi\u00f3n Extraordinaria 1.2019 y de la Sesi\u00f3n Ordinaria 1.2019.<\/span><\/a><\/p>\n<p><span style=\"color: #000000;\"><a style=\"color: #000000;\" href=\"https:\/\/organoscolegiados.anuies.mx\/consejonacional\/wp-content\/uploads\/sites\/2\/2019\/10\/3.1.-Acta-SE-1.2019-CN-SGE-150119.pdf\" target=\"_blank\" rel=\"noopener\">3.1Acta SE 1.2019 CN SGE 150119.<\/a><\/span><\/p>\n<p><span style=\"color: #000000;\"><a style=\"color: #000000;\" href=\"https:\/\/organoscolegiados.anuies.mx\/consejonacional\/wp-content\/uploads\/sites\/2\/2019\/10\/3.2.-Acta-SO-1.2019-CN-SGE-190319.pdf\" target=\"_blank\" rel=\"noopener\">3.2Acta SO 1.2019 CN SGE 190319.<\/a><\/span><\/p>\n<p><span style=\"color: #000000;\">4.Presentaciones y exposiciones, en su caso, de invitados especiales.<\/span><\/p>\n<ul>\n<li style=\"list-style-type: none;\">\n<ul style=\"list-style-type: circle;\">\n<li><a href=\"https:\/\/www.youtube.com\/watch?v=27-ddnkmaSs\" target=\"_blank\" rel=\"noopener\"><span style=\"color: #000000;\">Mtro. Sergio Mag\u00edn Oliva. Director General de Cultura Contributiva de la Procuradur\u00eda de la Defensa del Contribuyente (PRODECON).<\/span><\/a><\/li>\n<\/ul>\n<\/li>\n<\/ul>\n<p><span style=\"color: #000000;\"><a style=\"color: #000000;\" href=\"https:\/\/organoscolegiados.anuies.mx\/consejonacional\/wp-content\/uploads\/sites\/2\/2019\/10\/5.-Foros-regionales-de-consulta-CN.pdf\" target=\"_blank\" rel=\"noopener\">5.Presentaci\u00f3n del proyecto Foros de Consulta sobre la Legislaci\u00f3n Secundaria en Materia Educativa.<\/a><\/span><\/p>\n<p><span style=\"color: #000000;\"><a style=\"color: #000000;\" href=\"https:\/\/organoscolegiados.anuies.mx\/consejonacional\/wp-content\/uploads\/sites\/2\/2020\/03\/Comunicado-a-los-miembros-de-la-AG.-2.O.2019.pdf\" target=\"_blank\" rel=\"noopener\">6.Presentaci\u00f3n de la propuesta de la Secretar\u00eda General Ejecutiva para que las pr\u00f3ximas reuniones de los Consejos Especiales se realicen en el Centro de Innovaci\u00f3n y Desarrollo de la ANUIES.<\/a><\/span><\/p>\n<p><span style=\"color: #000000;\"><a style=\"color: #000000;\" href=\"https:\/\/organoscolegiados.anuies.mx\/consejonacional\/wp-content\/uploads\/sites\/2\/2019\/10\/7.-Designaci\u00f3n-CPI-CONACYT.pdf\" target=\"_blank\" rel=\"noopener\">7.Elecci\u00f3n del representante de los Centros P\u00fablicos de Investigaci\u00f3n ante el Consejo Nacional para el periodo 2019-2021.<\/a><\/span><\/p>\n<p><span style=\"color: #000000;\"><a style=\"color: #000000;\" href=\"https:\/\/organoscolegiados.anuies.mx\/consejonacional\/wp-content\/uploads\/sites\/2\/2019\/10\/8.-Designacion-Auditor-Externo.pdf\" target=\"_blank\" rel=\"noopener\">8.Elecci\u00f3n del despacho externo que dictaminar\u00e1 los estados financieros de la ANUIES para el periodo 2019-2021.<\/a><\/span><\/p>\n<p><span style=\"color: #000000;\"><a style=\"color: #000000;\" href=\"https:\/\/organoscolegiados.anuies.mx\/consejonacional\/wp-content\/uploads\/sites\/2\/2020\/03\/Logros-Dr.-Enrique-Graue-Wiechers.-2.O.1019.pdf\" target=\"_blank\" rel=\"noopener\">9.Presentaci\u00f3n y aprobaci\u00f3n, en su caso, de la propuesta de entrega de reconocimiento al Rector de la Universidad Nacional Aut\u00f3noma de M\u00e9xico en la pr\u00f3xima sesi\u00f3n.<\/a><\/span><\/p>\n<p><span style=\"color: #000000;\"><a style=\"color: #000000;\" href=\"https:\/\/organoscolegiados.anuies.mx\/consejonacional\/wp-content\/uploads\/sites\/2\/2020\/03\/Asuntos-Generales.-2.O.2019.pdf\" target=\"_blank\" rel=\"noopener\">10.Asuntos generales.<\/a><\/span><\/p>\n<p style=\"text-align: center;\"><span style=\"color: #000000;\"><strong>Mtro. Jaime Valls Esponda<\/strong><\/span><\/p>\n<p style=\"text-align: center;\"><span style=\"color: #000000;\">Secretario General Ejecutivo de la ANUIES<\/span><\/p>\n<\/div>\n<\/div><\/div><\/div><\/div><\/div>","protected":false},"excerpt":{"rendered":"<p>CONVOCATORIA Con fundamento en los art\u00edculos Vig\u00e9simo Primero, Trig\u00e9simo Primero y Trig\u00e9simo Tercero, fracci\u00f3n VI, del Estatuto de la Asociaci\u00f3n Nacional de Universidades e Instituciones de Educaci\u00f3n Superior de la &hellip; <\/p>\n","protected":false},"author":1,"featured_media":0,"parent":0,"menu_order":0,"comment_status":"closed","ping_status":"closed","template":"","meta":{"ngg_post_thumbnail":0,"footnotes":""},"class_list":["post-112","page","type-page","status-publish","hentry"],"_links":{"self":[{"href":"https:\/\/organoscolegiados.anuies.mx\/consejonacional\/wp-json\/wp\/v2\/pages\/112","targetHints":{"allow":["GET"]}}],"collection":[{"href":"https:\/\/organoscolegiados.anuies.mx\/consejonacional\/wp-json\/wp\/v2\/pages"}],"about":[{"href":"https:\/\/organoscolegiados.anuies.mx\/consejonacional\/wp-json\/wp\/v2\/types\/page"}],"author":[{"embeddable":true,"href":"https:\/\/organoscolegiados.anuies.mx\/consejonacional\/wp-json\/wp\/v2\/users\/1"}],"replies":[{"embeddable":true,"href":"https:\/\/organoscolegiados.anuies.mx\/consejonacional\/wp-json\/wp\/v2\/comments?post=112"}],"version-history":[{"count":18,"href":"https:\/\/organoscolegiados.anuies.mx\/consejonacional\/wp-json\/wp\/v2\/pages\/112\/revisions"}],"predecessor-version":[{"id":1002,"href":"https:\/\/organoscolegiados.anuies.mx\/consejonacional\/wp-json\/wp\/v2\/pages\/112\/revisions\/1002"}],"wp:attachment":[{"href":"https:\/\/organoscolegiados.anuies.mx\/consejonacional\/wp-json\/wp\/v2\/media?parent=112"}],"curies":[{"name":"wp","href":"https:\/\/api.w.org\/{rel}","templated":true}]}}