{"id":1292,"date":"2020-10-29T16:43:50","date_gmt":"2020-10-29T15:43:50","guid":{"rendered":"https:\/\/organoscolegiados.anuies.mx\/consejonacional\/?page_id=1292"},"modified":"2020-11-18T18:15:07","modified_gmt":"2020-11-18T17:15:07","slug":"cn42020","status":"publish","type":"page","link":"https:\/\/organoscolegiados.anuies.mx\/consejonacional\/cn42020\/","title":{"rendered":"4.2020 Sesi\u00f3n Ordinaria del Consejo Nacional"},"content":{"rendered":"<div id=\"pl-1292\"  class=\"panel-layout\" ><div id=\"pg-1292-0\"  class=\"panel-grid panel-no-style\" ><div id=\"pgc-1292-0-0\"  class=\"panel-grid-cell\" ><div id=\"panel-1292-0-0-0\" class=\"so-panel widget widget_sow-editor panel-first-child panel-last-child\" data-index=\"0\" ><div class=\"panel-widget-style panel-widget-style-for-1292-0-0-0\" ><div\n\t\t\t\n\t\t\tclass=\"so-widget-sow-editor so-widget-sow-editor-base\"\n\t\t\t\n\t\t>\n<div class=\"siteorigin-widget-tinymce textwidget\">\n\t<p>&nbsp;<\/p>\n<p><img loading=\"lazy\" decoding=\"async\" class=\"aligncenter size-full wp-image-1296\" src=\"https:\/\/organoscolegiados.anuies.mx\/consejonacional\/wp-content\/uploads\/sites\/2\/2020\/10\/Cabecera42020.png\" alt=\"\" width=\"2000\" height=\"170\" srcset=\"https:\/\/organoscolegiados.anuies.mx\/consejonacional\/wp-content\/uploads\/sites\/2\/2020\/10\/Cabecera42020.png 2000w, https:\/\/organoscolegiados.anuies.mx\/consejonacional\/wp-content\/uploads\/sites\/2\/2020\/10\/Cabecera42020-300x26.png 300w, https:\/\/organoscolegiados.anuies.mx\/consejonacional\/wp-content\/uploads\/sites\/2\/2020\/10\/Cabecera42020-1024x87.png 1024w, https:\/\/organoscolegiados.anuies.mx\/consejonacional\/wp-content\/uploads\/sites\/2\/2020\/10\/Cabecera42020-768x65.png 768w, https:\/\/organoscolegiados.anuies.mx\/consejonacional\/wp-content\/uploads\/sites\/2\/2020\/10\/Cabecera42020-1536x131.png 1536w\" sizes=\"auto, (max-width: 2000px) 100vw, 2000px\" \/><\/p>\n<h5 align=\"center\"><\/h5>\n<h5 style=\"text-align: center;\" align=\"center\"><span style=\"color: #000000;\"><strong>CONVOCATORIA<\/strong><\/span><\/h5>\n<p style=\"text-align: justify;\"><span style=\"color: #000000;\">Con fundamento en los art\u00edculos Vig\u00e9simo Primero, Trig\u00e9simo Primero y Trig\u00e9simo Tercero, fracci\u00f3n VI, del Estatuto de la Asociaci\u00f3n Nacional de Universidades e Instituciones de Educaci\u00f3n Superior de la Rep\u00fablica Mexicana, A.C. (ANUIES), convoco a los titulares de las instituciones que integran el Consejo Nacional a la Sesi\u00f3n Ordinaria 4.2020 que se efectuar\u00e1 de forma virtual, debido a la contingencia sanitaria ocasionada por el COVID-19, a las 9:00 horas del 12 de noviembre de 2020, con el siguiente:<\/span><\/p>\n<h5 style=\"text-align: center;\"><span style=\"color: #000000;\"><strong>ORDEN DEL D\u00cdA<\/strong><\/span><\/h5>\n<p><span style=\"color: #000000;\">1. <a style=\"color: #000000;\" href=\"https:\/\/organoscolegiados.anuies.mx\/wp-content\/uploads\/2020\/11\/1-Lista-de-asistencia-y-verificacion-del-quorum-Fusionado.pdf\" target=\"_blank\" rel=\"noopener noreferrer\">Lista de asistencia y verificaci\u00f3n del <em>quorum.<\/em><\/a><\/span><br \/>\n<span style=\"color: #000000;\">2. <a style=\"color: #000000;\" href=\"https:\/\/organoscolegiados.anuies.mx\/consejonacional\/wp-content\/uploads\/sites\/2\/2020\/11\/2-Aprobacio\u0301n-del-Orden-del-Di\u0301a-Completo.pdf\" target=\"_blank\" rel=\"noopener noreferrer\">Aprobaci\u00f3n del Orden del D\u00eda.<\/a><\/span><br \/>\n<span style=\"color: #000000;\">3. <a style=\"color: #000000;\" href=\"https:\/\/organoscolegiados.anuies.mx\/wp-content\/uploads\/2020\/11\/3-Lectura-y-aprobacion-en-su-caso-del-Acta-de-la-SO-3.2020-Fusionado.pdf\" target=\"_blank\" rel=\"noopener noreferrer\">Lectura y aprobaci\u00f3n, en su caso, del Acta de la Sesi\u00f3n Ordinaria 3.2020.<\/a><\/span><br \/>\n<span style=\"color: #000000;\">4. <a style=\"color: #000000;\" href=\"https:\/\/organoscolegiados.anuies.mx\/wp-content\/uploads\/2020\/11\/4-Analisis-y-aprobaci\u00f3n.pdf\" target=\"_blank\" rel=\"noopener noreferrer\">An\u00e1lisis y aprobaci\u00f3n, en su caso, de las resoluciones de los Consejos Regionales sobre las solicitudes de ingreso de nuevas asociadas.<\/a><\/span><br \/>\n<span style=\"color: #000000;\">5. <a style=\"color: #000000;\" href=\"https:\/\/organoscolegiados.anuies.mx\/wp-content\/uploads\/2020\/11\/5-Presentacion-y-aprobacion-en-su-caso-del-Informe-de-Actividades-2020-del-CN-que-se-rendira-a-la-AG-Fusionado.pdf\" target=\"_blank\" rel=\"noopener noreferrer\">Presentaci\u00f3n y aprobaci\u00f3n, en su caso, del Informe de Actividades 2020 del Consejo Nacional que se rendir\u00e1 a la Asamblea General.<\/a><\/span><br \/>\n<span style=\"color: #000000;\">6. <a style=\"color: #000000;\" href=\"https:\/\/organoscolegiados.anuies.mx\/consejonacional\/wp-content\/uploads\/sites\/2\/2020\/11\/6-Presentacio\u0301n-de-la-Nueva-estructura-de-la-Secretari\u0301a-General-Ejecutiva-de-la-ANUIES-Completo.pdf\" target=\"_blank\" rel=\"noopener noreferrer\">Presentaci\u00f3n de la nueva estructura de la Secretaria General Ejecutiva de la ANUIES.<\/a><\/span><br \/>\n<span style=\"color: #000000;\">7. <a style=\"color: #000000;\" href=\"https:\/\/organoscolegiados.anuies.mx\/consejonacional\/wp-content\/uploads\/sites\/2\/2020\/11\/7-Presentacio\u0301n-del-Programa-de-trabajo-2021-de-la-Secretari\u0301a-General-Ejecutiva-Completo.pdf\" target=\"_blank\" rel=\"noopener noreferrer\">Presentaci\u00f3n del Programa de trabajo 2021 de la Secretar\u00eda General Ejecutiva.<\/a><\/span><br \/>\n<span style=\"color: #000000;\">8. <a style=\"color: #000000;\" href=\"https:\/\/organoscolegiados.anuies.mx\/consejonacional\/wp-content\/uploads\/sites\/2\/2020\/11\/8-Presentacio\u0301n-y-aprobacio\u0301n-en-su-caso-del-calendario-de-sesiones-2021-de-los-o\u0301rganos-colegiados-de-la-ANUIES-Completo.pdf\" target=\"_blank\" rel=\"noopener noreferrer\">Presentaci\u00f3n y aprobaci\u00f3n, en su caso, del calendario de sesiones 2021 de los \u00f3rganos colegiados de la ANUIES.<\/a><\/span><br \/>\n<span style=\"color: #000000;\">9. <a style=\"color: #000000;\" href=\"https:\/\/organoscolegiados.anuies.mx\/consejonacional\/wp-content\/uploads\/sites\/2\/2020\/11\/9-Asuntos-generales-Portada.pdf\" target=\"_blank\" rel=\"noopener noreferrer\">Asuntos generales.<\/a><\/span><\/p>\n<p>&nbsp;<\/p>\n<h5 style=\"text-align: justify; padding-left: 80px;\"><\/h5>\n<h5 style=\"text-align: center;\"><span style=\"color: #000000;\"><strong>Mtro. Jaime Valls Esponda<\/strong><\/span><\/h5>\n<h5 style=\"text-align: center;\"><span style=\"color: #000000;\">Secretario General Ejecutivo<\/span><\/h5>\n<\/div>\n<\/div><\/div><\/div><\/div><\/div><\/div>","protected":false},"excerpt":{"rendered":"<p>&nbsp; CONVOCATORIA Con fundamento en los art\u00edculos Vig\u00e9simo Primero, Trig\u00e9simo Primero y Trig\u00e9simo Tercero, fracci\u00f3n VI, del Estatuto de la Asociaci\u00f3n Nacional de Universidades e Instituciones de Educaci\u00f3n Superior de &hellip; <\/p>\n","protected":false},"author":1,"featured_media":0,"parent":0,"menu_order":0,"comment_status":"closed","ping_status":"closed","template":"template-builder-fullwidth.php","meta":{"ngg_post_thumbnail":0,"footnotes":""},"class_list":["post-1292","page","type-page","status-publish","hentry"],"_links":{"self":[{"href":"https:\/\/organoscolegiados.anuies.mx\/consejonacional\/wp-json\/wp\/v2\/pages\/1292","targetHints":{"allow":["GET"]}}],"collection":[{"href":"https:\/\/organoscolegiados.anuies.mx\/consejonacional\/wp-json\/wp\/v2\/pages"}],"about":[{"href":"https:\/\/organoscolegiados.anuies.mx\/consejonacional\/wp-json\/wp\/v2\/types\/page"}],"author":[{"embeddable":true,"href":"https:\/\/organoscolegiados.anuies.mx\/consejonacional\/wp-json\/wp\/v2\/users\/1"}],"replies":[{"embeddable":true,"href":"https:\/\/organoscolegiados.anuies.mx\/consejonacional\/wp-json\/wp\/v2\/comments?post=1292"}],"version-history":[{"count":11,"href":"https:\/\/organoscolegiados.anuies.mx\/consejonacional\/wp-json\/wp\/v2\/pages\/1292\/revisions"}],"predecessor-version":[{"id":1314,"href":"https:\/\/organoscolegiados.anuies.mx\/consejonacional\/wp-json\/wp\/v2\/pages\/1292\/revisions\/1314"}],"wp:attachment":[{"href":"https:\/\/organoscolegiados.anuies.mx\/consejonacional\/wp-json\/wp\/v2\/media?parent=1292"}],"curies":[{"name":"wp","href":"https:\/\/api.w.org\/{rel}","templated":true}]}}