{"id":1370,"date":"2021-04-29T02:48:00","date_gmt":"2021-04-29T00:48:00","guid":{"rendered":"https:\/\/organoscolegiados.anuies.mx\/consejonacional\/?page_id=1370"},"modified":"2021-04-29T03:39:34","modified_gmt":"2021-04-29T01:39:34","slug":"cnext12021","status":"publish","type":"page","link":"https:\/\/organoscolegiados.anuies.mx\/consejonacional\/cnext12021\/","title":{"rendered":"1.2021 Sesi\u00f3n Extraordinaria del Consejo Nacional"},"content":{"rendered":"<div id=\"pl-1370\"  class=\"panel-layout\" ><div id=\"pg-1370-0\"  class=\"panel-grid panel-no-style\" ><div id=\"pgc-1370-0-0\"  class=\"panel-grid-cell\" ><div id=\"panel-1370-0-0-0\" class=\"so-panel widget widget_sow-editor panel-first-child\" data-index=\"0\" ><div class=\"panel-widget-style panel-widget-style-for-1370-0-0-0\" ><div\n\t\t\t\n\t\t\tclass=\"so-widget-sow-editor so-widget-sow-editor-base\"\n\t\t\t\n\t\t>\n<div class=\"siteorigin-widget-tinymce textwidget\">\n\t<p><img loading=\"lazy\" decoding=\"async\" class=\"aligncenter size-full wp-image-1377\" src=\"https:\/\/organoscolegiados.anuies.mx\/consejonacional\/wp-content\/uploads\/sites\/2\/2021\/04\/Cabeceracnext1.2021.png\" alt=\"\" width=\"2000\" height=\"170\" srcset=\"https:\/\/organoscolegiados.anuies.mx\/consejonacional\/wp-content\/uploads\/sites\/2\/2021\/04\/Cabeceracnext1.2021.png 2000w, https:\/\/organoscolegiados.anuies.mx\/consejonacional\/wp-content\/uploads\/sites\/2\/2021\/04\/Cabeceracnext1.2021-300x26.png 300w, https:\/\/organoscolegiados.anuies.mx\/consejonacional\/wp-content\/uploads\/sites\/2\/2021\/04\/Cabeceracnext1.2021-1024x87.png 1024w, https:\/\/organoscolegiados.anuies.mx\/consejonacional\/wp-content\/uploads\/sites\/2\/2021\/04\/Cabeceracnext1.2021-768x65.png 768w, https:\/\/organoscolegiados.anuies.mx\/consejonacional\/wp-content\/uploads\/sites\/2\/2021\/04\/Cabeceracnext1.2021-1536x131.png 1536w\" sizes=\"auto, (max-width: 2000px) 100vw, 2000px\" \/><\/p>\n<h5 align=\"center\">CONVOCATORIA<\/h5>\n<p style=\"text-align: justify;\">Con fundamento en los art\u00edculos Vig\u00e9simo Primero, Trig\u00e9simo Primero y Trig\u00e9simo Tercero, fracci\u00f3n VI, del Estatuto de la Asociaci\u00f3n Nacional de Universidades e Instituciones de Educaci\u00f3n Superior (ANUIES), A.C., convoco a los titulares de las instituciones que integran el Consejo Nacional a la Sesi\u00f3n Extraordinaria 1.2021, que se efectuar\u00e1\u00a0 de forma virtual, debido a la contingencia sanitaria ocasionada por el COVID-19, el 7 de mayo de 2021 a las 10:00 horas. Esta sesi\u00f3n, que ser\u00e1 presidida por el Dr. Enrique L. Graue Wiechers, Rector de la Universidad Nacional Aut\u00f3noma de M\u00e9xico y contar\u00e1 con la presencia del Dr. Luciano Concheiro B\u00f3rquez, Subsecretario de Educaci\u00f3n Superior, se desarrollar\u00e1 conforme el siguiente:<\/p>\n<p style=\"text-align: center;\"><strong>ORDEN DEL D\u00cdA<\/strong><\/p>\n<ol>\n<li><a href=\"https:\/\/organoscolegiados.anuies.mx\/consejonacional\/wp-content\/uploads\/sites\/2\/2021\/04\/1-Lista-de-asistencia-y-verificacion-del-quorum-3.pdf\" target=\"_blank\" rel=\"noopener\"><span style=\"color: #000000;\">Lista de asistencia y verificaci\u00f3n del <em>quorum<\/em>.<\/span><\/a><\/li>\n<li><span style=\"color: #000000;\"><a style=\"color: #000000;\" href=\"https:\/\/organoscolegiados.anuies.mx\/consejonacional\/wp-content\/uploads\/sites\/2\/2021\/04\/2-Aprobacion-del-Orden-del-Dia-Portada-13.pdf\" target=\"_blank\" rel=\"noopener\">Aprobaci\u00f3n del Orden del D\u00eda.<\/a><\/span><\/li>\n<li><a href=\"https:\/\/organoscolegiados.anuies.mx\/consejonacional\/wp-content\/uploads\/sites\/2\/2021\/04\/3-Analisis-de-los-alcances-retos-y-oportunidades-de-la-Ley-General-de-Educacion-Superior.pdf\" target=\"_blank\" rel=\"noopener\"><span style=\"color: #000000;\">An\u00e1lisis de los alcances, retos y oportunidades de la Ley General de Educaci\u00f3n Super<\/span>ior.<\/a><\/li>\n<\/ol>\n<\/div>\n<\/div><\/div><\/div><div id=\"panel-1370-0-0-1\" class=\"so-panel widget widget_sow-editor panel-last-child\" data-index=\"1\" ><div class=\"panel-widget-style panel-widget-style-for-1370-0-0-1\" ><div\n\t\t\t\n\t\t\tclass=\"so-widget-sow-editor so-widget-sow-editor-base\"\n\t\t\t\n\t\t>\n<div class=\"siteorigin-widget-tinymce textwidget\">\n\t<h5><\/h5>\n<h5 style=\"text-align: center;\"><span style=\"color: #000000;\"><strong>Mtro. Jaime Valls Esponda<\/strong><\/span><\/h5>\n<h5 style=\"text-align: center;\"><span style=\"color: #000000;\">Secretario General Ejecutivo<\/span><\/h5>\n<\/div>\n<\/div><\/div><\/div><\/div><\/div><\/div>","protected":false},"excerpt":{"rendered":"<p>CONVOCATORIA Con fundamento en los art\u00edculos Vig\u00e9simo Primero, Trig\u00e9simo Primero y Trig\u00e9simo Tercero, fracci\u00f3n VI, del Estatuto de la Asociaci\u00f3n Nacional de Universidades e Instituciones de Educaci\u00f3n Superior (ANUIES), A.C., &hellip; <\/p>\n","protected":false},"author":1,"featured_media":0,"parent":0,"menu_order":0,"comment_status":"closed","ping_status":"closed","template":"template-builder-fullwidth.php","meta":{"ngg_post_thumbnail":0,"footnotes":""},"class_list":["post-1370","page","type-page","status-publish","hentry"],"_links":{"self":[{"href":"https:\/\/organoscolegiados.anuies.mx\/consejonacional\/wp-json\/wp\/v2\/pages\/1370","targetHints":{"allow":["GET"]}}],"collection":[{"href":"https:\/\/organoscolegiados.anuies.mx\/consejonacional\/wp-json\/wp\/v2\/pages"}],"about":[{"href":"https:\/\/organoscolegiados.anuies.mx\/consejonacional\/wp-json\/wp\/v2\/types\/page"}],"author":[{"embeddable":true,"href":"https:\/\/organoscolegiados.anuies.mx\/consejonacional\/wp-json\/wp\/v2\/users\/1"}],"replies":[{"embeddable":true,"href":"https:\/\/organoscolegiados.anuies.mx\/consejonacional\/wp-json\/wp\/v2\/comments?post=1370"}],"version-history":[{"count":11,"href":"https:\/\/organoscolegiados.anuies.mx\/consejonacional\/wp-json\/wp\/v2\/pages\/1370\/revisions"}],"predecessor-version":[{"id":1386,"href":"https:\/\/organoscolegiados.anuies.mx\/consejonacional\/wp-json\/wp\/v2\/pages\/1370\/revisions\/1386"}],"wp:attachment":[{"href":"https:\/\/organoscolegiados.anuies.mx\/consejonacional\/wp-json\/wp\/v2\/media?parent=1370"}],"curies":[{"name":"wp","href":"https:\/\/api.w.org\/{rel}","templated":true}]}}