{"id":1388,"date":"2021-05-27T18:31:35","date_gmt":"2021-05-27T16:31:35","guid":{"rendered":"https:\/\/organoscolegiados.anuies.mx\/consejonacional\/?page_id=1388"},"modified":"2022-12-15T18:54:48","modified_gmt":"2022-12-15T17:54:48","slug":"cn22021","status":"publish","type":"page","link":"https:\/\/organoscolegiados.anuies.mx\/consejonacional\/cn22021\/","title":{"rendered":"2.2021 Sesi\u00f3n Ordinaria del Consejo Nacional"},"content":{"rendered":"<div id=\"pl-1388\"  class=\"panel-layout\" ><div id=\"pg-1388-0\"  class=\"panel-grid panel-no-style\" ><div id=\"pgc-1388-0-0\"  class=\"panel-grid-cell\" ><div id=\"panel-1388-0-0-0\" class=\"so-panel widget widget_sow-editor panel-first-child panel-last-child\" data-index=\"0\" ><div class=\"panel-widget-style panel-widget-style-for-1388-0-0-0\" ><div\n\t\t\t\n\t\t\tclass=\"so-widget-sow-editor so-widget-sow-editor-base\"\n\t\t\t\n\t\t>\n<div class=\"siteorigin-widget-tinymce textwidget\">\n\t<p><img loading=\"lazy\" decoding=\"async\" class=\"aligncenter size-full wp-image-1390\" src=\"https:\/\/organoscolegiados.anuies.mx\/consejonacional\/wp-content\/uploads\/sites\/2\/2021\/05\/Cabeceracn2.2021.png\" alt=\"\" width=\"2000\" height=\"170\" srcset=\"https:\/\/organoscolegiados.anuies.mx\/consejonacional\/wp-content\/uploads\/sites\/2\/2021\/05\/Cabeceracn2.2021.png 2000w, https:\/\/organoscolegiados.anuies.mx\/consejonacional\/wp-content\/uploads\/sites\/2\/2021\/05\/Cabeceracn2.2021-300x26.png 300w, https:\/\/organoscolegiados.anuies.mx\/consejonacional\/wp-content\/uploads\/sites\/2\/2021\/05\/Cabeceracn2.2021-1024x87.png 1024w, https:\/\/organoscolegiados.anuies.mx\/consejonacional\/wp-content\/uploads\/sites\/2\/2021\/05\/Cabeceracn2.2021-768x65.png 768w, https:\/\/organoscolegiados.anuies.mx\/consejonacional\/wp-content\/uploads\/sites\/2\/2021\/05\/Cabeceracn2.2021-1536x131.png 1536w\" sizes=\"auto, (max-width: 2000px) 100vw, 2000px\" \/><\/p>\n<h5 style=\"text-align: center;\" align=\"center\"><span style=\"font-family: helvetica, arial, sans-serif; font-size: 14pt;\">CONVOCATORIA<\/span><\/h5>\n<p style=\"text-align: justify;\"><span style=\"font-family: helvetica, arial, sans-serif; font-size: 12pt;\">Con fundamento en los art\u00edculos Vig\u00e9simo Primero, Trig\u00e9simo Primero y Trig\u00e9simo Tercero, fracci\u00f3n VI, del Estatuto de la Asociaci\u00f3n Nacional de Universidades e Instituciones de Educaci\u00f3n Superior de la Republica Mexicana, A.C. (ANUIES), convoco a los titulares de las instituciones que integran el Consejo Nacional a la Sesi\u00f3n Ordinaria 2.2021 que se efectuar\u00e1 en modalidad mixta o h\u00edbrida*, con sede en la Universidad de Sonora, a las 16:00 ** horas del 10 de junio de 2021, con el siguiente:<\/span><\/p>\n<p style=\"text-align: center;\"><span style=\"font-family: helvetica, arial, sans-serif; font-size: 14pt;\"><strong>ORDEN DEL D\u00cdA<\/strong><\/span><\/p>\n<ol style=\"text-align: justify;\">\n<li><a href=\"https:\/\/organoscolegiados.anuies.mx\/consejonacional\/wp-content\/uploads\/sites\/2\/2021\/06\/1-Lista-de-asistencia-y-verificacion-del-quorum.pdf\" target=\"_blank\" rel=\"noopener\"><span style=\"font-family: helvetica, arial, sans-serif; font-size: 12pt;\">Lista de asistencia y verificaci\u00f3n del <em>quorum<\/em>.<\/span><\/a><\/li>\n<li><a href=\"https:\/\/organoscolegiados.anuies.mx\/consejonacional\/wp-content\/uploads\/sites\/2\/2021\/06\/2-Aprobacion-del-Orden-del-Dia.pdf\" target=\"_blank\" rel=\"noopener\"><span style=\"font-family: helvetica, arial, sans-serif; font-size: 12pt;\">Aprobaci\u00f3n del Orden del D\u00eda.<\/span><\/a><\/li>\n<li><a href=\"https:\/\/organoscolegiados.anuies.mx\/consejonacional\/wp-content\/uploads\/sites\/2\/2021\/06\/3-Lectura-y-aprobacion-en-su-caso-del-Acta-de-las-sesiones-ordinaria-1.2021-y-extraordinaria-1.2021.pdf\" target=\"_blank\" rel=\"noopener\"><span style=\"font-family: helvetica, arial, sans-serif; font-size: 12pt;\">Lectura y aprobaci\u00f3n, en su caso, del Acta de las sesiones ordinaria 1.2021 y extraordinaria 1.2021.<\/span><\/a><\/li>\n<li><a href=\"https:\/\/organoscolegiados.anuies.mx\/consejonacional\/wp-content\/uploads\/sites\/2\/2021\/06\/4-Presentacion-del-Informe-de-resultados-de-los-foros-regionales-de-consulta-sobre-el-Anteproyecto-de-LGHCTI.pdf\" target=\"_blank\" rel=\"noopener\"><span style=\"font-family: helvetica, arial, sans-serif; font-size: 12pt;\">Presentaci\u00f3n del Informe de resultados de los foros regionales de consulta sobre el Anteproyecto de Ley General de Humanidades, Ciencias, Tecnolog\u00edas e Innovaci\u00f3n.\u00a0<\/span><\/a><\/li>\n<li><a href=\"https:\/\/organoscolegiados.anuies.mx\/consejonacional\/wp-content\/uploads\/sites\/2\/2021\/06\/5-Presentacion-del-curso-en-linea-El-servicio-social-comunitario-universitario-en-Mexico..pdf\" target=\"_blank\" rel=\"noopener\"><span style=\"font-family: helvetica, arial, sans-serif; font-size: 12pt;\">Presentaci\u00f3n del curso en l\u00ednea: El servicio social comunitario universitario en M\u00e9xico.<\/span><\/a><\/li>\n<li><a href=\"https:\/\/organoscolegiados.anuies.mx\/consejonacional\/wp-content\/uploads\/sites\/2\/2021\/06\/6-Presentacion-del-Programa-de-la-VII-Conferencia-Internacional-ANUIES-2021.-Gobernanza-universitaria-Eje-articulador-de-una-ES-equitativa-1.pdf\" target=\"_blank\" rel=\"noopener\"><span style=\"font-family: helvetica, arial, sans-serif; font-size: 12pt;\">Presentaci\u00f3n del Programa de la VII Conferencia Internacional ANUIES 2021. \u201cGobernanza universitaria: Eje articulador de una educaci\u00f3n superior equitativa, incluyente y de calidad\u201d.<\/span><\/a><\/li>\n<li><a href=\"https:\/\/organoscolegiados.anuies.mx\/consejonacional\/wp-content\/uploads\/sites\/2\/2021\/06\/7-Presentacion-y-aprobacion-en-su-caso-del-documento-Gratuidad-de-la-ES-como-derecho-humano-en-el-sistema-mexicano.-Anotaciones-de-la-ANUIES.pdf\" target=\"_blank\" rel=\"noopener\">Presentaci\u00f3n y aprobaci\u00f3n, en su caso, del documento: Gratuidad de la Educaci\u00f3n Superior como derecho humano en el sistema mexicano. Anotaciones de la ANUIES sobre su interpretaci\u00f3n y efectividad, a cargo del Rector General de la Universidad de Guanajuato y del Rector de la Universidad Aut\u00f3noma de Tlaxcala.<\/a><\/li>\n<li><a href=\"https:\/\/organoscolegiados.anuies.mx\/consejonacional\/wp-content\/uploads\/sites\/2\/2021\/06\/7-Asuntos-generales.pdf\" target=\"_blank\" rel=\"noopener\"><span style=\"font-family: helvetica, arial, sans-serif; font-size: 12pt;\">Asuntos generales.<\/span><\/a><\/li>\n<\/ol>\n<h5 style=\"text-align: center;\"><span style=\"color: #000000; font-family: helvetica, arial, sans-serif; font-size: 14pt;\"><strong>Mtro. Jaime Valls Esponda<br \/>\nSecretario General Ejecutivo<\/strong><\/span><\/h5>\n<p>&nbsp;<\/p>\n<p style=\"text-align: justify;\">*Modalidad mixta o h\u00edbrida se refiere al desarrollo de la sesi\u00f3n en la que una cantidad de integrantes del \u00f3rgano colegiado participa\u00a0v\u00eda plataforma inform\u00e1tica y otra acude a las instalaciones de la Universidad de Sonora. La sesi\u00f3n en sitio se efectuar\u00e1 en la Sala de Usos M\u00faltiples de la Unidad Integral de Posgrado (Campus Centro, Edificio 7 F de la UNISON, Av. Luis Donaldo Colosio S\/N, Col. Centro, Hermosillo, Son.).<\/p>\n<p style=\"text-align: justify;\">**16:00 horas tiempo de Hermosillo, Son. (18:00 horas tiempo de la Ciudad de M\u00e9xico).<\/p>\n<\/div>\n<\/div><\/div><\/div><\/div><\/div><\/div>","protected":false},"excerpt":{"rendered":"<p>CONVOCATORIA Con fundamento en los art\u00edculos Vig\u00e9simo Primero, Trig\u00e9simo Primero y Trig\u00e9simo Tercero, fracci\u00f3n VI, del Estatuto de la Asociaci\u00f3n Nacional de Universidades e Instituciones de Educaci\u00f3n Superior de la &hellip; <\/p>\n","protected":false},"author":1,"featured_media":0,"parent":0,"menu_order":0,"comment_status":"closed","ping_status":"closed","template":"template-builder-fullwidth.php","meta":{"ngg_post_thumbnail":0,"footnotes":""},"class_list":["post-1388","page","type-page","status-publish","hentry"],"_links":{"self":[{"href":"https:\/\/organoscolegiados.anuies.mx\/consejonacional\/wp-json\/wp\/v2\/pages\/1388","targetHints":{"allow":["GET"]}}],"collection":[{"href":"https:\/\/organoscolegiados.anuies.mx\/consejonacional\/wp-json\/wp\/v2\/pages"}],"about":[{"href":"https:\/\/organoscolegiados.anuies.mx\/consejonacional\/wp-json\/wp\/v2\/types\/page"}],"author":[{"embeddable":true,"href":"https:\/\/organoscolegiados.anuies.mx\/consejonacional\/wp-json\/wp\/v2\/users\/1"}],"replies":[{"embeddable":true,"href":"https:\/\/organoscolegiados.anuies.mx\/consejonacional\/wp-json\/wp\/v2\/comments?post=1388"}],"version-history":[{"count":8,"href":"https:\/\/organoscolegiados.anuies.mx\/consejonacional\/wp-json\/wp\/v2\/pages\/1388\/revisions"}],"predecessor-version":[{"id":1618,"href":"https:\/\/organoscolegiados.anuies.mx\/consejonacional\/wp-json\/wp\/v2\/pages\/1388\/revisions\/1618"}],"wp:attachment":[{"href":"https:\/\/organoscolegiados.anuies.mx\/consejonacional\/wp-json\/wp\/v2\/media?parent=1388"}],"curies":[{"name":"wp","href":"https:\/\/api.w.org\/{rel}","templated":true}]}}