{"id":1407,"date":"2021-06-25T03:38:58","date_gmt":"2021-06-25T01:38:58","guid":{"rendered":"https:\/\/organoscolegiados.anuies.mx\/consejonacional\/?page_id=1407"},"modified":"2021-06-25T03:58:42","modified_gmt":"2021-06-25T01:58:42","slug":"cnext22021","status":"publish","type":"page","link":"https:\/\/organoscolegiados.anuies.mx\/consejonacional\/cnext22021\/","title":{"rendered":"2.2021 Sesi\u00f3n Extraordinaria del Consejo Nacional"},"content":{"rendered":"<div id=\"pl-1407\"  class=\"panel-layout\" ><div id=\"pg-1407-0\"  class=\"panel-grid panel-no-style\" ><div id=\"pgc-1407-0-0\"  class=\"panel-grid-cell\" ><div id=\"panel-1407-0-0-0\" class=\"so-panel widget widget_sow-editor panel-first-child panel-last-child\" data-index=\"0\" ><div class=\"panel-widget-style panel-widget-style-for-1407-0-0-0\" ><div\n\t\t\t\n\t\t\tclass=\"so-widget-sow-editor so-widget-sow-editor-base\"\n\t\t\t\n\t\t>\n<div class=\"siteorigin-widget-tinymce textwidget\">\n\t<p><img loading=\"lazy\" decoding=\"async\" class=\"aligncenter size-full wp-image-1413\" src=\"https:\/\/organoscolegiados.anuies.mx\/consejonacional\/wp-content\/uploads\/sites\/2\/2021\/06\/Cabeceracn2.2021extra.png\" alt=\"\" width=\"2000\" height=\"170\" srcset=\"https:\/\/organoscolegiados.anuies.mx\/consejonacional\/wp-content\/uploads\/sites\/2\/2021\/06\/Cabeceracn2.2021extra.png 2000w, https:\/\/organoscolegiados.anuies.mx\/consejonacional\/wp-content\/uploads\/sites\/2\/2021\/06\/Cabeceracn2.2021extra-300x26.png 300w, https:\/\/organoscolegiados.anuies.mx\/consejonacional\/wp-content\/uploads\/sites\/2\/2021\/06\/Cabeceracn2.2021extra-1024x87.png 1024w, https:\/\/organoscolegiados.anuies.mx\/consejonacional\/wp-content\/uploads\/sites\/2\/2021\/06\/Cabeceracn2.2021extra-768x65.png 768w, https:\/\/organoscolegiados.anuies.mx\/consejonacional\/wp-content\/uploads\/sites\/2\/2021\/06\/Cabeceracn2.2021extra-1536x131.png 1536w\" sizes=\"auto, (max-width: 2000px) 100vw, 2000px\" \/><\/p>\n<h5 style=\"text-align: center;\" align=\"center\"><span style=\"font-family: helvetica, arial, sans-serif; font-size: 14pt;\">CONVOCATORIA<\/span><\/h5>\n<p style=\"text-align: justify;\"><span style=\"font-family: helvetica, arial, sans-serif; font-size: 12pt;\">Con fundamento en los art\u00edculos Vig\u00e9simo Primero, Trig\u00e9simo Primero y Trig\u00e9simo Tercero, fracci\u00f3n VI, del Estatuto de la Asociaci\u00f3n Nacional de Universidades e Instituciones de Educaci\u00f3n Superior (ANUIES), A.C., convoco a los titulares de las instituciones que integran el Consejo Nacional a la Sesi\u00f3n Extraordinaria 2.2021, que se efectuar\u00e1 de forma virtual, debido a la contingencia sanitaria ocasionada por el COVID-19, a las 10:00 horas del 1 de julio de 2021, con el siguiente:<\/span><\/p>\n<p style=\"text-align: center;\"><span style=\"font-family: helvetica, arial, sans-serif; font-size: 14pt;\"><strong>ORDEN DEL D\u00cdA<\/strong><\/span><\/p>\n<ol>\n<li><a href=\"https:\/\/organoscolegiados.anuies.mx\/consejonacional\/wp-content\/uploads\/sites\/2\/2021\/06\/1-Lista-de-asistencia-y-verificacion-del-quorum-1.pdf\" target=\"_blank\" rel=\"noopener\">Lista de asistencia y verificaci\u00f3n del <em>quorum<\/em>.<\/a><\/li>\n<li><a href=\"https:\/\/organoscolegiados.anuies.mx\/consejonacional\/wp-content\/uploads\/sites\/2\/2021\/06\/2-Aprobacion-del-Orden-del-Dia-1.pdf\" target=\"_blank\" rel=\"noopener\">Aprobaci\u00f3n del Orden del D\u00eda<\/a>.<\/li>\n<li><a href=\"https:\/\/organoscolegiados.anuies.mx\/consejonacional\/wp-content\/uploads\/sites\/2\/2021\/06\/3-Presentacion-y-aprobacion-en-su-caso-del-documento-Gratuidad-de-la-ES-como-derecho-humano-en-el-sistema-mexicano.-Anotaciones-de-la-ANUIES.pdf\" target=\"_blank\" rel=\"noopener\">Presentaci\u00f3n y aprobaci\u00f3n, en su caso, del documento: <em>Gratuidad de la Educaci\u00f3n Superior como derecho humano en el sistema mexicano. Anotaciones de la ANUIES sobre su interpretaci\u00f3n y efectividad<\/em>.<strong style=\"font-size: 1rem;\">\u00a0<\/strong><\/a><\/li>\n<li style=\"list-style-type: none;\"><\/li>\n<\/ol>\n<h5><\/h5>\n<h5 style=\"text-align: center;\"><span style=\"color: #000000; font-family: helvetica, arial, sans-serif; font-size: 14pt;\"><strong>Mtro. Jaime Valls Esponda<br \/>\nSecretario General Ejecutivo<\/strong><\/span><\/h5>\n<\/div>\n<\/div><\/div><\/div><\/div><\/div><\/div>","protected":false},"excerpt":{"rendered":"<p>CONVOCATORIA Con fundamento en los art\u00edculos Vig\u00e9simo Primero, Trig\u00e9simo Primero y Trig\u00e9simo Tercero, fracci\u00f3n VI, del Estatuto de la Asociaci\u00f3n Nacional de Universidades e Instituciones de Educaci\u00f3n Superior (ANUIES), A.C., &hellip; <\/p>\n","protected":false},"author":1,"featured_media":0,"parent":0,"menu_order":0,"comment_status":"closed","ping_status":"closed","template":"template-builder-fullwidth.php","meta":{"ngg_post_thumbnail":0,"footnotes":""},"class_list":["post-1407","page","type-page","status-publish","hentry"],"_links":{"self":[{"href":"https:\/\/organoscolegiados.anuies.mx\/consejonacional\/wp-json\/wp\/v2\/pages\/1407","targetHints":{"allow":["GET"]}}],"collection":[{"href":"https:\/\/organoscolegiados.anuies.mx\/consejonacional\/wp-json\/wp\/v2\/pages"}],"about":[{"href":"https:\/\/organoscolegiados.anuies.mx\/consejonacional\/wp-json\/wp\/v2\/types\/page"}],"author":[{"embeddable":true,"href":"https:\/\/organoscolegiados.anuies.mx\/consejonacional\/wp-json\/wp\/v2\/users\/1"}],"replies":[{"embeddable":true,"href":"https:\/\/organoscolegiados.anuies.mx\/consejonacional\/wp-json\/wp\/v2\/comments?post=1407"}],"version-history":[{"count":3,"href":"https:\/\/organoscolegiados.anuies.mx\/consejonacional\/wp-json\/wp\/v2\/pages\/1407\/revisions"}],"predecessor-version":[{"id":1414,"href":"https:\/\/organoscolegiados.anuies.mx\/consejonacional\/wp-json\/wp\/v2\/pages\/1407\/revisions\/1414"}],"wp:attachment":[{"href":"https:\/\/organoscolegiados.anuies.mx\/consejonacional\/wp-json\/wp\/v2\/media?parent=1407"}],"curies":[{"name":"wp","href":"https:\/\/api.w.org\/{rel}","templated":true}]}}