{"id":1416,"date":"2021-08-10T20:24:12","date_gmt":"2021-08-10T18:24:12","guid":{"rendered":"https:\/\/organoscolegiados.anuies.mx\/consejonacional\/?page_id=1416"},"modified":"2022-12-15T18:55:12","modified_gmt":"2022-12-15T17:55:12","slug":"cn32021","status":"publish","type":"page","link":"https:\/\/organoscolegiados.anuies.mx\/consejonacional\/cn32021\/","title":{"rendered":"3.2021 Sesi\u00f3n Ordinaria del Consejo Nacional"},"content":{"rendered":"<div id=\"pl-1416\"  class=\"panel-layout\" ><div id=\"pg-1416-0\"  class=\"panel-grid panel-no-style\" ><div id=\"pgc-1416-0-0\"  class=\"panel-grid-cell\" ><div id=\"panel-1416-0-0-0\" class=\"so-panel widget widget_sow-editor panel-first-child panel-last-child\" data-index=\"0\" ><div class=\"panel-widget-style panel-widget-style-for-1416-0-0-0\" ><div\n\t\t\t\n\t\t\tclass=\"so-widget-sow-editor so-widget-sow-editor-base\"\n\t\t\t\n\t\t>\n<div class=\"siteorigin-widget-tinymce textwidget\">\n\t<p><img loading=\"lazy\" decoding=\"async\" class=\"aligncenter size-full wp-image-1418\" src=\"https:\/\/organoscolegiados.anuies.mx\/consejonacional\/wp-content\/uploads\/sites\/2\/2021\/08\/Cabeceracn3.2021.jpg\" alt=\"\" width=\"2000\" height=\"170\" srcset=\"https:\/\/organoscolegiados.anuies.mx\/consejonacional\/wp-content\/uploads\/sites\/2\/2021\/08\/Cabeceracn3.2021.jpg 2000w, https:\/\/organoscolegiados.anuies.mx\/consejonacional\/wp-content\/uploads\/sites\/2\/2021\/08\/Cabeceracn3.2021-300x26.jpg 300w, https:\/\/organoscolegiados.anuies.mx\/consejonacional\/wp-content\/uploads\/sites\/2\/2021\/08\/Cabeceracn3.2021-1024x87.jpg 1024w, https:\/\/organoscolegiados.anuies.mx\/consejonacional\/wp-content\/uploads\/sites\/2\/2021\/08\/Cabeceracn3.2021-768x65.jpg 768w, https:\/\/organoscolegiados.anuies.mx\/consejonacional\/wp-content\/uploads\/sites\/2\/2021\/08\/Cabeceracn3.2021-1536x131.jpg 1536w\" sizes=\"auto, (max-width: 2000px) 100vw, 2000px\" \/><\/p>\n<h5 style=\"text-align: center;\" align=\"center\"><span style=\"font-family: helvetica, arial, sans-serif; font-size: 14pt;\">CONVOCATORIA<\/span><\/h5>\n<p style=\"text-align: justify;\"><span style=\"font-family: helvetica, arial, sans-serif; font-size: 14pt;\">Con fundamento en los art\u00edculos Vig\u00e9simo Primero, Trig\u00e9simo Primero y Trig\u00e9simo Tercero, fracci\u00f3n VI, del Estatuto de la Asociaci\u00f3n Nacional de Universidades e Instituciones de Educaci\u00f3n Superior de la Rep\u00fablica Mexicana, A.C. (ANUIES,) convoco a los titulares de las instituciones que integran el Consejo Nacional a la Sesi\u00f3n Ordinaria 3.2021 que se efectuar\u00e1 de forma virtual, debido a la contingencia sanitaria ocasionada por el COVID-19, a las 11:00 horas del 17 de agosto de 2021, con el siguiente:<\/span><\/p>\n<p style=\"text-align: center;\"><span style=\"font-family: helvetica, arial, sans-serif; font-size: 14pt;\"><strong>ORDEN DEL D\u00cdA<\/strong><\/span><\/p>\n<ol>\n<li><a href=\"https:\/\/organoscolegiados.anuies.mx\/consejonacional\/wp-content\/uploads\/sites\/2\/2021\/08\/1-Lista-de-asistencia-y-verificacion-del-quorum.pdf\" target=\"_blank\" rel=\"noopener\"><span style=\"font-family: helvetica, arial, sans-serif; font-size: 14pt;\">Lista de asistencia y verificaci\u00f3n del <em>quorum<\/em>.<\/span><\/a><\/li>\n<li><a href=\"https:\/\/organoscolegiados.anuies.mx\/consejonacional\/wp-content\/uploads\/sites\/2\/2021\/08\/2-Aprobacion-del-Orden-del-Dia.pdf\" target=\"_blank\" rel=\"noopener\"><span style=\"font-family: helvetica, arial, sans-serif; font-size: 14pt;\">Aprobaci\u00f3n del Orden del D\u00eda.<\/span><\/a><\/li>\n<li><a href=\"https:\/\/organoscolegiados.anuies.mx\/consejonacional\/wp-content\/uploads\/sites\/2\/2021\/08\/3-Lectura-y-aprobacion-en-su-caso-del-Acta-de-la-sesion-ordinaria-2.2021.pdf\" target=\"_blank\" rel=\"noopener\"><span style=\"font-family: helvetica, arial, sans-serif; font-size: 14pt;\">Lectura y aprobaci\u00f3n, en su caso, del Acta de la sesi\u00f3n ordinaria 2.2021.<\/span><\/a><\/li>\n<li><a href=\"https:\/\/organoscolegiados.anuies.mx\/consejonacional\/wp-content\/uploads\/sites\/2\/2021\/08\/4-Presentacion-y-aprobacion-en-su-caso-de-la-propuesta-de-la-ANUIES-para-el-presupuesto-de-educacion-superior-2022-5.pdf\" target=\"_blank\" rel=\"noopener\"><span style=\"font-family: helvetica, arial, sans-serif; font-size: 14pt;\">Presentaci\u00f3n y aprobaci\u00f3n, en su caso, de la propuesta de la ANUIES para el presupuesto de educaci\u00f3n superior en 2022.<\/span><\/a><\/li>\n<li><a href=\"https:\/\/organoscolegiados.anuies.mx\/consejonacional\/wp-content\/uploads\/sites\/2\/2021\/08\/5-Presentacion-de-los-dictamenes-del-Premio-ANUIES-2021.pdf\" target=\"_blank\" rel=\"noopener\"><span style=\"font-family: helvetica, arial, sans-serif; font-size: 14pt;\">Presentaci\u00f3n de los dict\u00e1menes del Premio ANUIES 2021 en las categor\u00edas:<\/span><\/a><\/li>\n<\/ol>\n<p style=\"padding-left: 80px;\"><span style=\"font-family: helvetica, arial, sans-serif; font-size: 14pt;\"><span style=\"font-size: 12pt;\">5.1.<\/span> Tesis de doctorado y maestr\u00eda sobre educaci\u00f3n superior.<\/span><br \/>\n<span style=\"font-family: helvetica, arial, sans-serif; font-size: 14pt;\"><span style=\"font-size: 12pt;\">5.2<\/span> Innovaci\u00f3n en la pr\u00e1ctica docente.<\/span><\/p>\n<ol start=\"6\">\n<li><span style=\"font-family: helvetica, arial, sans-serif; font-size: 14pt;\">Deliberaci\u00f3n y dictamen del Premio ANUIES 2021 en la categor\u00eda Trayectoria profesional y contribuci\u00f3n al desarrollo de la educaci\u00f3n superior.<\/span><\/li>\n<li><a href=\"https:\/\/organoscolegiados.anuies.mx\/consejonacional\/wp-content\/uploads\/sites\/2\/2021\/08\/7-Presentacion-del-Informe-de-avances-en-los-proyectos-SES-ANUIES-sobre-la-implementacion-de-la-LGES-5.pdf\" target=\"_blank\" rel=\"noopener\"><span style=\"font-family: helvetica, arial, sans-serif; font-size: 14pt;\">Presentaci\u00f3n del Informe de avances en los proyectos SES-ANUIES sobre la implementaci\u00f3n de la Ley General de Educaci\u00f3n Superior.<\/span><\/a><\/li>\n<li><a href=\"https:\/\/organoscolegiados.anuies.mx\/consejonacional\/wp-content\/uploads\/sites\/2\/2021\/08\/8-Propuesta-de-modificaciones-al-procedimiento-requisitos-y-tipologia-para-el-ingreso-de-instituciones-de-educacio-n-a-la-ANUIES-A.C.-2.pdf\" target=\"_blank\" rel=\"noopener\"><span style=\"font-family: helvetica, arial, sans-serif; font-size: 14pt;\">Propuesta de modificaciones al procedimiento, requisitos y tipolog\u00eda para el ingreso de instituciones de educaci\u00f3n a la ANUIES, A.C.<\/span><\/a><\/li>\n<li><a href=\"https:\/\/organoscolegiados.anuies.mx\/consejonacional\/wp-content\/uploads\/sites\/2\/2021\/08\/9-Presentacion-y-aprobacion-en-su-caso-del-documento-Gratuidad-de-la-Educacion-Superior-como-Derecho-humano-en-el-sistema-mexicano.pdf\" target=\"_blank\" rel=\"noopener\"><span style=\"font-family: helvetica, arial, sans-serif; font-size: 14pt;\">Presentaci\u00f3n y aprobaci\u00f3n, en su caso, del documento: Gratuidad de la Educaci\u00f3n Superior como Derecho\u00a0 humano en el sistema mexicano. Anotaciones de la ANUIES sobre su interpretaci\u00f3n y efectividad.<\/span><\/a><\/li>\n<li><a href=\"https:\/\/organoscolegiados.anuies.mx\/consejonacional\/wp-content\/uploads\/sites\/2\/2021\/08\/10-Asuntos-generales.pdf\" target=\"_blank\" rel=\"noopener\"><span style=\"font-family: helvetica, arial, sans-serif; font-size: 14pt;\">Asuntos generales.<\/span><\/a><\/li>\n<\/ol>\n<p>&nbsp;<\/p>\n<p style=\"text-align: center;\"><strong>Mtro. Jaime Valls Esponda<\/strong><br \/>\nSecretario General Ejecutivo de la ANUIES<\/p>\n<\/div>\n<\/div><\/div><\/div><\/div><\/div><\/div>","protected":false},"excerpt":{"rendered":"<p>CONVOCATORIA Con fundamento en los art\u00edculos Vig\u00e9simo Primero, Trig\u00e9simo Primero y Trig\u00e9simo Tercero, fracci\u00f3n VI, del Estatuto de la Asociaci\u00f3n Nacional de Universidades e Instituciones de Educaci\u00f3n Superior de la &hellip; <\/p>\n","protected":false},"author":1,"featured_media":0,"parent":0,"menu_order":0,"comment_status":"closed","ping_status":"closed","template":"template-builder-fullwidth.php","meta":{"ngg_post_thumbnail":0,"footnotes":""},"class_list":["post-1416","page","type-page","status-publish","hentry"],"_links":{"self":[{"href":"https:\/\/organoscolegiados.anuies.mx\/consejonacional\/wp-json\/wp\/v2\/pages\/1416","targetHints":{"allow":["GET"]}}],"collection":[{"href":"https:\/\/organoscolegiados.anuies.mx\/consejonacional\/wp-json\/wp\/v2\/pages"}],"about":[{"href":"https:\/\/organoscolegiados.anuies.mx\/consejonacional\/wp-json\/wp\/v2\/types\/page"}],"author":[{"embeddable":true,"href":"https:\/\/organoscolegiados.anuies.mx\/consejonacional\/wp-json\/wp\/v2\/users\/1"}],"replies":[{"embeddable":true,"href":"https:\/\/organoscolegiados.anuies.mx\/consejonacional\/wp-json\/wp\/v2\/comments?post=1416"}],"version-history":[{"count":19,"href":"https:\/\/organoscolegiados.anuies.mx\/consejonacional\/wp-json\/wp\/v2\/pages\/1416\/revisions"}],"predecessor-version":[{"id":1619,"href":"https:\/\/organoscolegiados.anuies.mx\/consejonacional\/wp-json\/wp\/v2\/pages\/1416\/revisions\/1619"}],"wp:attachment":[{"href":"https:\/\/organoscolegiados.anuies.mx\/consejonacional\/wp-json\/wp\/v2\/media?parent=1416"}],"curies":[{"name":"wp","href":"https:\/\/api.w.org\/{rel}","templated":true}]}}