{"id":1457,"date":"2021-10-21T15:37:18","date_gmt":"2021-10-21T13:37:18","guid":{"rendered":"https:\/\/organoscolegiados.anuies.mx\/consejonacional\/?page_id=1457"},"modified":"2022-12-15T18:55:33","modified_gmt":"2022-12-15T17:55:33","slug":"cn42021","status":"publish","type":"page","link":"https:\/\/organoscolegiados.anuies.mx\/consejonacional\/cn42021\/","title":{"rendered":"4.2021 Sesi\u00f3n Ordinaria del Consejo Nacional"},"content":{"rendered":"<div id=\"pl-1457\"  class=\"panel-layout\" ><div id=\"pg-1457-0\"  class=\"panel-grid panel-no-style\" ><div id=\"pgc-1457-0-0\"  class=\"panel-grid-cell\" ><div id=\"panel-1457-0-0-0\" class=\"so-panel widget widget_sow-editor panel-first-child panel-last-child\" data-index=\"0\" ><div class=\"panel-widget-style panel-widget-style-for-1457-0-0-0\" ><div\n\t\t\t\n\t\t\tclass=\"so-widget-sow-editor so-widget-sow-editor-base\"\n\t\t\t\n\t\t>\n<div class=\"siteorigin-widget-tinymce textwidget\">\n\t<p><img loading=\"lazy\" decoding=\"async\" class=\"aligncenter size-full wp-image-1461\" src=\"https:\/\/organoscolegiados.anuies.mx\/consejonacional\/wp-content\/uploads\/sites\/2\/2021\/10\/cn4_grande.jpg\" alt=\"\" width=\"2000\" height=\"170\" srcset=\"https:\/\/organoscolegiados.anuies.mx\/consejonacional\/wp-content\/uploads\/sites\/2\/2021\/10\/cn4_grande.jpg 2000w, https:\/\/organoscolegiados.anuies.mx\/consejonacional\/wp-content\/uploads\/sites\/2\/2021\/10\/cn4_grande-300x26.jpg 300w, https:\/\/organoscolegiados.anuies.mx\/consejonacional\/wp-content\/uploads\/sites\/2\/2021\/10\/cn4_grande-1024x87.jpg 1024w, https:\/\/organoscolegiados.anuies.mx\/consejonacional\/wp-content\/uploads\/sites\/2\/2021\/10\/cn4_grande-768x65.jpg 768w, https:\/\/organoscolegiados.anuies.mx\/consejonacional\/wp-content\/uploads\/sites\/2\/2021\/10\/cn4_grande-1536x131.jpg 1536w\" sizes=\"auto, (max-width: 2000px) 100vw, 2000px\" \/><\/p>\n<h5 style=\"text-align: center;\" align=\"center\"><span style=\"font-family: helvetica, arial, sans-serif; font-size: 14pt;\">CONVOCATORIA<\/span><\/h5>\n<p style=\"text-align: justify;\"><span style=\"font-family: helvetica, arial, sans-serif;\">Con fundamento en los art\u00edculos Vig\u00e9simo Primero, Trig\u00e9simo Primero y Trig\u00e9simo Tercero, fracci\u00f3n VI, del Estatuto de la Asociaci\u00f3n Nacional de Universidades e Instituciones de Educaci\u00f3n Superior de la Rep\u00fablica Mexicana, A.C. (ANUIES), convoco a los titulares de las instituciones que integran el Consejo Nacional a la Sesi\u00f3n Ordinaria 4.2021 que se efectuar\u00e1 en modalidad mixta o h\u00edbrida*, con sede en la Universidad Aut\u00f3noma de Baja California, a las 9:00 horas tiempo de Tijuana (11:00 horas tiempo de Ciudad de M\u00e9xico), del 11 de noviembre de 2021, con el siguiente:<\/span><\/p>\n<h5 style=\"text-align: center;\"><span style=\"font-family: helvetica, arial, sans-serif;\">ORDEN DEL D\u00cdA<\/span><\/h5>\n<ol>\n<li style=\"list-style-type: none;\">\n<ol>\n<li style=\"text-align: justify;\"><a href=\"https:\/\/organoscolegiados.anuies.mx\/consejonacional\/wp-content\/uploads\/sites\/2\/2021\/11\/1-Lista-de-asistencia-y-verificacion-del-quorum-fusionado.pdf\" target=\"_blank\" rel=\"noopener\"><span style=\"font-family: helvetica, arial, sans-serif;\">Lista de asistencia y verificaci\u00f3n del <em>quorum<\/em>.<\/span><\/a><\/li>\n<li style=\"text-align: justify;\"><a href=\"https:\/\/organoscolegiados.anuies.mx\/consejonacional\/wp-content\/uploads\/sites\/2\/2021\/11\/2-Aprobacion-del-Orden-del-Dia-Fusionado-9.pdf\" target=\"_blank\" rel=\"noopener\"><span style=\"font-family: helvetica, arial, sans-serif;\">Aprobaci\u00f3n del Orden del D\u00eda.<\/span><\/a><\/li>\n<li style=\"text-align: justify;\"><a href=\"https:\/\/organoscolegiados.anuies.mx\/consejonacional\/wp-content\/uploads\/sites\/2\/2021\/11\/3-Lectura-y-aprobacion-en-su-caso-del-Acta-de-la-Sesion-Ordinaria-3.2021-Fusionado.pdf\" target=\"_blank\" rel=\"noopener\"><span style=\"font-family: helvetica, arial, sans-serif;\">Lectura y aprobaci\u00f3n, en su caso, del Acta de la Sesi\u00f3n Ordinaria 3.2021.<\/span><\/a><\/li>\n<li style=\"text-align: justify;\"><a href=\"https:\/\/organoscolegiados.anuies.mx\/consejonacional\/wp-content\/uploads\/sites\/2\/2021\/11\/4-Presentacion-y-aprobacion-en-su-caso-del-Informe-de-Actividades-2021-del-Consejo-Nacional.pdf\" target=\"_blank\" rel=\"noopener\"><span style=\"font-family: helvetica, arial, sans-serif;\">Presentaci\u00f3n y aprobaci\u00f3n, en su caso, del Informe de Actividades 2021 del Consejo Nacional que se rendir\u00e1 a la Asamblea General.<\/span><\/a><\/li>\n<li style=\"text-align: justify;\"><a href=\"https:\/\/organoscolegiados.anuies.mx\/consejonacional\/wp-content\/uploads\/sites\/2\/2021\/11\/5-Presentacion-del-Programa-Anual-de-Trabajo-2022-de-la-Secretaria-General-Ejecutiva.pdf\" target=\"_blank\" rel=\"noopener\"><span style=\"font-family: helvetica, arial, sans-serif;\">Presentaci\u00f3n del Programa Anual de Trabajo 2022 de la Secretar\u00eda General Ejecutiva.<\/span><\/a><\/li>\n<li style=\"text-align: justify;\"><a href=\"https:\/\/organoscolegiados.anuies.mx\/consejonacional\/wp-content\/uploads\/sites\/2\/2021\/11\/6-Analisis-y-aprobacion-en-su-caso-de-las-resoluciones-de-los-CR-sobre-las-solicitudes-de-ingreso.pdf\" target=\"_blank\" rel=\"noopener\"><span style=\"font-family: helvetica, arial, sans-serif;\">An\u00e1lisis y aprobaci\u00f3n, en su caso, de las resoluciones de los Consejos Regionales sobre las solicitudes de ingreso de nuevas asociadas.<\/span><\/a><\/li>\n<li style=\"text-align: justify;\"><a href=\"https:\/\/organoscolegiados.anuies.mx\/consejonacional\/wp-content\/uploads\/sites\/2\/2021\/11\/7-Eleccion-del-despacho-externo-que-dictaminara-los-estados-financieros-de-la-ANUIES.pdf\" target=\"_blank\" rel=\"noopener\"><span style=\"font-family: helvetica, arial, sans-serif;\">Elecci\u00f3n del despacho externo que dictaminar\u00e1 los estados financieros de la ANUIES para el ejercicio fiscal 2022.<\/span><\/a><\/li>\n<li style=\"text-align: justify;\"><a href=\"https:\/\/organoscolegiados.anuies.mx\/consejonacional\/wp-content\/uploads\/sites\/2\/2021\/11\/8-Presentacion-del-INAPAM-para-una-eventual-firma-de-convenio-de-colaboracion-con-la-ANUIES.pdf\" target=\"_blank\" rel=\"noopener\"><span style=\"font-family: helvetica, arial, sans-serif;\">Presentaci\u00f3n del Instituto Nacional de las Personas Adultas Mayores (INAPAM) para una eventual firma de convenio de colaboraci\u00f3n con la ANUIES.<\/span><\/a><\/li>\n<li style=\"text-align: justify;\"><a href=\"https:\/\/organoscolegiados.anuies.mx\/consejonacional\/wp-content\/uploads\/sites\/2\/2021\/11\/9-Presentacion-y-aprobacion-en-su-caso-del-calendario-de-sesiones-2022-de-los-OC-de-la-ANUIES-2.pdf\" target=\"_blank\" rel=\"noopener\"><span style=\"font-family: helvetica, arial, sans-serif;\">Presentaci\u00f3n y aprobaci\u00f3n, en su caso, del calendario de sesiones 2022 de los \u00f3rganos colegiados nacionales de la ANUIES.<\/span><\/a><\/li>\n<li style=\"text-align: justify;\"><a href=\"https:\/\/organoscolegiados.anuies.mx\/consejonacional\/wp-content\/uploads\/sites\/2\/2021\/11\/10-Asuntos-generales-2.pdf\" target=\"_blank\" rel=\"noopener\"><span style=\"font-family: helvetica, arial, sans-serif;\">Asuntos generales.<\/span><\/a><\/li>\n<\/ol>\n<\/li>\n<\/ol>\n<p>&nbsp;<\/p>\n<p style=\"text-align: center;\"><span style=\"font-family: helvetica, arial, sans-serif;\"><strong>Mtro. Jaime Valls Esponda<\/strong><\/span><br \/>\n<span style=\"font-family: helvetica, arial, sans-serif;\">Secretario General Ejecutivo de la ANUIES<\/span><\/p>\n<p>&nbsp;<\/p>\n<p style=\"text-align: justify;\">*Modalidad mixta o h\u00edbrida se refiere al desarrollo de la sesi\u00f3n en la que una cantidad de integrantes del \u00f3rgano colegiado participa v\u00eda plataforma inform\u00e1tica y otra acude a la <em>Sala de Lectura del Centro Comunitario (planta alta)<\/em> de la Universidad Aut\u00f3noma de Baja California, ubicada en Calz. Universidad 14418, Parque Industrial Internacional, Tijuana, Baja California, C. P. 22427.<\/p>\n<\/div>\n<\/div><\/div><\/div><\/div><\/div><\/div>","protected":false},"excerpt":{"rendered":"<p>CONVOCATORIA Con fundamento en los art\u00edculos Vig\u00e9simo Primero, Trig\u00e9simo Primero y Trig\u00e9simo Tercero, fracci\u00f3n VI, del Estatuto de la Asociaci\u00f3n Nacional de Universidades e Instituciones de Educaci\u00f3n Superior de la &hellip; <\/p>\n","protected":false},"author":1,"featured_media":0,"parent":0,"menu_order":0,"comment_status":"closed","ping_status":"closed","template":"template-builder-fullwidth.php","meta":{"ngg_post_thumbnail":0,"footnotes":""},"class_list":["post-1457","page","type-page","status-publish","hentry"],"_links":{"self":[{"href":"https:\/\/organoscolegiados.anuies.mx\/consejonacional\/wp-json\/wp\/v2\/pages\/1457","targetHints":{"allow":["GET"]}}],"collection":[{"href":"https:\/\/organoscolegiados.anuies.mx\/consejonacional\/wp-json\/wp\/v2\/pages"}],"about":[{"href":"https:\/\/organoscolegiados.anuies.mx\/consejonacional\/wp-json\/wp\/v2\/types\/page"}],"author":[{"embeddable":true,"href":"https:\/\/organoscolegiados.anuies.mx\/consejonacional\/wp-json\/wp\/v2\/users\/1"}],"replies":[{"embeddable":true,"href":"https:\/\/organoscolegiados.anuies.mx\/consejonacional\/wp-json\/wp\/v2\/comments?post=1457"}],"version-history":[{"count":6,"href":"https:\/\/organoscolegiados.anuies.mx\/consejonacional\/wp-json\/wp\/v2\/pages\/1457\/revisions"}],"predecessor-version":[{"id":1620,"href":"https:\/\/organoscolegiados.anuies.mx\/consejonacional\/wp-json\/wp\/v2\/pages\/1457\/revisions\/1620"}],"wp:attachment":[{"href":"https:\/\/organoscolegiados.anuies.mx\/consejonacional\/wp-json\/wp\/v2\/media?parent=1457"}],"curies":[{"name":"wp","href":"https:\/\/api.w.org\/{rel}","templated":true}]}}