{"id":1526,"date":"2022-06-03T02:02:50","date_gmt":"2022-06-03T00:02:50","guid":{"rendered":"https:\/\/organoscolegiados.anuies.mx\/consejonacional\/?page_id=1526"},"modified":"2022-06-15T16:48:30","modified_gmt":"2022-06-15T14:48:30","slug":"cn22022","status":"publish","type":"page","link":"https:\/\/organoscolegiados.anuies.mx\/consejonacional\/cn22022\/","title":{"rendered":"2.2022 Sesi\u00f3n Ordinaria del Consejo Nacional"},"content":{"rendered":"<div id=\"pl-1526\"  class=\"panel-layout\" ><div id=\"pg-1526-0\"  class=\"panel-grid panel-has-style\" ><div class=\"panel-row-style panel-row-style-for-1526-0\" ><div id=\"pgc-1526-0-0\"  class=\"panel-grid-cell\" ><div id=\"panel-1526-0-0-0\" class=\"so-panel widget widget_sow-editor panel-first-child panel-last-child\" data-index=\"0\" ><div\n\t\t\t\n\t\t\tclass=\"so-widget-sow-editor so-widget-sow-editor-base\"\n\t\t\t\n\t\t>\n<div class=\"siteorigin-widget-tinymce textwidget\">\n\t<h5 align=\"center\"><img loading=\"lazy\" decoding=\"async\" class=\"aligncenter size-full wp-image-1528\" src=\"https:\/\/organoscolegiados.anuies.mx\/consejonacional\/wp-content\/uploads\/sites\/2\/2022\/06\/cabecera-so-22022final.png\" alt=\"\" width=\"4170\" height=\"360\" srcset=\"https:\/\/organoscolegiados.anuies.mx\/consejonacional\/wp-content\/uploads\/sites\/2\/2022\/06\/cabecera-so-22022final.png 4170w, https:\/\/organoscolegiados.anuies.mx\/consejonacional\/wp-content\/uploads\/sites\/2\/2022\/06\/cabecera-so-22022final-300x26.png 300w, https:\/\/organoscolegiados.anuies.mx\/consejonacional\/wp-content\/uploads\/sites\/2\/2022\/06\/cabecera-so-22022final-1024x88.png 1024w, https:\/\/organoscolegiados.anuies.mx\/consejonacional\/wp-content\/uploads\/sites\/2\/2022\/06\/cabecera-so-22022final-768x66.png 768w, https:\/\/organoscolegiados.anuies.mx\/consejonacional\/wp-content\/uploads\/sites\/2\/2022\/06\/cabecera-so-22022final-1536x133.png 1536w, https:\/\/organoscolegiados.anuies.mx\/consejonacional\/wp-content\/uploads\/sites\/2\/2022\/06\/cabecera-so-22022final-2048x177.png 2048w\" sizes=\"auto, (max-width: 4170px) 100vw, 4170px\" \/><\/h5>\n<h5 style=\"text-align: center;\" align=\"center\"><span style=\"font-family: helvetica, arial, sans-serif; font-size: 14pt;\">CONVOCATORIA<\/span><\/h5>\n<p style=\"text-align: justify;\">Con fundamento en los art\u00edculos Vig\u00e9simo Primero, Trig\u00e9simo Primero y Trig\u00e9simo Tercero, fracci\u00f3n VI, del Estatuto de la Asociaci\u00f3n Nacional de Universidades e Instituciones de Educaci\u00f3n Superior de la Rep\u00fablica Mexicana, A.C. (ANUIES), convoco a los titulares de las instituciones que integran el Consejo Nacional a la Sesi\u00f3n Ordinaria 2.2022 que se efectuar\u00e1 en modalidad mixta, con sede en la Residencia Universitaria, Campus Rector\u00eda de la Universidad Aut\u00f3noma de Tlaxcala, ubicada en Lateral de Av. Puebla-Tlaxcala 154, La Loma Xicoht\u00e9ncatl, 90070, Tlaxcala de Xicoht\u00e9ncatl, Tlax., a las 16:00 horas del 16 de junio de 2022, con el siguiente:<\/p>\n<p style=\"text-align: center;\"><strong>ORDEN DEL D\u00cdA<\/strong><\/p>\n<ol>\n<li><strong>\u00a0<\/strong><a href=\"https:\/\/organoscolegiados.anuies.mx\/consejonacional\/wp-content\/uploads\/sites\/2\/2022\/06\/1-Lista-de-asistencia-y-verificacion-del-quorum-Fusionado-23.pdf\" target=\"_blank\" rel=\"noopener\"><span style=\"font-size: 1rem;\">Lista de asistencia y verificaci\u00f3n del <\/span><em style=\"font-size: 1rem;\">quorum<\/em><span style=\"font-size: 1rem;\">.<\/span><\/a><\/li>\n<li><a href=\"https:\/\/organoscolegiados.anuies.mx\/consejonacional\/wp-content\/uploads\/sites\/2\/2022\/06\/2-Aprobacion-del-Orden-del-Dia-Fusionado.pdf\" target=\"_blank\" rel=\"noopener\">Aprobaci\u00f3n del Orden del D\u00eda.<\/a><\/li>\n<li><a href=\"https:\/\/organoscolegiados.anuies.mx\/consejonacional\/wp-content\/uploads\/sites\/2\/2022\/06\/3-Lectura-y-aprobacion-en-su-caso-del-acta-de-la-Sesion-Ordinaria-1.2022.-Fusionado.pdf\" target=\"_blank\" rel=\"noopener\">Lectura y aprobaci\u00f3n, en su caso, del acta de la Sesi\u00f3n Ordinaria 1.2022.<\/a><\/li>\n<li><a href=\"https:\/\/organoscolegiados.anuies.mx\/consejonacional\/wp-content\/uploads\/sites\/2\/2022\/06\/4-Presentacion-del-proyecto-Diagnostico-de-la-contribucion-de-las-y-los-profesores-de-tiempo-parcial-Final.pdf\" target=\"_blank\" rel=\"noopener\">Presentaci\u00f3n del proyecto: <em>Diagn\u00f3stico de la contribuci\u00f3n de las y los profesores de tiempo parcial a la formaci\u00f3n profesional de los estudiantes y sus condiciones acad\u00e9micas y laborales<\/em>.<\/a><\/li>\n<li><a href=\"https:\/\/organoscolegiados.anuies.mx\/consejonacional\/wp-content\/uploads\/sites\/2\/2022\/06\/5-Presentacion-de-la-Editorial-Interuniversitaria-Mexicana-Fusionado.pdf\" target=\"_blank\" rel=\"noopener\">Presentaci\u00f3n de la Editorial Interuniversitaria Mexicana.<\/a><\/li>\n<li><a href=\"https:\/\/organoscolegiados.anuies.mx\/consejonacional\/wp-content\/uploads\/sites\/2\/2022\/06\/6-Presentacion-y-en-su-caso-aprobacion-del-proyecto-para-la-creacion-de-la-Red-Nacional-para-la-Consolidacion.pdf\" target=\"_blank\" rel=\"noopener\">Presentaci\u00f3n y, en su caso, aprobaci\u00f3n del proyecto para la creaci\u00f3n de la Red Nacional para la Consolidaci\u00f3n del Estado de Derecho y el Sistema de Justicia Penal.<\/a><\/li>\n<li><a href=\"https:\/\/organoscolegiados.anuies.mx\/consejonacional\/wp-content\/uploads\/sites\/2\/2022\/06\/7-Presentacion-de-la-Conferencia-Internacional-ANUIES-2022-Portada.pdf\" target=\"_blank\" rel=\"noopener\">Presentaci\u00f3n de la Conferencia Internacional ANUIES 2022.<\/a><\/li>\n<li><a href=\"https:\/\/organoscolegiados.anuies.mx\/consejonacional\/wp-content\/uploads\/sites\/2\/2022\/06\/8-Asuntos-generales.pdf\" target=\"_blank\" rel=\"noopener\">Asuntos generales.<\/a><\/li>\n<\/ol>\n<p style=\"text-align: center;\"><span style=\"font-family: helvetica, arial, sans-serif;\"><strong>Mtro. Jaime Valls Esponda<\/strong><\/span><br \/>\n<span style=\"font-family: helvetica, arial, sans-serif;\">Secretario General Ejecutivo de la ANUIES<\/span><\/p>\n<\/div>\n<\/div><\/div><\/div><\/div><\/div><\/div>","protected":false},"excerpt":{"rendered":"<p>CONVOCATORIA Con fundamento en los art\u00edculos Vig\u00e9simo Primero, Trig\u00e9simo Primero y Trig\u00e9simo Tercero, fracci\u00f3n VI, del Estatuto de la Asociaci\u00f3n Nacional de Universidades e Instituciones de Educaci\u00f3n Superior de la &hellip; <\/p>\n","protected":false},"author":1,"featured_media":0,"parent":0,"menu_order":0,"comment_status":"closed","ping_status":"closed","template":"template-builder-fullwidth.php","meta":{"ngg_post_thumbnail":0,"footnotes":""},"class_list":["post-1526","page","type-page","status-publish","hentry"],"_links":{"self":[{"href":"https:\/\/organoscolegiados.anuies.mx\/consejonacional\/wp-json\/wp\/v2\/pages\/1526","targetHints":{"allow":["GET"]}}],"collection":[{"href":"https:\/\/organoscolegiados.anuies.mx\/consejonacional\/wp-json\/wp\/v2\/pages"}],"about":[{"href":"https:\/\/organoscolegiados.anuies.mx\/consejonacional\/wp-json\/wp\/v2\/types\/page"}],"author":[{"embeddable":true,"href":"https:\/\/organoscolegiados.anuies.mx\/consejonacional\/wp-json\/wp\/v2\/users\/1"}],"replies":[{"embeddable":true,"href":"https:\/\/organoscolegiados.anuies.mx\/consejonacional\/wp-json\/wp\/v2\/comments?post=1526"}],"version-history":[{"count":10,"href":"https:\/\/organoscolegiados.anuies.mx\/consejonacional\/wp-json\/wp\/v2\/pages\/1526\/revisions"}],"predecessor-version":[{"id":1549,"href":"https:\/\/organoscolegiados.anuies.mx\/consejonacional\/wp-json\/wp\/v2\/pages\/1526\/revisions\/1549"}],"wp:attachment":[{"href":"https:\/\/organoscolegiados.anuies.mx\/consejonacional\/wp-json\/wp\/v2\/media?parent=1526"}],"curies":[{"name":"wp","href":"https:\/\/api.w.org\/{rel}","templated":true}]}}