{"id":1598,"date":"2022-12-13T21:28:19","date_gmt":"2022-12-13T20:28:19","guid":{"rendered":"https:\/\/organoscolegiados.anuies.mx\/consejonacional\/?page_id=1598"},"modified":"2023-01-30T21:41:55","modified_gmt":"2023-01-30T20:41:55","slug":"cne12023","status":"publish","type":"page","link":"https:\/\/organoscolegiados.anuies.mx\/consejonacional\/cne12023\/","title":{"rendered":"1.2023 Sesi\u00f3n Extraordinaria del Consejo Nacional"},"content":{"rendered":"<div id=\"pl-1598\"  class=\"panel-layout\" ><div id=\"pg-1598-0\"  class=\"panel-grid panel-has-style\" ><div class=\"panel-row-style panel-row-style-for-1598-0\" ><div id=\"pgc-1598-0-0\"  class=\"panel-grid-cell\" ><div id=\"panel-1598-0-0-0\" class=\"so-panel widget widget_sow-editor panel-first-child panel-last-child\" data-index=\"0\" ><div\n\t\t\t\n\t\t\tclass=\"so-widget-sow-editor so-widget-sow-editor-base\"\n\t\t\t\n\t\t>\n<div class=\"siteorigin-widget-tinymce textwidget\">\n\t<h5 align=\"center\"><img loading=\"lazy\" decoding=\"async\" class=\"aligncenter size-full wp-image-1628\" src=\"https:\/\/organoscolegiados.anuies.mx\/consejonacional\/wp-content\/uploads\/sites\/2\/2023\/01\/CABECERAORGANOSCOLEGIADOS2023oficial-CN-1.2023-scaled.jpg\" alt=\"\" width=\"2560\" height=\"221\" srcset=\"https:\/\/organoscolegiados.anuies.mx\/consejonacional\/wp-content\/uploads\/sites\/2\/2023\/01\/CABECERAORGANOSCOLEGIADOS2023oficial-CN-1.2023-scaled.jpg 2560w, https:\/\/organoscolegiados.anuies.mx\/consejonacional\/wp-content\/uploads\/sites\/2\/2023\/01\/CABECERAORGANOSCOLEGIADOS2023oficial-CN-1.2023-300x26.jpg 300w, https:\/\/organoscolegiados.anuies.mx\/consejonacional\/wp-content\/uploads\/sites\/2\/2023\/01\/CABECERAORGANOSCOLEGIADOS2023oficial-CN-1.2023-1024x88.jpg 1024w, https:\/\/organoscolegiados.anuies.mx\/consejonacional\/wp-content\/uploads\/sites\/2\/2023\/01\/CABECERAORGANOSCOLEGIADOS2023oficial-CN-1.2023-768x66.jpg 768w, https:\/\/organoscolegiados.anuies.mx\/consejonacional\/wp-content\/uploads\/sites\/2\/2023\/01\/CABECERAORGANOSCOLEGIADOS2023oficial-CN-1.2023-1536x133.jpg 1536w, https:\/\/organoscolegiados.anuies.mx\/consejonacional\/wp-content\/uploads\/sites\/2\/2023\/01\/CABECERAORGANOSCOLEGIADOS2023oficial-CN-1.2023-2048x177.jpg 2048w\" sizes=\"auto, (max-width: 2560px) 100vw, 2560px\" \/><a class=\"fasc-button fasc-size-large fasc-type-flat fasc-ico-before dashicons-format-aside\" style=\"background-color: #76394e; color: #ffffff;\" href=\"https:\/\/organoscolegiados.anuies.mx\/consejonacional\/cne12023\/\">Inicio<\/a><a class=\"fasc-button fasc-size-large fasc-type-flat fasc-ico-before dashicons-format-gallery\" style=\"background-color: #76394e; color: #ffffff;\" href=\"https:\/\/organoscolegiados.anuies.mx\/consejonacional\/galeriacne12023\">Galer\u00eda<\/a><\/h5>\n<p>&nbsp;<\/p>\n<h5 style=\"text-align: center;\" align=\"center\"><span style=\"font-family: helvetica, arial, sans-serif; font-size: 14pt;\">CONVOCATORIA<\/span><\/h5>\n<p style=\"text-align: justify;\">Con fundamento en los art\u00edculos Vig\u00e9simo, fracci\u00f3n Xll; Vig\u00e9simo Primero; Trig\u00e9simo Primero, y Trig\u00e9simo Tercero, fracci\u00f3n VI, del Estatuto de la Asociaci\u00f3n Nacional de Universidades e Instituciones de Educaci\u00f3n Superior de la Rep\u00fablica Mexicana, A.C., convoco a los titulares de las instituciones que integran el Consejo Nacional a la Sesi\u00f3n Extraordinaria 1.2023, que se efectuar\u00e1 en modalidad presencial, en la Sala 3 del Centro de Innovaci\u00f3n y Desarrollo de la ANUIES, ubicado en Miguel Laurent&nbsp; N\u00fam. 961, Col. Santa Cruz Atoyac, C.P. 03310, Ciudad de M\u00e9xico, a las 11:00 horas del 18 de enero de 2023, bajo el siguiente:<\/p>\n<p style=\"text-align: center;\"><strong>ORDEN DEL D\u00cdA<\/strong><strong>&nbsp;<\/strong><strong>&nbsp;<\/strong><\/p>\n<ol>\n<li><a href=\"https:\/\/organoscolegiados.anuies.mx\/consejonacional\/wp-content\/uploads\/sites\/2\/2023\/01\/1-Lista-de-asistencia-y-verificacion-del-quorum-2.pdf\" target=\"_blank\" rel=\"noopener\">Lista de asistencia y verificaci\u00f3n del <em>quorum<\/em>.<\/a><\/li>\n<li><a href=\"https:\/\/organoscolegiados.anuies.mx\/consejonacional\/wp-content\/uploads\/sites\/2\/2022\/12\/2-Aprobacion-del-Orden-del-Dia-Fusionado.pdf\" target=\"_blank\" rel=\"noopener\">Aprobaci\u00f3n del Orden del D\u00eda.<\/a><\/li>\n<li><a href=\"https:\/\/organoscolegiados.anuies.mx\/consejonacional\/wp-content\/uploads\/sites\/2\/2022\/12\/3.-Presentacion-del-Programa-de-Trabajo-de-los-aspirantes-a-ocupar-la-titularidad-de-la-SGE-2023-2027.pdf\" target=\"_blank\" rel=\"noopener\">Presentaci\u00f3n del Programa de Trabajo de los aspirantes a ocupar la titularidad de la Secretar\u00eda General Ejecutiva para el periodo 2023-2027.<\/a><\/li>\n<\/ol>\n<p style=\"padding-left: 80px;\">3.1. <a href=\"https:\/\/organoscolegiados.anuies.mx\/consejonacional\/wp-content\/uploads\/sites\/2\/2022\/12\/3.1.-Mtro.-Itzcoatl-Tonatiuh-Bravo-Padilla.pdf\" target=\"_blank\" rel=\"noopener\">Mtro. Itzc\u00f3atl Tonatiuh Bravo Padilla<\/a> (11:30 horas).<\/p>\n<p style=\"padding-left: 80px;\">3.2. <a href=\"https:\/\/organoscolegiados.anuies.mx\/consejonacional\/wp-content\/uploads\/sites\/2\/2022\/12\/3.2.-Dr.-Luis-Armando-Gonzalez-Placencia.pdf\" target=\"_blank\" rel=\"noopener\">Dr. Luis Armando Gonz\u00e1lez Placencia<\/a> (12:30 horas).<\/p>\n<p style=\"padding-left: 80px;\">3.3. <a href=\"https:\/\/organoscolegiados.anuies.mx\/consejonacional\/wp-content\/uploads\/sites\/2\/2022\/12\/3.3.-Dr.-Juan-Eulogio-Guerra-Liera.pdf\" target=\"_blank\" rel=\"noopener\">Dr. Juan Eulogio Guerra Liera<\/a> (13:30 horas).<\/p>\n<ol start=\"4\">\n<li><a href=\"https:\/\/organoscolegiados.anuies.mx\/consejonacional\/wp-content\/uploads\/sites\/2\/2022\/12\/4.-Analisis-discusion-y-aprobacion-en-su-caso-de-la-o-las-propuestas-fundamentadas-que-se-presentaran-a-la-AG-para-elegir-SGE.pdf\" target=\"_blank\" rel=\"noopener\">An\u00e1lisis, discusi\u00f3n y aprobaci\u00f3n, en su caso, de la o las propuestas fundamentadas que se presentar\u00e1n a la Asamblea General para elegir a la persona que ocupar\u00e1 la titularidad de la Secretar\u00eda General Ejecutiva de la ANUIES para el periodo 2023-2027.<\/a><\/li>\n<\/ol>\n<p>&nbsp;<\/p>\n<p style=\"text-align: center;\"><span style=\"font-family: helvetica, arial, sans-serif;\"><strong>Mtro. Jaime Valls Esponda<\/strong><\/span><br \/>\n<span style=\"font-family: helvetica, arial, sans-serif;\">Secretario General Ejecutivo<br \/>\nSecretario<\/span><\/p>\n<\/div>\n<\/div><\/div><\/div><\/div><\/div><\/div>","protected":false},"excerpt":{"rendered":"<p>InicioGaler\u00eda &nbsp; CONVOCATORIA Con fundamento en los art\u00edculos Vig\u00e9simo, fracci\u00f3n Xll; Vig\u00e9simo Primero; Trig\u00e9simo Primero, y Trig\u00e9simo Tercero, fracci\u00f3n VI, del Estatuto de la Asociaci\u00f3n Nacional de Universidades e Instituciones &hellip; <\/p>\n","protected":false},"author":1,"featured_media":0,"parent":0,"menu_order":0,"comment_status":"closed","ping_status":"closed","template":"template-builder-fullwidth.php","meta":{"ngg_post_thumbnail":0,"footnotes":""},"class_list":["post-1598","page","type-page","status-publish","hentry"],"_links":{"self":[{"href":"https:\/\/organoscolegiados.anuies.mx\/consejonacional\/wp-json\/wp\/v2\/pages\/1598","targetHints":{"allow":["GET"]}}],"collection":[{"href":"https:\/\/organoscolegiados.anuies.mx\/consejonacional\/wp-json\/wp\/v2\/pages"}],"about":[{"href":"https:\/\/organoscolegiados.anuies.mx\/consejonacional\/wp-json\/wp\/v2\/types\/page"}],"author":[{"embeddable":true,"href":"https:\/\/organoscolegiados.anuies.mx\/consejonacional\/wp-json\/wp\/v2\/users\/1"}],"replies":[{"embeddable":true,"href":"https:\/\/organoscolegiados.anuies.mx\/consejonacional\/wp-json\/wp\/v2\/comments?post=1598"}],"version-history":[{"count":14,"href":"https:\/\/organoscolegiados.anuies.mx\/consejonacional\/wp-json\/wp\/v2\/pages\/1598\/revisions"}],"predecessor-version":[{"id":1718,"href":"https:\/\/organoscolegiados.anuies.mx\/consejonacional\/wp-json\/wp\/v2\/pages\/1598\/revisions\/1718"}],"wp:attachment":[{"href":"https:\/\/organoscolegiados.anuies.mx\/consejonacional\/wp-json\/wp\/v2\/media?parent=1598"}],"curies":[{"name":"wp","href":"https:\/\/api.w.org\/{rel}","templated":true}]}}