{"id":1635,"date":"2023-01-11T19:00:06","date_gmt":"2023-01-11T18:00:06","guid":{"rendered":"https:\/\/organoscolegiados.anuies.mx\/consejonacional\/?page_id=1635"},"modified":"2023-06-01T22:27:45","modified_gmt":"2023-06-01T20:27:45","slug":"cn22023","status":"publish","type":"page","link":"https:\/\/organoscolegiados.anuies.mx\/consejonacional\/cn22023\/","title":{"rendered":"2.2023 Sesi\u00f3n ordinaria del Consejo Nacional 8 junio"},"content":{"rendered":"<div id=\"pl-1635\"  class=\"panel-layout\" ><div id=\"pg-1635-0\"  class=\"panel-grid panel-has-style\" ><div class=\"panel-row-style panel-row-style-for-1635-0\" ><div id=\"pgc-1635-0-0\"  class=\"panel-grid-cell\" ><div id=\"panel-1635-0-0-0\" class=\"so-panel widget widget_sow-editor panel-first-child panel-last-child\" data-index=\"0\" ><div\n\t\t\t\n\t\t\tclass=\"so-widget-sow-editor so-widget-sow-editor-base\"\n\t\t\t\n\t\t>\n<div class=\"siteorigin-widget-tinymce textwidget\">\n\t<p><img loading=\"lazy\" decoding=\"async\" class=\"aligncenter size-full wp-image-1734\" src=\"https:\/\/organoscolegiados.anuies.mx\/consejonacional\/wp-content\/uploads\/sites\/2\/2023\/02\/cn22023-FINAL-jpg.jpg\" alt=\"\" width=\"2000\" height=\"170\" srcset=\"https:\/\/organoscolegiados.anuies.mx\/consejonacional\/wp-content\/uploads\/sites\/2\/2023\/02\/cn22023-FINAL-jpg.jpg 2000w, https:\/\/organoscolegiados.anuies.mx\/consejonacional\/wp-content\/uploads\/sites\/2\/2023\/02\/cn22023-FINAL-jpg-300x26.jpg 300w, https:\/\/organoscolegiados.anuies.mx\/consejonacional\/wp-content\/uploads\/sites\/2\/2023\/02\/cn22023-FINAL-jpg-1024x87.jpg 1024w, https:\/\/organoscolegiados.anuies.mx\/consejonacional\/wp-content\/uploads\/sites\/2\/2023\/02\/cn22023-FINAL-jpg-768x65.jpg 768w, https:\/\/organoscolegiados.anuies.mx\/consejonacional\/wp-content\/uploads\/sites\/2\/2023\/02\/cn22023-FINAL-jpg-1536x131.jpg 1536w\" sizes=\"auto, (max-width: 2000px) 100vw, 2000px\" \/><\/p>\n<p style=\"text-align: center;\"><span style=\"font-family: helvetica, arial, sans-serif;\"><strong>CONVOCATORIA<\/strong><\/span><\/p>\n<p style=\"text-align: justify;\"><span style=\"font-family: helvetica, arial, sans-serif;\">Con fundamento en los art\u00edculos Vig\u00e9simo Primero, Trig\u00e9simo Primero y Trig\u00e9simo Tercero, fracci\u00f3n VI, del Estatuto de la Asociaci\u00f3n Nacional de Universidades e Instituciones de Educaci\u00f3n Superior de la Rep\u00fablica Mexicana, A.C. (ANUIES), convoco a los titulares de las instituciones que integran el Consejo Nacional a la Sesi\u00f3n Ordinaria 2.2023 que se efectuar\u00e1 en modalidad presencial, con sede en la Universidad de Colima (Sala de Juntas de Rector\u00eda, Campus Central), ubicada en Av. Universidad N\u00fam.333, Col. Las V\u00edboras, C.P. 28040, Colima, Col., a las 17:00 horas del d\u00eda 8 de junio de 2023, con el siguiente:<\/span><\/p>\n<p style=\"text-align: center;\"><span style=\"font-family: helvetica, arial, sans-serif;\"><strong>ORDEN DEL D\u00cdA<\/strong><strong>&nbsp;<\/strong><\/span><\/p>\n<ol>\n<li><a href=\"https:\/\/organoscolegiados.anuies.mx\/consejonacional\/wp-content\/uploads\/sites\/2\/2023\/06\/1-Lista-de-asistencia-y-verificacion-del-quorum-Fusionado-40.pdf\" target=\"_blank\" rel=\"noopener\"><span style=\"font-family: helvetica, arial, sans-serif;\">Lista de asistencia y verificaci\u00f3n del <em>quorum<\/em>.<\/span><\/a><\/li>\n<li><a href=\"https:\/\/organoscolegiados.anuies.mx\/consejonacional\/wp-content\/uploads\/sites\/2\/2023\/06\/2-Aprobacion-del-Orden-del-Dia-Fusionado-35.pdf\" target=\"_blank\" rel=\"noopener\"><span style=\"font-family: helvetica, arial, sans-serif;\">Aprobaci\u00f3n del Orden del D\u00eda.<\/span><\/a><\/li>\n<li><a href=\"https:\/\/organoscolegiados.anuies.mx\/consejonacional\/wp-content\/uploads\/sites\/2\/2023\/06\/3-Lectura-y-aprobacion-en-su-caso-del-Acta-de-la-Sesion-Ordinaria-1.2023-Fusionado.pdf\" target=\"_blank\" rel=\"noopener\"><span style=\"font-family: helvetica, arial, sans-serif;\">Lectura y aprobaci\u00f3n, en su caso, del Acta de la Sesi\u00f3n Ordinaria 1.2023.<\/span><\/a><\/li>\n<li><a href=\"https:\/\/organoscolegiados.anuies.mx\/consejonacional\/wp-content\/uploads\/sites\/2\/2023\/06\/4-Estrategia-para-la-construccion-de-una-cultura-de-paz-en-las-instituciones-de-educacion-superior-Fusionado-1.pdf\" target=\"_blank\" rel=\"noopener\"><span style=\"font-family: helvetica, arial, sans-serif;\">Estrategia para la construcci\u00f3n de una cultura de paz en las instituciones de educaci\u00f3n superior.<\/span><\/a><\/li>\n<li><a href=\"https:\/\/organoscolegiados.anuies.mx\/consejonacional\/wp-content\/uploads\/sites\/2\/2023\/06\/5-Estrategia-para-el-fortalecimiento-institucional-orientada-a-enfrentar-la-problematica-relacionada-con-el-financiamiento-en-las-IES-2.pdf\" target=\"_blank\" rel=\"noopener\"><span style=\"font-family: helvetica, arial, sans-serif;\">Estrategia para el fortalecimiento institucional, orientada a enfrentar la problem\u00e1tica relacionada con el financiamiento en las instituciones de educaci\u00f3n superior.<\/span><\/a><\/li>\n<li><a href=\"https:\/\/organoscolegiados.anuies.mx\/consejonacional\/wp-content\/uploads\/sites\/2\/2023\/06\/6-Propuesta-para-la-creacion-de-un-posgrado-interinstitucional-en-materia-de-ciencias-forenses-Portada-1.pdf\" target=\"_blank\" rel=\"noopener\"><span style=\"font-family: helvetica, arial, sans-serif;\">Propuesta para la creaci\u00f3n de un posgrado interinstitucional en materia de ciencias forenses.<\/span><\/a><\/li>\n<li><span style=\"font-family: helvetica, arial, sans-serif;\">Agenda de cooperaci\u00f3n internacional.<\/span><\/li>\n<\/ol>\n<p style=\"padding-left: 80px;\"><span style=\"font-family: helvetica, arial, sans-serif;\">7.1. <a href=\"https:\/\/organoscolegiados.anuies.mx\/consejonacional\/wp-content\/uploads\/sites\/2\/2023\/06\/7.1-Agenda-de-cooperacion-internacional-Fusionado.pdf\" target=\"_blank\" rel=\"noopener\">University Mobility in Asia and the Pacific: Una puerta para la colaboraci\u00f3n en Asia-Pac\u00edfico.<\/a><\/span><br \/>\n<span style=\"font-family: helvetica, arial, sans-serif;\">7.2. <a href=\"https:\/\/organoscolegiados.anuies.mx\/consejonacional\/wp-content\/uploads\/sites\/2\/2023\/06\/7.2-Agenda-de-cooperacion-internacional-Fusionado.pdf\" target=\"_blank\" rel=\"noopener\">Relator\u00eda sobre lo acontecido en Espa\u00f1a y actividades de cooperaci\u00f3n venideras.<\/a><\/span><\/p>\n<ol start=\"8\">\n<li><a href=\"https:\/\/organoscolegiados.anuies.mx\/consejonacional\/wp-content\/uploads\/sites\/2\/2023\/06\/8-Asuntos-generales-1.pdf\" target=\"_blank\" rel=\"noopener\"><span style=\"font-family: helvetica, arial, sans-serif;\">Asuntos generales.<\/span><\/a><\/li>\n<\/ol>\n<p>&nbsp;<\/p>\n<p style=\"text-align: center;\"><span style=\"font-family: helvetica, arial, sans-serif;\"><strong>Dr. Luis Armando Gonz\u00e1lez Placencia<\/strong><\/span><br \/>\n<span style=\"font-family: helvetica, arial, sans-serif;\">Secretario General Ejecutivo<br \/>\nSecretario<\/span><\/p>\n<\/div>\n<\/div><\/div><\/div><\/div><\/div><\/div>","protected":false},"excerpt":{"rendered":"<p>CONVOCATORIA Con fundamento en los art\u00edculos Vig\u00e9simo Primero, Trig\u00e9simo Primero y Trig\u00e9simo Tercero, fracci\u00f3n VI, del Estatuto de la Asociaci\u00f3n Nacional de Universidades e Instituciones de Educaci\u00f3n Superior de la &hellip; <\/p>\n","protected":false},"author":1,"featured_media":0,"parent":0,"menu_order":0,"comment_status":"closed","ping_status":"closed","template":"template-builder-fullwidth.php","meta":{"ngg_post_thumbnail":0,"footnotes":""},"class_list":["post-1635","page","type-page","status-publish","hentry"],"_links":{"self":[{"href":"https:\/\/organoscolegiados.anuies.mx\/consejonacional\/wp-json\/wp\/v2\/pages\/1635","targetHints":{"allow":["GET"]}}],"collection":[{"href":"https:\/\/organoscolegiados.anuies.mx\/consejonacional\/wp-json\/wp\/v2\/pages"}],"about":[{"href":"https:\/\/organoscolegiados.anuies.mx\/consejonacional\/wp-json\/wp\/v2\/types\/page"}],"author":[{"embeddable":true,"href":"https:\/\/organoscolegiados.anuies.mx\/consejonacional\/wp-json\/wp\/v2\/users\/1"}],"replies":[{"embeddable":true,"href":"https:\/\/organoscolegiados.anuies.mx\/consejonacional\/wp-json\/wp\/v2\/comments?post=1635"}],"version-history":[{"count":10,"href":"https:\/\/organoscolegiados.anuies.mx\/consejonacional\/wp-json\/wp\/v2\/pages\/1635\/revisions"}],"predecessor-version":[{"id":1859,"href":"https:\/\/organoscolegiados.anuies.mx\/consejonacional\/wp-json\/wp\/v2\/pages\/1635\/revisions\/1859"}],"wp:attachment":[{"href":"https:\/\/organoscolegiados.anuies.mx\/consejonacional\/wp-json\/wp\/v2\/media?parent=1635"}],"curies":[{"name":"wp","href":"https:\/\/api.w.org\/{rel}","templated":true}]}}