{"id":1913,"date":"2024-05-16T22:30:19","date_gmt":"2024-05-16T20:30:19","guid":{"rendered":"https:\/\/organoscolegiados.anuies.mx\/consejonacional\/?page_id=1913"},"modified":"2024-06-12T17:41:29","modified_gmt":"2024-06-12T15:41:29","slug":"cn22024","status":"publish","type":"page","link":"https:\/\/organoscolegiados.anuies.mx\/consejonacional\/cn22024\/","title":{"rendered":"2.2024 Sesi\u00f3n ordinaria del Consejo Nacional 13 junio"},"content":{"rendered":"<div id=\"pl-1913\"  class=\"panel-layout\" ><div id=\"pg-1913-0\"  class=\"panel-grid panel-has-style\" ><div class=\"panel-row-style panel-row-style-for-1913-0\" ><div id=\"pgc-1913-0-0\"  class=\"panel-grid-cell\" ><div id=\"panel-1913-0-0-0\" class=\"so-panel widget widget_sow-editor panel-first-child panel-last-child\" data-index=\"0\" ><div\n\t\t\t\n\t\t\tclass=\"so-widget-sow-editor so-widget-sow-editor-base\"\n\t\t\t\n\t\t>\n<div class=\"siteorigin-widget-tinymce textwidget\">\n\t<p>&nbsp;<br \/>\n<img loading=\"lazy\" decoding=\"async\" class=\"aligncenter wp-image-1915\" src=\"https:\/\/organoscolegiados.anuies.mx\/consejonacional\/wp-content\/uploads\/sites\/2\/2024\/05\/CABECERA.png\" alt=\"\" width=\"1347\" height=\"152\" srcset=\"https:\/\/organoscolegiados.anuies.mx\/consejonacional\/wp-content\/uploads\/sites\/2\/2024\/05\/CABECERA.png 1365w, https:\/\/organoscolegiados.anuies.mx\/consejonacional\/wp-content\/uploads\/sites\/2\/2024\/05\/CABECERA-300x34.png 300w, https:\/\/organoscolegiados.anuies.mx\/consejonacional\/wp-content\/uploads\/sites\/2\/2024\/05\/CABECERA-1024x116.png 1024w, https:\/\/organoscolegiados.anuies.mx\/consejonacional\/wp-content\/uploads\/sites\/2\/2024\/05\/CABECERA-768x87.png 768w\" sizes=\"auto, (max-width: 1347px) 100vw, 1347px\" \/><\/p>\n<p style=\"text-align: center;\"><strong><span style=\"font-family: helvetica, arial, sans-serif; font-size: 14pt;\">CONVOCATORIA<\/span><\/strong><\/p>\n<p style=\"text-align: justify;\"><span style=\"font-family: helvetica, arial, sans-serif; font-size: 14pt;\">Con fundamento en los art\u00edculos Vig\u00e9simo Primero, Trig\u00e9simo Primero y Trig\u00e9simo Tercero, fracci\u00f3n VI, del Estatuto de la Asociaci\u00f3n Nacional de Universidades e Instituciones de Educaci\u00f3n Superior de la Rep\u00fablica Mexicana, A.C. (ANUIES), convoco a las y los titulares de las instituciones que integran el Consejo Nacional a la Sesi\u00f3n Ordinaria 2.2024 que se efectuar\u00e1 en modalidad presencial, en la Universidad Veracruzana (Salas de Videoconferencias de la Unidad de Servicios Bibliotecarios y de Informaci\u00f3n-USBI del Campus para la Cultura, las Artes y el Deporte), ubicada en Av. Cultura Veracruzana, S\/N., Zona Universitaria, C.P. 91090, Xalapa, Veracruz, a las 16:30 horas del jueves 13 de junio de 2024, con el siguiente:<\/span><\/p>\n<p style=\"text-align: center;\"><strong><span style=\"font-family: helvetica, arial, sans-serif; font-size: 14pt;\">ORDEN DEL D\u00cdA<\/span><\/strong><\/p>\n<p style=\"text-align: justify;\"><a href=\"https:\/\/organoscolegiados.anuies.mx\/consejonacional\/wp-content\/uploads\/sites\/2\/2024\/05\/1-Lista-de-asistencia-y-verificacion-del-quorum-1.pdf\" target=\"_blank\" rel=\"noopener\"><span style=\"font-family: helvetica, arial, sans-serif; font-size: 14pt;\">1. Lista de asistencia y verificaci\u00f3n del <em>quorum<\/em>.<\/span><\/a><br \/>\n<a href=\"https:\/\/organoscolegiados.anuies.mx\/consejonacional\/wp-content\/uploads\/sites\/2\/2024\/05\/2-Aprobacion-del-Orden-del-Dia-1.pdf\" target=\"_blank\" rel=\"noopener\"><span style=\"font-family: helvetica, arial, sans-serif; font-size: 14pt;\">2. Aprobaci\u00f3n del Orden del D\u00eda.<\/span><\/a><br \/>\n<a href=\"https:\/\/organoscolegiados.anuies.mx\/consejonacional\/wp-content\/uploads\/sites\/2\/2024\/05\/3-Lectura-y-aprobacion-en-su-caso-del-Acta-de-la-Sesion-Ordinaria-1.2024.pdf\" target=\"_blank\" rel=\"noopener\"><span style=\"font-family: helvetica, arial, sans-serif; font-size: 14pt;\">3. Lectura y aprobaci\u00f3n, en su caso, del Acta de la Sesi\u00f3n Ordinaria 1.2024.<\/span><\/a><br \/>\n<a href=\"https:\/\/organoscolegiados.anuies.mx\/consejonacional\/wp-content\/uploads\/sites\/2\/2024\/05\/4-Espacio-de-reflexion-sobre-los-resultados-del-proceso-electoral.pdf\" target=\"_blank\" rel=\"noopener\"><span style=\"font-family: helvetica, arial, sans-serif; font-size: 14pt;\">4. Espacio de reflexi\u00f3n sobre los resultados del proceso electoral.<\/span><\/a><br \/>\n<a href=\"https:\/\/organoscolegiados.anuies.mx\/consejonacional\/wp-content\/uploads\/sites\/2\/2024\/06\/5-Analisis-del-presupuesto-2025-para-la-educacion-superior-vf.pdf\" target=\"_blank\" rel=\"noopener\"><span style=\"font-family: helvetica, arial, sans-serif; font-size: 14pt;\">5. An\u00e1lisis del presupuesto 2025 para la educaci\u00f3n superior.<\/span><\/a><br \/>\n<a href=\"https:\/\/organoscolegiados.anuies.mx\/consejonacional\/wp-content\/uploads\/sites\/2\/2024\/05\/6-Diagnostico-en-la-situacion-academico-laboral-del-personal-docente-de-asignatura-en-las-IES-publicas.pdf\" target=\"_blank\" rel=\"noopener\"><span style=\"font-family: helvetica, arial, sans-serif; font-size: 14pt;\">6. Diagn\u00f3stico de la situaci\u00f3n acad\u00e9mico-laboral del personal docente de asignatura en las instituciones de educaci\u00f3n superior p\u00fablicas.<\/span><\/a><br \/>\n<a href=\"https:\/\/organoscolegiados.anuies.mx\/consejonacional\/wp-content\/uploads\/sites\/2\/2024\/05\/7-Avances-en-la-reforma-del-Estatuto-de-la-ANUIES.pdf\" target=\"_blank\" rel=\"noopener\"><span style=\"font-family: helvetica, arial, sans-serif; font-size: 14pt;\">7. Avances en la reforma del Estatuto de la ANUIES.<\/span><\/a><br \/>\n<a href=\"https:\/\/organoscolegiados.anuies.mx\/consejonacional\/wp-content\/uploads\/sites\/2\/2024\/05\/8-Agenda-Iberoamericana-en-educacion-superior.pdf\" target=\"_blank\" rel=\"noopener\"><span style=\"font-family: helvetica, arial, sans-serif; font-size: 14pt;\">8. Agenda Iberoamericana en educaci\u00f3n superior.<\/span><\/a><br \/>\n<a href=\"https:\/\/organoscolegiados.anuies.mx\/consejonacional\/wp-content\/uploads\/sites\/2\/2024\/05\/9-Laboratorio-de-inteligencia-artificial-y-neurociencia-en-el-Centro-de-Capacitacion-ANUIES-Valle-de-Bravo.pdf\" target=\"_blank\" rel=\"noopener\"><span style=\"font-family: helvetica, arial, sans-serif; font-size: 14pt;\">9. Laboratorio de inteligencia artificial y neurociencia en el Centro de Capacitaci\u00f3n ANUIES-Valle de Bravo.<\/span><\/a><br \/>\n<a href=\"https:\/\/organoscolegiados.anuies.mx\/consejonacional\/wp-content\/uploads\/sites\/2\/2024\/06\/10-Actualizacion-del-Manual-de-Seguridad-vf.pdf\" target=\"_blank\" rel=\"noopener\"><span style=\"font-family: helvetica, arial, sans-serif; font-size: 14pt;\">10. Actualizaci\u00f3n del Manual de Seguridad para Instituciones de Educaci\u00f3n Superior. Estrategias para la prevenci\u00f3n y atenci\u00f3n.<\/span><\/a><br \/>\n<a href=\"https:\/\/organoscolegiados.anuies.mx\/consejonacional\/wp-content\/uploads\/sites\/2\/2024\/05\/11-Asuntos-generales-2.pdf\" target=\"_blank\" rel=\"noopener\"><span style=\"font-family: helvetica, arial, sans-serif; font-size: 14pt;\">11. Asuntos generales.<\/span><\/a><\/p>\n<p>&nbsp;<\/p>\n<p style=\"text-align: center;\"><span style=\"font-family: helvetica, arial, sans-serif; font-size: 14pt;\"><strong>Dr. Luis Armando Gonz\u00e1lez Placencia<br \/>\n<\/strong>Secretario General Ejecutivo<br \/>\nSecretario<\/span><\/p>\n<\/div>\n<\/div><\/div><\/div><\/div><\/div><\/div>","protected":false},"excerpt":{"rendered":"<p>&nbsp; CONVOCATORIA Con fundamento en los art\u00edculos Vig\u00e9simo Primero, Trig\u00e9simo Primero y Trig\u00e9simo Tercero, fracci\u00f3n VI, del Estatuto de la Asociaci\u00f3n Nacional de Universidades e Instituciones de Educaci\u00f3n Superior de &hellip; <\/p>\n","protected":false},"author":1,"featured_media":0,"parent":0,"menu_order":0,"comment_status":"closed","ping_status":"closed","template":"template-builder-fullwidth.php","meta":{"ngg_post_thumbnail":0,"footnotes":""},"class_list":["post-1913","page","type-page","status-publish","hentry"],"_links":{"self":[{"href":"https:\/\/organoscolegiados.anuies.mx\/consejonacional\/wp-json\/wp\/v2\/pages\/1913","targetHints":{"allow":["GET"]}}],"collection":[{"href":"https:\/\/organoscolegiados.anuies.mx\/consejonacional\/wp-json\/wp\/v2\/pages"}],"about":[{"href":"https:\/\/organoscolegiados.anuies.mx\/consejonacional\/wp-json\/wp\/v2\/types\/page"}],"author":[{"embeddable":true,"href":"https:\/\/organoscolegiados.anuies.mx\/consejonacional\/wp-json\/wp\/v2\/users\/1"}],"replies":[{"embeddable":true,"href":"https:\/\/organoscolegiados.anuies.mx\/consejonacional\/wp-json\/wp\/v2\/comments?post=1913"}],"version-history":[{"count":11,"href":"https:\/\/organoscolegiados.anuies.mx\/consejonacional\/wp-json\/wp\/v2\/pages\/1913\/revisions"}],"predecessor-version":[{"id":1941,"href":"https:\/\/organoscolegiados.anuies.mx\/consejonacional\/wp-json\/wp\/v2\/pages\/1913\/revisions\/1941"}],"wp:attachment":[{"href":"https:\/\/organoscolegiados.anuies.mx\/consejonacional\/wp-json\/wp\/v2\/media?parent=1913"}],"curies":[{"name":"wp","href":"https:\/\/api.w.org\/{rel}","templated":true}]}}