{"id":1942,"date":"2024-06-17T18:33:39","date_gmt":"2024-06-17T16:33:39","guid":{"rendered":"https:\/\/organoscolegiados.anuies.mx\/consejonacional\/?page_id=1942"},"modified":"2024-06-17T20:56:04","modified_gmt":"2024-06-17T18:56:04","slug":"documentos-consejo-nacional-2-2024","status":"publish","type":"page","link":"https:\/\/organoscolegiados.anuies.mx\/consejonacional\/documentos-consejo-nacional-2-2024\/","title":{"rendered":"Documentos Consejo Nacional 2.2024"},"content":{"rendered":"<p><img loading=\"lazy\" decoding=\"async\" class=\"aligncenter size-full wp-image-1915\" src=\"https:\/\/organoscolegiados.anuies.mx\/consejonacional\/wp-content\/uploads\/sites\/2\/2024\/05\/CABECERA.png\" alt=\"\" width=\"1365\" height=\"154\" srcset=\"https:\/\/organoscolegiados.anuies.mx\/consejonacional\/wp-content\/uploads\/sites\/2\/2024\/05\/CABECERA.png 1365w, https:\/\/organoscolegiados.anuies.mx\/consejonacional\/wp-content\/uploads\/sites\/2\/2024\/05\/CABECERA-300x34.png 300w, https:\/\/organoscolegiados.anuies.mx\/consejonacional\/wp-content\/uploads\/sites\/2\/2024\/05\/CABECERA-1024x116.png 1024w, https:\/\/organoscolegiados.anuies.mx\/consejonacional\/wp-content\/uploads\/sites\/2\/2024\/05\/CABECERA-768x87.png 768w\" sizes=\"auto, (max-width: 1365px) 100vw, 1365px\" \/><\/p>\n<p>&nbsp;<\/p>\n<p><a href=\"https:\/\/organoscolegiados.anuies.mx\/asambleageneral\/wp-content\/uploads\/sites\/3\/2024\/06\/4-COMPROMISO-COMUN-POR-EL-FUTURO-DE-LA-EDUCACION-Consejo-Nacional-V-corta.pdf\" target=\"_blank\" rel=\"noopener\">4. Espacio de reflexi\u00f3n sobre los resultados del proceso electoral.<\/a><\/p>\n<p><a href=\"https:\/\/organoscolegiados.anuies.mx\/consejonacional\/wp-content\/uploads\/sites\/2\/2024\/06\/5-EdelVAL-Presentacion-ANUIES-120624-1.pdf\" target=\"_blank\" rel=\"noopener\">5. An\u00e1lisis del presupuesto 2025 para la educaci\u00f3n superior.<\/a><\/p>\n<p><a href=\"https:\/\/organoscolegiados.anuies.mx\/asambleageneral\/wp-content\/uploads\/sites\/3\/2024\/06\/6-CUPIA-ver-Final.pdf\" target=\"_blank\" rel=\"noopener\">6. Diagn\u00f3stico de la situaci\u00f3n acad\u00e9mico-laboral del personal docente de asignatura en las instituciones de educaci\u00f3n superior p\u00fablicas.<\/a><\/p>\n<p><a href=\"https:\/\/organoscolegiados.anuies.mx\/asambleageneral\/wp-content\/uploads\/sites\/3\/2024\/06\/7-Avances-en-la-reforma-del-Estatuto-de-la-ANUIES.pdf\" target=\"_blank\" rel=\"noopener\">7. Avances en la reforma del Estatuto de la ANUIES<\/a><\/p>\n<p><a href=\"https:\/\/youtu.be\/cTr7A_krMG0\" target=\"_blank\" rel=\"noopener\">9. Laboratorio de inteligencia artificial y neurociencia en el Centro de Capacitaci\u00f3n ANUIES-Valle de Bravo.<\/a><\/p>\n<p><a href=\"https:\/\/organoscolegiados.anuies.mx\/asambleageneral\/wp-content\/uploads\/sites\/3\/2024\/06\/10-Actualizacion-Manual-de-Seguridad-Consejo-Nacional.pdf\">10. Actualizaci\u00f3n del Manual de Seguridad para Instituciones de Educaci\u00f3n Superior. Estrategias para la prevenci\u00f3n y atenci\u00f3n.<\/a><\/p>\n<p>&nbsp;<\/p>\n","protected":false},"excerpt":{"rendered":"<p>&nbsp; 4. Espacio de reflexi\u00f3n sobre los resultados del proceso electoral. 5. An\u00e1lisis del presupuesto 2025 para la educaci\u00f3n superior. 6. Diagn\u00f3stico de la situaci\u00f3n acad\u00e9mico-laboral del personal docente de &hellip; <\/p>\n","protected":false},"author":1,"featured_media":0,"parent":0,"menu_order":0,"comment_status":"closed","ping_status":"closed","template":"","meta":{"ngg_post_thumbnail":0,"footnotes":""},"class_list":["post-1942","page","type-page","status-publish","hentry"],"_links":{"self":[{"href":"https:\/\/organoscolegiados.anuies.mx\/consejonacional\/wp-json\/wp\/v2\/pages\/1942","targetHints":{"allow":["GET"]}}],"collection":[{"href":"https:\/\/organoscolegiados.anuies.mx\/consejonacional\/wp-json\/wp\/v2\/pages"}],"about":[{"href":"https:\/\/organoscolegiados.anuies.mx\/consejonacional\/wp-json\/wp\/v2\/types\/page"}],"author":[{"embeddable":true,"href":"https:\/\/organoscolegiados.anuies.mx\/consejonacional\/wp-json\/wp\/v2\/users\/1"}],"replies":[{"embeddable":true,"href":"https:\/\/organoscolegiados.anuies.mx\/consejonacional\/wp-json\/wp\/v2\/comments?post=1942"}],"version-history":[{"count":6,"href":"https:\/\/organoscolegiados.anuies.mx\/consejonacional\/wp-json\/wp\/v2\/pages\/1942\/revisions"}],"predecessor-version":[{"id":1949,"href":"https:\/\/organoscolegiados.anuies.mx\/consejonacional\/wp-json\/wp\/v2\/pages\/1942\/revisions\/1949"}],"wp:attachment":[{"href":"https:\/\/organoscolegiados.anuies.mx\/consejonacional\/wp-json\/wp\/v2\/media?parent=1942"}],"curies":[{"name":"wp","href":"https:\/\/api.w.org\/{rel}","templated":true}]}}