{"id":1990,"date":"2024-08-13T17:46:18","date_gmt":"2024-08-13T15:46:18","guid":{"rendered":"https:\/\/organoscolegiados.anuies.mx\/consejonacional\/?page_id=1990"},"modified":"2024-08-14T20:26:44","modified_gmt":"2024-08-14T18:26:44","slug":"cne12024","status":"publish","type":"page","link":"https:\/\/organoscolegiados.anuies.mx\/consejonacional\/cne12024\/","title":{"rendered":"1.2024 Sesi\u00f3n Extraordinaria del Consejo Nacional 21 agosto"},"content":{"rendered":"<p>&nbsp;<br \/>\n<img loading=\"lazy\" decoding=\"async\" class=\"aligncenter wp-image-1992\" src=\"https:\/\/organoscolegiados.anuies.mx\/consejonacional\/wp-content\/uploads\/sites\/2\/2024\/08\/CABECERA.png\" alt=\"\" width=\"1180\" height=\"133\" srcset=\"https:\/\/organoscolegiados.anuies.mx\/consejonacional\/wp-content\/uploads\/sites\/2\/2024\/08\/CABECERA.png 1400w, https:\/\/organoscolegiados.anuies.mx\/consejonacional\/wp-content\/uploads\/sites\/2\/2024\/08\/CABECERA-300x34.png 300w, https:\/\/organoscolegiados.anuies.mx\/consejonacional\/wp-content\/uploads\/sites\/2\/2024\/08\/CABECERA-1024x116.png 1024w, https:\/\/organoscolegiados.anuies.mx\/consejonacional\/wp-content\/uploads\/sites\/2\/2024\/08\/CABECERA-768x87.png 768w\" sizes=\"auto, (max-width: 1180px) 100vw, 1180px\" \/><\/p>\n<p style=\"text-align: center;\"><span style=\"font-family: helvetica, arial, sans-serif; font-size: 16pt;\"><strong>CONVOCATORIA<\/strong><\/span><\/p>\n<p style=\"text-align: justify;\"><span style=\"font-family: helvetica, arial, sans-serif; font-size: 16pt;\">Con fundamento en los art\u00edculos Vig\u00e9simo Primero; Trig\u00e9simo Primero, y Trig\u00e9simo Tercero, fracci\u00f3n VI del Estatuto de la Asociaci\u00f3n Nacional de Universidades e Instituciones de Educaci\u00f3n Superior de la Rep\u00fablica Mexicana, A.C. (ANUIES), convoco a las y los titulares de las instituciones que integran el Consejo Nacional a la Sesi\u00f3n Extraordinaria 1.2024, que se efectuar\u00e1 en modalidad presencial, en el Aula 3 del Centro de Innovaci\u00f3n y Desarrollo de la ANUIES, ubicado en Miguel Laurent 961, Col. Santa Cruz Atoyac, Alcald\u00eda Benito Ju\u00e1rez, C.P. 03310, Ciudad de M\u00e9xico, a las 10:00 horas del mi\u00e9rcoles 21 de agosto de 2024, con el siguiente:<\/span><\/p>\n<p style=\"text-align: center;\"><span style=\"font-family: helvetica, arial, sans-serif; font-size: 16pt; color: #000000;\"><strong>ORDEN DEL D\u00cdA<\/strong><\/span><\/p>\n<p><span style=\"color: #000000;\"><span style=\"font-size: 16pt;\">1.<\/span> <a style=\"color: #000000;\" href=\"https:\/\/organoscolegiados.anuies.mx\/consejonacional\/wp-content\/uploads\/sites\/2\/2024\/08\/1-Lista-de-asistencia-y-verificacion-del-quorum-1-1.pdf\" target=\"_blank\" rel=\"noopener\"><span style=\"font-family: helvetica, arial, sans-serif; font-size: 16pt;\">Lista de asistencia y verificaci\u00f3n del <em>quorum<\/em>.<\/span><\/a><\/span><br \/>\n<span style=\"color: #000000;\"><span style=\"font-size: 16pt;\">2.<\/span> <a style=\"color: #000000;\" href=\"https:\/\/organoscolegiados.anuies.mx\/consejonacional\/wp-content\/uploads\/sites\/2\/2024\/08\/2-Aprobacion-del-Orden-del-Dia-1-1.pdf\" target=\"_blank\" rel=\"noopener\"><span style=\"font-family: helvetica, arial, sans-serif; font-size: 16pt;\">Aprobaci\u00f3n del Orden del D\u00eda.<\/span><\/a><\/span><br \/>\n<span style=\"color: #000000;\"><span style=\"font-size: 16pt;\">3.<\/span> <a style=\"color: #000000;\" href=\"https:\/\/organoscolegiados.anuies.mx\/consejonacional\/wp-content\/uploads\/sites\/2\/2024\/08\/3-Presentacion-de-los-dictamenes-del-Premio-ANUIES-2024-en-las-categorias-Doctorado-Maestria-IPD-y-Prototipos-1.pdf\" target=\"_blank\" rel=\"noopener\"><span style=\"font-family: helvetica, arial, sans-serif; font-size: 16pt;\">Presentaci\u00f3n de los dict\u00e1menes del Premio ANUIES 2024 en las categor\u00edas:<\/span><\/a><\/span><\/p>\n<ul>\n<li><span style=\"font-family: helvetica, arial, sans-serif; font-size: 16pt; color: #000000;\">Tesis de doctorado y maestr\u00eda sobre educaci\u00f3n superior.<\/span><\/li>\n<li><span style=\"font-family: helvetica, arial, sans-serif; font-size: 16pt; color: #000000;\">Innovaci\u00f3n en la pr\u00e1ctica docente.<\/span><\/li>\n<li><span style=\"font-family: helvetica, arial, sans-serif; font-size: 16pt; color: #000000;\">Prototipos en educaci\u00f3n superior.<\/span><\/li>\n<\/ul>\n<p><span style=\"color: #000000;\"><span style=\"font-size: 16pt;\">4.<\/span> <a style=\"color: #000000;\" href=\"https:\/\/organoscolegiados.anuies.mx\/consejonacional\/wp-content\/uploads\/sites\/2\/2024\/08\/4-Deliberacion-y-dictamen-del-Premio-ANUIES-2024-en-la-categoria-Aportaciones-academicas-en-educacion-superior.pdf\" target=\"_blank\" rel=\"noopener\"><span style=\"font-family: helvetica, arial, sans-serif; font-size: 16pt;\">Deliberaci\u00f3n y dictamen del Premio ANUIES 2024 en la categor\u00eda: <em>Aportaciones acad\u00e9micas en educaci\u00f3n superior.<\/em><\/span><\/a><\/span><\/p>\n<p>&nbsp;<\/p>\n<p style=\"text-align: center;\"><span style=\"font-family: helvetica, arial, sans-serif; font-size: 16pt;\"><strong>Dr. Luis Armando Gonz\u00e1lez Placencia<br \/>\n<\/strong>Secretario General Ejecutivo<br \/>\nSecretario<\/span><\/p>\n","protected":false},"excerpt":{"rendered":"<p>&nbsp; CONVOCATORIA Con fundamento en los art\u00edculos Vig\u00e9simo Primero; Trig\u00e9simo Primero, y Trig\u00e9simo Tercero, fracci\u00f3n VI del Estatuto de la Asociaci\u00f3n Nacional de Universidades e Instituciones de Educaci\u00f3n Superior de &hellip; <\/p>\n","protected":false},"author":1,"featured_media":0,"parent":0,"menu_order":0,"comment_status":"closed","ping_status":"closed","template":"","meta":{"ngg_post_thumbnail":0,"footnotes":""},"class_list":["post-1990","page","type-page","status-publish","hentry"],"_links":{"self":[{"href":"https:\/\/organoscolegiados.anuies.mx\/consejonacional\/wp-json\/wp\/v2\/pages\/1990","targetHints":{"allow":["GET"]}}],"collection":[{"href":"https:\/\/organoscolegiados.anuies.mx\/consejonacional\/wp-json\/wp\/v2\/pages"}],"about":[{"href":"https:\/\/organoscolegiados.anuies.mx\/consejonacional\/wp-json\/wp\/v2\/types\/page"}],"author":[{"embeddable":true,"href":"https:\/\/organoscolegiados.anuies.mx\/consejonacional\/wp-json\/wp\/v2\/users\/1"}],"replies":[{"embeddable":true,"href":"https:\/\/organoscolegiados.anuies.mx\/consejonacional\/wp-json\/wp\/v2\/comments?post=1990"}],"version-history":[{"count":6,"href":"https:\/\/organoscolegiados.anuies.mx\/consejonacional\/wp-json\/wp\/v2\/pages\/1990\/revisions"}],"predecessor-version":[{"id":2001,"href":"https:\/\/organoscolegiados.anuies.mx\/consejonacional\/wp-json\/wp\/v2\/pages\/1990\/revisions\/2001"}],"wp:attachment":[{"href":"https:\/\/organoscolegiados.anuies.mx\/consejonacional\/wp-json\/wp\/v2\/media?parent=1990"}],"curies":[{"name":"wp","href":"https:\/\/api.w.org\/{rel}","templated":true}]}}