{"id":2,"date":"2019-10-23T17:35:13","date_gmt":"2019-10-23T15:35:13","guid":{"rendered":"https:\/\/organoscolegiados.anuies.mx\/consejonacional\/?page_id=2"},"modified":"2022-11-10T20:50:17","modified_gmt":"2022-11-10T19:50:17","slug":"pagina-ejemplo","status":"publish","type":"page","link":"https:\/\/organoscolegiados.anuies.mx\/consejonacional\/","title":{"rendered":""},"content":{"rendered":"<div id=\"pl-2\"  class=\"panel-layout\" ><div id=\"pg-2-0\"  class=\"panel-grid panel-no-style\" ><div id=\"pgc-2-0-0\"  class=\"panel-grid-cell\" ><div id=\"panel-2-0-0-0\" class=\"so-panel widget widget_sow-editor panel-first-child panel-last-child\" data-index=\"0\" ><div\n\t\t\t\n\t\t\tclass=\"so-widget-sow-editor so-widget-sow-editor-base\"\n\t\t\t\n\t\t>\n<div class=\"siteorigin-widget-tinymce textwidget\">\n\t<p><!-- wp:paragraph --><\/p>\n<p><img loading=\"lazy\" decoding=\"async\" class=\"aligncenter wp-image-1593\" src=\"https:\/\/organoscolegiados.anuies.mx\/consejonacional\/wp-content\/uploads\/sites\/2\/2022\/11\/CN2022.png\" alt=\"\" width=\"2000\" height=\"172\" srcset=\"https:\/\/organoscolegiados.anuies.mx\/consejonacional\/wp-content\/uploads\/sites\/2\/2022\/11\/CN2022.png 768w, https:\/\/organoscolegiados.anuies.mx\/consejonacional\/wp-content\/uploads\/sites\/2\/2022\/11\/CN2022-300x26.png 300w\" sizes=\"auto, (max-width: 2000px) 100vw, 2000px\" \/><\/p>\n<p><strong>El Consejo Nacional<\/strong>\u00a0es el \u00f3rgano colegiado de direcci\u00f3n y articulaci\u00f3n de la\u00a0<span class=\"caps\">ANUIES<\/span>\u00a0y est\u00e1 integrado por: los presidentes de los Consejos Regionales, dos representantes del\u00a0<span class=\"caps\">CUPIA<\/span>, dos representantes del\u00a0<span class=\"caps\">CUPRIA<\/span>, dos representantes de Institutos Tecnol\u00f3gicos, un representante de Centros de Investigaci\u00f3n, los titulares de la\u00a0<span class=\"caps\">UNAM<\/span>\u00a0e\u00a0<span class=\"caps\">IPN<\/span>\u00a0y el Secretario General Ejecutivo de la Asociaci\u00f3n<strong>.<\/strong><\/p>\n<p><img loading=\"lazy\" decoding=\"async\" class=\"wp-image-561 aligncenter\" style=\"font-weight: bold;\" src=\"https:\/\/organoscolegiados.anuies.mx\/consejonacional\/wp-content\/uploads\/sites\/2\/2019\/11\/consejo-nacional.png\" alt=\"\" width=\"167\" height=\"154\" srcset=\"https:\/\/organoscolegiados.anuies.mx\/consejonacional\/wp-content\/uploads\/sites\/2\/2019\/11\/consejo-nacional.png 431w, https:\/\/organoscolegiados.anuies.mx\/consejonacional\/wp-content\/uploads\/sites\/2\/2019\/11\/consejo-nacional-300x278.png 300w\" sizes=\"auto, (max-width: 167px) 100vw, 167px\" \/><\/p>\n<h6 style=\"text-align: center;\"><span style=\"color: #800000;\"><a class=\"nuevaVentana\" style=\"color: #800000;\" href=\"http:\/\/www.anuies.mx\/media\/docs\/avisos\/pdf\/MiembrosCN2019.pdf\">Ver archivo de Miembros 2019<\/a><\/span><\/h6>\n<p>&nbsp;<\/p>\n<p>[WPSM_AC id=85]<\/p>\n<\/div>\n<\/div><\/div><\/div><\/div><\/div>","protected":false},"excerpt":{"rendered":"<p>El Consejo Nacional\u00a0es el \u00f3rgano colegiado de direcci\u00f3n y articulaci\u00f3n de la\u00a0ANUIES\u00a0y est\u00e1 integrado por: los presidentes de los Consejos Regionales, dos representantes del\u00a0CUPIA, dos representantes del\u00a0CUPRIA, dos representantes de &hellip; <\/p>\n","protected":false},"author":1,"featured_media":0,"parent":0,"menu_order":0,"comment_status":"closed","ping_status":"open","template":"","meta":{"ngg_post_thumbnail":0,"footnotes":""},"class_list":["post-2","page","type-page","status-publish","hentry"],"_links":{"self":[{"href":"https:\/\/organoscolegiados.anuies.mx\/consejonacional\/wp-json\/wp\/v2\/pages\/2","targetHints":{"allow":["GET"]}}],"collection":[{"href":"https:\/\/organoscolegiados.anuies.mx\/consejonacional\/wp-json\/wp\/v2\/pages"}],"about":[{"href":"https:\/\/organoscolegiados.anuies.mx\/consejonacional\/wp-json\/wp\/v2\/types\/page"}],"author":[{"embeddable":true,"href":"https:\/\/organoscolegiados.anuies.mx\/consejonacional\/wp-json\/wp\/v2\/users\/1"}],"replies":[{"embeddable":true,"href":"https:\/\/organoscolegiados.anuies.mx\/consejonacional\/wp-json\/wp\/v2\/comments?post=2"}],"version-history":[{"count":24,"href":"https:\/\/organoscolegiados.anuies.mx\/consejonacional\/wp-json\/wp\/v2\/pages\/2\/revisions"}],"predecessor-version":[{"id":1596,"href":"https:\/\/organoscolegiados.anuies.mx\/consejonacional\/wp-json\/wp\/v2\/pages\/2\/revisions\/1596"}],"wp:attachment":[{"href":"https:\/\/organoscolegiados.anuies.mx\/consejonacional\/wp-json\/wp\/v2\/media?parent=2"}],"curies":[{"name":"wp","href":"https:\/\/api.w.org\/{rel}","templated":true}]}}