{"id":201,"date":"2019-10-30T17:33:37","date_gmt":"2019-10-30T16:33:37","guid":{"rendered":"https:\/\/organoscolegiados.anuies.mx\/consejonacional\/?page_id=201"},"modified":"2020-04-03T06:54:40","modified_gmt":"2020-04-03T04:54:40","slug":"cn42018","status":"publish","type":"page","link":"https:\/\/organoscolegiados.anuies.mx\/consejonacional\/cn42018\/","title":{"rendered":"4.2018 Sesi\u00f3n Ordinaria del Consejo Nacional"},"content":{"rendered":"<p><img loading=\"lazy\" decoding=\"async\" class=\"alignnone size-full wp-image-217\" src=\"https:\/\/organoscolegiados.anuies.mx\/consejonacional\/wp-content\/uploads\/sites\/2\/2019\/10\/cabezal42018cn1.png\" alt=\"\" width=\"1245\" height=\"121\" srcset=\"https:\/\/organoscolegiados.anuies.mx\/consejonacional\/wp-content\/uploads\/sites\/2\/2019\/10\/cabezal42018cn1.png 1245w, https:\/\/organoscolegiados.anuies.mx\/consejonacional\/wp-content\/uploads\/sites\/2\/2019\/10\/cabezal42018cn1-300x29.png 300w, https:\/\/organoscolegiados.anuies.mx\/consejonacional\/wp-content\/uploads\/sites\/2\/2019\/10\/cabezal42018cn1-768x75.png 768w, https:\/\/organoscolegiados.anuies.mx\/consejonacional\/wp-content\/uploads\/sites\/2\/2019\/10\/cabezal42018cn1-1024x100.png 1024w\" sizes=\"auto, (max-width: 1245px) 100vw, 1245px\" \/><\/p>\n<p align=\"center\"><span style=\"color: #333333\"><strong style=\"line-height: 1.6875;letter-spacing: 0.05em;font-size: 1.17em\">CONVOCATORIA<\/strong><\/span><\/p>\n<p style=\"text-align: justify\"><span style=\"color: #000000\">Con fundamento en los art\u00edculos Vig\u00e9simo Primero, Trig\u00e9simo Primero y Trig\u00e9simo Tercero, fracci\u00f3n VI, del Estatuto de la Asociaci\u00f3n Nacional de Universidades e Instituciones de Educaci\u00f3n Superior (ANUIES), A.C., se convoca a los titulares de las instituciones que integran el Consejo Nacional a la Sesi\u00f3n Ordinaria 4.2018 que se efectuar\u00e1 el mi\u00e9rcoles 21 de noviembre de 2018 a partir de las 12:00 horas en la Sala de Juntas III del Centro de Convenciones de Mazatl\u00e1n, ubicado en Av. del Delf\u00edn 6303, Fracc. Marina Mazatl\u00e1n, C.P. 82103, Mazatl\u00e1n, Sinaloa, bajo el siguiente:<\/span><\/p>\n<p style=\"text-align: center\"><span style=\"color: #000000;font-size: 1.17em\"><b style=\"text-align: justify;line-height: 1.6875;letter-spacing: 0.05em\">ORDEN DEL D\u00cdA<\/b><\/span><\/p>\n<p style=\"text-align: left\"><span style=\"color: #000000\">1.- <a style=\"color: #000000\" href=\"https:\/\/organoscolegiados.anuies.mx\/consejonacional\/wp-content\/uploads\/sites\/2\/2019\/10\/1.-Miembros-del-CN-de-la-ANUIES-4.pdf\" target=\"_blank\" rel=\"noopener noreferrer\">Lista de asistencia y verificaci\u00f3n de <em>qu\u00f3rum<\/em><\/a>.<\/span><\/p>\n<p style=\"text-align: left\"><a href=\"https:\/\/organoscolegiados.anuies.mx\/consejonacional\/wp-content\/uploads\/sites\/2\/2020\/04\/Aprobaci\u00f3n-del-Orden-del-D\u00eda-4.SO_.18.pdf\" target=\"_blank\" rel=\"noopener noreferrer\"><span style=\"color: #000000\">2.- Aprobaci\u00f3n del Orden del D\u00eda.<\/span><\/a><\/p>\n<p style=\"text-align: left\"><span style=\"color: #000000\">3.- <a style=\"color: #000000\" href=\"https:\/\/organoscolegiados.anuies.mx\/consejonacional\/wp-content\/uploads\/sites\/2\/2019\/10\/3.-Acta-SO-3.2018-CN-ANUIES-300818.pdf\" target=\"_blank\" rel=\"noopener noreferrer\">Lectura y aprobaci\u00f3n, en su caso, del Acta de la Sesi\u00f3n Ordinaria 3.2018.<\/a><br \/>\n<\/span><\/p>\n<p style=\"text-align: left;padding-left: 40px\"><a href=\"https:\/\/organoscolegiados.anuies.mx\/consejonacional\/wp-content\/uploads\/sites\/2\/2020\/04\/Aprobaci\u00f3n-y-Lectura-de-Acta-4.SO_.18.pdf\" target=\"_blank\" rel=\"noopener noreferrer\"><span style=\"color: #000000\">3.1 Aprobaci\u00f3n del Acta de la Sesi\u00f3n Ordinaria 3.2018<\/span><\/a><\/p>\n<p style=\"text-align: left\"><span style=\"color: #000000\">4.- An\u00e1lisis y aprobaci\u00f3n, en su caso, de las resoluciones de los Consejos Regionales sobre las solicitudes de ingreso de nuevas asociadas.<\/span><\/p>\n<p style=\"padding-left: 30px\"><span style=\"color: #000000\">4.1.- <a style=\"color: #000000\" href=\"https:\/\/organoscolegiados.anuies.mx\/consejonacional\/wp-content\/uploads\/sites\/2\/2019\/10\/4.1.-Resoluci\u00f3n-nuevas-asociadas-CRCS.pdf\" target=\"_blank\" rel=\"noopener noreferrer\">Resoluci\u00f3n nuevas asociadas CRCS<\/a><\/span><\/p>\n<p style=\"padding-left: 30px\"><span style=\"color: #000000\">4.2.-\u00a0<a style=\"color: #000000\" href=\"https:\/\/organoscolegiados.anuies.mx\/consejonacional\/wp-content\/uploads\/sites\/2\/2019\/10\/4.2.-Resoluci\u00f3n-nuevas-asociadas-CRCO.pdf\" target=\"_blank\" rel=\"noopener noreferrer\">Resoluci\u00f3n nuevas asociadas CRCO<\/a><\/span><\/p>\n<p style=\"text-align: left\"><span style=\"color: #000000\">5.- <a style=\"color: #000000\" href=\"https:\/\/organoscolegiados.anuies.mx\/consejonacional\/wp-content\/uploads\/sites\/2\/2019\/10\/5.-Dictamen_Premio-ANUIES-2018.pdf\" target=\"_blank\" rel=\"noopener noreferrer\">Presentaci\u00f3n del dictamen del Premio ANUIES 2018 a la tesis de educaci\u00f3n superior en las categor\u00edas de maestr\u00eda y doctorado.<\/a><\/span><\/p>\n<p style=\"text-align: left\"><span style=\"color: #000000\">6.- Presentaci\u00f3n y aprobaci\u00f3n, en su caso, de las propuestas de creaci\u00f3n de redes de colaboraci\u00f3n nacionales.<\/span><\/p>\n<p style=\"padding-left: 30px\"><span style=\"color: #000000\">6.1. <a style=\"color: #000000\" href=\"https:\/\/organoscolegiados.anuies.mx\/consejonacional\/wp-content\/uploads\/sites\/2\/2019\/10\/6.1.-Propuesta-de-creaci\u00f3n-REDMORA.pdf\" target=\"_blank\" rel=\"noopener noreferrer\">Propuesta de creaci\u00f3n REDMORA<\/a><\/span><\/p>\n<p style=\"padding-left: 30px\"><span style=\"color: #000000\">6.2. <a style=\"color: #000000\" href=\"https:\/\/organoscolegiados.anuies.mx\/consejonacional\/wp-content\/uploads\/sites\/2\/2019\/10\/6.2.-Propuesta-de-creaci\u00f3n-Red-de-Sorteos-Universitarios.pdf\" target=\"_blank\" rel=\"noopener noreferrer\">Propuesta de creaci\u00f3n Red de Sorteos Universitarios<\/a><\/span><\/p>\n<p style=\"text-align: left\"><span style=\"color: #000000\">7.- <a style=\"color: #000000\" href=\"https:\/\/organoscolegiados.anuies.mx\/consejonacional\/wp-content\/uploads\/sites\/2\/2019\/10\/7.-Foros-de-consulta.pdf\" target=\"_blank\" rel=\"noopener noreferrer\">Presentaci\u00f3n del informe de resultados de los Foros de Consulta Estatal Participativa celebrados en las UPES.<\/a><\/span><\/p>\n<p style=\"text-align: left\"><span style=\"color: #000000\">8.- <a style=\"color: #000000\" href=\"https:\/\/organoscolegiados.anuies.mx\/consejonacional\/wp-content\/uploads\/sites\/2\/2019\/10\/8.-Informe-de-actividades-CN-2018.pdf\" target=\"_blank\" rel=\"noopener noreferrer\">Presentaci\u00f3n y aprobaci\u00f3n, en su caso, del informe de actividades 2018 del Consejo Nacional que se rendir\u00e1 a la Asamblea General.<\/a><\/span><\/p>\n<p style=\"text-align: left\"><span style=\"color: #000000\">9.- <a style=\"color: #000000\" href=\"https:\/\/organoscolegiados.anuies.mx\/consejonacional\/wp-content\/uploads\/sites\/2\/2019\/10\/9.-Propuesta-Calendario-2019-OC.pdf\" target=\"_blank\" rel=\"noopener noreferrer\">Presentaci\u00f3n y aprobaci\u00f3n, en su caso, del calendario de sesiones 2019 de los \u00f3rganos colegiados de la ANUIES.<\/a><\/span><\/p>\n<p style=\"text-align: left\"><span style=\"color: #000000\">10.- <a style=\"color: #000000\" href=\"https:\/\/organoscolegiados.anuies.mx\/consejonacional\/wp-content\/uploads\/sites\/2\/2019\/10\/10.-Proceso-de-elecci\u00f3n-SGE-2019-2023-181018.pdf\" target=\"_blank\" rel=\"noopener noreferrer\">Presentaci\u00f3n del proceso de elecci\u00f3n del Secretario General Ejecutivo de la ANUIES para el periodo 2019-2023.<\/a><\/span><\/p>\n<p><a href=\"https:\/\/organoscolegiados.anuies.mx\/consejonacional\/wp-content\/uploads\/sites\/2\/2020\/04\/Asuntos-generales-4.SO_.18.pdf\" target=\"_blank\" rel=\"noopener noreferrer\"><span style=\"color: #000000\">11. Asuntos Generales<\/span><\/a><\/p>\n<p>&nbsp;<\/p>\n<p align=\"center\"><span style=\"color: #000000\"><b>Mtro. Jaime Valls Esponda<\/b><\/span><\/p>\n<p align=\"center\"><span style=\"color: #000000\">Secretario General Ejecutivo<\/span><\/p>\n","protected":false},"excerpt":{"rendered":"<p>CONVOCATORIA Con fundamento en los art\u00edculos Vig\u00e9simo Primero, Trig\u00e9simo Primero y Trig\u00e9simo Tercero, fracci\u00f3n VI, del Estatuto de la Asociaci\u00f3n Nacional de Universidades e Instituciones de Educaci\u00f3n Superior (ANUIES), A.C., &hellip; <\/p>\n","protected":false},"author":1,"featured_media":0,"parent":0,"menu_order":0,"comment_status":"closed","ping_status":"closed","template":"","meta":{"ngg_post_thumbnail":0,"footnotes":""},"class_list":["post-201","page","type-page","status-publish","hentry"],"_links":{"self":[{"href":"https:\/\/organoscolegiados.anuies.mx\/consejonacional\/wp-json\/wp\/v2\/pages\/201","targetHints":{"allow":["GET"]}}],"collection":[{"href":"https:\/\/organoscolegiados.anuies.mx\/consejonacional\/wp-json\/wp\/v2\/pages"}],"about":[{"href":"https:\/\/organoscolegiados.anuies.mx\/consejonacional\/wp-json\/wp\/v2\/types\/page"}],"author":[{"embeddable":true,"href":"https:\/\/organoscolegiados.anuies.mx\/consejonacional\/wp-json\/wp\/v2\/users\/1"}],"replies":[{"embeddable":true,"href":"https:\/\/organoscolegiados.anuies.mx\/consejonacional\/wp-json\/wp\/v2\/comments?post=201"}],"version-history":[{"count":9,"href":"https:\/\/organoscolegiados.anuies.mx\/consejonacional\/wp-json\/wp\/v2\/pages\/201\/revisions"}],"predecessor-version":[{"id":1039,"href":"https:\/\/organoscolegiados.anuies.mx\/consejonacional\/wp-json\/wp\/v2\/pages\/201\/revisions\/1039"}],"wp:attachment":[{"href":"https:\/\/organoscolegiados.anuies.mx\/consejonacional\/wp-json\/wp\/v2\/media?parent=201"}],"curies":[{"name":"wp","href":"https:\/\/api.w.org\/{rel}","templated":true}]}}