{"id":2018,"date":"2024-09-09T19:07:06","date_gmt":"2024-09-09T17:07:06","guid":{"rendered":"https:\/\/organoscolegiados.anuies.mx\/consejonacional\/?page_id=2018"},"modified":"2024-09-09T19:51:57","modified_gmt":"2024-09-09T17:51:57","slug":"documentoscn3-202478r567h","status":"publish","type":"page","link":"https:\/\/organoscolegiados.anuies.mx\/consejonacional\/documentoscn3-202478r567h\/","title":{"rendered":"Documentos CN 3.2024"},"content":{"rendered":"<p>&nbsp;<br \/>\n<img loading=\"lazy\" decoding=\"async\" class=\"aligncenter size-full wp-image-1955\" src=\"https:\/\/organoscolegiados.anuies.mx\/consejonacional\/wp-content\/uploads\/sites\/2\/2024\/07\/cabecera.png\" alt=\"\" width=\"1401\" height=\"159\" srcset=\"https:\/\/organoscolegiados.anuies.mx\/consejonacional\/wp-content\/uploads\/sites\/2\/2024\/07\/cabecera.png 1401w, https:\/\/organoscolegiados.anuies.mx\/consejonacional\/wp-content\/uploads\/sites\/2\/2024\/07\/cabecera-300x34.png 300w, https:\/\/organoscolegiados.anuies.mx\/consejonacional\/wp-content\/uploads\/sites\/2\/2024\/07\/cabecera-1024x116.png 1024w, https:\/\/organoscolegiados.anuies.mx\/consejonacional\/wp-content\/uploads\/sites\/2\/2024\/07\/cabecera-768x87.png 768w\" sizes=\"auto, (max-width: 1401px) 100vw, 1401px\" \/><\/p>\n<p>&nbsp;<\/p>\n<p><span style=\"font-family: helvetica, arial, sans-serif; font-size: 16pt;\">Documentos<\/span><\/p>\n<p><a href=\"https:\/\/organoscolegiados.anuies.mx\/consejonacional\/wp-content\/uploads\/sites\/2\/2024\/09\/Punto-6-.pdf\" target=\"_blank\" rel=\"noopener\"><span style=\"color: #000000;\"><span style=\"font-family: helvetica, arial, sans-serif; font-size: 16pt;\">6. Presentaci\u00f3n de la conformaci\u00f3n de comisiones de trabajo sobre los temas de la agenda de la naci\u00f3n.<\/span><\/span><\/a><\/p>\n<p><a href=\"https:\/\/organoscolegiados.anuies.mx\/consejonacional\/wp-content\/uploads\/sites\/2\/2024\/09\/Punto-7.pdf\" target=\"_blank\" rel=\"noopener\"><span style=\"color: #000000;\"><span style=\"font-family: helvetica, arial, sans-serif; font-size: 16pt;\">7. Presentaci\u00f3n del Sistema de integraci\u00f3n de las contribuciones de las instituciones de educaci\u00f3n superior al logro de los Objetivos de Desarrollo Sostenible y otras acciones de impacto social.<\/span><\/span><\/a><\/p>\n<p><a href=\"https:\/\/organoscolegiados.anuies.mx\/consejonacional\/wp-content\/uploads\/sites\/2\/2024\/09\/Punto-8.pdf\" target=\"_blank\" rel=\"noopener\"><span style=\"color: #000000;\"><span style=\"font-family: helvetica, arial, sans-serif; font-size: 16pt;\">8. Resultados de la <em>Encuesta de capacidades para la seguridad en IES<\/em> y avances en la elaboraci\u00f3n del <em>Manual de Seguridad para Instituciones de Educaci\u00f3n Superior 2024<\/em>.<\/span><\/span><\/a><\/p>\n<p><a href=\"https:\/\/organoscolegiados.anuies.mx\/consejonacional\/wp-content\/uploads\/sites\/2\/2024\/09\/Punto-9.pdf\" target=\"_blank\" rel=\"noopener\"><span style=\"color: #000000;\"><span style=\"font-family: helvetica, arial, sans-serif; font-size: 16pt;\">9. Avances en las convocatorias del Laboratorio de inteligencia artificial y neurociencia en el Centro de Capacitaci\u00f3n ANUIES-Valle de Bravo y Laboratorio ciudadano: <em>Innovaci\u00f3n y g\u00e9nero<\/em>.<\/span><\/span><\/a><\/p>\n<p><a href=\"https:\/\/vimeo.com\/1000498940\" target=\"_blank\" rel=\"noopener\"><span style=\"font-family: helvetica, arial, sans-serif; font-size: 16pt; color: #000000;\">10. Informe sobre el desarrollo del trabajo de las redes nacionales.<\/span><\/a><\/p>\n<p><span style=\"font-family: helvetica, arial, sans-serif; font-size: 16pt; color: #000000;\">11. <a style=\"color: #000000;\" href=\"https:\/\/youtu.be\/GgzGTD_d9kw\" target=\"_blank\" rel=\"noopener\">Avances en la organizaci\u00f3n de la ANUIES-TIC<\/a> y la <a style=\"color: #000000;\" href=\"https:\/\/organoscolegiados.anuies.mx\/consejonacional\/wp-content\/uploads\/sites\/2\/2024\/09\/CIA-2024.jpeg\" target=\"_blank\" rel=\"noopener\">Conferencia Internacional ANUIES-2024.<\/a><\/span><\/p>\n<p><span style=\"color: #000000;\"><span style=\"font-family: helvetica, arial, sans-serif; font-size: 16pt;\">12. Asuntos generales:&nbsp;<\/span><\/span><\/p>\n<p><span style=\"color: #000000;\"><span style=\"font-family: helvetica, arial, sans-serif; font-size: 16pt;\"><a style=\"color: #000000;\" href=\"https:\/\/organoscolegiados.anuies.mx\/consejonacional\/wp-content\/uploads\/sites\/2\/2024\/09\/Punto-12.1.pptx\" target=\"_blank\" rel=\"noopener\">12.1 Participaci\u00f3n de la Dra. Carmen Rodr\u00edguez Armenta, Directora General de Educaci\u00f3n Superior Universitaria e Intercultural de la SEP.<\/a><\/span><\/span><\/p>\n","protected":false},"excerpt":{"rendered":"<p>&nbsp; &nbsp; Documentos 6. Presentaci\u00f3n de la conformaci\u00f3n de comisiones de trabajo sobre los temas de la agenda de la naci\u00f3n. 7. Presentaci\u00f3n del Sistema de integraci\u00f3n de las contribuciones &hellip; <\/p>\n","protected":false},"author":1,"featured_media":0,"parent":0,"menu_order":0,"comment_status":"closed","ping_status":"closed","template":"","meta":{"ngg_post_thumbnail":0,"footnotes":""},"class_list":["post-2018","page","type-page","status-publish","hentry"],"_links":{"self":[{"href":"https:\/\/organoscolegiados.anuies.mx\/consejonacional\/wp-json\/wp\/v2\/pages\/2018","targetHints":{"allow":["GET"]}}],"collection":[{"href":"https:\/\/organoscolegiados.anuies.mx\/consejonacional\/wp-json\/wp\/v2\/pages"}],"about":[{"href":"https:\/\/organoscolegiados.anuies.mx\/consejonacional\/wp-json\/wp\/v2\/types\/page"}],"author":[{"embeddable":true,"href":"https:\/\/organoscolegiados.anuies.mx\/consejonacional\/wp-json\/wp\/v2\/users\/1"}],"replies":[{"embeddable":true,"href":"https:\/\/organoscolegiados.anuies.mx\/consejonacional\/wp-json\/wp\/v2\/comments?post=2018"}],"version-history":[{"count":10,"href":"https:\/\/organoscolegiados.anuies.mx\/consejonacional\/wp-json\/wp\/v2\/pages\/2018\/revisions"}],"predecessor-version":[{"id":2037,"href":"https:\/\/organoscolegiados.anuies.mx\/consejonacional\/wp-json\/wp\/v2\/pages\/2018\/revisions\/2037"}],"wp:attachment":[{"href":"https:\/\/organoscolegiados.anuies.mx\/consejonacional\/wp-json\/wp\/v2\/media?parent=2018"}],"curies":[{"name":"wp","href":"https:\/\/api.w.org\/{rel}","templated":true}]}}