{"id":2039,"date":"2024-09-25T22:18:01","date_gmt":"2024-09-25T20:18:01","guid":{"rendered":"https:\/\/organoscolegiados.anuies.mx\/consejonacional\/?page_id=2039"},"modified":"2024-11-13T14:05:14","modified_gmt":"2024-11-13T13:05:14","slug":"cn42024","status":"publish","type":"page","link":"https:\/\/organoscolegiados.anuies.mx\/consejonacional\/cn42024\/","title":{"rendered":"4.2024 Sesi\u00f3n ordinaria del Consejo Nacional 13 noviembre"},"content":{"rendered":"<div id=\"pl-2039\"  class=\"panel-layout\" ><div id=\"pg-2039-0\"  class=\"panel-grid panel-has-style\" ><div class=\"panel-row-style panel-row-style-for-2039-0\" ><div id=\"pgc-2039-0-0\"  class=\"panel-grid-cell panel-grid-cell-empty\" ><\/div><div id=\"pgc-2039-0-1\"  class=\"panel-grid-cell panel-grid-cell-mobile-last\" ><div id=\"panel-2039-0-1-0\" class=\"so-panel widget widget_sow-editor panel-first-child panel-last-child\" data-index=\"0\" ><div\n\t\t\t\n\t\t\tclass=\"so-widget-sow-editor so-widget-sow-editor-base\"\n\t\t\t\n\t\t>\n<div class=\"siteorigin-widget-tinymce textwidget\">\n\t<p>&nbsp;<br \/>\n<img loading=\"lazy\" decoding=\"async\" class=\"aligncenter wp-image-2040\" src=\"https:\/\/organoscolegiados.anuies.mx\/consejonacional\/wp-content\/uploads\/sites\/2\/2024\/09\/cabecera.png\" alt=\"\" width=\"1410\" height=\"158\" srcset=\"https:\/\/organoscolegiados.anuies.mx\/consejonacional\/wp-content\/uploads\/sites\/2\/2024\/09\/cabecera.png 1401w, https:\/\/organoscolegiados.anuies.mx\/consejonacional\/wp-content\/uploads\/sites\/2\/2024\/09\/cabecera-300x34.png 300w, https:\/\/organoscolegiados.anuies.mx\/consejonacional\/wp-content\/uploads\/sites\/2\/2024\/09\/cabecera-1024x115.png 1024w, https:\/\/organoscolegiados.anuies.mx\/consejonacional\/wp-content\/uploads\/sites\/2\/2024\/09\/cabecera-768x86.png 768w\" sizes=\"auto, (max-width: 1410px) 100vw, 1410px\" \/><\/p>\n<p style=\"text-align: center;\"><strong><span style=\"font-family: helvetica, arial, sans-serif; font-size: 14pt;\">CONVOCATORIA<\/span><\/strong><\/p>\n<p style=\"text-align: justify;\"><span style=\"font-family: helvetica, arial, sans-serif; font-size: 14pt;\">Con fundamento en los art\u00edculos Vig\u00e9simo Primero, Trig\u00e9simo Primero y Trig\u00e9simo Tercero, fracci\u00f3n VI, del Estatuto de la Asociaci\u00f3n Nacional de Universidades e Instituciones&nbsp; de Educaci\u00f3n Superior de la Rep\u00fablica Mexicana, A.C. (ANUIES), convoco a las y los titulares de las instituciones que integran el Consejo Nacional a la Sesi\u00f3n Ordinaria 4.2024 que se efectuar\u00e1 en modalidad presencial, en la Biblioteca Central Universitaria Carlos Maciel Espinosa de la Universidad Aut\u00f3noma de Chiapas, ubicada en Blvd. Belisario Dom\u00ednguez 2105, S\/N, Flamboy\u00e1n, C.P. 29059, Tuxtla Guti\u00e9rrez, Chiapas, a las 11:00 horas del mi\u00e9rcoles 13 de noviembre de 2024, conforme al siguiente:<\/span><\/p>\n<p style=\"text-align: center;\"><span style=\"font-family: helvetica, arial, sans-serif; font-size: 14pt;\"><strong>ORDEN DEL D\u00cdA<\/strong><\/span><\/p>\n<p style=\"padding-left: 40px; text-align: justify;\"><span style=\"font-family: helvetica, arial, sans-serif; font-size: 14pt;\">1. <a href=\"https:\/\/organoscolegiados.anuies.mx\/consejonacional\/wp-content\/uploads\/sites\/2\/2024\/10\/1-Lista-de-asistencia-y-verificacion-del-quorum-2.pdf\" target=\"_blank\" rel=\"noopener\">Lista de asistencia y verificaci\u00f3n del <em>quorum<\/em>.<\/a><\/span><br \/>\n<span style=\"font-family: helvetica, arial, sans-serif; font-size: 14pt;\">2. <a href=\"https:\/\/organoscolegiados.anuies.mx\/consejonacional\/wp-content\/uploads\/sites\/2\/2024\/10\/2-Aprobacion-del-Orden-del-Dia-1.pdf\" target=\"_blank\" rel=\"noopener\">Aprobaci\u00f3n del Orden del D\u00eda.<\/a><\/span><br \/>\n<span style=\"font-family: helvetica, arial, sans-serif; font-size: 14pt;\">3. <a href=\"https:\/\/organoscolegiados.anuies.mx\/consejonacional\/wp-content\/uploads\/sites\/2\/2024\/10\/3-Lectura-y-aprobacion-en-su-caso-del-Acta-de-la-Sesion-Extraordinaria-1.2024-y-del-Acta-de-la-Sesion-Ordinaria-3.2024.pdf\" target=\"_blank\" rel=\"noopener\">Lectura y aprobaci\u00f3n, en su caso, del Acta de la Sesi\u00f3n Extraordinaria 1.2024 y del Acta de la Sesi\u00f3n Ordinaria 3.2024.<\/a><\/span><br \/>\n<span style=\"font-family: helvetica, arial, sans-serif; font-size: 14pt;\">4. <a href=\"https:\/\/organoscolegiados.anuies.mx\/consejonacional\/wp-content\/uploads\/sites\/2\/2024\/10\/4-Espacio-de-reflexion-sobre-la-educacion-superior.pdf\" target=\"_blank\" rel=\"noopener\">Espacio de reflexi\u00f3n sobre la educaci\u00f3n superior.<\/a><\/span><br \/>\n<span style=\"font-family: helvetica, arial, sans-serif; font-size: 14pt;\">5. <a href=\"https:\/\/organoscolegiados.anuies.mx\/consejonacional\/wp-content\/uploads\/sites\/2\/2024\/11\/5-Programa-de-Trabajo-2025-de-la-SGE-121124.pdf\" target=\"_blank\" rel=\"noopener\">Presentaci\u00f3n y aprobaci\u00f3n, en su caso, del Programa Anual de Trabajo 2025 de la Secretar\u00eda General Ejecutiva.<\/a><\/span><br \/>\n<span style=\"font-family: helvetica, arial, sans-serif; font-size: 14pt;\">6. <a href=\"https:\/\/organoscolegiados.anuies.mx\/consejonacional\/wp-content\/uploads\/sites\/2\/2024\/10\/6-Presentacion-del-financiamiento-a-las-instituciones-publicas-de-educacion-superior-con-base-en-el-presupuesto-2025.pdf\" target=\"_blank\" rel=\"noopener\">Presentaci\u00f3n del financiamiento a las instituciones p\u00fablicas de educaci\u00f3n superior, con base en el presupuesto 2025.<\/a><\/span><br \/>\n<span style=\"font-family: helvetica, arial, sans-serif; font-size: 14pt;\">7. <a href=\"https:\/\/organoscolegiados.anuies.mx\/consejonacional\/wp-content\/uploads\/sites\/2\/2024\/10\/7-Mecanismos-de-participacion-de-las-instituciones-de-educacion-superior-sobre-los-temas-de-la-agenda-nacional.pdf\" target=\"_blank\" rel=\"noopener\">Mecanismos de participaci\u00f3n de las instituciones de educaci\u00f3n superior sobre los temas de la agenda nacional. (<em>Lineamientos para la creaci\u00f3n, funcionamiento, evaluaci\u00f3n y disoluci\u00f3n de Comisiones, Grupos Especializados y Redes de Colaboraci\u00f3n Nacionales<\/em>).<\/a><\/span><br \/>\n<span style=\"font-family: helvetica, arial, sans-serif; font-size: 14pt;\">8. <a href=\"https:\/\/organoscolegiados.anuies.mx\/consejonacional\/wp-content\/uploads\/sites\/2\/2024\/11\/8-resoluciones-final-81124.pdf\" target=\"_blank\" rel=\"noopener\">Presentaci\u00f3n y aprobaci\u00f3n, en su caso, de las resoluciones de los Consejos Regionales sobre las solicitudes de ingreso de nuevas instituciones.<\/a><\/span><br \/>\n<span style=\"font-family: helvetica, arial, sans-serif; font-size: 14pt;\">9. <a href=\"https:\/\/organoscolegiados.anuies.mx\/consejonacional\/wp-content\/uploads\/sites\/2\/2024\/10\/9-Presentacion-y-aprobacion-en-su-caso-del-proyecto-de-ingresos-y-egresos-de-la-SGE-para-2025.pdf\" target=\"_blank\" rel=\"noopener\">Presentaci\u00f3n y aprobaci\u00f3n, en su caso, del proyecto de ingresos y egresos de la Secretar\u00eda General Ejecutiva para 2025.<\/a><\/span><br \/>\n<span style=\"font-family: helvetica, arial, sans-serif; font-size: 14pt;\">10. <a href=\"https:\/\/organoscolegiados.anuies.mx\/consejonacional\/wp-content\/uploads\/sites\/2\/2024\/10\/10-Presentacion-de-la-modificacion-a-la-base-de-calculo-de-las-cuotas-ordinarias-de-las-instituciones-asociadas.pdf\" target=\"_blank\" rel=\"noopener\">Presentaci\u00f3n de la modificaci\u00f3n a la base de c\u00e1lculo de las cuotas ordinarias de las instituciones asociadas a la ANUIES.<\/a><\/span><br \/>\n<span style=\"font-family: helvetica, arial, sans-serif; font-size: 14pt;\">11. <a href=\"https:\/\/organoscolegiados.anuies.mx\/consejonacional\/wp-content\/uploads\/sites\/2\/2024\/10\/11-Informe-CR-ANUIES-ok.pdf\" target=\"_blank\" rel=\"noopener\">Presentaci\u00f3n de los Informes de trabajo 2024 de los Consejos Regionales.<\/a><\/span><br \/>\n<span style=\"font-family: helvetica, arial, sans-serif; font-size: 14pt;\">12. <a href=\"https:\/\/organoscolegiados.anuies.mx\/consejonacional\/wp-content\/uploads\/sites\/2\/2024\/10\/12-Presentacion-del-Informe-de-actividades-2024-del-Consejo-Nacional.pdf\" target=\"_blank\" rel=\"noopener\">Presentaci\u00f3n del Informe de actividades 2024 del Consejo Nacional.<\/a><\/span><br \/>\n<span style=\"font-family: helvetica, arial, sans-serif; font-size: 14pt;\">13. <a href=\"https:\/\/organoscolegiados.anuies.mx\/consejonacional\/wp-content\/uploads\/sites\/2\/2024\/10\/13-Presentacion-y-aprobacion-en-su-caso-de-las-convocatorias-del-Premio-ANUIES-2025-1.pdf\" target=\"_blank\" rel=\"noopener\">Presentaci\u00f3n y aprobaci\u00f3n, en su caso, de las convocatorias del Premio ANUIES 2025.<\/a><\/span><br \/>\n<span style=\"font-family: helvetica, arial, sans-serif; font-size: 14pt;\">14. <a href=\"https:\/\/organoscolegiados.anuies.mx\/consejonacional\/wp-content\/uploads\/sites\/2\/2024\/10\/14-Presentacion-del-diseno-ganador-del-logotipo-conmemorativo-del-75-aniversario-de-la-ANUIES-VF.pdf\" target=\"_blank\" rel=\"noopener\">Presentaci\u00f3n del dise\u00f1o ganador del logotipo conmemorativo del 75 aniversario de la ANUIES.<\/a><\/span><br \/>\n<span style=\"font-family: helvetica, arial, sans-serif; font-size: 14pt;\">15. <a href=\"https:\/\/organoscolegiados.anuies.mx\/consejonacional\/wp-content\/uploads\/sites\/2\/2024\/10\/15-Presentacion-y-aprobacion-en-su-caso-del-calendario-de-sesiones-de-los-OCN-ANUIES.pdf\" target=\"_blank\" rel=\"noopener\">Presentaci\u00f3n y aprobaci\u00f3n, en su caso, del calendario de sesiones 2025 de los \u00f3rganos colegiados nacionales de la ANUIES.<\/a><\/span><br \/>\n<span style=\"font-family: helvetica, arial, sans-serif; font-size: 14pt;\">16. <a href=\"https:\/\/organoscolegiados.anuies.mx\/consejonacional\/wp-content\/uploads\/sites\/2\/2024\/10\/16-Asuntos-generales.pdf\" target=\"_blank\" rel=\"noopener\">Asuntos generales.<\/a><\/span><\/p>\n<p style=\"text-align: center;\">&nbsp;<\/p>\n<p style=\"text-align: center;\"><span style=\"font-family: helvetica, arial, sans-serif; font-size: 14pt;\"><strong>Dr. Luis Armando Gonz\u00e1lez Placencia<br \/>\n<\/strong>Secretario General Ejecutivo<br \/>\nSecretario<\/span><\/p>\n<\/div>\n<\/div><\/div><\/div><div id=\"pgc-2039-0-2\"  class=\"panel-grid-cell panel-grid-cell-empty\" ><\/div><\/div><\/div><\/div>","protected":false},"excerpt":{"rendered":"<p>&nbsp; CONVOCATORIA Con fundamento en los art\u00edculos Vig\u00e9simo Primero, Trig\u00e9simo Primero y Trig\u00e9simo Tercero, fracci\u00f3n VI, del Estatuto de la Asociaci\u00f3n Nacional de Universidades e Instituciones&nbsp; de Educaci\u00f3n Superior de &hellip; <\/p>\n","protected":false},"author":1,"featured_media":0,"parent":0,"menu_order":0,"comment_status":"closed","ping_status":"closed","template":"template-builder-fullwidth.php","meta":{"ngg_post_thumbnail":0,"footnotes":""},"class_list":["post-2039","page","type-page","status-publish","hentry"],"_links":{"self":[{"href":"https:\/\/organoscolegiados.anuies.mx\/consejonacional\/wp-json\/wp\/v2\/pages\/2039","targetHints":{"allow":["GET"]}}],"collection":[{"href":"https:\/\/organoscolegiados.anuies.mx\/consejonacional\/wp-json\/wp\/v2\/pages"}],"about":[{"href":"https:\/\/organoscolegiados.anuies.mx\/consejonacional\/wp-json\/wp\/v2\/types\/page"}],"author":[{"embeddable":true,"href":"https:\/\/organoscolegiados.anuies.mx\/consejonacional\/wp-json\/wp\/v2\/users\/1"}],"replies":[{"embeddable":true,"href":"https:\/\/organoscolegiados.anuies.mx\/consejonacional\/wp-json\/wp\/v2\/comments?post=2039"}],"version-history":[{"count":19,"href":"https:\/\/organoscolegiados.anuies.mx\/consejonacional\/wp-json\/wp\/v2\/pages\/2039\/revisions"}],"predecessor-version":[{"id":2084,"href":"https:\/\/organoscolegiados.anuies.mx\/consejonacional\/wp-json\/wp\/v2\/pages\/2039\/revisions\/2084"}],"wp:attachment":[{"href":"https:\/\/organoscolegiados.anuies.mx\/consejonacional\/wp-json\/wp\/v2\/media?parent=2039"}],"curies":[{"name":"wp","href":"https:\/\/api.w.org\/{rel}","templated":true}]}}