{"id":2085,"date":"2024-11-15T05:13:15","date_gmt":"2024-11-15T04:13:15","guid":{"rendered":"https:\/\/organoscolegiados.anuies.mx\/consejonacional\/?page_id=2085"},"modified":"2024-11-15T14:46:00","modified_gmt":"2024-11-15T13:46:00","slug":"documentoscn42024","status":"publish","type":"page","link":"https:\/\/organoscolegiados.anuies.mx\/consejonacional\/documentoscn42024\/","title":{"rendered":"Documentos 4.2024 Sesi\u00f3n ordinaria del Consejo Nacional 13 noviembre"},"content":{"rendered":"<div id=\"pl-2085\"  class=\"panel-layout\" ><div id=\"pg-2085-0\"  class=\"panel-grid panel-has-style\" ><div class=\"panel-row-style panel-row-style-for-2085-0\" ><div id=\"pgc-2085-0-0\"  class=\"panel-grid-cell panel-grid-cell-empty\" ><\/div><div id=\"pgc-2085-0-1\"  class=\"panel-grid-cell panel-grid-cell-mobile-last\" ><div id=\"panel-2085-0-1-0\" class=\"so-panel widget widget_sow-editor panel-first-child panel-last-child\" data-index=\"0\" ><div\n\t\t\t\n\t\t\tclass=\"so-widget-sow-editor so-widget-sow-editor-base\"\n\t\t\t\n\t\t>\n<div class=\"siteorigin-widget-tinymce textwidget\">\n\t<p>&nbsp;<br \/>\n<img loading=\"lazy\" decoding=\"async\" class=\"aligncenter wp-image-2040\" src=\"https:\/\/organoscolegiados.anuies.mx\/consejonacional\/wp-content\/uploads\/sites\/2\/2024\/09\/cabecera.png\" alt=\"\" width=\"1410\" height=\"158\" srcset=\"https:\/\/organoscolegiados.anuies.mx\/consejonacional\/wp-content\/uploads\/sites\/2\/2024\/09\/cabecera.png 1401w, https:\/\/organoscolegiados.anuies.mx\/consejonacional\/wp-content\/uploads\/sites\/2\/2024\/09\/cabecera-300x34.png 300w, https:\/\/organoscolegiados.anuies.mx\/consejonacional\/wp-content\/uploads\/sites\/2\/2024\/09\/cabecera-1024x115.png 1024w, https:\/\/organoscolegiados.anuies.mx\/consejonacional\/wp-content\/uploads\/sites\/2\/2024\/09\/cabecera-768x86.png 768w\" sizes=\"auto, (max-width: 1410px) 100vw, 1410px\" \/><\/p>\n<p style=\"text-align: center;\"><span style=\"font-family: helvetica, arial, sans-serif; font-size: 14pt;\"><strong>Documentos<\/strong><\/span><\/p>\n<p style=\"padding-left: 40px; text-align: justify;\"><span style=\"font-family: helvetica, arial, sans-serif; font-size: 14pt;\">4. <a href=\"https:\/\/organoscolegiados.anuies.mx\/consejonacional\/wp-content\/uploads\/sites\/2\/2024\/11\/4-Politica-Educativa-2024-2030_ANUIES_121124.pdf\" target=\"_blank\" rel=\"noopener\">Espacio de reflexi\u00f3n sobre la educaci\u00f3n superior.<\/a><\/span><br \/>\n<span style=\"font-family: helvetica, arial, sans-serif; font-size: 14pt;\">5. <a href=\"https:\/\/organoscolegiados.anuies.mx\/consejonacional\/wp-content\/uploads\/sites\/2\/2024\/11\/5-Presentacion-PT2025-SGE-121124.pdf\" target=\"_blank\" rel=\"noopener\">Presentaci\u00f3n y aprobaci\u00f3n, en su caso, del Programa Anual de Trabajo 2025 de la Secretar\u00eda General Ejecutiva.<\/a><\/span><br \/>\n<span style=\"font-family: helvetica, arial, sans-serif; font-size: 14pt;\">6. <a href=\"https:\/\/organoscolegiados.anuies.mx\/consejonacional\/wp-content\/uploads\/sites\/2\/2024\/11\/6.-Financiamiento-2025-CN-y-AG.pdf\" target=\"_blank\" rel=\"noopener\">Presentaci\u00f3n del financiamiento a las instituciones p\u00fablicas de educaci\u00f3n superior, con base en el presupuesto 2025.<\/a><\/span><br \/>\n<span style=\"font-family: helvetica, arial, sans-serif; font-size: 14pt;\">7. <a href=\"https:\/\/organoscolegiados.anuies.mx\/consejonacional\/wp-content\/uploads\/sites\/2\/2024\/11\/7.-CN-13-nov24.pdf\" target=\"_blank\" rel=\"noopener\">Mecanismos de participaci\u00f3n de las instituciones de educaci\u00f3n superior sobre los temas de la agenda nacional. (<em>Lineamientos para la creaci\u00f3n, funcionamiento, evaluaci\u00f3n y disoluci\u00f3n de Comisiones, Grupos Especializados y Redes de Colaboraci\u00f3n Nacionales<\/em>).<\/a><\/span><br \/>\n<span style=\"font-family: helvetica, arial, sans-serif; font-size: 14pt;\">8. Presentaci\u00f3n y aprobaci\u00f3n, en su caso, de las resoluciones de los Consejos Regionales sobre las solicitudes de ingreso de nuevas instituciones.<\/span><\/p>\n<p style=\"padding-left: 80px;\"><span style=\"font-size: 14pt; font-family: helvetica, arial, sans-serif;\"><a href=\"https:\/\/organoscolegiados.anuies.mx\/consejonacional\/wp-content\/uploads\/sites\/2\/2024\/11\/8-Solicitudes-de-ingreso-CRNO.pdf\" target=\"_blank\" rel=\"noopener\">Noroeste<\/a><\/span><\/p>\n<p style=\"padding-left: 80px;\"><span style=\"font-size: 14pt; font-family: helvetica, arial, sans-serif;\"><a href=\"https:\/\/organoscolegiados.anuies.mx\/consejonacional\/wp-content\/uploads\/sites\/2\/2024\/11\/8.-ppt-Dictamenes-nuevas-IES.-CRNE-1.pdf\" target=\"_blank\" rel=\"noopener\">Noreste<\/a><\/span><\/p>\n<p style=\"padding-left: 80px;\"><span style=\"font-size: 14pt; font-family: helvetica, arial, sans-serif;\"><a href=\"https:\/\/organoscolegiados.anuies.mx\/consejonacional\/wp-content\/uploads\/sites\/2\/2024\/11\/8.-RESOLUCION-SOLICITUDES-DE-INGRESO.-CRCO.pdf\" target=\"_blank\" rel=\"noopener\">Centro - Occidente<\/a><\/span><\/p>\n<p style=\"padding-left: 80px;\"><span style=\"font-size: 14pt; font-family: helvetica, arial, sans-serif;\"><a href=\"https:\/\/organoscolegiados.anuies.mx\/consejonacional\/wp-content\/uploads\/sites\/2\/2024\/11\/8.-Presentacion-IES-nuevo-ingreso.-CRAM.pdf\" target=\"_blank\" rel=\"noopener\">CRAM<\/a><\/span><\/p>\n<p style=\"padding-left: 80px;\"><a href=\"https:\/\/organoscolegiados.anuies.mx\/consejonacional\/wp-content\/uploads\/sites\/2\/2024\/11\/8-CSimagen.pdf\" target=\"_blank\" rel=\"noopener\"><span style=\"font-size: 14pt; font-family: helvetica, arial, sans-serif;\"><span style=\"text-align: start;\">Centro sur<\/span><\/span><\/a><\/p>\n<p style=\"padding-left: 80px;\"><span style=\"font-size: 14pt; font-family: helvetica, arial, sans-serif;\"><a href=\"https:\/\/organoscolegiados.anuies.mx\/consejonacional\/wp-content\/uploads\/sites\/2\/2024\/11\/8.-Presentacion-resolucion-a-Ingreso-a-la-ANUIES.2024.-CRSS.pdf\" target=\"_blank\" rel=\"noopener\">Sur-Sureste<\/a><\/span><\/p>\n<p>&nbsp;<\/p>\n<p style=\"padding-left: 40px; text-align: justify;\"><span style=\"font-family: helvetica, arial, sans-serif; font-size: 14pt;\">9. <a href=\"https:\/\/organoscolegiados.anuies.mx\/consejonacional\/wp-content\/uploads\/sites\/2\/2024\/11\/9.-Proyecto-de-Ingresos-2025-ver-9-30.pdf\" target=\"_blank\" rel=\"noopener\">Presentaci\u00f3n y aprobaci\u00f3n, en su caso, del proyecto de ingresos y egresos de la Secretar\u00eda General Ejecutiva para 2025.<\/a><\/span><br \/>\n<span style=\"font-family: helvetica, arial, sans-serif; font-size: 14pt;\">10. <a href=\"https:\/\/organoscolegiados.anuies.mx\/consejonacional\/wp-content\/uploads\/sites\/2\/2024\/11\/10-Cuotas-Ordinarias-2025.pdf\" target=\"_blank\" rel=\"noopener\">Presentaci\u00f3n de la modificaci\u00f3n a la base de c\u00e1lculo de las cuotas ordinarias de las instituciones asociadas a la ANUIES.<\/a><\/span><br \/>\n<span style=\"font-family: helvetica, arial, sans-serif; font-size: 14pt;\">11. Presentaci\u00f3n de los Informes de trabajo 2024 de los Consejos Regionales.<\/span><\/p>\n<p style=\"padding-left: 80px;\"><span style=\"font-size: 14pt; font-family: helvetica, arial, sans-serif;\"><a href=\"https:\/\/organoscolegiados.anuies.mx\/consejonacional\/wp-content\/uploads\/sites\/2\/2024\/11\/11-Informe-de-Trabajo-2024-CRNO.pdf\" target=\"_blank\" rel=\"noopener\">Noroeste<\/a><\/span><\/p>\n<p style=\"padding-left: 80px;\"><span style=\"font-size: 14pt; font-family: helvetica, arial, sans-serif;\"><a href=\"https:\/\/organoscolegiados.anuies.mx\/consejonacional\/wp-content\/uploads\/sites\/2\/2024\/11\/11-Informe-RNE.pdf\" target=\"_blank\" rel=\"noopener\">Noreste<\/a><\/span><\/p>\n<p style=\"padding-left: 80px;\"><span style=\"font-size: 14pt; font-family: helvetica, arial, sans-serif;\"><a href=\"https:\/\/organoscolegiados.anuies.mx\/consejonacional\/wp-content\/uploads\/sites\/2\/2024\/11\/11.-VF-INFORME-DE-TRABAJO-2024.-CRCO.pdf\" target=\"_blank\" rel=\"noopener\">Centro - Occidente<\/a><\/span><\/p>\n<p style=\"padding-left: 80px;\"><span style=\"font-size: 14pt; font-family: helvetica, arial, sans-serif;\"><a href=\"https:\/\/organoscolegiados.anuies.mx\/consejonacional\/wp-content\/uploads\/sites\/2\/2024\/11\/11.-Informe-anual-2024.-CRAM.pdf\" target=\"_blank\" rel=\"noopener\">CRAM<\/a><\/span><\/p>\n<p style=\"padding-left: 80px;\"><span style=\"font-size: 14pt; font-family: helvetica, arial, sans-serif;\"><a href=\"https:\/\/organoscolegiados.anuies.mx\/consejonacional\/wp-content\/uploads\/sites\/2\/2024\/11\/11-CS-imagen.pdf\" target=\"_blank\" rel=\"noopener\"><span style=\"text-align: start;\">Centro sur<\/span><\/a><\/span><\/p>\n<p style=\"padding-left: 80px;\"><span style=\"font-size: 14pt; font-family: helvetica, arial, sans-serif;\"><a href=\"https:\/\/organoscolegiados.anuies.mx\/consejonacional\/wp-content\/uploads\/sites\/2\/2024\/11\/11.-Informe-del-Plan-de-trabajo-2024-CRSS.pdf\" target=\"_blank\" rel=\"noopener\">Sur-Sureste<\/a><\/span><\/p>\n<p style=\"padding-left: 40px; text-align: justify;\"><span style=\"font-family: helvetica, arial, sans-serif; font-size: 14pt;\">12. <a href=\"https:\/\/organoscolegiados.anuies.mx\/consejonacional\/wp-content\/uploads\/sites\/2\/2024\/11\/12-Informe-de-Actividades-Consejo-Nacional-2024.pdf\" target=\"_blank\" rel=\"noopener\">Presentaci\u00f3n del Informe de actividades 2024 del Consejo Nacional.<\/a><\/span><br \/>\n<span style=\"font-family: helvetica, arial, sans-serif; font-size: 14pt;\">13. <a href=\"https:\/\/organoscolegiados.anuies.mx\/consejonacional\/wp-content\/uploads\/sites\/2\/2024\/11\/13-Presentacion1.pdf\" target=\"_blank\" rel=\"noopener\">Presentaci\u00f3n y aprobaci\u00f3n, en su caso, de las convocatorias del Premio ANUIES 2025.<\/a><\/span><br \/>\n<span style=\"font-family: helvetica, arial, sans-serif; font-size: 14pt;\">14. <a href=\"https:\/\/youtu.be\/Q2XO-wvNExQ\" target=\"_blank\" rel=\"noopener\">Presentaci\u00f3n del dise\u00f1o ganador del logotipo conmemorativo del 75 aniversario de la ANUIES.<\/a><\/span><br \/>\n<span style=\"font-family: helvetica, arial, sans-serif; font-size: 14pt;\">15. <a href=\"https:\/\/organoscolegiados.anuies.mx\/consejonacional\/wp-content\/uploads\/sites\/2\/2024\/11\/15-Presentacion2.pdf\" target=\"_blank\" rel=\"noopener\">Presentaci\u00f3n y aprobaci\u00f3n, en su caso, del calendario de sesiones 2025 de los \u00f3rganos colegiados nacionales de la ANUIES.<\/a><\/span><\/p>\n<\/div>\n<\/div><\/div><\/div><div id=\"pgc-2085-0-2\"  class=\"panel-grid-cell panel-grid-cell-empty\" ><\/div><\/div><\/div><\/div>","protected":false},"excerpt":{"rendered":"<p>&nbsp; Documentos 4. Espacio de reflexi\u00f3n sobre la educaci\u00f3n superior. 5. Presentaci\u00f3n y aprobaci\u00f3n, en su caso, del Programa Anual de Trabajo 2025 de la Secretar\u00eda General Ejecutiva. 6. Presentaci\u00f3n &hellip; <\/p>\n","protected":false},"author":1,"featured_media":0,"parent":0,"menu_order":0,"comment_status":"closed","ping_status":"closed","template":"template-builder-fullwidth.php","meta":{"ngg_post_thumbnail":0,"footnotes":""},"class_list":["post-2085","page","type-page","status-publish","hentry"],"_links":{"self":[{"href":"https:\/\/organoscolegiados.anuies.mx\/consejonacional\/wp-json\/wp\/v2\/pages\/2085","targetHints":{"allow":["GET"]}}],"collection":[{"href":"https:\/\/organoscolegiados.anuies.mx\/consejonacional\/wp-json\/wp\/v2\/pages"}],"about":[{"href":"https:\/\/organoscolegiados.anuies.mx\/consejonacional\/wp-json\/wp\/v2\/types\/page"}],"author":[{"embeddable":true,"href":"https:\/\/organoscolegiados.anuies.mx\/consejonacional\/wp-json\/wp\/v2\/users\/1"}],"replies":[{"embeddable":true,"href":"https:\/\/organoscolegiados.anuies.mx\/consejonacional\/wp-json\/wp\/v2\/comments?post=2085"}],"version-history":[{"count":13,"href":"https:\/\/organoscolegiados.anuies.mx\/consejonacional\/wp-json\/wp\/v2\/pages\/2085\/revisions"}],"predecessor-version":[{"id":2125,"href":"https:\/\/organoscolegiados.anuies.mx\/consejonacional\/wp-json\/wp\/v2\/pages\/2085\/revisions\/2125"}],"wp:attachment":[{"href":"https:\/\/organoscolegiados.anuies.mx\/consejonacional\/wp-json\/wp\/v2\/media?parent=2085"}],"curies":[{"name":"wp","href":"https:\/\/api.w.org\/{rel}","templated":true}]}}