{"id":2127,"date":"2025-01-30T19:41:15","date_gmt":"2025-01-30T18:41:15","guid":{"rendered":"https:\/\/organoscolegiados.anuies.mx\/consejonacional\/?page_id=2127"},"modified":"2025-08-05T19:50:50","modified_gmt":"2025-08-05T17:50:50","slug":"cn12025","status":"publish","type":"page","link":"https:\/\/organoscolegiados.anuies.mx\/consejonacional\/cn12025\/","title":{"rendered":"CN 1.2025"},"content":{"rendered":"<div id=\"pl-2127\"  class=\"panel-layout\" ><div id=\"pg-2127-0\"  class=\"panel-grid panel-has-style\" ><div class=\"siteorigin-panels-stretch panel-row-style panel-row-style-for-2127-0\" data-stretch-type=\"full\" ><div id=\"pgc-2127-0-0\"  class=\"panel-grid-cell\" ><div id=\"panel-2127-0-0-0\" class=\"so-panel widget widget_sow-editor panel-first-child panel-last-child\" data-index=\"0\" ><div class=\"so-rounded panel-widget-style panel-widget-style-for-2127-0-0-0\" ><div\n\t\t\t\n\t\t\tclass=\"so-widget-sow-editor so-widget-sow-editor-base\"\n\t\t\t\n\t\t>\n<div class=\"siteorigin-widget-tinymce textwidget\">\n\t<p><img loading=\"lazy\" decoding=\"async\" class=\"aligncenter size-full wp-image-2210\" src=\"https:\/\/organoscolegiados.anuies.mx\/consejonacional\/wp-content\/uploads\/sites\/2\/2025\/02\/cabecera-202510.png\" alt=\"\" width=\"1610\" height=\"272\" srcset=\"https:\/\/organoscolegiados.anuies.mx\/consejonacional\/wp-content\/uploads\/sites\/2\/2025\/02\/cabecera-202510.png 1610w, https:\/\/organoscolegiados.anuies.mx\/consejonacional\/wp-content\/uploads\/sites\/2\/2025\/02\/cabecera-202510-300x51.png 300w, https:\/\/organoscolegiados.anuies.mx\/consejonacional\/wp-content\/uploads\/sites\/2\/2025\/02\/cabecera-202510-1024x173.png 1024w, https:\/\/organoscolegiados.anuies.mx\/consejonacional\/wp-content\/uploads\/sites\/2\/2025\/02\/cabecera-202510-768x130.png 768w, https:\/\/organoscolegiados.anuies.mx\/consejonacional\/wp-content\/uploads\/sites\/2\/2025\/02\/cabecera-202510-1536x259.png 1536w\" sizes=\"auto, (max-width: 1610px) 100vw, 1610px\" \/><\/p>\n<p style=\"text-align: center;\"><span style=\"font-size: 18pt;\"><strong><span style=\"font-family: helvetica, arial, sans-serif;\">CONVOCATORIA<\/span><\/strong><\/span><\/p>\n<p style=\"text-align: center;\"><span style=\"font-family: helvetica, arial, sans-serif; font-size: 14pt;\"><img loading=\"lazy\" decoding=\"async\" class=\"wp-image-2137 alignleft\" src=\"https:\/\/organoscolegiados.anuies.mx\/consejonacional\/wp-content\/uploads\/sites\/2\/2025\/01\/linea-gris.png\" alt=\"\" width=\"9\" height=\"129\"\/><\/span><\/p>\n<p style=\"text-align: justify;\"><span style=\"font-family: helvetica, arial, sans-serif; font-size: 14pt;\">Con fundamento en los art\u00edculos Vig\u00e9simo Primero, Trig\u00e9simo Primero y Trig\u00e9simo Tercero, fracci\u00f3n VI, del Estatuto de la Asociaci\u00f3n Nacional de Universidades e Instituciones de Educaci\u00f3n Superior de la Rep\u00fablica Mexicana, A.C. (ANUIES), convoco a quienes integran el Consejo Nacional a la Sesi\u00f3n Ordinaria 1.2025 que se efectuar\u00e1 en modalidad presencial, en el Aula 3 del Centro de Innovaci\u00f3n y Desarrollo de la ANUIES, ubicado en Miguel Laurent 961, Col. Santa Cruz Atoyac, Alcald\u00eda Benito Ju\u00e1rez, C.P. 03310, Ciudad de M\u00e9xico, a las 17:00 horas del mi\u00e9rcoles 19 de marzo de 2025, con el siguiente:<\/span><\/p>\n<p style=\"text-align: justify;\">&nbsp;<\/p>\n<p style=\"text-align: center;\"><span style=\"font-family: helvetica, arial, sans-serif; font-size: 18pt;\"><strong>ORDEN DEL D\u00cdA<\/strong><\/span><\/p>\n<p style=\"text-align: justify; padding-left: 80px;\"><span style=\"font-family: helvetica, arial, sans-serif; font-size: 14pt;\">1. <a href=\"https:\/\/organoscolegiados.anuies.mx\/consejonacional\/wp-content\/uploads\/sites\/2\/2025\/03\/1-Lista-de-asistencia-y-verificacion-del-quorum.pdf\" target=\"_blank\" rel=\"noopener\">Lista de asistencia y verificaci\u00f3n del <em>quorum<\/em><\/a>.<\/span><br \/>\n<span style=\"font-family: helvetica, arial, sans-serif; font-size: 14pt;\">2. <a href=\"https:\/\/organoscolegiados.anuies.mx\/consejonacional\/wp-content\/uploads\/sites\/2\/2025\/03\/2-Aprobacion-del-Orden-del-Dia.pdf\" target=\"_blank\" rel=\"noopener\">Aprobaci\u00f3n del Orden del D\u00eda.<\/a><\/span><br \/>\n<span style=\"font-family: helvetica, arial, sans-serif; font-size: 14pt;\">3. <a href=\"https:\/\/organoscolegiados.anuies.mx\/consejonacional\/wp-content\/uploads\/sites\/2\/2025\/03\/3-Lectura-y-aprobacion-en-su-caso-del-acta-de-la-Sesion-Ordinaria-4.2024.pdf\" target=\"_blank\" rel=\"noopener\">Lectura y aprobaci\u00f3n, en su caso, del acta de la Sesi\u00f3n Ordinaria 4.2024.<\/a><\/span><br \/>\n<span style=\"font-family: helvetica, arial, sans-serif; font-size: 14pt;\">4. <a href=\"https:\/\/organoscolegiados.anuies.mx\/consejonacional\/wp-content\/uploads\/sites\/2\/2025\/03\/4-Presentacion-de-los-Programas-de-Trabajo-2025-de-los-Consejos-Regionales.pdf\" target=\"_blank\" rel=\"noopener\">Presentaci\u00f3n de los Programas de Trabajo 2025 de los Consejos Regionales.<\/a><\/span><br \/>\n<span style=\"font-family: helvetica, arial, sans-serif; font-size: 14pt;\">5. <a href=\"https:\/\/organoscolegiados.anuies.mx\/consejonacional\/wp-content\/uploads\/sites\/2\/2025\/03\/5-Informe-del-Programa-de-Trabajo-2024-de-la-Secretaria-General-Ejecutiva.pdf\" target=\"_blank\" rel=\"noopener\">Informe del Programa de Trabajo 2024 de la Secretar\u00eda General Ejecutiva.<\/a><\/span><br \/>\n<span style=\"font-family: helvetica, arial, sans-serif; font-size: 14pt;\">6. <a href=\"https:\/\/organoscolegiados.anuies.mx\/consejonacional\/wp-content\/uploads\/sites\/2\/2025\/03\/6-Estretegias-para-fomentar-acciones-de-seguridad-y-paz-en-las-Instituciones-de-Educacion-Superior.pdf\" target=\"_blank\" rel=\"noopener\">Estrategias para fomentar acciones de seguridad y paz en las Instituciones de Educaci\u00f3n Superior.<\/a><\/span><br \/>\n<span style=\"font-family: helvetica, arial, sans-serif; font-size: 14pt;\">7. <a href=\"https:\/\/organoscolegiados.anuies.mx\/consejonacional\/wp-content\/uploads\/sites\/2\/2025\/03\/7-Estrategia-para-la-entrega-de-los-estados-financieros-e-informes-de-avances-academicos-del-ejercicio-fiscal-2024.pdf\" target=\"_blank\" rel=\"noopener\">Estrategia para la entrega de los estados financieros auditados e informes de avances acad\u00e9micos del ejercicio fiscal 2024.<\/a><\/span><br \/>\n<span style=\"font-family: helvetica, arial, sans-serif; font-size: 14pt;\">8. <a href=\"https:\/\/organoscolegiados.anuies.mx\/consejonacional\/wp-content\/uploads\/sites\/2\/2025\/03\/8-Presentacion-y-aprobacion-en-su-caso-de-la-plataforma-para-la-ampliacion-de-la-cobertura-en-la-educacion-superior-a-2030.pdf\" target=\"_blank\" rel=\"noopener\">Presentaci\u00f3n y aprobaci\u00f3n, en su caso, de la plataforma para la ampliaci\u00f3n de la cobertura en la educaci\u00f3n superior a 2030.<\/a><\/span><br \/>\n<span style=\"font-family: helvetica, arial, sans-serif; font-size: 14pt;\">9. <a href=\"https:\/\/organoscolegiados.anuies.mx\/consejonacional\/wp-content\/uploads\/sites\/2\/2025\/03\/9-Informe-sobre-la-paticipacion-de-la-ANUIESen-los-foros-para-la-construccion-del-anteproyecto-de-la-LGEMS.pdf\" target=\"_blank\" rel=\"noopener\">Informe sobre la participaci\u00f3n de la ANUIES en los foros para la construcci\u00f3n del anteproyecto de la Ley General de Educaci\u00f3n Media Superior.<\/a><\/span><br \/>\n<span style=\"font-family: helvetica, arial, sans-serif; font-size: 14pt;\">10. <a href=\"https:\/\/organoscolegiados.anuies.mx\/consejonacional\/wp-content\/uploads\/sites\/2\/2025\/03\/10-Avances-en-los-trabajos-de-la-Comision-del-Deporte-Universitario.pdf\" target=\"_blank\" rel=\"noopener\">Avances en los trabajos de la Comisi\u00f3n del Deporte Universitario.<\/a><\/span><br \/>\n<span style=\"font-family: helvetica, arial, sans-serif; font-size: 14pt;\">11. <a href=\"https:\/\/organoscolegiados.anuies.mx\/consejonacional\/wp-content\/uploads\/sites\/2\/2025\/03\/11-Informe-sobre-el-desarrollo-de-la-Agenda-Tecnologica-Observatorio-de-IA.pdf\" target=\"_blank\" rel=\"noopener\">Informe sobre el desarrollo de la Agenda Tecnol\u00f3gica (Observatorio de IA).<\/a><\/span><br \/>\n<span style=\"font-family: helvetica, arial, sans-serif; font-size: 14pt;\">12. <a href=\"https:\/\/organoscolegiados.anuies.mx\/consejonacional\/wp-content\/uploads\/sites\/2\/2025\/03\/12-Presentacion-de-la-Agenda-internacional-2025-de-la-ANUIES.pdf\" target=\"_blank\" rel=\"noopener\">Presentaci\u00f3n de la Agenda internacional 2025 de la ANUIES.<\/a><\/span><br \/>\n<span style=\"font-family: helvetica, arial, sans-serif; font-size: 14pt;\">13. <a href=\"https:\/\/organoscolegiados.anuies.mx\/consejonacional\/wp-content\/uploads\/sites\/2\/2025\/03\/13-Avances-en-la-instrumentacion-del-SEAES.pdf\" target=\"_blank\" rel=\"noopener\">Avances en la instrumentaci\u00f3n del Sistema de Evaluaci\u00f3n y Acreditaci\u00f3n de la Educaci\u00f3n Superior.<\/a><\/span><br \/>\n<span style=\"font-family: helvetica, arial, sans-serif; font-size: 14pt;\">14. <a href=\"https:\/\/organoscolegiados.anuies.mx\/consejonacional\/wp-content\/uploads\/sites\/2\/2025\/03\/14-Informe-sobre-las-solicitudes-de-ingreso-de-instituciones-de-educacion-superior-a-la-ANUIES.pdf\" target=\"_blank\" rel=\"noopener\">Informe sobre las solicitudes de ingreso de instituciones de educaci\u00f3n superior a la ANUIES.<\/a><\/span><br \/>\n<span style=\"font-family: helvetica, arial, sans-serif; font-size: 14pt;\">15. <a href=\"https:\/\/organoscolegiados.anuies.mx\/consejonacional\/wp-content\/uploads\/sites\/2\/2025\/03\/15-Informe-del-Ejercicio-Presupuestal-2024-de-la-Secretaria-General-Ejecutiva-1.pdf\" target=\"_blank\" rel=\"noopener\">Informe del Ejercicio Presupuestal 2024 de la Secretar\u00eda General Ejecutiva.<\/a><\/span><br \/>\n<span style=\"font-family: helvetica, arial, sans-serif; font-size: 14pt;\">16. <a href=\"https:\/\/organoscolegiados.anuies.mx\/consejonacional\/wp-content\/uploads\/sites\/2\/2025\/03\/16-Presentacion-y-aprobacion-en-su-caso-de-los-Estados-Financieros-2024-de-la-SGE-dictaminados-por-el-Auditor-Externo-1.pdf\" target=\"_blank\" rel=\"noopener\">Presentaci\u00f3n y aprobaci\u00f3n, en su caso, de los Estados Financieros 2024 de la Secretar\u00eda General Ejecutiva, dictaminados por el Auditor Externo.<\/a><\/span><br \/>\n<span style=\"font-family: helvetica, arial, sans-serif; font-size: 14pt;\">17. <a href=\"https:\/\/organoscolegiados.anuies.mx\/consejonacional\/wp-content\/uploads\/sites\/2\/2025\/03\/17-Asuntos-generales.pdf\" target=\"_blank\" rel=\"noopener\">Asuntos generales.<\/a><\/span><\/p>\n<p>&nbsp;<\/p>\n<p style=\"text-align: center;\"><strong><span style=\"font-family: helvetica, arial, sans-serif; font-size: 14pt;\">Dr. Luis Armando Gonz\u00e1lez Placencia<\/span><\/strong><br \/>\n<span style=\"font-family: helvetica, arial, sans-serif; font-size: 14pt;\">Secretario General Ejecutivo<\/span><br \/>\n<span style=\"font-family: helvetica, arial, sans-serif; font-size: 14pt;\">Secretario<\/span><\/p>\n<p>&nbsp;<\/p>\n<\/div>\n<\/div><\/div><\/div><\/div><\/div><\/div><\/div>","protected":false},"excerpt":{"rendered":"<p>CONVOCATORIA Con fundamento en los art\u00edculos Vig\u00e9simo Primero, Trig\u00e9simo Primero y Trig\u00e9simo Tercero, fracci\u00f3n VI, del Estatuto de la Asociaci\u00f3n Nacional de Universidades e Instituciones de Educaci\u00f3n Superior de la &hellip; <\/p>\n","protected":false},"author":1,"featured_media":0,"parent":0,"menu_order":0,"comment_status":"closed","ping_status":"closed","template":"","meta":{"ngg_post_thumbnail":0,"footnotes":""},"class_list":["post-2127","page","type-page","status-publish","hentry"],"_links":{"self":[{"href":"https:\/\/organoscolegiados.anuies.mx\/consejonacional\/wp-json\/wp\/v2\/pages\/2127","targetHints":{"allow":["GET"]}}],"collection":[{"href":"https:\/\/organoscolegiados.anuies.mx\/consejonacional\/wp-json\/wp\/v2\/pages"}],"about":[{"href":"https:\/\/organoscolegiados.anuies.mx\/consejonacional\/wp-json\/wp\/v2\/types\/page"}],"author":[{"embeddable":true,"href":"https:\/\/organoscolegiados.anuies.mx\/consejonacional\/wp-json\/wp\/v2\/users\/1"}],"replies":[{"embeddable":true,"href":"https:\/\/organoscolegiados.anuies.mx\/consejonacional\/wp-json\/wp\/v2\/comments?post=2127"}],"version-history":[{"count":50,"href":"https:\/\/organoscolegiados.anuies.mx\/consejonacional\/wp-json\/wp\/v2\/pages\/2127\/revisions"}],"predecessor-version":[{"id":2409,"href":"https:\/\/organoscolegiados.anuies.mx\/consejonacional\/wp-json\/wp\/v2\/pages\/2127\/revisions\/2409"}],"wp:attachment":[{"href":"https:\/\/organoscolegiados.anuies.mx\/consejonacional\/wp-json\/wp\/v2\/media?parent=2127"}],"curies":[{"name":"wp","href":"https:\/\/api.w.org\/{rel}","templated":true}]}}