{"id":219,"date":"2019-10-30T17:53:42","date_gmt":"2019-10-30T16:53:42","guid":{"rendered":"https:\/\/organoscolegiados.anuies.mx\/consejonacional\/?page_id=219"},"modified":"2020-04-03T06:30:06","modified_gmt":"2020-04-03T04:30:06","slug":"cn32018","status":"publish","type":"page","link":"https:\/\/organoscolegiados.anuies.mx\/consejonacional\/cn32018\/","title":{"rendered":"cn32018"},"content":{"rendered":"<p align=\"center\"><img loading=\"lazy\" decoding=\"async\" class=\"alignnone size-full wp-image-220\" src=\"https:\/\/organoscolegiados.anuies.mx\/consejonacional\/wp-content\/uploads\/sites\/2\/2019\/10\/cabezal32018cn.png\" alt=\"\" width=\"1245\" height=\"121\" srcset=\"https:\/\/organoscolegiados.anuies.mx\/consejonacional\/wp-content\/uploads\/sites\/2\/2019\/10\/cabezal32018cn.png 1245w, https:\/\/organoscolegiados.anuies.mx\/consejonacional\/wp-content\/uploads\/sites\/2\/2019\/10\/cabezal32018cn-300x29.png 300w, https:\/\/organoscolegiados.anuies.mx\/consejonacional\/wp-content\/uploads\/sites\/2\/2019\/10\/cabezal32018cn-768x75.png 768w, https:\/\/organoscolegiados.anuies.mx\/consejonacional\/wp-content\/uploads\/sites\/2\/2019\/10\/cabezal32018cn-1024x100.png 1024w\" sizes=\"auto, (max-width: 1245px) 100vw, 1245px\" \/><\/p>\n<p align=\"center\"><strong>CONVOCATORIA<\/strong><\/p>\n<p style=\"text-align: justify\">Con fundamento en los art\u00edculos Vig\u00e9simo Primero, Trig\u00e9simo Primero y Trig\u00e9simo Tercero, fracci\u00f3n VI, del Estatuto de la Asociaci\u00f3n Nacional de Universidades e Instituciones de Educaci\u00f3n Superior (ANUIES), A.C., se convoca a los Titulares de las instituciones que integran el Consejo Nacional a la Sesi\u00f3n Ordinaria 3.2018 que se efectuar\u00e1 el 30 de agosto de 2018 a partir de las 11:00 horas en las instalaciones de la Secretar\u00eda General Ejecutiva de la ANUIES, ubicadas en Tenayuca 200, Col. Santa Cruz Atoyac, Del. Benito Ju\u00e1rez, C.P. 03310, Ciudad de M\u00e9xico, bajo el siguiente:<\/p>\n<p style=\"text-align: center\"><b>ORDEN DEL D\u00cdA<\/b><\/p>\n<p><span style=\"color: #000000\"><a style=\"color: #000000\" href=\"https:\/\/organoscolegiados.anuies.mx\/consejonacional\/wp-content\/uploads\/sites\/2\/2019\/10\/1.-Lista-de-asistencia-CN-3.2018.pdf\" target=\"_blank\" rel=\"noopener noreferrer\">1.- Lista de asistencia y verificaci\u00f3n de\u00a0<em>qu\u00f3rum<\/em>.<\/a><\/span><\/p>\n<p><a href=\"https:\/\/organoscolegiados.anuies.mx\/consejonacional\/wp-content\/uploads\/sites\/2\/2020\/04\/Aprobaci\u00f3n-del-Orden-del-D\u00eda-3.SO_.18.pdf\" target=\"_blank\" rel=\"noopener noreferrer\"><span style=\"color: #000000\">2.- Aprobaci\u00f3n del Orden del D\u00eda.<\/span><\/a><\/p>\n<p><span style=\"color: #000000\"><a style=\"color: #000000\" href=\"https:\/\/organoscolegiados.anuies.mx\/consejonacional\/wp-content\/uploads\/sites\/2\/2019\/10\/3.-Acta-SO-2.2018-CN-IMORA-210618.pdf\" target=\"_blank\" rel=\"noopener noreferrer\">3.- Lectura y aprobaci\u00f3n, en su caso, del Acta de la Sesi\u00f3n Ordinaria 2.2018.<\/a><\/span><\/p>\n<p style=\"padding-left: 40px\"><a href=\"https:\/\/organoscolegiados.anuies.mx\/consejonacional\/wp-content\/uploads\/sites\/2\/2020\/04\/Aprobaci\u00f3n-y-lectura-del-Acta-3.SO_.18.pdf\" target=\"_blank\" rel=\"noopener noreferrer\"><span style=\"color: #000000\">3.1 Aprobaci\u00f3n del Acta de la Sesi\u00f3n Ordinaria 2.2018<\/span><\/a><\/p>\n<p><span style=\"color: #000000\">4.- Presentaci\u00f3n y exposici\u00f3n, en su caso, de invitados especiales.<\/span><\/p>\n<p style=\"padding-left: 40px\"><span style=\"color: #000000\"><a style=\"color: #000000\" href=\"https:\/\/organoscolegiados.anuies.mx\/consejonacional\/wp-content\/uploads\/sites\/2\/2019\/10\/4.1.-Semblanza-Dr.-Rodolfo-Tuir\u00e1n.pdf\" target=\"_blank\" rel=\"noopener noreferrer\">4.1. Semblanza Dr. Rodolfo Tuir\u00e1n<\/a><\/span><\/p>\n<p style=\"padding-left: 40px\"><span style=\"color: #000000\"><a style=\"color: #000000\" href=\"https:\/\/organoscolegiados.anuies.mx\/consejonacional\/wp-content\/uploads\/sites\/2\/2019\/10\/4.2.-Semblanza-Dr.-David-Garza.pdf\" target=\"_blank\" rel=\"noopener noreferrer\">4.2. Semblanza Dr. David Garza<\/a><\/span><\/p>\n<p style=\"padding-left: 80px\"><span style=\"color: #000000\"><a style=\"color: #000000\" href=\"https:\/\/organoscolegiados.anuies.mx\/consejonacional\/wp-content\/uploads\/sites\/2\/2019\/10\/4.2.1-Presentaci\u00f3n-Dr.-David-Garza.pdf\" target=\"_blank\" rel=\"noopener noreferrer\">4.2.1 Presentaci\u00f3n<\/a><\/span><\/p>\n<p><a href=\"https:\/\/organoscolegiados.anuies.mx\/consejonacional\/wp-content\/uploads\/sites\/2\/2020\/03\/Centro-de-documentaci\u00f3n-3.O.2018.pdf\" target=\"_blank\" rel=\"noopener noreferrer\"><span style=\"color: #000000\">5.- Presentaci\u00f3n y aprobaci\u00f3n, en su caso, de la propuesta de integraci\u00f3n de un grupo de trabajo para el dise\u00f1o del Centro de Documentaci\u00f3n, Investigaci\u00f3n y Prospectiva para la Prevenci\u00f3n Social de las Violencias y el Delito.<\/span><\/a><\/p>\n<p><span style=\"color: #000000\"><a style=\"color: #000000\" href=\"https:\/\/organoscolegiados.anuies.mx\/consejonacional\/wp-content\/uploads\/sites\/2\/2019\/10\/6.-Premio-ANUIES-2018.pdf\" target=\"_blank\" rel=\"noopener noreferrer\">6.- Presentaci\u00f3n del informe del Premio ANUIES 2018.<\/a><\/span><\/p>\n<p style=\"padding-left: 40px\"><span style=\"color: #000000\"><a style=\"color: #000000\" href=\"https:\/\/organoscolegiados.anuies.mx\/consejonacional\/wp-content\/uploads\/sites\/2\/2019\/10\/6.1.-Convocatoria-Premio-ANUIES-2018.pdf\" target=\"_blank\" rel=\"noopener noreferrer\">6.1. Convocatoria Premio ANUIES 2018<\/a><\/span><\/p>\n<p style=\"padding-left: 40px\"><span style=\"color: #000000\"><a style=\"color: #000000\" href=\"https:\/\/organoscolegiados.anuies.mx\/consejonacional\/wp-content\/uploads\/sites\/2\/2019\/10\/6.2.-Informe-general.pdf\" target=\"_blank\" rel=\"noopener noreferrer\">6.2. Informe general<\/a><\/span><\/p>\n<p style=\"padding-left: 40px\"><span style=\"color: #000000\"><a style=\"color: #000000\" href=\"https:\/\/organoscolegiados.anuies.mx\/consejonacional\/wp-content\/uploads\/sites\/2\/2019\/10\/Dr.-Dem\u00f3filo-Maldonado.pdf\" target=\"_blank\" rel=\"noopener noreferrer\">6.3.1.- Dr. Dem\u00f3filo Maldonado<\/a>\u00a0\/\u00a0<a style=\"color: #000000\" href=\"https:\/\/organoscolegiados.anuies.mx\/consejonacional\/wp-content\/uploads\/sites\/2\/2019\/10\/CVDemofilo-2018-para-ANUIES.pdf\" target=\"_blank\" rel=\"noopener noreferrer\">CV<\/a><\/span><\/p>\n<p style=\"padding-left: 40px\"><span style=\"color: #000000\"><a style=\"color: #000000\" href=\"https:\/\/organoscolegiados.anuies.mx\/consejonacional\/wp-content\/uploads\/sites\/2\/2019\/10\/Carta-Postulante-Centro-de-Investigaci\u00f3n-en-Materiales-Avanzados.pdf\" target=\"_blank\" rel=\"noopener noreferrer\">6.3.2.- Dr. Fernando Mata<\/a>\u00a0\/\u00a0<a style=\"color: #000000\" href=\"https:\/\/organoscolegiados.anuies.mx\/consejonacional\/wp-content\/uploads\/sites\/2\/2019\/10\/Curriculum-Vitae-Dr.-Fernando-Mata-Carrasco-F.pdf\" target=\"_blank\" rel=\"noopener noreferrer\">CV<\/a><\/span><\/p>\n<p style=\"padding-left: 40px\"><span style=\"color: #000000\"><a style=\"color: #000000\" href=\"https:\/\/organoscolegiados.anuies.mx\/consejonacional\/wp-content\/uploads\/sites\/2\/2019\/10\/POSTULACION_TRAYEC_PROF_ANUIES20180003.pdf\" target=\"_blank\" rel=\"noopener noreferrer\">6.3.3.- Dr. Jos\u00e9 Solis<\/a>\u00a0\/\u00a0<a style=\"color: #000000\" href=\"https:\/\/organoscolegiados.anuies.mx\/consejonacional\/wp-content\/uploads\/sites\/2\/2019\/10\/JSRCV.pdf\" target=\"_blank\" rel=\"noopener noreferrer\">CV<\/a>\u00a0\/\u00a0<a style=\"color: #000000\" href=\"https:\/\/organoscolegiados.anuies.mx\/consejonacional\/wp-content\/uploads\/sites\/2\/2019\/10\/EVIDENCIAS-PREMIO-ANUIES-2018-TRAYECTORIA-PROFESIONAL-JOSE-SOLIS-ROMERO.pdf\" target=\"_blank\" rel=\"noopener noreferrer\">Evidencias<\/a><\/span><\/p>\n<p style=\"padding-left: 40px\"><span style=\"color: #000000\"><a style=\"color: #000000\" href=\"https:\/\/organoscolegiados.anuies.mx\/consejonacional\/wp-content\/uploads\/sites\/2\/2019\/10\/Postulaci\u00f3n-Dr.-Luis-Porter-Galetar.pdf\" target=\"_blank\" rel=\"noopener noreferrer\">6.3.4.- Dr. Luis Porter<\/a>\u00a0\/\u00a0<a style=\"color: #000000\" href=\"https:\/\/organoscolegiados.anuies.mx\/consejonacional\/wp-content\/uploads\/sites\/2\/2019\/10\/CV-Dr.-Luis-Porter.pdf\" target=\"_blank\" rel=\"noopener noreferrer\">CV<\/a><\/span><\/p>\n<p style=\"padding-left: 40px\"><span style=\"color: #000000\"><a style=\"color: #000000\" href=\"https:\/\/organoscolegiados.anuies.mx\/consejonacional\/wp-content\/uploads\/sites\/2\/2019\/10\/Postulaci\u00f3n-Polioptro-Mart\u00ednez.pdf\" target=\"_blank\" rel=\"noopener noreferrer\">6.3.5.- Dr. Polioptro Martinez<\/a>\u00a0\/\u00a0<a style=\"color: #000000\" href=\"https:\/\/organoscolegiados.anuies.mx\/consejonacional\/wp-content\/uploads\/sites\/2\/2019\/10\/CV-Polioptro-F-Mart\u00ednez-Austria.pdf\" target=\"_blank\" rel=\"noopener noreferrer\">CV<\/a><\/span><\/p>\n<p><span style=\"color: #000000\"><a style=\"color: #000000\" href=\"https:\/\/organoscolegiados.anuies.mx\/consejonacional\/wp-content\/uploads\/sites\/2\/2019\/10\/7.-FESE-Formaci\u00f3n-dual.pdf\" target=\"_blank\" rel=\"noopener noreferrer\">7.- Presentaci\u00f3n de la propuesta del Modelo de Formaci\u00f3n Dual en las IES.<\/a><\/span><\/p>\n<p><a href=\"https:\/\/organoscolegiados.anuies.mx\/consejonacional\/wp-content\/uploads\/sites\/2\/2020\/03\/Industria-4.0-3.O.-2018.pdf\" target=\"_blank\" rel=\"noopener noreferrer\"><span style=\"color: #000000\">8.- Presentaci\u00f3n del proyecto para la incorporaci\u00f3n de la Industria 4.0 en las IES.<\/span><\/a><\/p>\n<p><a href=\"https:\/\/organoscolegiados.anuies.mx\/consejonacional\/wp-content\/uploads\/sites\/2\/2020\/03\/Jes\u00fas-Reyes-Heroles-3.0.2018.pdf\" target=\"_blank\" rel=\"noopener noreferrer\"><span style=\"color: #000000\">9.-\u00a0Presentaci\u00f3n de la propuesta de la Secretar\u00eda General Ejecutiva para que el sal\u00f3n de usos m\u00faltiples del Centro de Innovaci\u00f3n y Desarrollo de la ANUIES lleve el nombre \u201cJes\u00fas Reyes Heroles\u201d.<\/span><\/a><\/p>\n<p><a href=\"https:\/\/organoscolegiados.anuies.mx\/consejonacional\/wp-content\/uploads\/sites\/2\/2020\/03\/Asuntos-generales-3.O.2018.pdf\" target=\"_blank\" rel=\"noopener noreferrer\"><span style=\"color: #000000\">10.- Asuntos generales.<\/span><\/a><\/p>\n<p>&nbsp;<\/p>\n<p align=\"center\"><b>Mtro. Jaime Valls Esponda<\/b><\/p>\n<p align=\"center\">Secretario General Ejecutivo<\/p>\n","protected":false},"excerpt":{"rendered":"<p>CONVOCATORIA Con fundamento en los art\u00edculos Vig\u00e9simo Primero, Trig\u00e9simo Primero y Trig\u00e9simo Tercero, fracci\u00f3n VI, del Estatuto de la Asociaci\u00f3n Nacional de Universidades e Instituciones de Educaci\u00f3n Superior (ANUIES), A.C., &hellip; <\/p>\n","protected":false},"author":1,"featured_media":0,"parent":0,"menu_order":0,"comment_status":"closed","ping_status":"closed","template":"","meta":{"ngg_post_thumbnail":0,"footnotes":""},"class_list":["post-219","page","type-page","status-publish","hentry"],"_links":{"self":[{"href":"https:\/\/organoscolegiados.anuies.mx\/consejonacional\/wp-json\/wp\/v2\/pages\/219","targetHints":{"allow":["GET"]}}],"collection":[{"href":"https:\/\/organoscolegiados.anuies.mx\/consejonacional\/wp-json\/wp\/v2\/pages"}],"about":[{"href":"https:\/\/organoscolegiados.anuies.mx\/consejonacional\/wp-json\/wp\/v2\/types\/page"}],"author":[{"embeddable":true,"href":"https:\/\/organoscolegiados.anuies.mx\/consejonacional\/wp-json\/wp\/v2\/users\/1"}],"replies":[{"embeddable":true,"href":"https:\/\/organoscolegiados.anuies.mx\/consejonacional\/wp-json\/wp\/v2\/comments?post=219"}],"version-history":[{"count":5,"href":"https:\/\/organoscolegiados.anuies.mx\/consejonacional\/wp-json\/wp\/v2\/pages\/219\/revisions"}],"predecessor-version":[{"id":826,"href":"https:\/\/organoscolegiados.anuies.mx\/consejonacional\/wp-json\/wp\/v2\/pages\/219\/revisions\/826"}],"wp:attachment":[{"href":"https:\/\/organoscolegiados.anuies.mx\/consejonacional\/wp-json\/wp\/v2\/media?parent=219"}],"curies":[{"name":"wp","href":"https:\/\/api.w.org\/{rel}","templated":true}]}}