{"id":2264,"date":"2025-03-20T15:56:22","date_gmt":"2025-03-20T14:56:22","guid":{"rendered":"https:\/\/organoscolegiados.anuies.mx\/consejonacional\/?page_id=2264"},"modified":"2025-05-14T19:32:39","modified_gmt":"2025-05-14T17:32:39","slug":"cn12025-documentos","status":"publish","type":"page","link":"https:\/\/organoscolegiados.anuies.mx\/consejonacional\/cn12025-documentos\/","title":{"rendered":"Documentos CN 1.2025"},"content":{"rendered":"<p><img loading=\"lazy\" decoding=\"async\" class=\"aligncenter size-full wp-image-2210\" src=\"https:\/\/organoscolegiados.anuies.mx\/consejonacional\/wp-content\/uploads\/sites\/2\/2025\/02\/cabecera-202510.png\" alt=\"\" width=\"1610\" height=\"272\" srcset=\"https:\/\/organoscolegiados.anuies.mx\/consejonacional\/wp-content\/uploads\/sites\/2\/2025\/02\/cabecera-202510.png 1610w, https:\/\/organoscolegiados.anuies.mx\/consejonacional\/wp-content\/uploads\/sites\/2\/2025\/02\/cabecera-202510-300x51.png 300w, https:\/\/organoscolegiados.anuies.mx\/consejonacional\/wp-content\/uploads\/sites\/2\/2025\/02\/cabecera-202510-1024x173.png 1024w, https:\/\/organoscolegiados.anuies.mx\/consejonacional\/wp-content\/uploads\/sites\/2\/2025\/02\/cabecera-202510-768x130.png 768w, https:\/\/organoscolegiados.anuies.mx\/consejonacional\/wp-content\/uploads\/sites\/2\/2025\/02\/cabecera-202510-1536x259.png 1536w\" sizes=\"auto, (max-width: 1610px) 100vw, 1610px\" \/><\/p>\n<p style=\"text-align: center;\"><span style=\"font-family: helvetica, arial, sans-serif; font-size: 14pt;\"><strong>DOCUMENTOS DEL ORDEN DEL D\u00cdA<\/strong><\/span><\/p>\n<p style=\"text-align: justify; padding-left: 40px;\"><span style=\"font-family: helvetica, arial, sans-serif; font-size: 12pt;\"><strong>4.<\/strong> Presentaci\u00f3n de los Programas de Trabajo 2025 de los Consejos Regionales.<\/span><\/p>\n<ul>\n<li style=\"list-style-type: none;\">\n<ul>\n<li><a href=\"https:\/\/organoscolegiados.anuies.mx\/consejonacional\/wp-content\/uploads\/sites\/2\/2025\/03\/4.1.-CRNO.-Programa-de-Trabajo.pdf\" target=\"_blank\" rel=\"noopener\"><strong>Luis Enrique Palafox Maestre<\/strong>, Presidente del Consejo Regional Noroeste.<\/a><\/li>\n<li><a href=\"https:\/\/organoscolegiados.anuies.mx\/consejonacional\/wp-content\/uploads\/sites\/2\/2025\/03\/4.2.-CRNE.-Plan-de-trabajo-ANUIES.pdf\" target=\"_blank\" rel=\"noopener\"><strong style=\"font-size: 1rem;\">Alejandro Javier Zerme\u00f1o Guerra<\/strong><span style=\"font-size: 1rem;\">, Presidente del Consejo Regional Noreste.<\/span><\/a><\/li>\n<li><a href=\"https:\/\/organoscolegiados.anuies.mx\/consejonacional\/wp-content\/uploads\/sites\/2\/2025\/03\/4.3.-CRCO.-Presentacion-CRCO-programa-2025.pdf\" target=\"_blank\" rel=\"noopener\"><strong>Norma Liliana Galv\u00e1n Meza<\/strong>, Presidenta del Consejo Regional Centro-Occidente.<\/a><\/li>\n<li><a href=\"https:\/\/organoscolegiados.anuies.mx\/consejonacional\/wp-content\/uploads\/sites\/2\/2025\/03\/4.4.-CRAM.-Primera-Sesion-Ordinaria.pdf\" target=\"_blank\" rel=\"noopener\"><strong>Rosa Mar\u00eda Torres Hern\u00e1ndez<\/strong>, Presidenta del Consejo Regional del \u00c1rea Metropolitana.<\/a><\/li>\n<li><a href=\"https:\/\/organoscolegiados.anuies.mx\/consejonacional\/wp-content\/uploads\/sites\/2\/2025\/03\/4.5.-CRCS.-2025.03.13-Presentacion_Plan-de-Trabajo_Dra.-Viridiana.pdf\" target=\"_blank\" rel=\"noopener\"><strong style=\"font-size: 1rem;\">Viridiana Ayde\u00e9 Le\u00f3n Hern\u00e1ndez<\/strong><span style=\"font-size: 1rem;\">, Presidenta del Consejo Regional Centro-Sur.<\/span><\/a><\/li>\n<li><a href=\"https:\/\/organoscolegiados.anuies.mx\/consejonacional\/wp-content\/uploads\/sites\/2\/2025\/03\/4.6.-CRSS.-Programa-de-Trabajo-2025-21m.pdf\" target=\"_blank\" rel=\"noopener\"><strong style=\"font-size: 1rem;\">Consuelo Natalia Fiorentini Ca\u00f1edo<\/strong><span style=\"font-size: 1rem;\">, Presidenta del Consejo Regional Sur-Sureste.<\/span><\/a><\/li>\n<\/ul>\n<\/li>\n<\/ul>\n<p style=\"text-align: justify; padding-left: 40px;\"><span style=\"font-family: helvetica, arial, sans-serif; font-size: 12pt;\"><strong>5.<\/strong> <a href=\"https:\/\/organoscolegiados.anuies.mx\/consejonacional\/wp-content\/uploads\/sites\/2\/2025\/03\/5.-Informe-de-actividades-anuies-180325.pdf\" target=\"_blank\" rel=\"noopener\">Informe del Programa de Trabajo 2024 de la Secretar\u00eda General Ejecutiva.<\/a><\/span><\/p>\n<ul>\n<li style=\"list-style-type: none;\">\n<ul>\n<li style=\"text-align: justify;\"><a href=\"https:\/\/organoscolegiados.anuies.mx\/consejonacional\/wp-content\/uploads\/sites\/2\/2025\/03\/5.-Informe-del-Programa-de-Trabajo-2024-de-la-SGE.pdf\" target=\"_blank\" rel=\"noopener\">Informe de actividades anuies.<\/a><\/li>\n<\/ul>\n<\/li>\n<\/ul>\n<p style=\"text-align: justify; padding-left: 40px;\"><span style=\"font-family: helvetica, arial, sans-serif; font-size: 12pt;\"><strong>6.<\/strong> <a href=\"https:\/\/organoscolegiados.anuies.mx\/consejonacional\/wp-content\/uploads\/sites\/2\/2025\/03\/6.-Estrategia-para-fomentar-acciones-de-seguridad-y-paz-en-las-IES.pdf\" target=\"_blank\" rel=\"noopener\">Estrategias para fomentar acciones de seguridad y paz en las Instituciones de Educaci\u00f3n Superior.<\/a><\/span><br \/>\n<span style=\"font-family: helvetica, arial, sans-serif; font-size: 12pt;\"><strong>7.<\/strong> <a href=\"https:\/\/organoscolegiados.anuies.mx\/consejonacional\/wp-content\/uploads\/sites\/2\/2025\/03\/7.-Entrega-de-Estados-Financieros-2024.pdf\" target=\"_blank\" rel=\"noopener\">Estrategia para la entrega de los estados financieros auditados e informes de avances acad\u00e9micos del ejercicio fiscal 2024.<\/a><\/span><br \/>\n<span style=\"font-family: helvetica, arial, sans-serif; font-size: 12pt;\"><strong>8<\/strong>. <a href=\"https:\/\/organoscolegiados.anuies.mx\/consejonacional\/wp-content\/uploads\/sites\/2\/2025\/03\/8.-Plataforma-ampliacion-de-la-cobertura.pdf\" target=\"_blank\" rel=\"noopener\">Presentaci\u00f3n y aprobaci\u00f3n, en su caso, de la plataforma para la ampliaci\u00f3n de la cobertura en la educaci\u00f3n superior a 2030.<\/a><\/span><br \/>\n<span style=\"font-family: helvetica, arial, sans-serif; font-size: 12pt;\"><strong>9<\/strong>. <a href=\"https:\/\/organoscolegiados.anuies.mx\/consejonacional\/wp-content\/uploads\/sites\/2\/2025\/03\/9.-Informe-participacion-de-la-ANUIES-en-los-foros-para-construccion-del-anteproyecto-de-la-LGEMS.-CGFAI.pdf\" target=\"_blank\" rel=\"noopener\">Informe sobre la participaci\u00f3n de la ANUIES en los foros para la construcci\u00f3n del anteproyecto de la Ley General de Educaci\u00f3n Media Superior.<\/a><\/span><br \/>\n<span style=\"font-family: helvetica, arial, sans-serif; font-size: 12pt;\"><strong>10<\/strong>. <a href=\"https:\/\/organoscolegiados.anuies.mx\/consejonacional\/wp-content\/uploads\/sites\/2\/2025\/03\/10.-Presentacion-Informe-Comision-Del-Deporte-Universitario.pdf\" target=\"_blank\" rel=\"noopener\">Avances en los trabajos de la Comisi\u00f3n del Deporte Universitario.<\/a><\/span><br \/>\n<span style=\"font-family: helvetica, arial, sans-serif; font-size: 12pt;\"><strong>11<\/strong>. <a href=\"https:\/\/organoscolegiados.anuies.mx\/consejonacional\/wp-content\/uploads\/sites\/2\/2025\/03\/11.-Agenda-Tecnologica-Observatorio-de-IA.-CGFAI.pdf\" target=\"_blank\" rel=\"noopener\">Informe sobre el desarrollo de la Agenda Tecnol\u00f3gica (Observatorio de IA).<\/a><\/span><br \/>\n<span style=\"font-family: helvetica, arial, sans-serif; font-size: 12pt;\"><strong>12.<\/strong> <a href=\"https:\/\/organoscolegiados.anuies.mx\/consejonacional\/wp-content\/uploads\/sites\/2\/2025\/03\/12.-Agenda-internacional-2025.pdf\" target=\"_blank\" rel=\"noopener\">Presentaci\u00f3n de la Agenda internacional 2025 de la ANUIES.<\/a><\/span><br \/>\n<span style=\"font-family: helvetica, arial, sans-serif; font-size: 12pt;\"><strong>13.<\/strong> <a href=\"https:\/\/organoscolegiados.anuies.mx\/consejonacional\/wp-content\/uploads\/sites\/2\/2025\/03\/13.-SEAES-1SO-CNANUIES-250319.pdf\" target=\"_blank\" rel=\"noopener\">Avances en la instrumentaci\u00f3n del Sistema de Evaluaci\u00f3n y Acreditaci\u00f3n de la Educaci\u00f3n Superior.<\/a><\/span><br \/>\n<span style=\"font-family: helvetica, arial, sans-serif; font-size: 12pt;\"><strong>14<\/strong>. <a href=\"https:\/\/organoscolegiados.anuies.mx\/consejonacional\/wp-content\/uploads\/sites\/2\/2025\/03\/14.-Solicitudes-de-ingreso-2025-a-la-ANUIES.pdf\" target=\"_blank\" rel=\"noopener\">Informe sobre las solicitudes de ingreso de instituciones de educaci\u00f3n superior a la ANUIES.<\/a><\/span><br \/>\n<span style=\"font-family: helvetica, arial, sans-serif; font-size: 12pt;\"><strong>15<\/strong>. <a href=\"https:\/\/organoscolegiados.anuies.mx\/consejonacional\/wp-content\/uploads\/sites\/2\/2025\/03\/15.-Informe-de-la-situacion-financiera-de-la-Secretaria-General-Ejecutiva-2024.pdf\" target=\"_blank\" rel=\"noopener\">Informe del Ejercicio Presupuestal 2024 de la Secretar\u00eda General Ejecutiva.<\/a><\/span><br \/>\n<span style=\"font-family: helvetica, arial, sans-serif; font-size: 12pt;\"><strong>16.<\/strong> <a href=\"https:\/\/organoscolegiados.anuies.mx\/consejonacional\/wp-content\/uploads\/sites\/2\/2025\/03\/16.-Informe-de-los-Auditores-Independientes-2024.pdf\" target=\"_blank\" rel=\"noopener\">Presentaci\u00f3n y aprobaci\u00f3n, en su caso, de los Estados Financieros 2024 de la Secretar\u00eda General Ejecutiva, dictaminados por el Auditor Externo.<\/a><\/span><br \/>\n<span style=\"font-family: helvetica, arial, sans-serif; font-size: 12pt;\">17. Asuntos generales.<\/span><\/p>\n<ul>\n<li style=\"list-style-type: none;\">\n<ul>\n<li><a href=\"https:\/\/organoscolegiados.anuies.mx\/consejonacional\/wp-content\/uploads\/sites\/2\/2025\/03\/17.1.-Asuntos-generales.pdf\" target=\"_blank\" rel=\"noopener\"><span style=\"font-family: helvetica, arial, sans-serif;\"><strong> Irma Andrade Herrera<\/strong>, Coordinadora General de Planeaci\u00f3n y Buena Gesti\u00f3n de la Secretar\u00eda General Ejecutiva de la ANUIES solicita la acreditaci\u00f3n de cada IES m\u00e1s oficio de suplencia.<\/span><\/a><\/li>\n<li><a href=\"https:\/\/organoscolegiados.anuies.mx\/consejonacional\/wp-content\/uploads\/sites\/2\/2025\/03\/17.2.-Premio-Agenda-2030.pdf\" target=\"_blank\" rel=\"noopener\"><span style=\"font-family: helvetica, arial, sans-serif;\"><strong> Ismael Ortiz Fern\u00e1ndez<\/strong>, Secretario Ejecutivo del Consejo Nacional de la Agenda 2030 para el Desarrollo Sostenible y Titular de la Unidad de Inteligencia Econ\u00f3mica Global de la Secretar\u00eda de Econom\u00eda, y el <strong>Mtro. H\u00e9ctor Ochoa Moreno<\/strong>, Director General en la Agenda 2030, expondr\u00e1n Premio Agenda 2030).<\/span><\/a><\/li>\n<\/ul>\n<\/li>\n<\/ul>\n<p>&nbsp;<\/p>\n<p style=\"text-align: center;\"><span style=\"font-size: 12pt;\"><strong><span style=\"font-family: helvetica, arial, sans-serif;\">Dr. Luis Armando Gonz\u00e1lez Placencia<\/span><\/strong><\/span><br \/>\n<span style=\"font-family: helvetica, arial, sans-serif; font-size: 12pt;\">Secretario General Ejecutivo<\/span><br \/>\n<span style=\"font-family: helvetica, arial, sans-serif; font-size: 12pt;\">Secretario<\/span><\/p>\n","protected":false},"excerpt":{"rendered":"<p>DOCUMENTOS DEL ORDEN DEL D\u00cdA 4. Presentaci\u00f3n de los Programas de Trabajo 2025 de los Consejos Regionales. Luis Enrique Palafox Maestre, Presidente del Consejo Regional Noroeste. Alejandro Javier Zerme\u00f1o Guerra, &hellip; <\/p>\n","protected":false},"author":1,"featured_media":0,"parent":0,"menu_order":0,"comment_status":"closed","ping_status":"closed","template":"","meta":{"ngg_post_thumbnail":0,"footnotes":""},"class_list":["post-2264","page","type-page","status-publish","hentry"],"_links":{"self":[{"href":"https:\/\/organoscolegiados.anuies.mx\/consejonacional\/wp-json\/wp\/v2\/pages\/2264","targetHints":{"allow":["GET"]}}],"collection":[{"href":"https:\/\/organoscolegiados.anuies.mx\/consejonacional\/wp-json\/wp\/v2\/pages"}],"about":[{"href":"https:\/\/organoscolegiados.anuies.mx\/consejonacional\/wp-json\/wp\/v2\/types\/page"}],"author":[{"embeddable":true,"href":"https:\/\/organoscolegiados.anuies.mx\/consejonacional\/wp-json\/wp\/v2\/users\/1"}],"replies":[{"embeddable":true,"href":"https:\/\/organoscolegiados.anuies.mx\/consejonacional\/wp-json\/wp\/v2\/comments?post=2264"}],"version-history":[{"count":15,"href":"https:\/\/organoscolegiados.anuies.mx\/consejonacional\/wp-json\/wp\/v2\/pages\/2264\/revisions"}],"predecessor-version":[{"id":2304,"href":"https:\/\/organoscolegiados.anuies.mx\/consejonacional\/wp-json\/wp\/v2\/pages\/2264\/revisions\/2304"}],"wp:attachment":[{"href":"https:\/\/organoscolegiados.anuies.mx\/consejonacional\/wp-json\/wp\/v2\/media?parent=2264"}],"curies":[{"name":"wp","href":"https:\/\/api.w.org\/{rel}","templated":true}]}}