{"id":254,"date":"2019-10-30T18:16:59","date_gmt":"2019-10-30T17:16:59","guid":{"rendered":"https:\/\/organoscolegiados.anuies.mx\/consejonacional\/?page_id=254"},"modified":"2020-04-03T05:47:36","modified_gmt":"2020-04-03T03:47:36","slug":"cn12018","status":"publish","type":"page","link":"https:\/\/organoscolegiados.anuies.mx\/consejonacional\/cn12018\/","title":{"rendered":"1.2018 Sesi\u00f3n Ordinaria del Consejo Nacional"},"content":{"rendered":"<p><img loading=\"lazy\" decoding=\"async\" class=\"alignnone size-full wp-image-255\" src=\"https:\/\/organoscolegiados.anuies.mx\/consejonacional\/wp-content\/uploads\/sites\/2\/2019\/10\/cabezal12018cn.png\" alt=\"\" width=\"1245\" height=\"121\" srcset=\"https:\/\/organoscolegiados.anuies.mx\/consejonacional\/wp-content\/uploads\/sites\/2\/2019\/10\/cabezal12018cn.png 1245w, https:\/\/organoscolegiados.anuies.mx\/consejonacional\/wp-content\/uploads\/sites\/2\/2019\/10\/cabezal12018cn-300x29.png 300w, https:\/\/organoscolegiados.anuies.mx\/consejonacional\/wp-content\/uploads\/sites\/2\/2019\/10\/cabezal12018cn-768x75.png 768w, https:\/\/organoscolegiados.anuies.mx\/consejonacional\/wp-content\/uploads\/sites\/2\/2019\/10\/cabezal12018cn-1024x100.png 1024w\" sizes=\"auto, (max-width: 1245px) 100vw, 1245px\" \/><\/p>\n<p style=\"text-align: center\" align=\"center\"><strong>CONVOCATORIA<\/strong><\/p>\n<p style=\"text-align: justify\">Con fundamento en los art\u00edculos Vig\u00e9simo Primero, Trig\u00e9simo Primero y Trig\u00e9simo Tercero, fracci\u00f3n VI, del Estatuto de la Asociaci\u00f3n Nacional de Universidades e Instituciones de Educaci\u00f3n Superior (ANUIES), A.C., se convoca a los titulares de las instituciones que integran el Consejo Nacional a la Primera Sesi\u00f3n Ordinaria que se efectuar\u00e1 el 14 de marzo de 2018 a partir de las 13:00 horas en las instalaciones de la Secretar\u00eda General Ejecutiva, ubicadas en Tenayuca 200, Col. Santa Cruz Atoyac, C.P. 03310, Ciudad de M\u00e9xico, bajo el siguiente:<\/p>\n<p style=\"text-align: center\"><b>ORDEN DEL D\u00cdA<\/b><\/p>\n<p style=\"text-align: justify\"><span style=\"color: #000000\">1.-\u00a0<a style=\"color: #000000\" href=\"https:\/\/organoscolegiados.anuies.mx\/consejonacional\/wp-content\/uploads\/sites\/2\/2019\/10\/1.-Miembros-del-Consejo-Nacional.pdf\" target=\"_blank\" rel=\"noopener noreferrer\">Lista de asistencia y verificaci\u00f3n de\u00a0<em>qu\u00f3rum<\/em>.<\/a><\/span><\/p>\n<p style=\"text-align: justify\"><a href=\"https:\/\/organoscolegiados.anuies.mx\/consejonacional\/wp-content\/uploads\/sites\/2\/2020\/04\/Aprobaci\u00f3n-del-Orden-d\u00eda-1.SO_.18.pdf\" target=\"_blank\" rel=\"noopener noreferrer\"><span style=\"color: #000000\">2.-\u00a0Aprobaci\u00f3n del Orden del D\u00eda.<\/span><\/a><\/p>\n<p style=\"text-align: justify\"><a href=\"https:\/\/organoscolegiados.anuies.mx\/consejonacional\/wp-content\/uploads\/sites\/2\/2020\/04\/Aprobaci\u00f3n-y-Lectura-del-Acta-1.SO_.18.pdf\" target=\"_blank\" rel=\"noopener noreferrer\"><span style=\"color: #000000\">3.- Lectura y aprobaci\u00f3n, en su caso, de las actas de las sesiones ordinaria 4.2017 y extraordinaria 1.2018.<\/span><\/a><\/p>\n<p style=\"text-align: justify;padding-left: 40px\"><span style=\"color: #000000\">3.1.-\u00a0<a style=\"color: #000000\" href=\"https:\/\/organoscolegiados.anuies.mx\/consejonacional\/wp-content\/uploads\/sites\/2\/2019\/10\/3.1.-Acta-SO-4.2017-CN-UdeG-22-noviembre-2017.pdf\">Acta SO 4.2017<\/a><\/span><\/p>\n<p style=\"text-align: justify;padding-left: 40px\"><span style=\"color: #000000\">3.2.-\u00a0<a style=\"color: #000000\" href=\"https:\/\/organoscolegiados.anuies.mx\/consejonacional\/wp-content\/uploads\/sites\/2\/2019\/10\/3.2.-Acta-SE-1.2018-CN-SGE-6-de-febrero-2018.pdf\" target=\"_blank\" rel=\"noopener noreferrer\">Acta SE 1.2018<\/a><\/span><\/p>\n<p style=\"text-align: justify\"><span style=\"color: #000000\">4.-\u00a0<a style=\"color: #000000\" href=\"https:\/\/organoscolegiados.anuies.mx\/consejonacional\/wp-content\/uploads\/sites\/2\/2019\/10\/4.-Semblanza-Dr.-Rodolfo-Tuir\u00e1n-Guti\u00e9rrez.pdf\" target=\"_blank\" rel=\"noopener noreferrer\">Presentaciones y exposiciones, en su caso, de los invitados especiales.<\/a><\/span><\/p>\n<p style=\"text-align: justify\"><span style=\"color: #000000\">5.- Informes 2017 y programas de trabajo 2018 de los consejos regionales.<\/span><\/p>\n<p style=\"text-align: justify;padding-left: 40px\"><span style=\"color: #000000\">5.1.-\u00a0<a style=\"color: #000000\" href=\"https:\/\/organoscolegiados.anuies.mx\/consejonacional\/wp-content\/uploads\/sites\/2\/2019\/10\/5.1.-Informe-de-Actividades-2017-CRNO.pdf\" target=\"_blank\" rel=\"noopener noreferrer\">Informe de Actividades 2017 CRNO<\/a>\u00a0\/\u00a0<a style=\"color: #000000\" href=\"https:\/\/organoscolegiados.anuies.mx\/consejonacional\/wp-content\/uploads\/sites\/2\/2019\/10\/5.1.-Programa-de-Trabajo-2018-CRNO.pdf\" target=\"_blank\" rel=\"noopener noreferrer\">Programa de trabajo 2018 CNRO<\/a><\/span><\/p>\n<p style=\"text-align: justify;padding-left: 40px\"><span style=\"color: #000000\">5.2.-\u00a0<a style=\"color: #000000\" href=\"https:\/\/organoscolegiados.anuies.mx\/consejonacional\/wp-content\/uploads\/sites\/2\/2019\/10\/5.2.-Informe-de-Actividades-2017-CRNE.pdf\" target=\"_blank\" rel=\"noopener noreferrer\">Informe de Actividades 2017 CRNE<\/a>\u00a0\/\u00a0<a style=\"color: #000000\" href=\"https:\/\/organoscolegiados.anuies.mx\/consejonacional\/wp-content\/uploads\/sites\/2\/2019\/10\/5.2.-Programa-de-Trabajo-2018-CRNE.pdf\" target=\"_blank\" rel=\"noopener noreferrer\">Programa de Trabajo 2018 CRNE<\/a><\/span><\/p>\n<p style=\"text-align: justify;padding-left: 40px\"><span style=\"color: #000000\">5.3.-\u00a0<a style=\"color: #000000\" href=\"https:\/\/organoscolegiados.anuies.mx\/consejonacional\/wp-content\/uploads\/sites\/2\/2019\/10\/5.3.-Informe-de-Actividades-2017-CRCO.pdf\" target=\"_blank\" rel=\"noopener noreferrer\">Informe de Actividades 2017 CRCO<\/a>\u00a0\/\u00a0<a style=\"color: #000000\" href=\"https:\/\/organoscolegiados.anuies.mx\/consejonacional\/wp-content\/uploads\/sites\/2\/2019\/10\/5.3.-Programa-de-Trabajo-2018-CRCO.pdf\" target=\"_blank\" rel=\"noopener noreferrer\">Programa de Trabajo 2018 CRCO<\/a><\/span><\/p>\n<p style=\"text-align: justify;padding-left: 40px\"><span style=\"color: #000000\">5.4.-\u00a0<a style=\"color: #000000\" href=\"https:\/\/organoscolegiados.anuies.mx\/consejonacional\/wp-content\/uploads\/sites\/2\/2019\/10\/5.4.-Informe-de-Actividades-2017-CRAM.pdf\" target=\"_blank\" rel=\"noopener noreferrer\">Informe de Actividades 2017 CRAM<\/a>\u00a0\/\u00a0<a style=\"color: #000000\" href=\"https:\/\/organoscolegiados.anuies.mx\/consejonacional\/wp-content\/uploads\/sites\/2\/2019\/10\/5.4.-Programa-de-Trabajo-2018-CRAM.pdf\" target=\"_blank\" rel=\"noopener noreferrer\">Programa de Trabajo 2018 CRAM<\/a><\/span><\/p>\n<p style=\"text-align: justify;padding-left: 40px\"><span style=\"color: #000000\">5.5.-\u00a0<a style=\"color: #000000\" href=\"https:\/\/organoscolegiados.anuies.mx\/consejonacional\/wp-content\/uploads\/sites\/2\/2019\/10\/5.5.-Informe-de-Actividades-2017-CS.pdf\" target=\"_blank\" rel=\"noopener noreferrer\">Informe de Actividades 2017 CS<\/a>\u00a0\/\u00a0<a style=\"color: #000000\" href=\"https:\/\/organoscolegiados.anuies.mx\/consejonacional\/wp-content\/uploads\/sites\/2\/2019\/10\/5.5.-Programa-de-Trabajo-2018-CS.pdf\" target=\"_blank\" rel=\"noopener noreferrer\">Programa de Trabajo 2018 CS<\/a><\/span><\/p>\n<p style=\"text-align: justify;padding-left: 40px\"><span style=\"color: #000000\">5.6.-\u00a0<a style=\"color: #000000\" href=\"https:\/\/organoscolegiados.anuies.mx\/consejonacional\/wp-content\/uploads\/sites\/2\/2019\/10\/5.6.-Informe-de-Actividades-2017-CRSS.pdf\" target=\"_blank\" rel=\"noopener noreferrer\">Informe de Actividades 2017 CRSS<\/a>\u00a0\/\u00a0<a style=\"color: #000000\" href=\"https:\/\/organoscolegiados.anuies.mx\/consejonacional\/wp-content\/uploads\/sites\/2\/2019\/10\/5.6.-Programa-de-Trabajo-2018-CRSS.pdf\" target=\"_blank\" rel=\"noopener noreferrer\">Programa de Trabajo 2018 CRSS<\/a><\/span><\/p>\n<p style=\"text-align: justify\"><span style=\"color: #000000\">6.-\u00a0<a style=\"color: #000000\" href=\"https:\/\/organoscolegiados.anuies.mx\/consejonacional\/wp-content\/uploads\/sites\/2\/2019\/10\/6.-Informe-de-actividades-2017-de-la-SGE.pdf\" target=\"_blank\" rel=\"noopener noreferrer\">Informe de actividades 2017 de la ANUIES.<\/a><\/span><\/p>\n<p style=\"text-align: justify\"><span style=\"color: #000000\">7.-\u00a0<a style=\"color: #000000\" href=\"https:\/\/organoscolegiados.anuies.mx\/consejonacional\/wp-content\/uploads\/sites\/2\/2019\/10\/7.-Informe-del-ejercicio-presupuestal-2017.pdf\" target=\"_blank\" rel=\"noopener noreferrer\">Informe del ejercicio presupuestal 2017 de la ANUIES.<\/a><\/span><\/p>\n<p style=\"text-align: justify\"><a href=\"https:\/\/organoscolegiados.anuies.mx\/consejonacional\/wp-content\/uploads\/sites\/2\/2020\/03\/7-8-9.-Informe-financiero-ejecutivo-2017-v3-2.O.2018.pdf\" target=\"_blank\" rel=\"noopener noreferrer\"><span style=\"color: #000000\">8.- An\u00e1lisis y aprobaci\u00f3n, en su caso, de los estados financieros 2017 de la ANUIES, dictaminados por el Auditor Externo.<\/span><\/a><\/p>\n<p style=\"text-align: justify\"><span style=\"color: #000000\">9.-\u00a0<a style=\"color: #000000\" href=\"https:\/\/organoscolegiados.anuies.mx\/consejonacional\/wp-content\/uploads\/sites\/2\/2019\/10\/9.-An\u00e1lisis-y-aprobaci\u00f3n-en-su-caso-del-Proyecto-de-Presupuesto-Anual-de-Ingresos-y-Egresos-2018-de-la-ANUIES.pdf\" target=\"_blank\" rel=\"noopener noreferrer\">An\u00e1lisis y aprobaci\u00f3n, en su caso, del Proyecto de Presupuesto Anual de Ingresos y Egresos 2018 de la ANUIES.<\/a><\/span><\/p>\n<p style=\"text-align: justify\"><span style=\"color: #000000\">10.- An\u00e1lisis y aprobaci\u00f3n, en su caso, de las convocatorias 2018 del Premio ANUIES.<\/span><\/p>\n<p style=\"text-align: justify;padding-left: 40px\"><span style=\"color: #000000\">10.1.-\u00a0<a style=\"color: #000000\" href=\"https:\/\/organoscolegiados.anuies.mx\/consejonacional\/wp-content\/uploads\/sites\/2\/2019\/10\/10.1.-Convoca_Maestria18.pdf\" target=\"_blank\" rel=\"noopener noreferrer\">Convocatoria Maestr\u00eda<\/a><\/span><\/p>\n<p style=\"text-align: justify;padding-left: 40px\"><span style=\"color: #000000\">10.2.-\u00a0<a style=\"color: #000000\" href=\"https:\/\/organoscolegiados.anuies.mx\/consejonacional\/wp-content\/uploads\/sites\/2\/2019\/10\/10.2.-Convoca_Doctorado18.pdf\" target=\"_blank\" rel=\"noopener noreferrer\">Convocatoria Doctorado<\/a><\/span><\/p>\n<p style=\"text-align: justify;padding-left: 40px\"><span style=\"color: #000000\">10.3.-\u00a0<a style=\"color: #000000\" href=\"https:\/\/organoscolegiados.anuies.mx\/consejonacional\/wp-content\/uploads\/sites\/2\/2019\/10\/10.3.-Convoca_Contribucion18.pdf\" target=\"_blank\" rel=\"noopener noreferrer\">Convocatoria Contribuci\u00f3n<\/a><\/span><\/p>\n<p style=\"text-align: justify;padding-left: 40px\"><span style=\"color: #000000\">10.4.-\u00a0<a style=\"color: #000000\" href=\"https:\/\/organoscolegiados.anuies.mx\/consejonacional\/wp-content\/uploads\/sites\/2\/2019\/10\/10.4.-Convoca_Trayectoria18.pdf\" target=\"_blank\" rel=\"noopener noreferrer\">Convocatoria Trayectoria<\/a><\/span><\/p>\n<p style=\"text-align: justify\"><span style=\"color: #000000\">11.-\u00a0<a style=\"color: #000000\" href=\"https:\/\/organoscolegiados.anuies.mx\/consejonacional\/wp-content\/uploads\/sites\/2\/2019\/10\/11.-Proyecto-de-modificaci\u00f3n-a-los-Lineamientos-de-Redes-Nacionales-.pdf\" target=\"_blank\" rel=\"noopener noreferrer\">An\u00e1lisis y aprobaci\u00f3n, en su caso, de la propuesta de modificaciones a los Lineamientos para la Creaci\u00f3n de Redes de Colaboraci\u00f3n, Comisiones y Grupos de Trabajo Nacionales.<\/a><\/span><\/p>\n<p style=\"text-align: justify\"><span style=\"color: #000000\">12.- Aprobaci\u00f3n, en su caso, de la propuesta de creaci\u00f3n de las redes nacionales ALTEXTO y de Educaci\u00f3n Media Superior.<\/span><\/p>\n<p style=\"text-align: justify;padding-left: 40px\"><span style=\"color: #000000\">12.1.-\u00a0<a style=\"color: #000000\" href=\"http:\/\/cn12018.portal.anuies.mx\/wp-content\/blogs.dir\/94\/files\/sites\/94\/2018\/03\/12.1.-Dictamen-SGE-Red-Nacional-ALTEXTO.pdf\" target=\"_blank\" rel=\"noopener noreferrer\">Dictamen SGE Red Nacional ALTEXTO<\/a><\/span><\/p>\n<p style=\"text-align: justify;padding-left: 40px\"><span style=\"color: #000000\">12.2.-\u00a0<a style=\"color: #000000\" href=\"https:\/\/organoscolegiados.anuies.mx\/consejonacional\/wp-content\/uploads\/sites\/2\/2019\/10\/12.2.-Dictamen-SGE-Red-Nacional-EMS.pdf\" target=\"_blank\" rel=\"noopener noreferrer\">Dictamen SGE Red Nacional EMS<\/a><\/span><\/p>\n<p style=\"text-align: justify\"><span style=\"color: #000000\">13.-\u00a0<a style=\"color: #000000\" href=\"https:\/\/organoscolegiados.anuies.mx\/consejonacional\/wp-content\/uploads\/sites\/2\/2019\/10\/13.-Anteproyecto-de-modificaci\u00f3n-al-Art.-41-del-Estatuto-ANUIES.pdf\" target=\"_blank\" rel=\"noopener noreferrer\">Presentaci\u00f3n de la propuesta de modificaci\u00f3n al Estatuto derivada de las obligaciones establecidas en la Miscel\u00e1nea Fiscal 2018.<\/a><\/span><\/p>\n<p style=\"text-align: justify\"><span style=\"color: #000000\">14.-\u00a0<a style=\"color: #000000\" href=\"https:\/\/organoscolegiados.anuies.mx\/consejonacional\/wp-content\/uploads\/sites\/2\/2019\/10\/14.-Reunio\u0301n-con-candidatos-a-Presidencia.pdf\" target=\"_blank\" rel=\"noopener noreferrer\">Presentaci\u00f3n y aprobaci\u00f3n, en su caso, de la agenda para la presentaci\u00f3n del documento \u201cVisi\u00f3n y acci\u00f3n 2030. Una propuesta de la ANUIES para la renovaci\u00f3n de la educaci\u00f3n superior en M\u00e9xico\u201d.<\/a><\/span><\/p>\n<p style=\"text-align: justify\"><a href=\"https:\/\/organoscolegiados.anuies.mx\/consejonacional\/wp-content\/uploads\/sites\/2\/2020\/04\/Asuntos-generales-1.SO_.18.pdf\" target=\"_blank\" rel=\"noopener noreferrer\"><span style=\"color: #000000\">15.- Asuntos generales.<\/span><\/a><\/p>\n<p style=\"text-align: justify;padding-left: 40px\"><span style=\"color: #000000\">15.1.-\u00a0<a style=\"color: #000000\" href=\"https:\/\/organoscolegiados.anuies.mx\/consejonacional\/wp-content\/uploads\/sites\/2\/2019\/10\/15.1.-Presentacio\u0301n-Programa-de-FC-para-docentes-de-EB-marzo-2017.pdf\" target=\"_blank\" rel=\"noopener noreferrer\">Presentacio\u0301n Programa de FC para docentes de EB marzo 2017<\/a><\/span><\/p>\n<p style=\"text-align: justify;padding-left: 40px\"><span style=\"color: #000000\">15.7.-\u00a0<a style=\"color: #000000\" href=\"https:\/\/organoscolegiados.anuies.mx\/consejonacional\/wp-content\/uploads\/sites\/2\/2019\/10\/15.7.-Encuentro-de-Rectores-Mexico-India-2.pdf\" target=\"_blank\" rel=\"noopener noreferrer\">Encuentro de Rectores M\u00e9xico-India<\/a><\/span><\/p>\n<p style=\"text-align: justify;padding-left: 40px\"><span style=\"color: #000000\">15.8.-\u00a0<a style=\"color: #000000\" href=\"https:\/\/organoscolegiados.anuies.mx\/consejonacional\/wp-content\/uploads\/sites\/2\/2019\/10\/15.8.-Di\u0301ptico_Diplomado_Saberes.pdf\" target=\"_blank\" rel=\"noopener noreferrer\">Di\u0301ptico Diplomado Saberes<\/a><\/span><\/p>\n<p style=\"text-align: center\" align=\"center\"><span style=\"color: #000000\"><b>Mtro. Jaime Valls Esponda<\/b><\/span><\/p>\n<p style=\"text-align: center\" align=\"center\"><span style=\"color: #000000\">Secretario General Ejecutivo<\/span><\/p>\n","protected":false},"excerpt":{"rendered":"<p>CONVOCATORIA Con fundamento en los art\u00edculos Vig\u00e9simo Primero, Trig\u00e9simo Primero y Trig\u00e9simo Tercero, fracci\u00f3n VI, del Estatuto de la Asociaci\u00f3n Nacional de Universidades e Instituciones de Educaci\u00f3n Superior (ANUIES), A.C., &hellip; <\/p>\n","protected":false},"author":1,"featured_media":0,"parent":0,"menu_order":0,"comment_status":"closed","ping_status":"closed","template":"","meta":{"ngg_post_thumbnail":0,"footnotes":""},"class_list":["post-254","page","type-page","status-publish","hentry"],"_links":{"self":[{"href":"https:\/\/organoscolegiados.anuies.mx\/consejonacional\/wp-json\/wp\/v2\/pages\/254","targetHints":{"allow":["GET"]}}],"collection":[{"href":"https:\/\/organoscolegiados.anuies.mx\/consejonacional\/wp-json\/wp\/v2\/pages"}],"about":[{"href":"https:\/\/organoscolegiados.anuies.mx\/consejonacional\/wp-json\/wp\/v2\/types\/page"}],"author":[{"embeddable":true,"href":"https:\/\/organoscolegiados.anuies.mx\/consejonacional\/wp-json\/wp\/v2\/users\/1"}],"replies":[{"embeddable":true,"href":"https:\/\/organoscolegiados.anuies.mx\/consejonacional\/wp-json\/wp\/v2\/comments?post=254"}],"version-history":[{"count":10,"href":"https:\/\/organoscolegiados.anuies.mx\/consejonacional\/wp-json\/wp\/v2\/pages\/254\/revisions"}],"predecessor-version":[{"id":814,"href":"https:\/\/organoscolegiados.anuies.mx\/consejonacional\/wp-json\/wp\/v2\/pages\/254\/revisions\/814"}],"wp:attachment":[{"href":"https:\/\/organoscolegiados.anuies.mx\/consejonacional\/wp-json\/wp\/v2\/media?parent=254"}],"curies":[{"name":"wp","href":"https:\/\/api.w.org\/{rel}","templated":true}]}}