{"id":2546,"date":"2025-10-20T22:29:27","date_gmt":"2025-10-20T20:29:27","guid":{"rendered":"https:\/\/organoscolegiados.anuies.mx\/consejonacional\/?page_id=2546"},"modified":"2025-11-28T17:56:28","modified_gmt":"2025-11-28T16:56:28","slug":"cn42025","status":"publish","type":"page","link":"https:\/\/organoscolegiados.anuies.mx\/consejonacional\/cn42025\/","title":{"rendered":"Sesi\u00f3n Ordinaria del Consejo Nacional 4.2025 12 de noviembre"},"content":{"rendered":"<div id=\"pl-2546\"  class=\"panel-layout\" ><div id=\"pg-2546-0\"  class=\"panel-grid panel-has-style\" ><div class=\"siteorigin-panels-stretch panel-row-style panel-row-style-for-2546-0\" data-stretch-type=\"full\" ><div id=\"pgc-2546-0-0\"  class=\"panel-grid-cell\" ><div id=\"panel-2546-0-0-0\" class=\"so-panel widget widget_sow-editor panel-first-child\" data-index=\"0\" ><div class=\"so-rounded panel-widget-style panel-widget-style-for-2546-0-0-0\" ><div\n\t\t\t\n\t\t\tclass=\"so-widget-sow-editor so-widget-sow-editor-base\"\n\t\t\t\n\t\t><h3 class=\"widget-title\">   <\/h3>\n<div class=\"siteorigin-widget-tinymce textwidget\">\n\t<p style=\"text-align: center;\"><span style=\"font-size: 18pt;\"><strong><span style=\"font-family: helvetica, arial, sans-serif;\"><img loading=\"lazy\" decoding=\"async\" class=\"aligncenter size-full wp-image-2547\" src=\"https:\/\/organoscolegiados.anuies.mx\/consejonacional\/wp-content\/uploads\/sites\/2\/2025\/10\/CABECERA-1.png\" alt=\"\" width=\"1607\" height=\"281\" srcset=\"https:\/\/organoscolegiados.anuies.mx\/consejonacional\/wp-content\/uploads\/sites\/2\/2025\/10\/CABECERA-1.png 1607w, https:\/\/organoscolegiados.anuies.mx\/consejonacional\/wp-content\/uploads\/sites\/2\/2025\/10\/CABECERA-1-300x52.png 300w, https:\/\/organoscolegiados.anuies.mx\/consejonacional\/wp-content\/uploads\/sites\/2\/2025\/10\/CABECERA-1-1024x179.png 1024w, https:\/\/organoscolegiados.anuies.mx\/consejonacional\/wp-content\/uploads\/sites\/2\/2025\/10\/CABECERA-1-768x134.png 768w, https:\/\/organoscolegiados.anuies.mx\/consejonacional\/wp-content\/uploads\/sites\/2\/2025\/10\/CABECERA-1-1536x269.png 1536w\" sizes=\"auto, (max-width: 1607px) 100vw, 1607px\" \/><\/span><\/strong><\/span><\/p>\n<p style=\"text-align: center;\"><span style=\"font-size: 18pt;\"><strong><span style=\"font-family: helvetica, arial, sans-serif;\">CONVOCATORIA<\/span><\/strong><\/span><\/p>\n<p style=\"text-align: center;\"><span style=\"font-family: helvetica, arial, sans-serif; font-size: 14pt;\"><img loading=\"lazy\" decoding=\"async\" class=\"wp-image-2137 alignleft\" src=\"https:\/\/organoscolegiados.anuies.mx\/consejonacional\/wp-content\/uploads\/sites\/2\/2025\/01\/linea-gris.png\" alt=\"\" width=\"12\" height=\"172\"\/><\/span><\/p>\n<p style=\"text-align: justify;\"><span style=\"font-family: helvetica, arial, sans-serif; font-size: 14pt;\">Con fundamento en los art\u00edculos Vig\u00e9simo Primero, Trig\u00e9simo Primero y Trig\u00e9simo Tercero, fracci\u00f3n VI, del Estatuto de la Asociaci\u00f3n Nacional de Universidades e Instituciones de Educaci\u00f3n Superior de la Rep\u00fablica Mexicana, A.C. (ANUIES), convoco a quienes integran el Consejo Nacional a la Sesi\u00f3n Ordinaria 4.2025 que se efectuar\u00e1 en modalidad presencial, en el Centro Universitario de Convenciones de la Universidad de Colima, ubicado en Carretera Manzanillo-Barra de Navidad, Km 20, Campus El Naranjo, C.P. 28860, Manzanillo, Colima, a las 16:00 horas del mi\u00e9rcoles 12 de noviembre de 2025, con el siguiente<\/span><\/p>\n<p style=\"text-align: center;\"><span style=\"font-family: helvetica, arial, sans-serif; font-size: 18pt;\"><strong>ORDEN DEL D\u00cdA<\/strong><\/span><\/p>\n<ol>\n<li style=\"text-align: justify;\"><a href=\"https:\/\/organoscolegiados.anuies.mx\/consejonacional\/wp-content\/uploads\/sites\/2\/2025\/10\/1-Lista-de-asistencia-y-verificacion-del-quorum-1.pdf\" target=\"_blank\" rel=\"noopener\"><span style=\"font-family: helvetica, arial, sans-serif; font-size: 14pt;\">Lista de asistencia y verificaci\u00f3n del <em>quorum.<\/em><\/span><\/a><\/li>\n<li style=\"text-align: justify;\"><a href=\"https:\/\/organoscolegiados.anuies.mx\/consejonacional\/wp-content\/uploads\/sites\/2\/2025\/10\/2-Aprobacion-del-Orden-del-Dia-1.pdf\" target=\"_blank\" rel=\"noopener\"><span style=\"font-family: helvetica, arial, sans-serif; font-size: 14pt;\">Aprobaci\u00f3n del Orden del D\u00eda.<\/span><\/a><\/li>\n<li style=\"text-align: justify;\"><a href=\"https:\/\/organoscolegiados.anuies.mx\/consejonacional\/wp-content\/uploads\/sites\/2\/2025\/10\/3-Lectura-y-aprobacion-en-su-caso-del-Acta-de-la-Sesion-Ordinaria-3.2025-y-de-la-SE-2.2025.pdf\" target=\"_blank\" rel=\"noopener\"><span style=\"font-family: helvetica, arial, sans-serif; font-size: 14pt;\">Lectura y aprobaci\u00f3n, en su caso, del Acta de la Sesi\u00f3n Ordinaria 3.2025 y de la Sesi\u00f3n Extraordinaria 2.2025.<\/span><\/a><\/li>\n<li style=\"text-align: justify;\"><a href=\"https:\/\/organoscolegiados.anuies.mx\/consejonacional\/wp-content\/uploads\/sites\/2\/2025\/11\/4.-Participacion-de-las-Instituciones-de-Educacion-Superior-en-las-Comisiones-regionales-de-Aprendizaje-a-lo-Largo-de-la-Vida.pdf\" target=\"_blank\" rel=\"noopener\"><span style=\"font-family: helvetica, arial, sans-serif; font-size: 14pt;\">Participaci\u00f3n de las Instituciones de Educaci\u00f3n Superior en las \u201cComisiones regionales de Aprendizaje a lo Largo de la Vida\u201d.<\/span><\/a><\/li>\n<li style=\"text-align: justify;\"><a href=\"https:\/\/organoscolegiados.anuies.mx\/consejonacional\/wp-content\/uploads\/sites\/2\/2025\/11\/5-Participacion-de-las-Instituciones-de-Educacion-Superior-en-las-Jornadas-de-Tequios-por-la-Paz.pdf\" target=\"_blank\" rel=\"noopener\"><span style=\"font-family: helvetica, arial, sans-serif; font-size: 14pt;\">Participaci\u00f3n de las Instituciones de Educaci\u00f3n Superior en las Jornadas de Tequios por la Paz.<\/span><\/a><\/li>\n<li style=\"text-align: justify;\"><a href=\"https:\/\/organoscolegiados.anuies.mx\/consejonacional\/wp-content\/uploads\/sites\/2\/2025\/11\/6-Avances-de-la-Encuesta-Nacional-Usos-y-percepciones-sobre-la-Inteligencia-Artificial-Generativa-en-la-comunidad-del-sector-de-educacion-superior-en-Mexico.pdf\" target=\"_blank\" rel=\"noopener\"><span style=\"font-family: helvetica, arial, sans-serif; font-size: 14pt;\">Avances del Censo Nacional \u201cUsos y percepciones sobre la Inteligencia Artificial Generativa en la comunidad del sector de educaci\u00f3n superior en M\u00e9xico\u201d.<\/span><\/a><\/li>\n<li style=\"text-align: justify;\"><a href=\"https:\/\/organoscolegiados.anuies.mx\/consejonacional\/wp-content\/uploads\/sites\/2\/2025\/11\/7-Participacion-de-la-Subsecretaria-de-Educacion-Media-Superior-de-la-Secretaria-de-Educacion-Publica-de-Mexico.pdf\" target=\"_blank\" rel=\"noopener\"><span style=\"font-family: helvetica, arial, sans-serif; font-size: 14pt;\">Participaci\u00f3n de la Subsecretar\u00eda de Educaci\u00f3n Media Superior de la Secretar\u00eda de Educaci\u00f3n P\u00fablica de M\u00e9xico.<\/span><\/a><\/li>\n<li style=\"text-align: justify;\"><a href=\"https:\/\/organoscolegiados.anuies.mx\/consejonacional\/wp-content\/uploads\/sites\/2\/2025\/11\/8-Informe-de-la-Secretaria-General-Ejecutiva-respecto-de-las-gestiones-realizadas-en-el-marco-del-Proyecto-de-Egresos-de-la-Federacion-2026.pdf\" target=\"_blank\" rel=\"noopener\"><span style=\"font-family: helvetica, arial, sans-serif; font-size: 14pt;\">Informe de la Secretar\u00eda General Ejecutiva respecto de las gestiones realizadas en el marco del Proyecto de Egresos de la Federaci\u00f3n 2026.<\/span><\/a><\/li>\n<li style=\"text-align: justify;\"><a href=\"https:\/\/organoscolegiados.anuies.mx\/consejonacional\/wp-content\/uploads\/sites\/2\/2025\/11\/9-CONACES-SEP.pdf\" target=\"_blank\" rel=\"noopener\"><span style=\"font-family: helvetica, arial, sans-serif; font-size: 14pt;\">Informe de la participaci\u00f3n de la Secretar\u00eda General Ejecutiva de la ANUIES en el CONACES, y de los distintos foros realizados con la Secretar\u00eda de Educaci\u00f3n&nbsp;P\u00fablica.<\/span><\/a><\/li>\n<li style=\"text-align: justify;\"><a href=\"https:\/\/organoscolegiados.anuies.mx\/consejonacional\/wp-content\/uploads\/sites\/2\/2025\/11\/10-Presentacion-y-aprobacion-en-su-caso-del-Programa-Anual-de-Trabajo-2026-de-la-Secretaria-General-Ejecutiva-de-la-ANUIES.pdf\" target=\"_blank\" rel=\"noopener\"><span style=\"font-family: helvetica, arial, sans-serif; font-size: 14pt;\">Presentaci\u00f3n y aprobaci\u00f3n, en su caso, del Programa Anual de Trabajo 2026 de la Secretar\u00eda General Ejecutiva de la ANUIES.<\/span><\/a><\/li>\n<li style=\"text-align: justify;\"><a href=\"https:\/\/organoscolegiados.anuies.mx\/consejonacional\/wp-content\/uploads\/sites\/2\/2025\/11\/11-Presentacion-y-aprobacion-en-su-caso-del-proyecto-de-ingresos-y-egresos-de-la-Secretaria-General-Ejecutiva-para-2026.pdf\" target=\"_blank\" rel=\"noopener\"><span style=\"font-family: helvetica, arial, sans-serif; font-size: 14pt;\">Presentaci\u00f3n y aprobaci\u00f3n, en su caso, del proyecto de ingresos y egresos de la Secretar\u00eda General Ejecutiva para 2026.<\/span><\/a><\/li>\n<li style=\"text-align: justify;\"><a href=\"https:\/\/organoscolegiados.anuies.mx\/consejonacional\/wp-content\/uploads\/sites\/2\/2025\/11\/12-Presentacion-del-Informe-de-actividades-2025-del-Consejo-Nacional.pdf\" target=\"_blank\" rel=\"noopener\"><span style=\"font-family: helvetica, arial, sans-serif; font-size: 14pt;\">Presentaci\u00f3n del Informe de actividades 2025 del Consejo Nacional.<\/span><\/a><\/li>\n<li style=\"text-align: justify;\"><a href=\"https:\/\/organoscolegiados.anuies.mx\/consejonacional\/wp-content\/uploads\/sites\/2\/2025\/11\/13-Recomendaciones-de-los-Consejos-Regionales.pdf\" target=\"_blank\" rel=\"noopener\"><span style=\"font-family: helvetica, arial, sans-serif; font-size: 14pt;\">Presentaci\u00f3n de las recomendaciones de los Consejos Regionales sobre las solicitudes de instituciones de educaci\u00f3n superior para ingresar a la ANUIES y, en su caso, aprobaci\u00f3n de las propuestas que se enviar\u00e1n a la Asamblea General.<\/span><\/a><\/li>\n<li style=\"text-align: justify;\"><a href=\"https:\/\/organoscolegiados.anuies.mx\/consejonacional\/wp-content\/uploads\/sites\/2\/2025\/10\/14-Analisis-del-proceso-de-ingreso-de-nuevas-Instituciones-de-Educacion-Superior-a-la-ANUIES-durante-el-ano-2026.pdf\" target=\"_blank\" rel=\"noopener\"><span style=\"font-family: helvetica, arial, sans-serif; font-size: 14pt;\">An\u00e1lisis del proceso de ingreso de nuevas Instituciones de Educaci\u00f3n Superior a la ANUIES durante el a\u00f1o 2026.<\/span><\/a><\/li>\n<li style=\"text-align: justify;\"><a href=\"https:\/\/organoscolegiados.anuies.mx\/consejonacional\/wp-content\/uploads\/sites\/2\/2025\/10\/15-Presentacion-y-aprobacion-en-su-caso-de-las-convocatorias-del-Premio-ANUIES-2026.pdf\" target=\"_blank\" rel=\"noopener\"><span style=\"font-family: helvetica, arial, sans-serif; font-size: 14pt;\">Presentaci\u00f3n y aprobaci\u00f3n, en su caso, de las convocatorias del Premio ANUIES 2026.<\/span><\/a><\/li>\n<li style=\"text-align: justify;\"><a href=\"https:\/\/organoscolegiados.anuies.mx\/consejonacional\/wp-content\/uploads\/sites\/2\/2025\/11\/16-calendario-de-sesiones-2026-de-los-OC-nacionales-de-la-ANUIES.pdf\" target=\"_blank\" rel=\"noopener\"><span style=\"font-family: helvetica, arial, sans-serif; font-size: 14pt;\">Presentaci\u00f3n y aprobaci\u00f3n, en su caso, del calendario de sesiones 2026 de los \u00f3rganos colegiados nacionales de la ANUIES.<\/span><\/a><\/li>\n<li>\n<p style=\"text-align: justify;\"><a href=\"https:\/\/organoscolegiados.anuies.mx\/consejonacional\/wp-content\/uploads\/sites\/2\/2025\/10\/17-Asuntos-generales.pdf\" target=\"_blank\" rel=\"noopener\"><span style=\"font-family: helvetica, arial, sans-serif; font-size: 14pt;\">Asuntos generales.<\/span><\/a><\/p>\n<\/li>\n<\/ol>\n<p style=\"text-align: center;\"><strong><span style=\"font-family: helvetica, arial, sans-serif; font-size: 14pt;\">Dr. Luis Armando Gonz\u00e1lez Placencia<\/span><\/strong><br \/>\n<span style=\"font-family: helvetica, arial, sans-serif; font-size: 14pt;\">Secretario General Ejecutivo<\/span><br \/>\n<span style=\"font-family: helvetica, arial, sans-serif; font-size: 14pt;\">Secretario<\/span><\/p>\n<\/div>\n<\/div><\/div><\/div><div id=\"panel-2546-0-0-1\" class=\"so-panel widget widget_sow-editor panel-last-child\" data-index=\"1\" ><div\n\t\t\t\n\t\t\tclass=\"so-widget-sow-editor so-widget-sow-editor-base\"\n\t\t\t\n\t\t><h3 class=\"widget-title\">LA SESI\u00d3N EN IM\u00c1GENES<\/h3>\n<div class=\"siteorigin-widget-tinymce textwidget\">\n\tngg_shortcode_0_placeholder\n<\/div>\n<\/div><\/div><\/div><\/div><\/div><\/div>","protected":false},"excerpt":{"rendered":"<p>CONVOCATORIA Con fundamento en los art\u00edculos Vig\u00e9simo Primero, Trig\u00e9simo Primero y Trig\u00e9simo Tercero, fracci\u00f3n VI, del Estatuto de la Asociaci\u00f3n Nacional de Universidades e Instituciones de Educaci\u00f3n Superior de la &hellip; <\/p>\n","protected":false},"author":1,"featured_media":0,"parent":0,"menu_order":0,"comment_status":"closed","ping_status":"closed","template":"","meta":{"ngg_post_thumbnail":0,"footnotes":""},"class_list":["post-2546","page","type-page","status-publish","hentry"],"_links":{"self":[{"href":"https:\/\/organoscolegiados.anuies.mx\/consejonacional\/wp-json\/wp\/v2\/pages\/2546","targetHints":{"allow":["GET"]}}],"collection":[{"href":"https:\/\/organoscolegiados.anuies.mx\/consejonacional\/wp-json\/wp\/v2\/pages"}],"about":[{"href":"https:\/\/organoscolegiados.anuies.mx\/consejonacional\/wp-json\/wp\/v2\/types\/page"}],"author":[{"embeddable":true,"href":"https:\/\/organoscolegiados.anuies.mx\/consejonacional\/wp-json\/wp\/v2\/users\/1"}],"replies":[{"embeddable":true,"href":"https:\/\/organoscolegiados.anuies.mx\/consejonacional\/wp-json\/wp\/v2\/comments?post=2546"}],"version-history":[{"count":10,"href":"https:\/\/organoscolegiados.anuies.mx\/consejonacional\/wp-json\/wp\/v2\/pages\/2546\/revisions"}],"predecessor-version":[{"id":2682,"href":"https:\/\/organoscolegiados.anuies.mx\/consejonacional\/wp-json\/wp\/v2\/pages\/2546\/revisions\/2682"}],"wp:attachment":[{"href":"https:\/\/organoscolegiados.anuies.mx\/consejonacional\/wp-json\/wp\/v2\/media?parent=2546"}],"curies":[{"name":"wp","href":"https:\/\/api.w.org\/{rel}","templated":true}]}}